{"id":128169,"date":"2022-07-28T09:51:58","date_gmt":"2022-07-28T12:51:58","guid":{"rendered":"https:\/\/barcanew.capabiliaserver.com\/?post_type=product&#038;p=128169"},"modified":"2022-12-01T14:39:52","modified_gmt":"2022-12-01T17:39:52","slug":"blockchain-en-el-deporte","status":"publish","type":"product","link":"https:\/\/barcanew.capabiliaserver.com\/es\/product\/blockchain-en-el-deporte\/","title":{"rendered":"Blockchain en el Deporte"},"content":{"rendered":"<p>contenido<\/p>\n\n\n<p><\/p>\n","protected":false},"excerpt":{"rendered":"<p>excerpt<\/p>\n","protected":false},"author":16,"featured_media":0,"comment_status":"open","ping_status":"closed","template":"","meta":{"_acf_changed":false,"footnotes":""},"categories":[123],"acf":{"titulo_curso":"Criptomonedas y Deporte: el negocio del futuro","impartido_en":"Ingles","crear_banner_3":{"utilizar_imagen_unica_para_banner":false,"asignar_imagen_unica_para_banner":false,"mostrar_titulo_banner":false,"titulo_para_banner":"","mostrar_subtitulo_banner":false,"subtitulo_del_banner":"","mostrar_cta_banner":false,"texto_cta_banner":"","url_cta_banner":"","fondo_de_color_banner":"","fondo_de_imagen_banner":false,"mostrar_imagen_izquierda_banner":false,"asignar_imagen_izquierda_banner":false},"producto_path":false,"id_magento":"553","header_image":129038,"column_title":"","precio_en_cuotas":"","precio_de_lista":"","mostrar_form":false,"promocion_vigente":"","duracion_del_curso":"1 Mes","nivel_del_curso":"Introductorio","modalidad_cursado":"Online","ocultar_video":true,"url_video":"","avalado_por":false,"pdf_brochure":"https:\/\/static.capabiliaserver.com\/frontend\/clients\/barca\/wp_prod\/wp-content\/uploads\/2022\/07\/5aff74ec-criptomonedas-y-deporte-el-negocio-del-futuro.pdf","slidebox":false,"titulo_seccion_testimonios":"","imagen_de_fondo_testimonios":false,"color_de_fondo_testimonios":"","activar_banner_1":false,"banner_1":false,"activar_banner_2":false,"banner_2":false,"activar_banner_3":false,"banner_3":false,"activar_nuevos_banners":false,"mostrar_banner_1":false,"crear_banner_1":{"utilizar_imagen_unica_para_banner":false,"asignar_imagen_unica_para_banner":false,"mostrar_titulo_banner":false,"titulo_para_banner":"","mostrar_subtitulo_banner":false,"subtitulo_del_banner":"","mostrar_cta_banner":false,"texto_cta_banner":"","url_cta_banner":"","fondo_de_color_banner":"","fondo_de_imagen_banner":false,"mostrar_imagen_izquierda_banner":false,"asignar_imagen_izquierda_banner":false},"mostrar_banner_2":false,"crear_banner_2":{"utilizar_imagen_unica_para_banner":false,"asignar_imagen_unica_para_banner":false,"mostrar_titulo_banner":false,"titulo_para_banner":"","mostrar_subtitulo_banner":false,"subtitulo_del_banner":"","mostrar_cta_banner":false,"texto_cta_banner":"","url_cta_banner":"","fondo_de_color_banner":"","fondo_de_imagen_banner":false,"mostrar_imagen_izquierda_banner":false,"asignar_imagen_izquierda_banner":false},"mostrar_banner_3":false,"hubspot_product_id":"1524083724","external_id":"1713","titulo_incentivo":"","fecha_de_inicio":"10092022","segunda_fecha_de_inicio":"","zona_horaria":"Europe\/Madrid","precio":"200","contenido":"<p>La industria del deporte ha sido cautivada por las cripto y los tokens no fungibles (NFT por su sigla en ingl\u00e9s). Las cripto y los NFT representan nuevos modelos de negocios para los clubs, deportistas, aficionados y compa\u00f1\u00edas los cuales derivan en nuevas oportunidades. El curso \u00abBlockchain en el Deporte\u00bb est\u00e1 dise\u00f1ado para proporcionarle al estudiante un entendimiento b\u00e1sico sobre c\u00f3mo se aplican la cadena de bloques y las cripto a la industria del deporte.<br \/>\nEl estudiante adquirir\u00e1 las habilidades pr\u00e1cticas para entender qu\u00e9 es la cadena de bloques, c\u00f3mo funciona y porqu\u00e9 es considerada revolucionaria en la industria del deporte. Al finalizar el curso, podr\u00e1s determinar los casos de uso espec\u00edficos en los cuales la tecnolog\u00eda de cadena de bloques es considerada innovadora en el mundo del deporte y soluciona grandes problemas.<br \/>\nEl curso comienza con una introducci\u00f3n a las cadenas de bloques y las cripto y a su funcionamiento. A lo largo del curso, el estudiante aprender\u00e1 sobre los principales casos de uso de las cadenas de bloques en el deporte incluyendo los NTF y el metaverso. El estudiante tambi\u00e9n entender\u00e1 los modelos de negocios que esto conlleva.<\/p>\n","cursos_que_lo_componen":[{"nombre_del_curso":"Blockchain en el Deporte","descripcion_del_curso":"<p>M\u00f3dulo 1: Introducci\u00f3n a cadenas de bloques y criptomonedas<br \/>\nM\u00f3dulo 2: Introducci\u00f3n a los NFT<br \/>\nM\u00f3dulo 3: Videojuegos y metaverso<br \/>\nM\u00f3dulo 4: Comunidades y fan engagement<\/p>\n"}],"aprende_a":[{"item_aprende_a":"El estudiante que complete el curso adquirir\u00e1 una base s\u00f3lida sobre cadena de bloques y criptomonedas para as\u00ed poder comprender y predecir las tendencias de la industria y, en especial, poder entender c\u00f3mo \u00e9stas pueden afectar y cambiar la industria del deporte."}],"preguntas_frecuentes":false,"contenidistas":false,"docentes_expertos":[{"foto":"https:\/\/barcanew.capabiliaserver.com\/wp-content\/uploads\/2022\/07\/cb51967f-whatsapp-image-2022-07-06-at-2.10.07-pm.jpeg","nombre_del_docente":"Victoria Gago","descripcion_del_docente":"Co-Fundadora en European Blockchain Convention & European Tech School","enlace":""}],"imagen_destacada":"https:\/\/static.capabiliaserver.com\/frontend\/clients\/barca\/wp_prod\/wp-content\/uploads\/2022\/07\/e2566aab-cms.jpg","slider_testimonios":false,"url_cursado_webinar":"","activar_hero_video":false,"video_texto":"","video_header":false,"pdf_brochure_link_drive":"https:\/\/drive.google.com\/uc?id=1OeF3ut7ejP0ypaI7BueZqgu2Thz_8fvQ&export=download"},"idiomas":{"en":128164,"es":128169,"ar":128165,"ca":128166,"ru":128168,"pt":128167},"_links":{"self":[{"href":"https:\/\/barcanew.capabiliaserver.com\/es\/wp-json\/wp\/v2\/products\/128169"}],"collection":[{"href":"https:\/\/barcanew.capabiliaserver.com\/es\/wp-json\/wp\/v2\/products"}],"about":[{"href":"https:\/\/barcanew.capabiliaserver.com\/es\/wp-json\/wp\/v2\/types\/product"}],"author":[{"embeddable":true,"href":"https:\/\/barcanew.capabiliaserver.com\/es\/wp-json\/wp\/v2\/users\/16"}],"replies":[{"embeddable":true,"href":"https:\/\/barcanew.capabiliaserver.com\/es\/wp-json\/wp\/v2\/comments?post=128169"}],"version-history":[{"count":5,"href":"https:\/\/barcanew.capabiliaserver.com\/es\/wp-json\/wp\/v2\/products\/128169\/revisions"}],"predecessor-version":[{"id":134671,"href":"https:\/\/barcanew.capabiliaserver.com\/es\/wp-json\/wp\/v2\/products\/128169\/revisions\/134671"}],"wp:attachment":[{"href":"https:\/\/barcanew.capabiliaserver.com\/es\/wp-json\/wp\/v2\/media?parent=128169"}],"wp:term":[{"taxonomy":"category","embeddable":true,"href":"https:\/\/barcanew.capabiliaserver.com\/es\/wp-json\/wp\/v2\/categories?post=128169"}],"curies":[{"name":"wp","href":"https:\/\/api.w.org\/{rel}","templated":true}]}}