{"id":127975,"date":"2022-08-04T15:25:06","date_gmt":"2022-08-04T18:25:06","guid":{"rendered":"https:\/\/barcanew.capabiliaserver.com\/?post_type=product&#038;p=127975"},"modified":"2022-11-25T15:43:53","modified_gmt":"2022-11-25T18:43:53","slug":"deporte-sustentabilidad","status":"publish","type":"product","link":"https:\/\/barcanew.capabiliaserver.com\/es\/product\/deporte-sustentabilidad\/","title":{"rendered":"Deporte &#038; Sostenibilidad"},"content":{"rendered":"<p>contenido<\/p>\n","protected":false},"excerpt":{"rendered":"<p>excerpt<\/p>\n","protected":false},"author":16,"featured_media":0,"comment_status":"open","ping_status":"closed","template":"","meta":{"_acf_changed":false,"footnotes":""},"categories":[239,114],"acf":{"activar_banner_1":false,"banner_1":false,"activar_banner_2":false,"banner_2":false,"activar_banner_3":false,"banner_3":false,"activar_nuevos_banners":false,"mostrar_banner_1":false,"crear_banner_1":{"utilizar_imagen_unica_para_banner":false,"asignar_imagen_unica_para_banner":false,"mostrar_titulo_banner":false,"titulo_para_banner":"","mostrar_subtitulo_banner":false,"subtitulo_del_banner":"","mostrar_cta_banner":false,"texto_cta_banner":"","url_cta_banner":"","fondo_de_color_banner":"","fondo_de_imagen_banner":false,"mostrar_imagen_izquierda_banner":false,"asignar_imagen_izquierda_banner":false},"mostrar_banner_2":false,"crear_banner_2":{"utilizar_imagen_unica_para_banner":false,"asignar_imagen_unica_para_banner":false,"mostrar_titulo_banner":false,"titulo_para_banner":"","mostrar_subtitulo_banner":false,"subtitulo_del_banner":"","mostrar_cta_banner":false,"texto_cta_banner":"","url_cta_banner":"","fondo_de_color_banner":"","fondo_de_imagen_banner":false,"mostrar_imagen_izquierda_banner":false,"asignar_imagen_izquierda_banner":false},"mostrar_banner_3":false,"hubspot_product_id":"1501693542","external_id":"1710","titulo_incentivo":"","fecha_de_inicio":"10082022","segunda_fecha_de_inicio":"","zona_horaria":"Europe\/Madrid","precio":"450","contenido":"<p><span data-sheets-value=\"{&quot;1&quot;:2,&quot;2&quot;:&quot;El mundo de los deportes est\u00e1 evolucionando r\u00e1pidamente, y se est\u00e1 recuperando del devastador impacto de la pandemia. Las organizaciones deportivas en todos los niveles y sus respectivos eventos tienen que redefinir sus modelos operacionales y de negocios para seguir atrayendo a los jugadores, patrocinadores, aficionados y otros interesados. Hay una dependencia entre el cambio clim\u00e1tico, la salud y el deporte, pero el impacto potencial del deporte traspasa el campo de juego. Las organizaciones deportivas, los aficionados y quienes trabajan en deportes, y especialmente los deportistas, tienen un gran potencial para acelerar un cambio sistem\u00e1tico en la sociedad, para promover la inclusi\u00f3n, el estilo de vida saludable, la acci\u00f3n clim\u00e1tica y la colaboraci\u00f3n. Adem\u00e1s, en el deporte, tanto las organizaciones como los l\u00edderes, los deportistas y los entrenadores de potrero, tienen un rol y responsabilidades en la reconstrucci\u00f3n de las sociedades y las econom\u00edas luego del COVID-19.\\nLa sustentabilidad se centra en cubrir las necesidades del presente sin comprometer la capacidad las generaciones futuras de cubrir sus propias necesidades. La sustentabilidad es un concepto hol\u00edstico que implica garantizar las necesidades de las personas, el planeta y la econom\u00eda; es decir el medioambiente, la sociedad y la gobernanza corporativa (ESG por sus siglas en ingl\u00e9s). Un programa de deporte sustentable implica eventos deportivos que incorporen estos tres elementos.\\nEl objetivo de este curso es que entiendas y te acerques a la sustentabilidad en el deporte, y que aprendas a dar los primeros pasos en tu propio plan de acci\u00f3n sustentable en el deporte a trav\u00e9s del dise\u00f1o de un programa, una estrategia o una iniciativa. Adem\u00e1s, aprender\u00e1s a desarrollar nuevos principios, estrategias y planes accionables para construir la resiliencia y desarrollar modelos de negocios sustentables y pr\u00f3speros para tu organizaci\u00f3n deportiva.\\nPara logarlo utilizaremos las t\u00e9cnicas y marcos m\u00e1s importantes del mundo de la sustentabilidad, e ilustraremos ese mundo con buenas pr\u00e1cticas e historias de las esferas l\u00edderes en organizaci\u00f3n de eventos como son los Juegos Ol\u00edmpicos, la Copa del Mundo FIFA, el Campeonato Mundial de Atletismo, las carreas de F\u00f3rmula E, pero tambi\u00e9n veremos ejemplos de eventos medianos y peque\u00f1os para comprender c\u00f3mo iniciar el paso a la sustentabilidad.&quot;}\" data-sheets-userformat=\"{&quot;2&quot;:897,&quot;3&quot;:{&quot;1&quot;:0},&quot;10&quot;:0,&quot;11&quot;:4,&quot;12&quot;:0}\">El mundo de los deportes est\u00e1 evolucionando r\u00e1pidamente, y se est\u00e1 recuperando del devastador impacto de la pandemia. Las organizaciones deportivas en todos los niveles y sus respectivos eventos tienen que redefinir sus modelos operacionales y de negocios para seguir atrayendo a los jugadores, patrocinadores, aficionados y otros interesados. Hay una dependencia entre el cambio clim\u00e1tico, la salud y el deporte, pero el impacto potencial del deporte traspasa el campo de juego. Las organizaciones deportivas, los aficionados y quienes trabajan en deportes, y especialmente los deportistas, tienen un gran potencial para acelerar un cambio sistem\u00e1tico en la sociedad, para promover la inclusi\u00f3n, el estilo de vida saludable, la acci\u00f3n clim\u00e1tica y la colaboraci\u00f3n. Adem\u00e1s, en el deporte, tanto las organizaciones como los l\u00edderes, los deportistas y los entrenadores de potrero, tienen un rol y responsabilidades en la reconstrucci\u00f3n de las sociedades y las econom\u00edas luego del COVID-19.<br \/>\nLa sustentabilidad se centra en cubrir las necesidades del presente sin comprometer la capacidad las generaciones futuras de cubrir sus propias necesidades. La sustentabilidad es un concepto hol\u00edstico que implica garantizar las necesidades de las personas, el planeta y la econom\u00eda; es decir el medioambiente, la sociedad y la gobernanza corporativa (ESG por sus siglas en ingl\u00e9s). Un programa de deporte sustentable implica eventos deportivos que incorporen estos tres elementos.<br \/>\nEl objetivo de este curso es que entiendas y te acerques a la sustentabilidad en el deporte, y que aprendas a dar los primeros pasos en tu propio plan de acci\u00f3n sustentable en el deporte a trav\u00e9s del dise\u00f1o de un programa, una estrategia o una iniciativa. Adem\u00e1s, aprender\u00e1s a desarrollar nuevos principios, estrategias y planes accionables para construir la resiliencia y desarrollar modelos de negocios sustentables y pr\u00f3speros para tu organizaci\u00f3n deportiva.<br \/>\nPara logarlo utilizaremos las t\u00e9cnicas y marcos m\u00e1s importantes del mundo de la sustentabilidad, e ilustraremos ese mundo con buenas pr\u00e1cticas e historias de las esferas l\u00edderes en organizaci\u00f3n de eventos como son los Juegos Ol\u00edmpicos, la Copa del Mundo FIFA, el Campeonato Mundial de Atletismo, las carreas de F\u00f3rmula E, pero tambi\u00e9n veremos ejemplos de eventos medianos y peque\u00f1os para comprender c\u00f3mo iniciar el paso a la sustentabilidad.<\/span><\/p>\n","cursos_que_lo_componen":[{"nombre_del_curso":"Estrategia sostenible en el deporte","descripcion_del_curso":"<p>M\u00f3dulo 1: Las bases de la sustentabilidad en el deporte<br \/>\nM\u00f3dulo 2: \u00bfC\u00f3mo desarrollar un programa sustentable basado en marcos y est\u00e1ndares internacionales?<br \/>\nM\u00f3dulo 3: Mide y reporta el impacto<br \/>\nM\u00f3dulo 4: Oportunidades de patrocinio y sustentabilidad<\/p>\n"},{"nombre_del_curso":"Gesti\u00f3n y Financiamiento de un programa de sustentabilidad","descripcion_del_curso":"<p>M\u00f3dulo 1: Define tu visi\u00f3n e involucra a los interesados<br \/>\nM\u00f3dulo 2: Crea un plan de financiamiento e implementaci\u00f3n para tu programa sustentable<br \/>\nM\u00f3dulo 3: Involucra a los aficionados y a los deportistas en la sustentabilidad<br \/>\nM\u00f3dulo 4: Comunica la sustentabilidad<\/p>\n"}],"aprende_a":[{"item_aprende_a":"Aprender el concepto y los elementos claves de la sustentabilidad\r\n"},{"item_aprende_a":"Desarrollar habilidades para relacionar la sustentabilidad con la estrategia corporativa de la organizaci\u00f3n\r\n"},{"item_aprende_a":"Entender los aspectos operacionales de los programas de sustentabilidad\r\n"},{"item_aprende_a":"Desarrollar la capacidad para impulsar la medici\u00f3n del impacto en la organizaci\u00f3n\r\n"},{"item_aprende_a":"Estar preparado para comunicar sobre deportes y sustentabilidad de manera efectiva."}],"preguntas_frecuentes":false,"contenidistas":false,"docentes_expertos":[{"foto":"https:\/\/static.capabiliaserver.com\/frontend\/clients\/barca\/wp_prod\/wp-content\/uploads\/2022\/08\/dc48b49a-marisa-schlenker.png","nombre_del_docente":"Marisa Schlenker","descripcion_del_docente":"Ex jugadora de f\u00fatbol con experiencia de juego semiprofesional y profesional en Suecia, Espa\u00f1a, Alemania y EE. UU. M\u00e1s de 10 a\u00f1os de experiencia en el sector del deporte para el desarrollo social. Experta en igualdad de g\u00e9nero, seguimiento, evaluaci\u00f3n y aprendizaje.","enlace":""},{"foto":"https:\/\/static.capabiliaserver.com\/frontend\/clients\/barca\/wp_prod\/wp-content\/uploads\/2022\/08\/45aa75e6-geert-hendriks.png","nombre_del_docente":"Geert Hendriks","descripcion_del_docente":"Director de Engagement en The SHIFT y experto internacional en sostenibilidad y deporte. Trabaj\u00f3 en varios Juegos Ol\u00edmpicos, UEFA EURO 2016, Copa Mundial FIFA 2022 y m\u00e1s de 20 otros deportes. Fundador del club de fans de Football4Climate.","enlace":""},{"foto":"https:\/\/static.capabiliaserver.com\/frontend\/clients\/barca\/wp_prod\/wp-content\/uploads\/2022\/08\/51eb99c8-clemence-gillier.png","nombre_del_docente":"Cl\u00e9mence Gillier","descripcion_del_docente":"\u00c1ngel de crecimiento sustentable (The SHIFT) y facilitadora de seminario (Let\u2019s Talk Waste). Ella es experta en desarrollo empresarial en varios sectores y actualmente se dedica a acelerar el progreso de los ODS.","enlace":""},{"foto":"https:\/\/static.capabiliaserver.com\/frontend\/clients\/barca\/wp_prod\/wp-content\/uploads\/2022\/08\/0d0b089a-miguel-escribano.png","nombre_del_docente":"Miguel Escribano","descripcion_del_docente":"Asesor en calidad del aire y desarrollo empresarial de tecnolog\u00eda verde. Ha trabajado en Campeonatos del Mundo de Atletismo, Formula E y con organizadores de eventos para promover mejores pr\u00e1cticas para eventos deportivos sustentables.","enlace":""},{"foto":"https:\/\/barcanew.capabiliaserver.com\/wp-content\/uploads\/2022\/08\/c86711c5-big-the_shift_sociallogolinkedin_rgb_400x400.png","nombre_del_docente":"Otros expertos de The Shift","descripcion_del_docente":"- Bikram Lath, FIFA COL SUB-17 Copa Mundial Femenina India 2022 <br>- Catherine Fournier, ex Directora de proyectos RSE del FSV Mainz 05 <br>- Neil Beecroft, ex Director de Sustentabilidad de UEFA EURO 2016 <br>- Anne-C\u00e9cile Turner, Directora de Sustentabilidad de The Ocean Race","enlace":""}],"imagen_destacada":"https:\/\/static.capabiliaserver.com\/frontend\/clients\/barca\/wp_prod\/wp-content\/uploads\/2022\/08\/119702df-cms.jpg","slider_testimonios":false,"url_cursado_webinar":"","activar_hero_video":false,"video_texto":"","video_header":false,"titulo_curso":"Deporte & Sustentabilidad","impartido_en":"Ingles","crear_banner_3":{"utilizar_imagen_unica_para_banner":false,"asignar_imagen_unica_para_banner":false,"mostrar_titulo_banner":false,"titulo_para_banner":"","mostrar_subtitulo_banner":false,"subtitulo_del_banner":"","mostrar_cta_banner":false,"texto_cta_banner":"","url_cta_banner":"","fondo_de_color_banner":"","fondo_de_imagen_banner":false,"mostrar_imagen_izquierda_banner":false,"asignar_imagen_izquierda_banner":false},"producto_path":false,"id_magento":"552","header_image":134691,"column_title":"","precio_en_cuotas":"2 pagos mensuales de \u20ac225","precio_de_lista":"","mostrar_form":false,"promocion_vigente":"","duracion_del_curso":"2 meses","nivel_del_curso":"Introductorio","modalidad_cursado":"Online","ocultar_video":true,"url_video":"","avalado_por":false,"pdf_brochure":"https:\/\/static.capabiliaserver.com\/frontend\/clients\/barca\/wp_prod\/wp-content\/uploads\/2022\/08\/75986513-deporte-sustentabilidad.pdf","slidebox":false,"titulo_seccion_testimonios":"","imagen_de_fondo_testimonios":false,"color_de_fondo_testimonios":"","pdf_brochure_link_drive":"https:\/\/drive.google.com\/uc?id=1El01zbFnG03RQDHzf3uoKb_ofDQDNH9T&export=download"},"idiomas":{"en":127970,"es":127975,"ar":127971,"ca":127972,"ru":127974,"pt":127973},"_links":{"self":[{"href":"https:\/\/barcanew.capabiliaserver.com\/es\/wp-json\/wp\/v2\/products\/127975"}],"collection":[{"href":"https:\/\/barcanew.capabiliaserver.com\/es\/wp-json\/wp\/v2\/products"}],"about":[{"href":"https:\/\/barcanew.capabiliaserver.com\/es\/wp-json\/wp\/v2\/types\/product"}],"author":[{"embeddable":true,"href":"https:\/\/barcanew.capabiliaserver.com\/es\/wp-json\/wp\/v2\/users\/16"}],"replies":[{"embeddable":true,"href":"https:\/\/barcanew.capabiliaserver.com\/es\/wp-json\/wp\/v2\/comments?post=127975"}],"version-history":[{"count":4,"href":"https:\/\/barcanew.capabiliaserver.com\/es\/wp-json\/wp\/v2\/products\/127975\/revisions"}],"predecessor-version":[{"id":135880,"href":"https:\/\/barcanew.capabiliaserver.com\/es\/wp-json\/wp\/v2\/products\/127975\/revisions\/135880"}],"wp:attachment":[{"href":"https:\/\/barcanew.capabiliaserver.com\/es\/wp-json\/wp\/v2\/media?parent=127975"}],"wp:term":[{"taxonomy":"category","embeddable":true,"href":"https:\/\/barcanew.capabiliaserver.com\/es\/wp-json\/wp\/v2\/categories?post=127975"}],"curies":[{"name":"wp","href":"https:\/\/api.w.org\/{rel}","templated":true}]}}