{"id":127921,"date":"2022-06-24T12:16:52","date_gmt":"2022-06-24T15:16:52","guid":{"rendered":"https:\/\/barcanew.capabiliaserver.com\/?post_type=product&#038;p=127921"},"modified":"2022-10-24T12:30:03","modified_gmt":"2022-10-24T15:30:03","slug":"certificado-en-estrategias-de-monetizacion-para-el-deporte","status":"publish","type":"product","link":"https:\/\/barcanew.capabiliaserver.com\/es\/product\/certificado-en-estrategias-de-monetizacion-para-el-deporte\/","title":{"rendered":"Certificado en Estrategias de Monetizaci\u00f3n para el Deporte"},"content":{"rendered":"","protected":false},"excerpt":{"rendered":"","protected":false},"author":1,"featured_media":0,"comment_status":"open","ping_status":"closed","template":"","meta":{"_acf_changed":false,"footnotes":""},"categories":[239,114],"acf":{"activar_banner_1":false,"banner_1":false,"activar_banner_2":false,"banner_2":false,"activar_banner_3":false,"banner_3":false,"activar_nuevos_banners":false,"mostrar_banner_1":false,"crear_banner_1":{"utilizar_imagen_unica_para_banner":false,"asignar_imagen_unica_para_banner":false,"mostrar_titulo_banner":false,"titulo_para_banner":"","mostrar_subtitulo_banner":false,"subtitulo_del_banner":"","mostrar_cta_banner":false,"texto_cta_banner":"","url_cta_banner":"","fondo_de_color_banner":"","fondo_de_imagen_banner":false,"mostrar_imagen_izquierda_banner":false,"asignar_imagen_izquierda_banner":false},"mostrar_banner_2":false,"crear_banner_2":{"utilizar_imagen_unica_para_banner":false,"asignar_imagen_unica_para_banner":false,"mostrar_titulo_banner":false,"titulo_para_banner":"","mostrar_subtitulo_banner":false,"subtitulo_del_banner":"","mostrar_cta_banner":false,"texto_cta_banner":"","url_cta_banner":"","fondo_de_color_banner":"","fondo_de_imagen_banner":false,"mostrar_imagen_izquierda_banner":false,"asignar_imagen_izquierda_banner":false},"mostrar_banner_3":false,"crear_banner_3":{"utilizar_imagen_unica_para_banner":false,"asignar_imagen_unica_para_banner":false,"mostrar_titulo_banner":false,"titulo_para_banner":"","mostrar_subtitulo_banner":false,"subtitulo_del_banner":"","mostrar_cta_banner":false,"texto_cta_banner":"","url_cta_banner":"","fondo_de_color_banner":"","fondo_de_imagen_banner":false,"mostrar_imagen_izquierda_banner":false,"asignar_imagen_izquierda_banner":false},"producto_path":false,"hubspot_product_id":"1465951093","header_image":134675,"column_title":"","titulo_incentivo":"","fecha_de_inicio":"10072022","segunda_fecha_de_inicio":"","zona_horaria":"Europe\/Madrid","precio":"625","precio_en_cuotas":"4 pagos mensuales de 156.25 euros","precio_de_lista":"","mostrar_form":false,"promocion_vigente":"","duracion_del_curso":"4 meses","nivel_del_curso":"Introductorio","modalidad_cursado":"Online","impartido_en":"Ingles","contenido":"<p><span data-sheets-value=\"{&quot;1&quot;:2,&quot;2&quot;:&quot;Debido a que la industria mundial del deporte se ha desarrollado con una rapidez nunca antes vista, las necesidades financieras de las organizaciones deportivas sin duda se han multiplicado exponencialmente. Junto con esta necesidad y en respuesta a ella, tambi\u00e9n se observ\u00f3 que las organizaciones deportivas multiplicaron sus oportunidades de generar y maximizar sus ingresos. Esto fue posible gracias a la exploraci\u00f3n, el desarrollo y la aplicaci\u00f3n de varias estrategias de monetizaci\u00f3n modernas y novedosas. Mediante este certificado se ofrece un estudio amplio y riguroso de las estrategias de monetizaci\u00f3n adoptadas por las organizaciones deportivas entre las que se incluyen aquellas enfocadas en todos los clientes, en el negocio y las estrategias de generaci\u00f3n de ingresos alternativos utilizadas en la industria del deporte. Aquellos profesionales que trabajan o aspiran trabajar en clubes deportivos, organismos directivos de deporte, y agencias de marketing o comerciales que hagan esta certificaci\u00f3n podr\u00e1n aprender a capitalizar los aficionados de deportes, negocios, y las relaciones e intereses de otras organizaciones para con el deporte para as\u00ed poder hacer crecer dichas organizaciones deportivas, haciendo uso de sus activos y maximizando su potencial para generar ingresos.&quot;}\" data-sheets-userformat=\"{&quot;2&quot;:897,&quot;3&quot;:{&quot;1&quot;:0},&quot;10&quot;:0,&quot;11&quot;:4,&quot;12&quot;:0}\">Debido a que la industria mundial del deporte se ha desarrollado con una rapidez nunca antes vista, las necesidades financieras de las organizaciones deportivas sin duda se han multiplicado exponencialmente. Junto con esta necesidad y en respuesta a ella, tambi\u00e9n se observ\u00f3 que las organizaciones deportivas multiplicaron sus oportunidades de generar y maximizar sus ingresos. Esto fue posible gracias a la exploraci\u00f3n, el desarrollo y la aplicaci\u00f3n de varias estrategias de monetizaci\u00f3n modernas y novedosas. Mediante este certificado se ofrece un estudio amplio y riguroso de las estrategias de monetizaci\u00f3n adoptadas por las organizaciones deportivas entre las que se incluyen aquellas enfocadas en todos los clientes, en el negocio y las estrategias de generaci\u00f3n de ingresos alternativos utilizadas en la industria del deporte. Aquellos profesionales que trabajan o aspiran trabajar en clubes deportivos, organismos directivos de deporte, y agencias de marketing o comerciales que hagan esta certificaci\u00f3n podr\u00e1n aprender a capitalizar los aficionados de deportes, negocios, y las relaciones e intereses de otras organizaciones para con el deporte para as\u00ed poder hacer crecer dichas organizaciones deportivas, haciendo uso de sus activos y maximizando su potencial para generar ingresos.<\/span><\/p>\n","ocultar_video":true,"url_video":"","avalado_por":false,"pdf_brochure":"https:\/\/static.capabiliaserver.com\/frontend\/clients\/barca\/wp_prod\/wp-content\/uploads\/2022\/06\/8c828b3c-programa-de-estrategias-de-monetizacion-para-el-deporte.pdf","cursos_que_lo_componen":[{"nombre_del_curso":"Estrategias de monetizaci\u00f3n enfocadas en el cliente","descripcion_del_curso":"<p>Modulo 1: Modelos de ingresos para organizaciones deportivas - C\u00f3mo generan dinero las entidades deportivas Modulo 2: Estrategias para la venta de entradas - Utilidad vs. Maximizaci\u00f3n de ganancias M\u00f3dulo 3: Decisiones sobre la venta de entradas - Estrategias de precios M\u00f3dulo 4: Comercializaci\u00f3n - Acuerdos de licencias y el valor de los productos de licenciados<\/p>\n"},{"nombre_del_curso":"Estrategias de monetizaci\u00f3n enfocadas en el negocio","descripcion_del_curso":"<p>M\u00f3dulo 1: Ventajas de patrocinio - Beneficios financieros de los acuerdos de patrocinio<br \/>\nM\u00f3dulo 2: Desventajas de patrocinio - Dificultades financieras de los acuerdos de patrocinio<br \/>\nM\u00f3dulo 3: Derechos de transmisi\u00f3n - Monetizaci\u00f3n de una relaci\u00f3n simbi\u00f3tica<br \/>\nM\u00f3dulo 4: Nuevas estrategias de transmisi\u00f3n - Monetizaci\u00f3n de nuevos medios de comunicaci\u00f3n y redes sociales<\/p>\n"},{"nombre_del_curso":"Fuentes de ingresos alternativas para organizaciones deportivas","descripcion_del_curso":"<p>M\u00f3dulo 1: Financiaci\u00f3n estatal - Estrategias de financiaci\u00f3n local, nacional e internacional M\u00f3dulo 2: Fuentes de ingresos para deportes no comerciales - Estrategias novedosas de ingresos para organizaciones deportivas m\u00e1s peque\u00f1as<br \/>\nM\u00f3dulo 3: Ampliaci\u00f3n de la marca - Monetizaci\u00f3n de la marca deportiva<br \/>\nM\u00f3dulo 4: Econom\u00edas de escala y promoci\u00f3n cruzada - Integraci\u00f3n horizontal y vertical y registro<\/p>\n"},{"nombre_del_curso":"Estrategias de monetizaci\u00f3n de aficionados","descripcion_del_curso":"<p>M\u00f3dulo 1: Fan Engagement - Por qu\u00e9 a los aficionados les gusta pagar por deportes<br \/>\nM\u00f3dulo 2: Membres\u00eda de aficionados - Monetizaci\u00f3n de exclusividad y demanda<br \/>\nM\u00f3dulo 3: Comunidades en y fuera de l\u00ednea - Beneficiarse de la fidelizaci\u00f3n de aficionados<br \/>\nM\u00f3dulo 4: Nuevos espacios en l\u00ednea para aficionados - Tendencias de monetizaci\u00f3n actuales y futuras<\/p>\n"}],"aprende_a":[{"item_aprende_a":"Comprender el panorama y potencial de monetizaci\u00f3n del ecosistema deportivo. \r\n"},{"item_aprende_a":"Desarrollar la habilidad de evaluar de manera cr\u00edtica la forma en la que el deporte puede utilizar su relaci\u00f3n con otras organizaciones. \r\n"},{"item_aprende_a":"Desarrollar la capacidad para identificar oportunidades creativas para maximizar ingresos. \r\n"},{"item_aprende_a":"Desarrollar la habilidad de pensamiento estrat\u00e9gico para capitalizar la relaci\u00f3n de los aficionados con el deporte."}],"preguntas_frecuentes":false,"contenidistas":false,"docentes_expertos":[{"foto":"https:\/\/barcanew.capabiliaserver.com\/wp-content\/uploads\/2022\/06\/2276ebe4-dra-argyro-elisavet-manoli.png","nombre_del_docente":"Dra Argyro Elisavet Manoli","descripcion_del_docente":"Experta y acad\u00e9mica reconocida a nivel mundial en el \u00e1mbito del marketing deportivo y comercial.  Con a\u00f1os de experiencia en clubes de f\u00fatbol profesionales, organismos directivos de deporte, y en eventos deportivos internacionales, la Dra Manoli tiene un gran conocimiento del lado comercial del deporte. Ha llevado a cabo investigaciones profundas en el \u00e1rea, publicado varios libros, informes de pol\u00edticas y estudios en revistas arbitradas de gran importancia, ha ense\u00f1ado sus informes en Universidades y dado conferencias en todo el mundo.","enlace":"551"}],"imagen_destacada":"https:\/\/static.capabiliaserver.com\/frontend\/clients\/barca\/wp_prod\/wp-content\/uploads\/2022\/06\/421c3fcf-monetising-strategies-for-sport-cms.png","slidebox":false,"titulo_seccion_testimonios":"","slider_testimonios":false,"imagen_de_fondo_testimonios":false,"color_de_fondo_testimonios":"","url_cursado_webinar":"","activar_hero_video":false,"video_texto":"","video_header":false,"external_id":"1705","id_magento":"551","pdf_brochure_link_drive":"https:\/\/drive.google.com\/uc?id=11MOEJcNFHkUH-7RFRd9v6eVzsExy0UZQ&export=download"},"idiomas":{"en":126309,"es":127921,"ar":126310,"ca":127923,"ru":126313,"pt":127925},"_links":{"self":[{"href":"https:\/\/barcanew.capabiliaserver.com\/es\/wp-json\/wp\/v2\/products\/127921"}],"collection":[{"href":"https:\/\/barcanew.capabiliaserver.com\/es\/wp-json\/wp\/v2\/products"}],"about":[{"href":"https:\/\/barcanew.capabiliaserver.com\/es\/wp-json\/wp\/v2\/types\/product"}],"author":[{"embeddable":true,"href":"https:\/\/barcanew.capabiliaserver.com\/es\/wp-json\/wp\/v2\/users\/1"}],"replies":[{"embeddable":true,"href":"https:\/\/barcanew.capabiliaserver.com\/es\/wp-json\/wp\/v2\/comments?post=127921"}],"version-history":[{"count":5,"href":"https:\/\/barcanew.capabiliaserver.com\/es\/wp-json\/wp\/v2\/products\/127921\/revisions"}],"predecessor-version":[{"id":134681,"href":"https:\/\/barcanew.capabiliaserver.com\/es\/wp-json\/wp\/v2\/products\/127921\/revisions\/134681"}],"wp:attachment":[{"href":"https:\/\/barcanew.capabiliaserver.com\/es\/wp-json\/wp\/v2\/media?parent=127921"}],"wp:term":[{"taxonomy":"category","embeddable":true,"href":"https:\/\/barcanew.capabiliaserver.com\/es\/wp-json\/wp\/v2\/categories?post=127921"}],"curies":[{"name":"wp","href":"https:\/\/api.w.org\/{rel}","templated":true}]}}