{"id":127109,"date":"2022-06-22T12:27:32","date_gmt":"2022-06-22T15:27:32","guid":{"rendered":"https:\/\/barcanew.capabiliaserver.com\/?post_type=product&#038;p=127109"},"modified":"2022-10-25T15:20:04","modified_gmt":"2022-10-25T18:20:04","slug":"introduccion-a-los-esports-por-que-enamorarse-de-ellos","status":"publish","type":"product","link":"https:\/\/barcanew.capabiliaserver.com\/es\/product\/introduccion-a-los-esports-por-que-enamorarse-de-ellos\/","title":{"rendered":"Introducci\u00f3n a los Esports: \u00bfpor qu\u00e9 enamorarse de ellos?"},"content":{"rendered":"","protected":false},"excerpt":{"rendered":"","protected":false},"author":22,"featured_media":0,"comment_status":"open","ping_status":"closed","template":"","meta":{"_acf_changed":false,"footnotes":""},"categories":[216],"acf":{"activar_banner_1":false,"banner_1":false,"activar_banner_2":false,"banner_2":false,"activar_banner_3":false,"banner_3":false,"activar_nuevos_banners":false,"mostrar_banner_1":false,"crear_banner_1":{"utilizar_imagen_unica_para_banner":false,"asignar_imagen_unica_para_banner":false,"mostrar_titulo_banner":false,"titulo_para_banner":"","mostrar_subtitulo_banner":false,"subtitulo_del_banner":"","mostrar_cta_banner":false,"texto_cta_banner":"","url_cta_banner":"","fondo_de_color_banner":"","fondo_de_imagen_banner":false,"mostrar_imagen_izquierda_banner":false,"asignar_imagen_izquierda_banner":false},"mostrar_banner_2":false,"crear_banner_2":{"utilizar_imagen_unica_para_banner":false,"asignar_imagen_unica_para_banner":false,"mostrar_titulo_banner":false,"titulo_para_banner":"","mostrar_subtitulo_banner":false,"subtitulo_del_banner":"","mostrar_cta_banner":false,"texto_cta_banner":"","url_cta_banner":"","fondo_de_color_banner":"","fondo_de_imagen_banner":false,"mostrar_imagen_izquierda_banner":false,"asignar_imagen_izquierda_banner":false},"mostrar_banner_3":false,"crear_banner_3":{"utilizar_imagen_unica_para_banner":false,"asignar_imagen_unica_para_banner":false,"mostrar_titulo_banner":false,"titulo_para_banner":"","mostrar_subtitulo_banner":false,"subtitulo_del_banner":"","mostrar_cta_banner":false,"texto_cta_banner":"","url_cta_banner":"","fondo_de_color_banner":"","fondo_de_imagen_banner":false,"mostrar_imagen_izquierda_banner":false,"asignar_imagen_izquierda_banner":false},"producto_path":false,"hubspot_product_id":"1455517319","header_image":127110,"column_title":"","titulo_incentivo":"","fecha_de_inicio":"10092022","segunda_fecha_de_inicio":"","zona_horaria":"Europe\/Madrid","precio":"200","precio_en_cuotas":"","precio_de_lista":"","mostrar_form":false,"promocion_vigente":"","duracion_del_curso":"1 Mes ","nivel_del_curso":"Introductorio","modalidad_cursado":"Online","impartido_en":"Ingles","contenido":"<p>Electronic Sports, known as \u00abEsports\u00bb, is probably a term you have all heard of, without always having a clear understanding about how it became this independent and unique industry. Regularly compared to Sports, Esports are more and more visible these days as a specific discipline due to the promotion of its actors and influencers. For the general public, Esports may also still vehiculate cliches and misconceptions. Actually, with the multiplication of the number of players and gaming awareness, Esports is undeniably an evolving market, full of passion, ambition, and business opportunities for future generations. According to Newzoo\u2019s 2021 Global Esports and Live Streaming Market Report: Esports revenues around the world will surpass $1.08 billion in 2021, which is a 14.5% increase from $947.1 million in 2020; 465.1 million people watch esports (up +6.7% year on year). In order to apprehend Esports, you would need to understand where it comes from, where we are at the moment, and where we are going. The program will provide basics of Esports understanding, from the Historical aspect, through the whole ecosystem description, towards the stakes this domain is currently facing. It can help you find inspiration or even opportunities, in order to work in Esports or collaborate with the actors of this exciting industry<\/p>\n","ocultar_video":true,"url_video":"","avalado_por":false,"pdf_brochure":"https:\/\/static.capabiliaserver.com\/frontend\/clients\/barca\/wp_prod\/wp-content\/uploads\/2022\/06\/9a6b1f7b-introduccion-a-los-esports_por-que-enamorarse-de-ellos.pdf","cursos_que_lo_componen":[{"nombre_del_curso":"Origen de los Esports:","descripcion_del_curso":"<p>Aspectos hist\u00f3ricos, desarrollo y comparaci\u00f3n con los deportes tradicionales.<\/p>\n"},{"nombre_del_curso":"Ecosistema de los Esports: introducci\u00f3n a los actores del Esports. ","descripcion_del_curso":"<p>Organizaciones, jugadores, miembros del equipo, medios de comunicaci\u00f3n, influencers y creadores de contenido, producci\u00f3n, operadores del torneo, editoriales, entes gubernamentales, etc.<\/p>\n"},{"nombre_del_curso":"Modelo de negocio de Esports: un mercado poderoso. ","descripcion_del_curso":"<p>Modelo de negocio comparado con los deportes y medios de comunicaci\u00f3n, organizaci\u00f3n de liga y eventos de Esports, patrocinio y participaci\u00f3n de marcas<\/p>\n"},{"nombre_del_curso":"Desaf\u00edos de Esports: pasado, presente y futuro.","descripcion_del_curso":"<p>Estado del jugador, apuestas, trampas\/dopaje, diversidad de g\u00e9nero e inclusi\u00f3n, salud, streaming, federaci\u00f3n de Esports? etc. <\/p>\n"}],"aprende_a":[{"item_aprende_a":"Habilidad para describir la industria de los Esports"},{"item_aprende_a":"Capacidad para identificar y mencionar los actores del ecosistema"},{"item_aprende_a":"Conocimiento del negocio de los Esports"},{"item_aprende_a":"Capacidad para comparar desaf\u00edos y cuestionar temas "}],"preguntas_frecuentes":false,"contenidistas":false,"docentes_expertos":[{"foto":"https:\/\/barcanew.capabiliaserver.com\/wp-content\/uploads\/2022\/05\/b11e529e-servane_2.jpg","nombre_del_docente":"Servane Fischer","descripcion_del_docente":" Ex jugadora competitivo en Counter-Strike 1.6 en la d\u00e9cada de 2000. Fund\u00f3 y gestion\u00f3 varios proyectos que promueven la diversidad de g\u00e9nero en los deportes electr\u00f3nicos. Editora y asesora legal de Esports y partidaria de la organizaci\u00f3n sin fines de lucro Women in Games France como directora general de Esports. Caster y organizadora de torneos en el juego VALORANT para la comunidad.","enlace":""}],"imagen_destacada":"https:\/\/static.capabiliaserver.com\/frontend\/clients\/barca\/wp_prod\/wp-content\/uploads\/2022\/06\/8c297d65-cms-2.png","slidebox":false,"titulo_seccion_testimonios":"","slider_testimonios":false,"imagen_de_fondo_testimonios":false,"color_de_fondo_testimonios":"","url_cursado_webinar":"","activar_hero_video":false,"video_texto":"","video_header":false,"pdf_brochure_link_drive":"https:\/\/drive.google.com\/uc?id=11K0evpPJfnbRIdWzDWVSOXrdpEa_sKLb&export=download","external_id":"549","id_magento":"1696"},"idiomas":{"en":127039,"es":127109,"ar":127109,"ca":127149,"ru":127109,"pt":127139},"_links":{"self":[{"href":"https:\/\/barcanew.capabiliaserver.com\/es\/wp-json\/wp\/v2\/products\/127109"}],"collection":[{"href":"https:\/\/barcanew.capabiliaserver.com\/es\/wp-json\/wp\/v2\/products"}],"about":[{"href":"https:\/\/barcanew.capabiliaserver.com\/es\/wp-json\/wp\/v2\/types\/product"}],"author":[{"embeddable":true,"href":"https:\/\/barcanew.capabiliaserver.com\/es\/wp-json\/wp\/v2\/users\/22"}],"replies":[{"embeddable":true,"href":"https:\/\/barcanew.capabiliaserver.com\/es\/wp-json\/wp\/v2\/comments?post=127109"}],"version-history":[{"count":5,"href":"https:\/\/barcanew.capabiliaserver.com\/es\/wp-json\/wp\/v2\/products\/127109\/revisions"}],"predecessor-version":[{"id":134790,"href":"https:\/\/barcanew.capabiliaserver.com\/es\/wp-json\/wp\/v2\/products\/127109\/revisions\/134790"}],"wp:attachment":[{"href":"https:\/\/barcanew.capabiliaserver.com\/es\/wp-json\/wp\/v2\/media?parent=127109"}],"wp:term":[{"taxonomy":"category","embeddable":true,"href":"https:\/\/barcanew.capabiliaserver.com\/es\/wp-json\/wp\/v2\/categories?post=127109"}],"curies":[{"name":"wp","href":"https:\/\/api.w.org\/{rel}","templated":true}]}}