{"id":125904,"date":"2022-05-31T12:53:08","date_gmt":"2022-05-31T15:53:08","guid":{"rendered":"https:\/\/barcanew.capabiliaserver.com\/?post_type=product&#038;p=125904"},"modified":"2023-04-19T10:02:40","modified_gmt":"2023-04-19T13:02:40","slug":"certificado-en-preparacion-fisica-en-el-futbol-femenino","status":"publish","type":"product","link":"https:\/\/barcanew.capabiliaserver.com\/es\/product\/certificado-en-preparacion-fisica-en-el-futbol-femenino\/","title":{"rendered":"Certificado en Preparaci\u00f3n F\u00edsica en el F\u00fatbol Femenino"},"content":{"rendered":"<p>contenido<\/p>\n\n\n<p><\/p>\n","protected":false},"excerpt":{"rendered":"<p>excerpt<\/p>\n","protected":false},"author":16,"featured_media":0,"comment_status":"open","ping_status":"closed","template":"","meta":{"_acf_changed":false,"footnotes":""},"categories":[209],"acf":{"activar_banner_1":false,"banner_1":false,"activar_banner_2":false,"banner_2":false,"activar_banner_3":false,"banner_3":false,"activar_nuevos_banners":false,"mostrar_banner_1":false,"crear_banner_1":{"utilizar_imagen_unica_para_banner":false,"asignar_imagen_unica_para_banner":false,"mostrar_titulo_banner":false,"titulo_para_banner":"","mostrar_subtitulo_banner":false,"subtitulo_del_banner":"","mostrar_cta_banner":false,"texto_cta_banner":"","url_cta_banner":"","fondo_de_color_banner":"","fondo_de_imagen_banner":false,"mostrar_imagen_izquierda_banner":false,"asignar_imagen_izquierda_banner":false},"mostrar_banner_2":false,"crear_banner_2":{"utilizar_imagen_unica_para_banner":false,"asignar_imagen_unica_para_banner":false,"mostrar_titulo_banner":false,"titulo_para_banner":"","mostrar_subtitulo_banner":false,"subtitulo_del_banner":"","mostrar_cta_banner":false,"texto_cta_banner":"","url_cta_banner":"","fondo_de_color_banner":"","fondo_de_imagen_banner":false,"mostrar_imagen_izquierda_banner":false,"asignar_imagen_izquierda_banner":false},"mostrar_banner_3":false,"hubspot_product_id":"1457940576","external_id":"1697","titulo_incentivo":"","fecha_de_inicio":"10082022","segunda_fecha_de_inicio":"","zona_horaria":"Europe\/Madrid","precio":"625","contenido":"<p>El crecimiento del futbol femenino durante los \u00faltimos a\u00f1os ha sido exponencial, y sigue creciendo a velocidad de crucero. Los clubes y federaciones se implican y apostan cada vez m\u00e1s, y los recursos econ\u00f3micos permiten que los equipos puedan profesionalizarse y estar focalizados en el \u00f3ptimo rendimiento. Esto se ha visto reflejado muy directamente en el F.C.Barcelona, donde el equipo en pocos a\u00f1os ha conseguido ser el mejor equipo de Europa. La preparaci\u00f3n f\u00edsica ha sido una de las bases m\u00e1s importantes en este cambio, o incluso el trampol\u00edn para dar un salto a ser realmente un equipo de \u00e9lite. Este programa ofrecer\u00e1 de la forma m\u00e1s clara posible los fundamentos y las especificidades actuales del entrenamiento en el FCB Femenino, desde las bases conceptuales del modelo de Entrenamiento Estructurado, a la metodolog\u00eda de la planificaci\u00f3n, dise\u00f1o y ejecuci\u00f3n del entrenamiento. Se dar\u00e1 visibilidad a todos los profesionales o personas con ambici\u00f3n de ser futuros profesionales del f\u00fatbol femenino, de c\u00f3mo es el desarrollo de la condici\u00f3n f\u00edsica de la mujer en el f\u00fatbol en el Bar\u00e7a planteado desde el punto de vista multidisciplinar de todas las \u00e1reas implicadas en el aspecto condicional.<\/p>\n","cursos_que_lo_componen":[{"nombre_del_curso":"El Entrenamiento Optimizador en el Entrenamiento Estructurado","descripcion_del_curso":"<p>M\u00f3dulo 1: Contexto y evoluci\u00f3n del entrenamiento en el futbol femenino.<br \/>\nM\u00f3dulo 2: El Microciclo Estructurado.<br \/>\nM\u00f3dulo 3: Integraci\u00f3n de la estructura.<br \/>\nM\u00f3dulo 4: Individualizaci\u00f3n de las cargas.<\/p>\n"},{"nombre_del_curso":"El Entrenamiento Coadyuvante","descripcion_del_curso":"<p>M\u00f3dulo 1: Contexto y evoluci\u00f3n del entrenamiento de Fuerza en la mujer.<br \/>\nM\u00f3dulo 2: El Entrenamiento Coadyuvante en el microciclo estructurado.<br \/>\nM\u00f3dulo 3: Variabilidad-Especificidad.<br \/>\nM\u00f3dulo 4: Individualizaci\u00f3n, control y evaluaci\u00f3n de la Fuerza.<\/p>\n"},{"nombre_del_curso":"La monitorizaci\u00f3n de la carga interna y externa","descripcion_del_curso":"<p>M\u00f3dulo 1: Contextualizaci\u00f3n cient\u00edfica.<br \/>\nM\u00f3dulo 2: Monitorizaci\u00f3n de la carga interna.<br \/>\nM\u00f3dulo 3: Monitorizaci\u00f3n de la carga externa.<br \/>\nM\u00f3dulo 4: Mecanismos de test y evaluaci\u00f3n.<\/p>\n"},{"nombre_del_curso":"El trabajo multidisciplinar en el contexto de salud y rendimiento","descripcion_del_curso":"<p>M\u00f3dulo 1: Fisiolog\u00eda y lesionabilidad de la mujer futbolista.<br \/>\nM\u00f3dulo 2: Prevenci\u00f3n, recuperaci\u00f3n y readaptaci\u00f3n de lesiones.<br \/>\nM\u00f3dulo 3: Entrenamiento invisible: nutrici\u00f3n y descanso.<br \/>\nM\u00f3dulo 4: Psicolog\u00eda y contexto sociol\u00f3gico.<\/p>\n"}],"aprende_a":[{"item_aprende_a":"Desempe\u00f1arse con conocimiento, aptitudes y habilidades en el \u00e1mbito de la preparaci\u00f3n f\u00edsica en el futbol femenino de alto rendimiento. \r\n"},{"item_aprende_a":"Conocer el modelo estructurado del F.C.Barcelona con las particularidades del f\u00fatbol femenino, y las habilidades para programar, dise\u00f1ar y ejecutar el entrenamiento. \r\n"},{"item_aprende_a":"Comprender las competencias y \u00e1reas de trabajo en el entorno de la jugadora y su rendimiento, y c\u00f3mo interactuar con ellas con la b\u00fasqueda del \u00f3ptimo rendimiento de la jugadora.\r\n"}],"preguntas_frecuentes":false,"contenidistas":false,"docentes_expertos":[{"foto":"https:\/\/barcanew.capabiliaserver.com\/wp-content\/uploads\/2022\/05\/96a380c9-berta-foto.jpg","nombre_del_docente":"Berta Carles","descripcion_del_docente":"Licenciada en Ci\u00e9ncias de la Actividad F\u00edsica y el Deporte. Preparadora F\u00edsica del 1r Equipo Femenino desdel 2007, los 3 a\u00f1os previos jugadora del mismo equipo. Consecuci\u00f3n de 7 Copas de la Reina, 7 Ligas y 1 Champions con el F.C.Barcelona.","enlace":""}],"imagen_destacada":"https:\/\/barcanew.capabiliaserver.com\/wp-content\/uploads\/2022\/05\/49d00097-preview.png","slider_testimonios":false,"url_cursado_webinar":"","activar_hero_video":false,"video_texto":"","video_header":false,"titulo_curso":"Certificado en Preparaci\u00f3n F\u00edsica en el F\u00fatbol Femenino","impartido_en":"Castellano","crear_banner_3":{"utilizar_imagen_unica_para_banner":false,"asignar_imagen_unica_para_banner":false,"mostrar_titulo_banner":false,"titulo_para_banner":"","mostrar_subtitulo_banner":false,"subtitulo_del_banner":"","mostrar_cta_banner":false,"texto_cta_banner":"","url_cta_banner":"","fondo_de_color_banner":"","fondo_de_imagen_banner":false,"mostrar_imagen_izquierda_banner":false,"asignar_imagen_izquierda_banner":false},"producto_path":false,"id_magento":"550","column_title":"","precio_en_cuotas":"4 pagos mensuales de 156,25 euros","precio_de_lista":"","mostrar_form":false,"promocion_vigente":"","duracion_del_curso":"4 meses ","nivel_del_curso":"Introductorio","modalidad_cursado":"Online","ocultar_video":false,"url_video":"https:\/\/vimeo.com\/401102477","avalado_por":false,"pdf_brochure":"https:\/\/static.capabiliaserver.com\/frontend\/clients\/barca\/wp_prod\/wp-content\/uploads\/2022\/05\/18055644-certificado-en-preparacion-fisica-en-el-futbol-femenino-1.pdf","slidebox":false,"titulo_seccion_testimonios":"","imagen_de_fondo_testimonios":false,"color_de_fondo_testimonios":"","pdf_brochure_link_drive":"https:\/\/drive.google.com\/uc?id=1jPnGX3ZWxuvwTqibe2B-c5_5i9JZq3nm&export=download","programas_relacionados":[{"ID":132815,"post_author":"16","post_date":"2022-10-20 12:50:11","post_date_gmt":"2022-10-20 15:50:11","post_content":"","post_title":"Certificado en F\u00fatbol Femenino desde una Perspectiva de Negocio","post_excerpt":"excerpt","post_status":"publish","comment_status":"open","ping_status":"closed","post_password":"","post_name":"certificado-en-futbol-femenino-desde-una-perspectiva-de-negocio","to_ping":"","pinged":"","post_modified":"2023-04-21 18:12:15","post_modified_gmt":"2023-04-21 21:12:15","post_content_filtered":"","post_parent":0,"guid":"https:\/\/barcanew.capabiliaserver.com\/?post_type=product&#038;p=132815","menu_order":73,"post_type":"product","post_mime_type":"","comment_count":"0","filter":"raw"},{"ID":129794,"post_author":"16","post_date":"2022-09-12 11:12:15","post_date_gmt":"2022-09-12 14:12:15","post_content":"contenido","post_title":"Gesti\u00f3n de Patrimonios e Inversiones en el Deporte","post_excerpt":"excerpt","post_status":"publish","comment_status":"open","ping_status":"closed","post_password":"","post_name":"gestion-de-patrimonios-e-inversiones-en-el-deporte","to_ping":"","pinged":"","post_modified":"2022-10-17 10:44:18","post_modified_gmt":"2022-10-17 13:44:18","post_content_filtered":"","post_parent":0,"guid":"https:\/\/barcanew.capabiliaserver.com\/?post_type=product&#038;p=129794","menu_order":133,"post_type":"product","post_mime_type":"","comment_count":"0","filter":"raw"},{"ID":128169,"post_author":"16","post_date":"2022-07-28 09:51:58","post_date_gmt":"2022-07-28 12:51:58","post_content":"<p>contenido<\/p>\n\n<!-- wp:paragraph -->\n<p><\/p>\n<!-- \/wp:paragraph -->","post_title":"Blockchain en el Deporte","post_excerpt":"excerpt","post_status":"publish","comment_status":"open","ping_status":"closed","post_password":"","post_name":"blockchain-en-el-deporte","to_ping":"","pinged":"","post_modified":"2022-12-01 14:39:52","post_modified_gmt":"2022-12-01 17:39:52","post_content_filtered":"","post_parent":0,"guid":"https:\/\/barcanew.capabiliaserver.com\/?post_type=product&#038;p=128169","menu_order":139,"post_type":"product","post_mime_type":"","comment_count":"0","filter":"raw"},{"ID":127975,"post_author":"16","post_date":"2022-08-04 15:25:06","post_date_gmt":"2022-08-04 18:25:06","post_content":"contenido","post_title":"Deporte & Sostenibilidad","post_excerpt":"excerpt","post_status":"publish","comment_status":"open","ping_status":"closed","post_password":"","post_name":"deporte-sustentabilidad","to_ping":"","pinged":"","post_modified":"2022-11-25 15:43:53","post_modified_gmt":"2022-11-25 18:43:53","post_content_filtered":"","post_parent":0,"guid":"https:\/\/barcanew.capabiliaserver.com\/?post_type=product&#038;p=127975","menu_order":141,"post_type":"product","post_mime_type":"","comment_count":"0","filter":"raw"},{"ID":125904,"post_author":"16","post_date":"2022-05-31 12:53:08","post_date_gmt":"2022-05-31 15:53:08","post_content":"<p>contenido<\/p>\n\n<!-- wp:paragraph -->\n<p><\/p>\n<!-- \/wp:paragraph -->","post_title":"Certificado en Preparaci\u00f3n F\u00edsica en el F\u00fatbol Femenino","post_excerpt":"excerpt","post_status":"publish","comment_status":"open","ping_status":"closed","post_password":"","post_name":"certificado-en-preparacion-fisica-en-el-futbol-femenino","to_ping":"","pinged":"","post_modified":"2023-04-19 10:02:40","post_modified_gmt":"2023-04-19 13:02:40","post_content_filtered":"","post_parent":0,"guid":"https:\/\/barcanew.capabiliaserver.com\/?post_type=product&#038;p=125904","menu_order":166,"post_type":"product","post_mime_type":"","comment_count":"0","filter":"raw"},{"ID":122411,"post_author":"16","post_date":"2022-06-07 14:12:43","post_date_gmt":"2022-06-07 17:12:43","post_content":"contenido","post_title":"Certificado en evaluaci\u00f3n del desempe\u00f1o deportivo","post_excerpt":"excerpt","post_status":"publish","comment_status":"open","ping_status":"closed","post_password":"","post_name":"certificado-en-evaluacion-del-desempeno-deportivo","to_ping":"","pinged":"","post_modified":"2022-11-03 09:21:02","post_modified_gmt":"2022-11-03 12:21:02","post_content_filtered":"","post_parent":0,"guid":"https:\/\/barcanew.capabiliaserver.com\/?post_type=product&#038;p=122411","menu_order":174,"post_type":"product","post_mime_type":"","comment_count":"0","filter":"raw"},{"ID":124321,"post_author":"1","post_date":"2022-05-18 16:42:27","post_date_gmt":"2022-05-18 19:42:27","post_content":"","post_title":"Diplomado en Marketing y Patrocinio deportivo","post_excerpt":"","post_status":"publish","comment_status":"open","ping_status":"closed","post_password":"","post_name":"diplomado-en-marketing-y-patrocinio-deportivo","to_ping":"","pinged":"","post_modified":"2022-10-19 10:50:47","post_modified_gmt":"2022-10-19 13:50:47","post_content_filtered":"","post_parent":0,"guid":"https:\/\/barcanew.capabiliaserver.com\/?post_type=product&#038;p=124321","menu_order":178,"post_type":"product","post_mime_type":"","comment_count":"0","filter":"raw"},{"ID":120016,"post_author":"16","post_date":"2022-04-01 17:06:55","post_date_gmt":"2022-04-01 20:06:55","post_content":"contenido","post_title":"Negocios y Administraci\u00f3n de la Industria del F\u00fatbol","post_excerpt":"excerpt","post_status":"publish","comment_status":"open","ping_status":"closed","post_password":"","post_name":"negocios-y-administracion-de-la-industria-del-futbol","to_ping":"","pinged":"","post_modified":"2022-10-14 13:51:42","post_modified_gmt":"2022-10-14 16:51:42","post_content_filtered":"","post_parent":0,"guid":"https:\/\/barcanew.capabiliaserver.com\/?post_type=product&#038;p=120016","menu_order":184,"post_type":"product","post_mime_type":"","comment_count":"0","filter":"raw"}],"header_image":126104},"idiomas":{"en":125899,"es":125904,"ar":125900,"ca":125901,"ru":125903,"pt":125902},"_links":{"self":[{"href":"https:\/\/barcanew.capabiliaserver.com\/es\/wp-json\/wp\/v2\/products\/125904"}],"collection":[{"href":"https:\/\/barcanew.capabiliaserver.com\/es\/wp-json\/wp\/v2\/products"}],"about":[{"href":"https:\/\/barcanew.capabiliaserver.com\/es\/wp-json\/wp\/v2\/types\/product"}],"author":[{"embeddable":true,"href":"https:\/\/barcanew.capabiliaserver.com\/es\/wp-json\/wp\/v2\/users\/16"}],"replies":[{"embeddable":true,"href":"https:\/\/barcanew.capabiliaserver.com\/es\/wp-json\/wp\/v2\/comments?post=125904"}],"version-history":[{"count":5,"href":"https:\/\/barcanew.capabiliaserver.com\/es\/wp-json\/wp\/v2\/products\/125904\/revisions"}],"predecessor-version":[{"id":137185,"href":"https:\/\/barcanew.capabiliaserver.com\/es\/wp-json\/wp\/v2\/products\/125904\/revisions\/137185"}],"wp:attachment":[{"href":"https:\/\/barcanew.capabiliaserver.com\/es\/wp-json\/wp\/v2\/media?parent=125904"}],"wp:term":[{"taxonomy":"category","embeddable":true,"href":"https:\/\/barcanew.capabiliaserver.com\/es\/wp-json\/wp\/v2\/categories?post=125904"}],"curies":[{"name":"wp","href":"https:\/\/api.w.org\/{rel}","templated":true}]}}