{"id":124321,"date":"2022-05-18T16:42:27","date_gmt":"2022-05-18T19:42:27","guid":{"rendered":"https:\/\/barcanew.capabiliaserver.com\/?post_type=product&#038;p=124321"},"modified":"2022-10-19T10:50:47","modified_gmt":"2022-10-19T13:50:47","slug":"diplomado-en-marketing-y-patrocinio-deportivo","status":"publish","type":"product","link":"https:\/\/barcanew.capabiliaserver.com\/es\/product\/diplomado-en-marketing-y-patrocinio-deportivo\/","title":{"rendered":"Diplomado en Marketing y Patrocinio deportivo"},"content":{"rendered":"","protected":false},"excerpt":{"rendered":"","protected":false},"author":1,"featured_media":0,"comment_status":"open","ping_status":"closed","template":"","meta":{"_acf_changed":false,"footnotes":""},"categories":[114],"acf":{"activar_banner_1":false,"banner_1":false,"activar_banner_2":false,"banner_2":false,"activar_banner_3":false,"banner_3":false,"activar_nuevos_banners":false,"mostrar_banner_1":false,"crear_banner_1":{"utilizar_imagen_unica_para_banner":false,"asignar_imagen_unica_para_banner":false,"mostrar_titulo_banner":false,"titulo_para_banner":"","mostrar_subtitulo_banner":false,"subtitulo_del_banner":"","mostrar_cta_banner":false,"texto_cta_banner":"","url_cta_banner":"","fondo_de_color_banner":"","fondo_de_imagen_banner":false,"mostrar_imagen_izquierda_banner":false,"asignar_imagen_izquierda_banner":false},"mostrar_banner_2":false,"crear_banner_2":{"utilizar_imagen_unica_para_banner":false,"asignar_imagen_unica_para_banner":false,"mostrar_titulo_banner":false,"titulo_para_banner":"","mostrar_subtitulo_banner":false,"subtitulo_del_banner":"","mostrar_cta_banner":false,"texto_cta_banner":"","url_cta_banner":"","fondo_de_color_banner":"","fondo_de_imagen_banner":false,"mostrar_imagen_izquierda_banner":false,"asignar_imagen_izquierda_banner":false},"mostrar_banner_3":false,"crear_banner_3":{"utilizar_imagen_unica_para_banner":false,"asignar_imagen_unica_para_banner":false,"mostrar_titulo_banner":false,"titulo_para_banner":"","mostrar_subtitulo_banner":false,"subtitulo_del_banner":"","mostrar_cta_banner":false,"texto_cta_banner":"","url_cta_banner":"","fondo_de_color_banner":"","fondo_de_imagen_banner":false,"mostrar_imagen_izquierda_banner":false,"asignar_imagen_izquierda_banner":false},"producto_path":false,"external_id":"1623","id_magento":"464","header_image":134467,"column_title":"","titulo_incentivo":"","fecha_de_inicio":"06\/10\/2022","segunda_fecha_de_inicio":"","zona_horaria":"Europe\/Madrid","precio":"960","precio_de_lista":"","mostrar_form":false,"promocion_vigente":"","duracion_del_curso":"8 meses","nivel_del_curso":"Avanzado","modalidad_cursado":"Online","impartido_en":"Ingles","contenido":"<p><span data-sheets-value=\"{&quot;1&quot;:2,&quot;2&quot;:&quot;En la actualidad, el desarrollo de la marca para cualquier actividad deportiva se ha transformado en uno de los pilares centrales para el \u00e9xito, tanto en el plano deportivo como en el negocio. El marketing como disciplina permite abordar al deporte con una mirada profesional bajo una perspectiva comercial para detectar y aprovechar todas las oportunidades que se presentan en el mercado.\\nEl patrocinio se ha convertido en unas de las herramientas m\u00e1s comunes para conectar a las marcas con sus consumidores y clientes,de esta forma logran acelerar el crecimiento del negocio. \\nCuando se implementa de manera correcta, se puede convertir en una de las herramientas m\u00e1s poderosas para impulsar el crecimiento en cualquier tipo de empresa. \\nEste programa incluye todas las \u00e1reas mencionadas anteriormente de manera simple y clara para que puedas obtener el m\u00e1ximo de cualquier patrocinio. Profesionales que trabajan con patrocinadores, titulares de derechos y agencias aprender\u00e1n lo que necesitan para comprar mejor, ser m\u00e1s efectivos en las ventas y manejar programas de patrocinio. \\n&quot;}\" data-sheets-userformat=\"{&quot;2&quot;:897,&quot;3&quot;:{&quot;1&quot;:0},&quot;10&quot;:0,&quot;11&quot;:4,&quot;12&quot;:0}\">En la actualidad, el desarrollo de la marca para cualquier actividad deportiva se ha transformado en uno de los pilares centrales para el \u00e9xito, tanto en el plano deportivo como en el negocio. El marketing como disciplina permite abordar al deporte con una mirada profesional bajo una perspectiva comercial para detectar y aprovechar todas las oportunidades que se presentan en el mercado.<br \/>\nEl patrocinio se ha convertido en unas de las herramientas m\u00e1s comunes para conectar a las marcas con sus consumidores y clientes,de esta forma logran acelerar el crecimiento del negocio.<br \/>\nCuando se implementa de manera correcta, se puede convertir en una de las herramientas m\u00e1s poderosas para impulsar el crecimiento en cualquier tipo de empresa.<br \/>\nEste programa incluye todas las \u00e1reas mencionadas anteriormente de manera simple y clara para que puedas obtener el m\u00e1ximo de cualquier patrocinio. Profesionales que trabajan con patrocinadores, titulares de derechos y agencias aprender\u00e1n lo que necesitan para comprar mejor, ser m\u00e1s efectivos en las ventas y manejar programas de patrocinio.<br \/>\n<\/span><\/p>\n","ocultar_video":true,"url_video":"","avalado_por":false,"pdf_brochure":"https:\/\/static.capabiliaserver.com\/frontend\/clients\/barca\/wp_prod\/wp-content\/uploads\/2022\/05\/1b43879e-es.pdf","cursos_que_lo_componen":[{"nombre_del_curso":"Pilares del Marketing Deportivo","descripcion_del_curso":"<p>M\u00d3DULO 1: Introducci\u00f3n al marketing deportivo<br \/>\nM\u00d3DULO 2: M\u00e9todos y herramientas del marketing deportivo<br \/>\nM\u00d3DULO 3: Creaci\u00f3n del plan de marketing deportivo<br \/>\nM\u00d3DULO 4: Integraci\u00f3n<\/p>\n"},{"nombre_del_curso":"Patrocinio Deportivo","descripcion_del_curso":"<p>M\u00d3DULO 1: Management de la marca deportiva<br \/>\nM\u00d3DULO 2: B\u00fasqueda de Patrocinadores Potenciales<br \/>\nM\u00d3DULO 3: La preparaci\u00f3n y el cierre de la venta de un patrocinio<br \/>\nM\u00d3DULO 4: Integraci\u00f3n<\/p>\n"},{"nombre_del_curso":"Activaci\u00f3n del Patrocinio Deportivo","descripcion_del_curso":"<p>M\u00d3DULO 1: Activaci\u00f3n del patrocinio<br \/>\nM\u00d3DULO 2: Tipos de activaci\u00f3n<br \/>\nM\u00d3DULO 3: Indicadores claves del patrocinio<br \/>\nM\u00d3DULO 4: Integraci\u00f3n<\/p>\n"},{"nombre_del_curso":"Gesti\u00f3n de Productos y Servicios Deportivos","descripcion_del_curso":"<p>M\u00d3DULO 1: Gesti\u00f3n de productos y servicios<br \/>\nM\u00d3DULO 2: Ejecuci\u00f3n del plan de productos y servicios<br \/>\nM\u00d3DULO 3: Estrategia de desarrollo de productos<br \/>\nM\u00d3DULO 4: Integraci\u00f3n<\/p>\n"},{"nombre_del_curso":"Lo que aman los aficionados y lo que las marcas patrocinan","descripcion_del_curso":"<p>M\u00d3DULO 1: Passion Points - Las cosas importantes en la vida<br \/>\nM\u00d3DULO 2: Passion Connectors: \u00bfC\u00f3mo los aficionados consumen sus pasiones?<br \/>\nM\u00d3DULO 3: Diferentes tipos de activos -  Activos pagados, compartidos y propios<br \/>\nM\u00d3DULO 4: El No-Patrocinador: marketing de emboscada<\/p>\n"},{"nombre_del_curso":"El patrocinio como herramienta de marketing","descripcion_del_curso":"<p>M\u00d3DULO 1: Comprar Visibilidad - Conciencia de marca y el rol de los medios de comunicaci\u00f3n<br \/>\nM\u00d3DULO 2: Acceso a Contenido - Lograr mejores experiencias virtuales y en vivo para los aficionados<br \/>\nM\u00d3DULO 3: Crear Amor por la Marca - Conquistar corazones con publicidad y cambio social<br \/>\nM\u00d3DULO 4: Acelerar los resultados a corto plazo a trav\u00e9s de promociones y activaci\u00f3n comercial<\/p>\n"},{"nombre_del_curso":"Los diferentes casos de uso de patrocinio","descripcion_del_curso":"<p>M\u00d3DULO 1: Mejores Acuerdos - Patrocinadores que crean valor para los clientes<br \/>\nM\u00d3DULO 2: Trabajo de Equipo & Comunidad -  Empleados orgullosos y vecinos felices<br \/>\nM\u00d3DULO 3: Gobiernos & ONGs - La dif\u00edcil conversaci\u00f3n sobre regulaciones, sustentabilidad e impuestos<br \/>\nM\u00d3DULO 4:  Poder de Persuasi\u00f3n del Patrocinio - Utilizar el patrocinio para tener influencia en el mundo entero<\/p>\n"},{"nombre_del_curso":"\u00bfQu\u00e9 es un patrocinio exitoso?","descripcion_del_curso":"<p>M\u00d3DULO 1: Evaluaci\u00f3n del Pre-contrato - ROI estimado de un patrocinio<br \/>\nM\u00d3DULO 2: Manejo del Riesgo - La necesidad de una verificaci\u00f3n adecuada de antecedentes<br \/>\nM\u00d3DULO 3: Fase Contractual - Derechos, obligaciones, principios morales y de fuerza mayor<br \/>\nM\u00d3DULO 4: Revisi\u00f3n post Evento - Evaluaci\u00f3n y la dif\u00edcil tarea de terminar un patrocinio<\/p>\n"}],"preguntas_frecuentes":false,"contenidistas":false,"docentes_expertos":[{"foto":"https:\/\/static.capabiliaserver.com\/frontend\/clients\/barca\/wp\/wp-content\/uploads\/2018\/06\/james_condo-1-150x150.jpg","nombre_del_docente":"James Condo","descripcion_del_docente":"Director de ETERNO Consulting. Profesor adjunto en Florida Atlantic University.","enlace":""},{"foto":"https:\/\/static.capabiliaserver.com\/frontend\/clients\/barca\/wp_prod\/wp-content\/uploads\/2022\/01\/52a4ef77-ricardo-fort-1-1-e1647897534863.jpg","nombre_del_docente":"Ricardo Fort","descripcion_del_docente":"\"Experiencia como \u00fanico ejecutivo en liderar el patrocinio global Departamentos de dos FIFA y COI patrocinadores: Visa y Coca-Cola. Creador del Deporte para Fort Consulting, una empresa que ayuda a patrocinadores, ligas, inversores y deportistas para invertir con \u00e9xito en los deportes\"","enlace":""}],"imagen_destacada":"https:\/\/static.capabiliaserver.com\/frontend\/clients\/barca\/wp_prod\/wp-content\/uploads\/2022\/05\/8c51b91f-certificate-in-sports-marketing-and-sponsorship-2-1.jpg","slidebox":false,"titulo_seccion_testimonios":"","url_cursado_webinar":"","activar_hero_video":false,"video_texto":"","aprende_a":[{"item_aprende_a":"Incorporar al marketing como disciplina en la gesti\u00f3n de actividades deportivas."},{"item_aprende_a":"Analizar, crear y gestionar productos y servicios en el deporte."},{"item_aprende_a":"Identificar y captar marcas que inviertan en el mercado deportivo."},{"item_aprende_a":"Aprovechar oportunidades de generaci\u00f3n de acciones con los patrocinadores en el deporte."},{"item_aprende_a":"Entender de qu\u00e9 manera los aficionados consumen el deporte y a los patrocinadores."},{"item_aprende_a":"Incrementar el conocimiento de las aplicaciones de patrocinio en marketing."},{"item_aprende_a":"Diferenciar aplicaciones de patrocinio m\u00e1s all\u00e1 del marketing."},{"item_aprende_a":"Desarrollar habilidades para aprender de qu\u00e9 manera evaluar patrocinadores."}],"precio_en_cuotas":"7 pagos mensuales de \u20ac137","hubspot_product_id":"1416892072","pdf_brochure_link_drive":"https:\/\/drive.google.com\/uc?id=1HO9-OT3EMLTmG8DoCgK35mmTJB9e04oF&export=download"},"idiomas":{"en":121110,"es":124321,"ar":121111,"ca":121112,"ru":121114,"pt":121113},"_links":{"self":[{"href":"https:\/\/barcanew.capabiliaserver.com\/es\/wp-json\/wp\/v2\/products\/124321"}],"collection":[{"href":"https:\/\/barcanew.capabiliaserver.com\/es\/wp-json\/wp\/v2\/products"}],"about":[{"href":"https:\/\/barcanew.capabiliaserver.com\/es\/wp-json\/wp\/v2\/types\/product"}],"author":[{"embeddable":true,"href":"https:\/\/barcanew.capabiliaserver.com\/es\/wp-json\/wp\/v2\/users\/1"}],"replies":[{"embeddable":true,"href":"https:\/\/barcanew.capabiliaserver.com\/es\/wp-json\/wp\/v2\/comments?post=124321"}],"version-history":[{"count":5,"href":"https:\/\/barcanew.capabiliaserver.com\/es\/wp-json\/wp\/v2\/products\/124321\/revisions"}],"predecessor-version":[{"id":134473,"href":"https:\/\/barcanew.capabiliaserver.com\/es\/wp-json\/wp\/v2\/products\/124321\/revisions\/134473"}],"wp:attachment":[{"href":"https:\/\/barcanew.capabiliaserver.com\/es\/wp-json\/wp\/v2\/media?parent=124321"}],"wp:term":[{"taxonomy":"category","embeddable":true,"href":"https:\/\/barcanew.capabiliaserver.com\/es\/wp-json\/wp\/v2\/categories?post=124321"}],"curies":[{"name":"wp","href":"https:\/\/api.w.org\/{rel}","templated":true}]}}