{"id":122411,"date":"2022-06-07T14:12:43","date_gmt":"2022-06-07T17:12:43","guid":{"rendered":"https:\/\/barcanew.capabiliaserver.com\/?post_type=product&#038;p=122411"},"modified":"2022-11-03T09:21:02","modified_gmt":"2022-11-03T12:21:02","slug":"certificado-en-evaluacion-del-desempeno-deportivo","status":"publish","type":"product","link":"https:\/\/barcanew.capabiliaserver.com\/es\/product\/certificado-en-evaluacion-del-desempeno-deportivo\/","title":{"rendered":"Certificado en evaluaci\u00f3n del desempe\u00f1o deportivo"},"content":{"rendered":"<p>contenido<\/p>\n","protected":false},"excerpt":{"rendered":"<p>excerpt<\/p>\n","protected":false},"author":16,"featured_media":0,"comment_status":"open","ping_status":"closed","template":"","meta":{"_acf_changed":false,"footnotes":""},"categories":[209],"acf":{"activar_banner_1":false,"banner_1":false,"activar_banner_2":false,"banner_2":false,"activar_banner_3":false,"banner_3":false,"activar_nuevos_banners":false,"mostrar_banner_1":false,"crear_banner_1":{"utilizar_imagen_unica_para_banner":false,"asignar_imagen_unica_para_banner":false,"mostrar_titulo_banner":false,"titulo_para_banner":"","mostrar_subtitulo_banner":false,"subtitulo_del_banner":"","mostrar_cta_banner":false,"texto_cta_banner":"","url_cta_banner":"","fondo_de_color_banner":"","fondo_de_imagen_banner":false,"mostrar_imagen_izquierda_banner":false,"asignar_imagen_izquierda_banner":false},"mostrar_banner_2":false,"crear_banner_2":{"utilizar_imagen_unica_para_banner":false,"asignar_imagen_unica_para_banner":false,"mostrar_titulo_banner":false,"titulo_para_banner":"","mostrar_subtitulo_banner":false,"subtitulo_del_banner":"","mostrar_cta_banner":false,"texto_cta_banner":"","url_cta_banner":"","fondo_de_color_banner":"","fondo_de_imagen_banner":false,"mostrar_imagen_izquierda_banner":false,"asignar_imagen_izquierda_banner":false},"mostrar_banner_3":false,"hubspot_product_id":"1438047610","external_id":"1650","titulo_incentivo":"Certificado en evaluaci\u00f3n del desempe\u00f1o deportivo","fecha_de_inicio":"10072022","segunda_fecha_de_inicio":"","zona_horaria":"Europe\/Madrid","precio":"550","contenido":"<p><span data-sheets-value=\"{&quot;1&quot;:2,&quot;2&quot;:&quot;La tecnolog\u00eda ha formado parte del d\u00eda a d\u00eda de los profesionales m\u00e9dicos de la ciencia del deporte desde hace un tiempo. Sin embargo, muchas veces el foco est\u00e1 en el dispositivo en s\u00ed y no en la manera en que esos dispositivos pueden optimizar los procesos de entrenamiento o rehabilitaci\u00f3n. Es por eso que decidimos crear este curso cuyo foco ser\u00e1 la cinem\u00e1tica y la fuerza en el desempe\u00f1o deportivo incluyendo el manejo de deportistas sanos y lesionados. Por ende, las plataformas de fuerza (tecnolog\u00eda) se convirtieron en un activo clave para conseguir las respuestas a muchas preguntas que normalmente surgen en estos procesos. En este curso te daremos las herramientas para dominar la toma de decisiones mediante la biomec\u00e1nica y el desempe\u00f1o deportivo.&quot;}\" data-sheets-userformat=\"{&quot;2&quot;:897,&quot;3&quot;:{&quot;1&quot;:0},&quot;10&quot;:0,&quot;11&quot;:4,&quot;12&quot;:0}\">La tecnolog\u00eda ha formado parte del d\u00eda a d\u00eda de los profesionales m\u00e9dicos de la ciencia del deporte desde hace un tiempo. Sin embargo, muchas veces el foco est\u00e1 en el dispositivo en s\u00ed y no en la manera en que esos dispositivos pueden optimizar los procesos de entrenamiento o rehabilitaci\u00f3n. Es por eso que decidimos crear este curso cuyo foco ser\u00e1 la cinem\u00e1tica y la fuerza en el desempe\u00f1o deportivo incluyendo el manejo de deportistas sanos y lesionados. Por ende, las plataformas de fuerza (tecnolog\u00eda) se convirtieron en un activo clave para conseguir las respuestas a muchas preguntas que normalmente surgen en estos procesos. En este curso te daremos las herramientas para dominar la toma de decisiones mediante la biomec\u00e1nica y el desempe\u00f1o deportivo.<\/span><\/p>\n","cursos_que_lo_componen":[{"nombre_del_curso":"EVALUACI\u00d3N DE LA FUERZA E INTRODUCCI\u00d3N A LA CINEM\u00c1TICA.","descripcion_del_curso":"<p>1.1M\u00f3dulo 1: Fundamentos de evaluaci\u00f3n de la plataforma de fuerza.<br \/>\n1.2 M\u00f3dulo 2: Entendimiento de variables y fases del CMJ<br \/>\n1.3 M\u00f3dulo 3: Introducci\u00f3n de la cinem\u00e1tica<br \/>\n1.4 M\u00f3dulo 4: Evaluaci\u00f3n de miembros superiores<\/p>\n"},{"nombre_del_curso":"CIN\u00c9TICA DE LESIONES Y REHABILITACI\u00d3N Y CINEM\u00c1TICA","descripcion_del_curso":"<p>M\u00f3dulo 1: Cin\u00e9tica en el riesgo de lesiones del LCA y rehabilitaci\u00f3n (Isocin\u00e9tica)<br \/>\nM\u00f3dulo 2: Cin\u00e9tica en lesiones del LCA y rehabilitaci\u00f3n (evaluaci\u00f3n de jump-land)<br \/>\nM\u00f3dulo 3: Cin\u00e9tica en el riesgo de lesiones del LCA y rehabilitaci\u00f3n<br \/>\nM\u00f3dulo 4: Cin\u00e9tica y cinem\u00e1tica en lesiones musculares y de tend\u00f3n en las miembros inferiores y rehabilitaci\u00f3n de r\u00f3tula, tend\u00f3n de Aquiles, ingle, isquiotibiales.<\/p>\n"},{"nombre_del_curso":"CAJA DE HERRAMIENTAS PARA LA EVALUACI\u00d3N DE RENDIMIENTO, LESI\u00d3N Y REHABILITACI\u00d3N","descripcion_del_curso":"<p>M\u00f3dulo 1: Pruebas adicionales din\u00e1micas en miembros inferiores (salto de sentadillas, drop jump, sentadillas, land&hold).<br \/>\nM\u00f3dulo 2: Prueba isom\u00e9trica en miembros inferiores<br \/>\nM\u00f3dulo 3: Marco y caja de herramientas para la cin\u00e9tica y cinem\u00e1tica en la rehabilitaci\u00f3n y el retorno al juego<br \/>\nM\u00f3dulo 4: Marco y caja de herramientas para el control de respuesta a la carga a corto plazo y evaluaci\u00f3n de adaptaciones cr\u00f3nicas.<\/p>\n"}],"aprende_a":[{"item_aprende_a":"Comprender la cinem\u00e1tica para la evaluaci\u00f3n de la fuerza. \r\n"},{"item_aprende_a":"Manejo de la evaluaci\u00f3n de la fuerza como un activo clave en la rehabilitaci\u00f3n. \r\n"},{"item_aprende_a":"Capacidad de adaptar el marco de las lesiones y de rehabilitaci\u00f3n a cada caso espec\u00edfico."}],"preguntas_frecuentes":false,"contenidistas":false,"docentes_expertos":[{"foto":"https:\/\/static.capabiliaserver.com\/frontend\/clients\/barca\/wp_prod\/wp-content\/uploads\/2022\/05\/4145c926-barca-innovation-2018-1.png","nombre_del_docente":"Daniel Cohen","descripcion_del_docente":"Investigador - Instituto Masira, Universidad de Santander (UDES); Consultor - Centro de Ciencias del Deporte (CCD), Ministerio del Deporte de Colombia (Mindeporte) Consultor y educaro en la plataforma Force.","enlace":""},{"foto":"https:\/\/barcanew.capabiliaserver.com\/wp-content\/uploads\/2022\/06\/e71501cd-dr.-matt-taberner.png","nombre_del_docente":"Dr. Matt Taberner (CSCS, RSCC*D, BASES HPSA)","descripcion_del_docente":"Doctorado Profesional en Ciencias Aplicadas del Deporte y Actividad F\u00edsica. Con m\u00e1s de 14 a\u00f1os de experiencia en deportes de elite. Trabaj\u00f3 13 temporadas en la Premier League inglesa: 6 a\u00f1os en FC Everton (Jefe de Ciencia del Deporte y Jefe de Rehabilitaci\u00f3n) y seis a\u00f1os en FC Aston Villa (Cient\u00edfico deportivo responsable de la Academia).","enlace":""},{"foto":"https:\/\/barcanew.capabiliaserver.com\/wp-content\/uploads\/2022\/06\/66374a0b-david-howarth.png","nombre_del_docente":"David Howarth","descripcion_del_docente":"Ha trabajado en deportes de alto rendimiento en Australia, Am\u00e9rica del Norte y Europa. Dirigi\u00f3 departamentos de rendimiento atl\u00e9tico para equipos de la NBA (Oklahoma City Thunder) y de La Copa de Europa de rugby (Connacht Rugby). Experto en el uso de tecnolog\u00edas de plataformas de fuerza para el monitoreo de deportistas.","enlace":""},{"foto":"https:\/\/barcanew.capabiliaserver.com\/wp-content\/uploads\/2022\/06\/7330305a-luke-hart.png","nombre_del_docente":"Luke Hart MSc, ASCC","descripcion_del_docente":"Entrenador certificado de Fuerza y Acondicionamiento (ASCC por sus siglas en ingl\u00e9s). 9 a\u00f1os de experiencia como entrenador profesional de fuerza y acondicionamiento en f\u00fatbol y rugby. Actualmente se desempe\u00f1a como Entrenador l\u00edder de Fuerza y Acondicionamiento en la Cl\u00ednica Sports Surgery, Dublin.","enlace":""},{"foto":"https:\/\/barcanew.capabiliaserver.com\/wp-content\/uploads\/2022\/06\/edae0daf-chris-richter.png","nombre_del_docente":"Dr. Chris Richter","descripcion_del_docente":"Experto biomec\u00e1nico con gran experiencia en Ciencia de datos y tecnolog\u00eda. Est\u00e1 trabajando en el desarrollo e implementaci\u00f3n de una estrategia I+S de biomarcador.  Aport\u00f3\/public\u00f3 m\u00e1s de 60 art\u00edculos.","enlace":""},{"foto":"https:\/\/barcanew.capabiliaserver.com\/wp-content\/uploads\/2022\/06\/fa51d702-jarrod.png","nombre_del_docente":"Jarrod Antflick","descripcion_del_docente":"Fundador de Total Performance. Fisioterapeuta asesor y especialista en diagn\u00f3stico y tratamiento de tendinopat\u00edas en el deporte.  Con Maestr\u00eda en Fisioterapia deportiva (Universidad La Trobe, Australia), Licenciatura en Ciencias Aplicadas en Fisioterapia (Universidad de Sydney) y Licenciatura en Ciencias de la Salud (University of Technology, Sydney). ","enlace":""},{"foto":"https:\/\/barcanew.capabiliaserver.com\/wp-content\/uploads\/2022\/06\/4206039c-ben-ashworth.png","nombre_del_docente":"Ben Ashworth","descripcion_del_docente":"Entrenador-fisioterapeuta y Especialista en Hombro. Doble Maestr\u00eda en Fuerza y Acondicionamiento y Fisioterapia. Con 20 a\u00f1os de experiencia en rugby, deportes Ol\u00edmpicos y f\u00fatbol de la Premier League. Asesor en Tenis brit\u00e1nico y de Queensland y en varios equipos de la Liga Mayor de b\u00e9isbol. ","enlace":""}],"slider_testimonios":false,"url_cursado_webinar":"","activar_hero_video":false,"video_texto":"","video_header":false,"titulo_curso":"Certificate in Sports Performance Assessment","impartido_en":"Ingles","crear_banner_3":{"utilizar_imagen_unica_para_banner":false,"asignar_imagen_unica_para_banner":false,"mostrar_titulo_banner":false,"titulo_para_banner":"","mostrar_subtitulo_banner":false,"subtitulo_del_banner":"","mostrar_cta_banner":false,"texto_cta_banner":"","url_cta_banner":"","fondo_de_color_banner":"","fondo_de_imagen_banner":false,"mostrar_imagen_izquierda_banner":false,"asignar_imagen_izquierda_banner":false},"producto_path":false,"id_magento":"465","header_image":126899,"column_title":"Certificado en evaluaci\u00f3n del desempe\u00f1o deportivo","precio_en_cuotas":"3 pagos mensuales de 183.3 euros","precio_de_lista":"","mostrar_form":false,"promocion_vigente":"10\/06\/2022","duracion_del_curso":"3 Meses","nivel_del_curso":"Introductorio","modalidad_cursado":"Online","ocultar_video":true,"url_video":"","avalado_por":false,"pdf_brochure":"https:\/\/static.capabiliaserver.com\/frontend\/clients\/barca\/wp_prod\/wp-content\/uploads\/2022\/06\/e6a5f635-certificado-en-evaluacion-del-desempeno-deportivo-1-2.pdf","slidebox":false,"titulo_seccion_testimonios":"","imagen_de_fondo_testimonios":false,"color_de_fondo_testimonios":"","imagen_destacada":"https:\/\/static.capabiliaserver.com\/frontend\/clients\/barca\/wp_prod\/wp-content\/uploads\/2022\/06\/ac01e48a-sports-performance-cms.png","pdf_brochure_link_drive":"https:\/\/drive.google.com\/uc?id=1sIfXhxFH8pF2lZkhIYzEKV11kZUlMw2x&export=download"},"idiomas":{"en":122406,"es":122411,"ar":122407,"ca":122408,"ru":122410,"pt":122409},"_links":{"self":[{"href":"https:\/\/barcanew.capabiliaserver.com\/es\/wp-json\/wp\/v2\/products\/122411"}],"collection":[{"href":"https:\/\/barcanew.capabiliaserver.com\/es\/wp-json\/wp\/v2\/products"}],"about":[{"href":"https:\/\/barcanew.capabiliaserver.com\/es\/wp-json\/wp\/v2\/types\/product"}],"author":[{"embeddable":true,"href":"https:\/\/barcanew.capabiliaserver.com\/es\/wp-json\/wp\/v2\/users\/16"}],"replies":[{"embeddable":true,"href":"https:\/\/barcanew.capabiliaserver.com\/es\/wp-json\/wp\/v2\/comments?post=122411"}],"version-history":[{"count":5,"href":"https:\/\/barcanew.capabiliaserver.com\/es\/wp-json\/wp\/v2\/products\/122411\/revisions"}],"predecessor-version":[{"id":135127,"href":"https:\/\/barcanew.capabiliaserver.com\/es\/wp-json\/wp\/v2\/products\/122411\/revisions\/135127"}],"wp:attachment":[{"href":"https:\/\/barcanew.capabiliaserver.com\/es\/wp-json\/wp\/v2\/media?parent=122411"}],"wp:term":[{"taxonomy":"category","embeddable":true,"href":"https:\/\/barcanew.capabiliaserver.com\/es\/wp-json\/wp\/v2\/categories?post=122411"}],"curies":[{"name":"wp","href":"https:\/\/api.w.org\/{rel}","templated":true}]}}