{"id":120016,"date":"2022-04-01T17:06:55","date_gmt":"2022-04-01T20:06:55","guid":{"rendered":"https:\/\/barcanew.capabiliaserver.com\/?post_type=product&#038;p=120016"},"modified":"2022-10-14T13:51:42","modified_gmt":"2022-10-14T16:51:42","slug":"negocios-y-administracion-de-la-industria-del-futbol","status":"publish","type":"product","link":"https:\/\/barcanew.capabiliaserver.com\/es\/product\/negocios-y-administracion-de-la-industria-del-futbol\/","title":{"rendered":"Negocios y Administraci\u00f3n de la Industria del F\u00fatbol"},"content":{"rendered":"<p>contenido<\/p>\n","protected":false},"excerpt":{"rendered":"<p>excerpt<\/p>\n","protected":false},"author":16,"featured_media":0,"comment_status":"open","ping_status":"closed","template":"","meta":{"_acf_changed":false,"footnotes":""},"categories":[123],"acf":{"activar_banner_1":false,"banner_1":false,"activar_banner_2":false,"banner_2":false,"activar_banner_3":false,"banner_3":false,"activar_nuevos_banners":false,"mostrar_banner_1":false,"crear_banner_1":{"utilizar_imagen_unica_para_banner":false,"asignar_imagen_unica_para_banner":false,"mostrar_titulo_banner":false,"titulo_para_banner":"","mostrar_subtitulo_banner":false,"subtitulo_del_banner":"","mostrar_cta_banner":false,"texto_cta_banner":"","url_cta_banner":"","fondo_de_color_banner":"","fondo_de_imagen_banner":false,"mostrar_imagen_izquierda_banner":false,"asignar_imagen_izquierda_banner":false},"mostrar_banner_2":false,"crear_banner_2":{"utilizar_imagen_unica_para_banner":false,"asignar_imagen_unica_para_banner":false,"mostrar_titulo_banner":false,"titulo_para_banner":"","mostrar_subtitulo_banner":false,"subtitulo_del_banner":"","mostrar_cta_banner":false,"texto_cta_banner":"","url_cta_banner":"","fondo_de_color_banner":"","fondo_de_imagen_banner":false,"mostrar_imagen_izquierda_banner":false,"asignar_imagen_izquierda_banner":false},"mostrar_banner_3":false,"hubspot_product_id":"1393944346","external_id":"1483","titulo_incentivo":"","fecha_de_inicio":"10042022","segunda_fecha_de_inicio":"","zona_horaria":"Europe\/Madrid","precio":"450","contenido":"<p><span data-sheets-value=\"{&quot;1&quot;:2,&quot;2&quot;:&quot;En general, la industria deportiva representa 620 mil millones de euros o el 1% del PIB (producto interno bruto). El f\u00fatbol genera el segmento deportivo m\u00e1s grande del PIB global al registrar m\u00e1s de 20 mil millones de euros por a\u00f1o. A nivel local, el impacto econ\u00f3mico del FC Barcelona en la ciudad de Barcelona se ha estimado en 906 millones de euros (alrededor de mil millones) o el 1,5% del PIB de la ciudad. El FC Barcelona es uno de los clubes deportivos m\u00e1s exitosos, no solo de la UEFA y La Liga, sino tambi\u00e9n del mercado empresarial. Este curso tomar\u00e1 al FC Barcelona como caso de estudio para proporcionar conocimientos fundamentales a los estudiantes acerca de la administraci\u00f3n de un club de f\u00fatbol. \\r&quot;}\" data-sheets-userformat=\"{&quot;2&quot;:769,&quot;3&quot;:{&quot;1&quot;:0},&quot;11&quot;:4,&quot;12&quot;:0}\">En general, la industria deportiva representa 620 mil millones de euros o el 1% del PIB (producto interno bruto). El f\u00fatbol genera el segmento deportivo m\u00e1s grande del PIB global al registrar m\u00e1s de 20 mil millones de euros por a\u00f1o. A nivel local, el impacto econ\u00f3mico del FC Barcelona en la ciudad de Barcelona se ha estimado en 906 millones de euros (alrededor de mil millones) o el 1,5% del PIB de la ciudad. El FC Barcelona es uno de los clubes deportivos m\u00e1s exitosos, no solo de la UEFA y La Liga, sino tambi\u00e9n del mercado empresarial. Este curso tomar\u00e1 al FC Barcelona como caso de estudio para proporcionar conocimientos fundamentales a los estudiantes acerca de la administraci\u00f3n de un club de f\u00fatbol.<\/span><\/p>\n<p><span data-sheets-value=\"{&quot;1&quot;:2,&quot;2&quot;:&quot;Aprender a analizar las funciones y las relaciones de los roles directivos asociados con la administraci\u00f3n principal de un club de f\u00fatbol.\\r\\n&quot;}\" data-sheets-userformat=\"{&quot;2&quot;:769,&quot;3&quot;:{&quot;1&quot;:0},&quot;11&quot;:4,&quot;12&quot;:0}\">El plan de estudio tienen como objetivo aprender a analizar las funciones y las relaciones de los roles directivos asociados con la administraci\u00f3n principal de un club de f\u00fatbol.<\/span><\/p>\n<p>El programa est\u00e1 dirigido a p<span data-sheets-value=\"{&quot;1&quot;:2,&quot;2&quot;:&quot;Profesionales del deporte que aspiran a formar parte del liderazgo y la gesti\u00f3n del f\u00fatbol profesional.\\r\\nPersonas con inter\u00e9s en conocer el mundo de la gesti\u00f3n y administraci\u00f3n del futbol en general.\\r&quot;}\" data-sheets-userformat=\"{&quot;2&quot;:513,&quot;3&quot;:{&quot;1&quot;:0},&quot;12&quot;:0}\">rofesionales del deporte que aspiran a formar parte del liderazgo y la gesti\u00f3n del f\u00fatbol profesional.<br \/>\nPersonas con inter\u00e9s en conocer el mundo de la gesti\u00f3n y administraci\u00f3n del futbol en general.<\/span><\/p>\n","cursos_que_lo_componen":[{"nombre_del_curso":"Claves del negocio del f\u00fatbol","descripcion_del_curso":"<p>M\u00f3dulo 1: Actividad econ\u00f3mica del f\u00fatbol - Cifras clave de la industria del f\u00fatbol.<br \/>\nM\u00f3dulo 2: Instituciones de f\u00fatbol (globales, nacionales, locales).<br \/>\nM\u00f3dulo 3: Competencias y ligas de f\u00fatbol.<br \/>\nM\u00f3dulo 4: Clubes de f\u00fatbol (incluido el Bar\u00e7a).<\/p>\n"},{"nombre_del_curso":"Planificaci\u00f3n estrat\u00e9gica","descripcion_del_curso":"<p>M\u00f3dulo 1: Desarrollo de la estrategia.<br \/>\nM\u00f3dulo 2: Modelo de planificaci\u00f3n estrat\u00e9gica del Bar\u00e7a - Perspectiva general del plan estrat\u00e9gico del Bar\u00e7a.<br \/>\nM\u00f3dulo 3: La utilizaci\u00f3n de los datos en el Club<br \/>\nM\u00f3dulo 4: La nueva realidad del f\u00fatbol \u2013 El futuro de la industria del f\u00fatbol.<\/p>\n"}],"aprende_a":[{"item_aprende_a":"Entender el negocio y organizaci\u00f3n de las principales instituciones de f\u00fatbol.\r\n\r\nEvaluar las decisiones estrat\u00e9gicas y de liderazgo tomadas por profesionales en gesti\u00f3n de clubes de f\u00fatbol de alto nivel.\r\n\r\nDesarrollar competencias gerenciales necesarias para llevar a cabo una visi\u00f3n de liderazgo para un club de f\u00fatbol y desarrollar la estrategia de marca para estructurar, posicionar y gestionar la marca en la nueva era digital.\""}],"preguntas_frecuentes":false,"contenidistas":false,"docentes_expertos":[{"foto":"https:\/\/static.capabiliaserver.com\/frontend\/clients\/barca\/wp_prod\/wp-content\/uploads\/2022\/04\/b260992e-alexgil-2.jpg","nombre_del_docente":"Alex Gil","descripcion_del_docente":"Business Analytics & Strategy Manager en FC Barcelona","enlace":""},{"foto":"https:\/\/static.capabiliaserver.com\/frontend\/clients\/barca\/wp_prod\/wp-content\/uploads\/2022\/04\/c76164d4-albert.jpg","nombre_del_docente":"Albert Bag\u00f3 Pint\u00f3 ","descripcion_del_docente":"Business Analytics & Strategy Manager en FC Barcelona","enlace":""}],"imagen_destacada":"https:\/\/static.capabiliaserver.com\/frontend\/clients\/barca\/wp_prod\/wp-content\/uploads\/2022\/04\/4b8fdbcd-business-and-administration-in-the-football-industry_.jpg","slider_testimonios":false,"url_cursado_webinar":"","activar_hero_video":false,"video_texto":"","video_header":false,"titulo_curso":"Certificado en An\u00e1lisis T\u00e1ctico de F\u00fatbol Avanzado","impartido_en":"Castellano","crear_banner_3":{"utilizar_imagen_unica_para_banner":false,"asignar_imagen_unica_para_banner":false,"mostrar_titulo_banner":false,"titulo_para_banner":"","mostrar_subtitulo_banner":false,"subtitulo_del_banner":"","mostrar_cta_banner":false,"texto_cta_banner":"","url_cta_banner":"","fondo_de_color_banner":"","fondo_de_imagen_banner":false,"mostrar_imagen_izquierda_banner":false,"asignar_imagen_izquierda_banner":false},"producto_path":false,"header_image":133434,"column_title":"","precio_en_cuotas":"2 pagos mensuales de \u20ac225","precio_de_lista":"","mostrar_form":true,"promocion_vigente":"","duracion_del_curso":"2 meses","nivel_del_curso":"Introductorio","modalidad_cursado":"Online","ocultar_video":true,"url_video":"","avalado_por":false,"pdf_brochure":"https:\/\/static.capabiliaserver.com\/frontend\/clients\/barca\/wp_prod\/wp-content\/uploads\/2022\/04\/063a5a01-negocios-y-administracion-de-la-industria-del-futbol.pdf","slidebox":false,"titulo_seccion_testimonios":"","imagen_de_fondo_testimonios":false,"color_de_fondo_testimonios":"","id_magento":"463","pdf_brochure_link_drive":"https:\/\/drive.google.com\/uc?id=1zCrqgbo3lzWVsxxxtp5ZXxvp014DtB71&export=download"},"idiomas":{"en":120011,"es":120016,"ar":120012,"ca":120013,"ru":120015,"pt":120014},"_links":{"self":[{"href":"https:\/\/barcanew.capabiliaserver.com\/es\/wp-json\/wp\/v2\/products\/120016"}],"collection":[{"href":"https:\/\/barcanew.capabiliaserver.com\/es\/wp-json\/wp\/v2\/products"}],"about":[{"href":"https:\/\/barcanew.capabiliaserver.com\/es\/wp-json\/wp\/v2\/types\/product"}],"author":[{"embeddable":true,"href":"https:\/\/barcanew.capabiliaserver.com\/es\/wp-json\/wp\/v2\/users\/16"}],"replies":[{"embeddable":true,"href":"https:\/\/barcanew.capabiliaserver.com\/es\/wp-json\/wp\/v2\/comments?post=120016"}],"version-history":[{"count":5,"href":"https:\/\/barcanew.capabiliaserver.com\/es\/wp-json\/wp\/v2\/products\/120016\/revisions"}],"predecessor-version":[{"id":133698,"href":"https:\/\/barcanew.capabiliaserver.com\/es\/wp-json\/wp\/v2\/products\/120016\/revisions\/133698"}],"wp:attachment":[{"href":"https:\/\/barcanew.capabiliaserver.com\/es\/wp-json\/wp\/v2\/media?parent=120016"}],"wp:term":[{"taxonomy":"category","embeddable":true,"href":"https:\/\/barcanew.capabiliaserver.com\/es\/wp-json\/wp\/v2\/categories?post=120016"}],"curies":[{"name":"wp","href":"https:\/\/api.w.org\/{rel}","templated":true}]}}