{"id":115568,"date":"2022-01-04T02:41:59","date_gmt":"2022-01-04T05:41:59","guid":{"rendered":"https:\/\/barcanew.capabiliaserver.com\/?post_type=product&#038;p=115568"},"modified":"2023-01-12T10:17:37","modified_gmt":"2023-01-12T13:17:37","slug":"diplomado-lesiones-deportes-de-equipo","status":"publish","type":"product","link":"https:\/\/barcanew.capabiliaserver.com\/es\/product\/diplomado-lesiones-deportes-de-equipo\/","title":{"rendered":"Diplomado en Lesiones en Deporte de Equipo"},"content":{"rendered":"","protected":false},"excerpt":{"rendered":"","protected":false},"author":1,"featured_media":0,"comment_status":"closed","ping_status":"closed","template":"","meta":{"_acf_changed":false,"footnotes":""},"categories":[],"acf":{"activar_banner_1":false,"banner_1":false,"activar_banner_2":false,"banner_2":false,"activar_banner_3":false,"banner_3":false,"activar_nuevos_banners":false,"mostrar_banner_1":false,"crear_banner_1":{"utilizar_imagen_unica_para_banner":false,"asignar_imagen_unica_para_banner":false,"mostrar_titulo_banner":false,"titulo_para_banner":"","mostrar_subtitulo_banner":false,"subtitulo_del_banner":"","mostrar_cta_banner":false,"texto_cta_banner":"","url_cta_banner":"","fondo_de_color_banner":"","fondo_de_imagen_banner":false,"mostrar_imagen_izquierda_banner":false,"asignar_imagen_izquierda_banner":false},"mostrar_banner_2":false,"crear_banner_2":{"utilizar_imagen_unica_para_banner":false,"asignar_imagen_unica_para_banner":false,"mostrar_titulo_banner":false,"titulo_para_banner":"","mostrar_subtitulo_banner":false,"subtitulo_del_banner":"","mostrar_cta_banner":false,"texto_cta_banner":"","url_cta_banner":"","fondo_de_color_banner":"","fondo_de_imagen_banner":false,"mostrar_imagen_izquierda_banner":false,"asignar_imagen_izquierda_banner":false},"mostrar_banner_3":false,"crear_banner_3":{"utilizar_imagen_unica_para_banner":false,"asignar_imagen_unica_para_banner":false,"mostrar_titulo_banner":false,"titulo_para_banner":"","mostrar_subtitulo_banner":false,"subtitulo_del_banner":"","mostrar_cta_banner":false,"texto_cta_banner":"","url_cta_banner":"","fondo_de_color_banner":"","fondo_de_imagen_banner":false,"mostrar_imagen_izquierda_banner":false,"asignar_imagen_izquierda_banner":false},"producto_path":false,"external_id":"1833","id_magento":"387","header_image":134299,"column_title":"","titulo_incentivo":"","fecha_de_inicio":"10072021","segunda_fecha_de_inicio":"","zona_horaria":"Europe\/Madrid","precio":"990","precio_en_cuotas":"","precio_de_lista":"","mostrar_form":true,"promocion_vigente":"","duracion_del_curso":"9 meses","nivel_del_curso":"Avanzado","modalidad_cursado":"Online","impartido_en":"Castellano","contenido":"","ocultar_video":true,"url_video":"","avalado_por":false,"pdf_brochure":"https:\/\/static.capabiliaserver.com\/frontend\/clients\/barca\/wp_prod\/wp-content\/uploads\/2022\/01\/0e9702ce-diplomado-en-lesiones-en-deportes-de-equipo.pdf","cursos_que_lo_componen":[{"nombre_del_curso":"Lesiones y deportes de equipo","descripcion_del_curso":"<p>M\u00d3DULO 1: Prevenci\u00f3n y readaptaci\u00f3n de lesiones<br \/>\nM\u00d3DULO 2: Gesti\u00f3n de la lesi\u00f3n muscular y tendinopati\u0301a<br \/>\nM\u00d3DULO 3: Gesti\u00f3n de la lesi\u00f3n articular y \u00f3sea<br \/>\nM\u00d3DULO 4: Toma de decisiones y vuelta a la competici\u00f3n<\/p>\n"},{"nombre_del_curso":"Prevenci\u00f3n de lesiones","descripcion_del_curso":"<p>M\u00d3DULO 1: CONCEPTOS B\u00c1SICOS EN EPIDEMIOLOG\u00cdA Y PREVENCI\u00d3N DE LESIONES<br \/>\nUnidad 1: Conceptos b\u00e1sicos en prevenci\u00f3n de lesiones<br \/>\nUnidad 2: Epidemiolog\u00eda en deportes de conjunto<\/p>\n<p>M\u00d3DULO 2: PREVENCI\u00d3N DE LESIONES MUSCULARES<br \/>\nUnidad 1: Prevenci\u00f3n de lesiones musculares m\u00e1s frecuentes (isquiotibiales)<br \/>\nUnidad 2: Abordaje preventivo en la prevenci\u00f3n de lesiones musculares<\/p>\n<p>M\u00d3DULO 3: PREVENCI\u00d3N DE LESIONES ARTICULARES<br \/>\nUnidad 1: Prevenci\u00f3n de lesiones articulares m\u00e1s frecuentes de MMII (lesi\u00f3n de LCA)<br \/>\nUnidad 2: Prevenci\u00f3n de lesiones articulares m\u00e1s frecuentes de MMSS (lesiones de hombro)<\/p>\n<p>M\u00d3DULO 4: M\u00d3DULO INTEGRADOR<\/p>\n"},{"nombre_del_curso":"Patolog\u00eda en deportes de equipo","descripcion_del_curso":"<p>M\u00d3DULO 1: Gesti\u00f3n de la patolog\u00eda m\u00e9dica 1<br \/>\nM\u00d3DULO 2: Gesti\u00f3n de la patolog\u00eda m\u00e9dica 2<br \/>\nM\u00d3DULO 3: Patolog\u00edas espec\u00edficas por deporte<br \/>\nM\u00d3DULO 4: Deportes y competiciones especiales<\/p>\n"},{"nombre_del_curso":"Bases neuromusculares en el entrenamiento de la fuerza","descripcion_del_curso":"<p>M\u00d3DULO 1: Caracter\u00edsticas del sistema m\u00fasculo esquel\u00e9tico.<br \/>\nUnidad 1: El movimiento desde el sistema nervioso central.<br \/>\nUnidad 2: Funcionalidad del m\u00fasculo esquel\u00e9tico.<\/p>\n<p>M\u00d3DULO 2: Las acciones musculares y su relaci\u00f3n con el deporte.<br \/>\nUnidad 1: Tipos de acci\u00f3n muscular.<br \/>\nUnidad 2: Interrelaci\u00f3n de las acciones musculares en el movimiento y el mantenimiento de la posici\u00f3n.<\/p>\n<p>M\u00d3DULO 3: Cambios sist\u00e9micos en el desentrenamiento y la inmovilizaci\u00f3n.<br \/>\nUnidad 1: Desentrenamiento con relaci\u00f3n al m\u00fasculo esquel\u00e9tico.<br \/>\nUnidad 2: La hipertrofia muscular.<\/p>\n<p>M\u00d3DULO 4: La valoraci\u00f3n de las propiedades musculares con relaci\u00f3n al deporte.<br \/>\nUnidad 1: La electromiograf\u00eda de superficie.<br \/>\nUnidad 2: La tensiomiograf\u00eda.<\/p>\n"},{"nombre_del_curso":"Procesamiento central del movimiento voluntario","descripcion_del_curso":"<p>M\u00d3DULO 1: L\u00d3GICA MOTRIZ Y TOMA DE DECISI\u00d3N<br \/>\nUnidad 1: Pensando en movimiento<br \/>\nUnidad 2: Neurobiolog\u00eda de las decisiones.<\/p>\n<p>M\u00d3DULO 2: ENTRENAMIENTO DECISIONAL<br \/>\nUnidad 1: Educaci\u00f3n por el movimiento<br \/>\nUnidad 2: Variables y decisi\u00f3n<\/p>\n<p>M\u00d3DULO 3: PROGRAMACI\u00d3N NEUROMOTORA<br \/>\nUnidad 1: Programa<br \/>\nUnidad 2: Engrama<\/p>\n<p>M\u00d3DULO 4: M\u00d3DULO INTEGRADOR<\/p>\n"},{"nombre_del_curso":"La fuerza y potencia muscular como cualidad clave en la readaptaci\u00f3n de las lesiones deportivas","descripcion_del_curso":"<p>M\u00d3DULO 1: Estudio de la lesi\u00f3n en el deporte: los mecanismos lesivos y los factores de riesgo de lesi\u00f3n asociados.<br \/>\nM\u00d3DULO 2: Las lesiones deportivas y su relaci\u00f3n con la cualidad de fuerza.<br \/>\nM\u00d3DULO 3: Manifestaciones de la fuerza y la potencia muscular en el proceso de readaptaci\u00f3n post lesi\u00f3n.<br \/>\nM\u00d3DULO 4: Nuevos paradigmas en el entrenamiento de la fuerza: musculaci\u00f3n mediante oclusi\u00f3n vascular.<\/p>\n"},{"nombre_del_curso":"Elecci\u00f3n de variables: \u00bfEstamos repitiendo informaci\u00f3n o aportando informaci\u00f3n adicional?","descripcion_del_curso":"<p>MO\u0301DULO 1: Relacio\u0301n entre variables de carga interna entre s\u00ed y con variables de carga externa<br \/>\nMO\u0301DULO 2: Relacio\u0301n entre variables de carga externa<br \/>\nMO\u0301DULO 3: Integracio\u0301n de medidas. I\u0301ndice de eficiencia<br \/>\nMO\u0301DULO 4: Eleccio\u0301n de variables<\/p>\n"},{"nombre_del_curso":"Organizaci\u00f3n eferente del movimiento humano","descripcion_del_curso":"<p>M\u00d3DULO 1: CORTEZA MOTORA Y V\u00cdA CORTICAL ESPINAL<br \/>\nUnidad 1: \u00c1reas motoras<br \/>\nUnidad 2: C\u00e9lulas piramidales gigantes de Betz y v\u00eda cortico espinal<\/p>\n<p>M\u00d3DULO 2: ROL DEL CEREBELO Y LOS GANGLIOS DE LA BASE<br \/>\nUnidad 1: Cerebelo<br \/>\nUnidad 2: Ganglios de la base<\/p>\n<p>M\u00d3DULO 3: RETROALIMENTACI\u00d3N Y AJUSTE MOTOR<br \/>\nUnidad 1: Neurocibern\u00e9tica<br \/>\nUnidad 2: Feedback<\/p>\n<p>M\u00d3DULO 4: M\u00d3DULO INTEGRADOR<\/p>\n"},{"nombre_del_curso":"La vida del deportista de \u00e9lite","descripcion_del_curso":"<p>M\u00d3DULO 1: Modelo sist\u00e9mico<br \/>\nM\u00d3DULO 2: Modelo de carrera deportiva I y II<br \/>\nM\u00d3DULO 3: Carrera dual<br \/>\nM\u00d3DULO 4: Ejemplos de intervenci\u00f3n en etapas de transici\u00f3n en la vida del deportista<\/p>\n"}],"aprende_a":[{"item_aprende_a":"Conocer las caracter\u00edsticas fundamentales tanto de estrategias de prevenci\u00f3n y rehabilitaci\u00f3n de lesiones, como de los distintos mecanismos lesivos en deportes de equipo."},{"item_aprende_a":"Plantear estrategias preventivas eficientes basadas en un proceso sustentado en la evidencia cient\u00edfica."},{"item_aprende_a":"Manejar las patolog\u00edas y lesiones diferenciadas por deporte."},{"item_aprende_a":"Mejorar el an\u00e1lisis cr\u00edtico al realizar un programa de entrenamiento en los diferentes roles profesionales relacionados con las ciencias del deporte y la salud."},{"item_aprende_a":"Determinar de qu\u00e9 manera influye el sistema nervioso central en el movimiento humano y c\u00f3mo se puede moldear la capacidad de toma de decisi\u00f3n para el movimiento."},{"item_aprende_a":"Aplicar la metodolog\u00eda adecuada en el dise\u00f1o del proceso de readaptaci\u00f3n post lesi\u00f3n en aquellas afecciones donde el desarrollo de la fuerza tenga un marcado protagonismo."},{"item_aprende_a":"Analizar los datos de la monitorizaci\u00f3n de la carga de trabajo para orientar el proceso de entrenamiento hacia la prevenci\u00f3n de lesiones y el consiguiente aumento del rendimiento deportivo."},{"item_aprende_a":"Detectar qu\u00e9 \u00e1reas participan en el ajuste y el control del movimiento y de qu\u00e9 manera."},{"item_aprende_a":"Manejar estrategias espec\u00edficas para trabajar la carrera dual y conocer las diferentes transiciones de la vida de un deportista."}],"preguntas_frecuentes":false,"contenidistas":false,"docentes_expertos":[{"foto":"https:\/\/static.capabiliaserver.com\/frontend\/clients\/barca\/wp_prod\/wp-content\/uploads\/2022\/01\/be50c229-gil_rodas_font_bis.jpg","nombre_del_docente":"Gil Rodas Font","descripcion_del_docente":"Doctor en Medicina y Cirug\u00eda. Especialista en Medicina de la Educaci\u00f3n F\u00edsica y el Deporte. Responsable del \u00e1rea de Servicios M\u00e9dicos del Bar\u00e7a Innovation Hub.","enlace":""},{"foto":"https:\/\/static.capabiliaserver.com\/frontend\/clients\/barca\/wp_prod\/wp-content\/uploads\/2022\/01\/188d1f78-paco-seirul-lo.jpg","nombre_del_docente":"Paco Seirul\u00b7lo Vargas","descripcion_del_docente":"Responsable del \u00e1rea de metodolog\u00eda del FC Barcelona.","enlace":""},{"foto":"https:\/\/static.capabiliaserver.com\/frontend\/clients\/barca\/wp_prod\/wp-content\/uploads\/2022\/01\/928eac6a-dani_romero.png","nombre_del_docente":"Daniel Romero Rodriguez","descripcion_del_docente":"Preparador F\u00edsico de Fuerza del Juvenil A del FC Barcelona.","enlace":""},{"foto":"https:\/\/barcanew.capabiliaserver.com\/wp-content\/uploads\/2020\/02\/9c4adc5b-francesc-cos-2.jpg","nombre_del_docente":"Francesc Cos","descripcion_del_docente":"Ex preparador f\u00edsico de la fuerza del primer equipo de f\u00fatbol del FC Barcelona (2004-2016). Ex director del \u00e1rea de Rendimiento Deportivo del Bar\u00e7a Innovation Hub (2016-2018). Actualmente es Preparador F\u00edsico del Manchester City.","enlace":""},{"foto":"https:\/\/barcanew.capabiliaserver.com\/wp-content\/uploads\/2019\/01\/469f2a42-david-casamichana.jpg","nombre_del_docente":"David Casamichana G\u00f3mez","descripcion_del_docente":"Doctor en Ciencias de la Actividad F\u00edsica y del Deporte. Preparador f\u00edsico en f\u00fatbol. Profesor universitario e investigador.","enlace":""},{"foto":"https:\/\/static.capabiliaserver.com\/frontend\/clients\/barca\/wp_prod\/wp-content\/uploads\/2022\/01\/46924707-ana_merayo.png","nombre_del_docente":"Ana Merayo Garc\u00eda","descripcion_del_docente":"Psic\u00f3loga deportiva. Docente. Coordinadora del SAIE (Servicio de Atenci\u00f3n Integral al Deportista) de Masia 360, FC Barcelona.","enlace":""}],"imagen_destacada":"https:\/\/barcanew.capabiliaserver.com\/wp-content\/uploads\/2021\/12\/2323a03a-professional-diploma-in-team-sports-injuries_-1.jpg","slidebox":false,"titulo_seccion_testimonios":"","slider_testimonios":false,"imagen_de_fondo_testimonios":"https:\/\/static.capabiliaserver.com\/frontend\/clients\/barca\/wp_prod\/wp-content\/uploads\/2022\/01\/72435e4d-professional-diploma-in-team-sports-injuries-1.png","color_de_fondo_testimonios":"","url_cursado_webinar":"","activar_hero_video":false,"video_texto":"","video_header":false,"hubspot_product_id":"703356720","pdf_brochure_link_drive":"https:\/\/drive.google.com\/uc?id=1DadqlVchW6vXD3QGoFL0zT6t3IUXQYub&export=download"},"idiomas":{"en":115118,"es":115568,"ar":115568,"ca":115178,"ru":115568,"pt":115237},"_links":{"self":[{"href":"https:\/\/barcanew.capabiliaserver.com\/es\/wp-json\/wp\/v2\/products\/115568"}],"collection":[{"href":"https:\/\/barcanew.capabiliaserver.com\/es\/wp-json\/wp\/v2\/products"}],"about":[{"href":"https:\/\/barcanew.capabiliaserver.com\/es\/wp-json\/wp\/v2\/types\/product"}],"author":[{"embeddable":true,"href":"https:\/\/barcanew.capabiliaserver.com\/es\/wp-json\/wp\/v2\/users\/1"}],"replies":[{"embeddable":true,"href":"https:\/\/barcanew.capabiliaserver.com\/es\/wp-json\/wp\/v2\/comments?post=115568"}],"version-history":[{"count":5,"href":"https:\/\/barcanew.capabiliaserver.com\/es\/wp-json\/wp\/v2\/products\/115568\/revisions"}],"predecessor-version":[{"id":136588,"href":"https:\/\/barcanew.capabiliaserver.com\/es\/wp-json\/wp\/v2\/products\/115568\/revisions\/136588"}],"wp:attachment":[{"href":"https:\/\/barcanew.capabiliaserver.com\/es\/wp-json\/wp\/v2\/media?parent=115568"}],"wp:term":[{"taxonomy":"category","embeddable":true,"href":"https:\/\/barcanew.capabiliaserver.com\/es\/wp-json\/wp\/v2\/categories?post=115568"}],"curies":[{"name":"wp","href":"https:\/\/api.w.org\/{rel}","templated":true}]}}