{"id":114883,"date":"2022-01-25T10:44:31","date_gmt":"2022-01-25T13:44:31","guid":{"rendered":"https:\/\/barcanew.capabiliaserver.com\/?post_type=product&#038;p=114883"},"modified":"2022-10-17T13:10:58","modified_gmt":"2022-10-17T16:10:58","slug":"certificado-en-gestion-de-redes-sociales-en-el-deporte","status":"publish","type":"product","link":"https:\/\/barcanew.capabiliaserver.com\/es\/product\/certificado-en-gestion-de-redes-sociales-en-el-deporte\/","title":{"rendered":"Certificado en Gesti\u00f3n de Redes Sociales en el Deporte"},"content":{"rendered":"<p>contenido<\/p>\n","protected":false},"excerpt":{"rendered":"<p>excerpt<\/p>\n","protected":false},"author":16,"featured_media":0,"comment_status":"open","ping_status":"closed","template":"","meta":{"_acf_changed":false,"footnotes":""},"categories":[],"acf":{"activar_banner_1":false,"banner_1":false,"activar_banner_2":false,"banner_2":false,"activar_banner_3":false,"banner_3":false,"activar_nuevos_banners":false,"mostrar_banner_1":false,"crear_banner_1":{"utilizar_imagen_unica_para_banner":false,"asignar_imagen_unica_para_banner":false,"mostrar_titulo_banner":false,"titulo_para_banner":"","mostrar_subtitulo_banner":false,"subtitulo_del_banner":"","mostrar_cta_banner":false,"texto_cta_banner":"","url_cta_banner":"","fondo_de_color_banner":"","fondo_de_imagen_banner":false,"mostrar_imagen_izquierda_banner":false,"asignar_imagen_izquierda_banner":false},"mostrar_banner_2":false,"crear_banner_2":{"utilizar_imagen_unica_para_banner":false,"asignar_imagen_unica_para_banner":false,"mostrar_titulo_banner":false,"titulo_para_banner":"","mostrar_subtitulo_banner":false,"subtitulo_del_banner":"","mostrar_cta_banner":false,"texto_cta_banner":"","url_cta_banner":"","fondo_de_color_banner":"","fondo_de_imagen_banner":false,"mostrar_imagen_izquierda_banner":false,"asignar_imagen_izquierda_banner":false},"mostrar_banner_3":false,"hubspot_product_id":"1344347392","external_id":"1427","titulo_incentivo":"","fecha_de_inicio":"10022022","segunda_fecha_de_inicio":"","zona_horaria":"Europe\/Madrid","precio":"625","cursos_que_lo_componen":[{"nombre_del_curso":"La evoluci\u00f3n de las redes sociales en el deporte","descripcion_del_curso":"<p>M\u00d3DULO 1: C\u00f3mo las redes sociales ganaron importancia en los<br \/>\nM\u00d3DULO 2: Qu\u00e9 plataformas se usan<br \/>\nM\u00d3DULO 3: De la informaci\u00f3n al infoentretenimiento al entretenimiento - La evoluci\u00f3n del contenido<br \/>\nM\u00d3DULO 4: De los atletas a los clubes, ligas y federaciones -  El impacto organizacional de las redes sociales<\/p>\n"},{"nombre_del_curso":"Estrategia conceptual de redes sociales","descripcion_del_curso":"<p>M\u00d3DULO 1: Identificaci\u00f3n de las metas a corto plazo y los objetivos a largo plazo<br \/>\nM\u00d3DULO 2: Desarrollo de los roles de las plataformas de redes sociales para tu mix de comunicaci\u00f3n y marketing<br \/>\nM\u00d3DULO 3: Planificaci\u00f3n del contenido - Por qu\u00e9 es clave la planificaci\u00f3n anticipada<br \/>\nM\u00d3DULO 4: Requerimientos de otros departamentos -  Las redes sociales benefician a toda la organizaci\u00f3n<\/p>\n"},{"nombre_del_curso":"Monitoreo de redes sociales","descripcion_del_curso":"<p>M\u00d3DULO 1: La importancia de la monitorizaci\u00f3n y los datos - Las demandas multiculturales de la audiencia<br \/>\nM\u00d3DULO 2: La contribuci\u00f3n de los datos en tu estrategia, flujo de trabajo y eficiencia<br \/>\nM\u00d3DULO  3: Impacto negativo y crisis - Beneficios del monitoreo de redes sociales<br \/>\nM\u00d3DULO  4: Monitoreo del patrocinio - Puntos claves y reportes para socios externos<\/p>\n"},{"nombre_del_curso":"Marketing en redes sociales y monetizaci\u00f3n","descripcion_del_curso":"<p>M\u00d3DULO 1: Nociones b\u00e1sicas de marketing en redes sociales y monetizaci\u00f3n<br \/>\nM\u00d3DULO 2: C\u00f3mo desarrollar contenido de valor y campa\u00f1as en redes sociales para patrocinadores<br \/>\nM\u00d3DULO 3: Segmentaci\u00f3n y patrocinio geogr\u00e1fico - C\u00f3mo las redes sociales generan nuevas oportunidades<br \/>\nM\u00d3DULO 4: Ejemplos de mejores pr\u00e1cticas de campa\u00f1as en redes sociales y patrocinio<\/p>\n"}],"aprende_a":[{"item_aprende_a":"Entender la evoluci\u00f3n de las redes sociales en el deportes.  "},{"item_aprende_a":"Identificar el desarrollo de metas a corto y largo plazo.   "},{"item_aprende_a":"Aplicar el seguimiento y la informaci\u00f3n como claves de \u00e9xito."},{"item_aprende_a":"Identificar los beneficios del marketing de redes sociales para toda la organizaci\u00f3n."}],"preguntas_frecuentes":false,"contenidistas":false,"docentes_expertos":[{"foto":"https:\/\/static.capabiliaserver.com\/frontend\/clients\/barca\/wp_prod\/wp-content\/uploads\/2022\/01\/6396682e-mario-leo-bild-lux4.png","nombre_del_docente":"Mario Leo","descripcion_del_docente":"Director general y fundador de RESULT","enlace":""}],"imagen_destacada":"https:\/\/static.capabiliaserver.com\/frontend\/clients\/barca\/wp_prod\/wp-content\/uploads\/2022\/01\/2fe05e46-certificate-in-social-media-in-sports_-2.jpg","slider_testimonios":false,"url_cursado_webinar":"","titulo_curso":"Certificate in Social Media in Sports","impartido_en":"Ingles","crear_banner_3":{"utilizar_imagen_unica_para_banner":false,"asignar_imagen_unica_para_banner":false,"mostrar_titulo_banner":false,"titulo_para_banner":"","mostrar_subtitulo_banner":false,"subtitulo_del_banner":"","mostrar_cta_banner":false,"texto_cta_banner":"","url_cta_banner":"","fondo_de_color_banner":"","fondo_de_imagen_banner":false,"mostrar_imagen_izquierda_banner":false,"asignar_imagen_izquierda_banner":false},"producto_path":false,"id_magento":"458","header_image":134072,"column_title":"","precio_en_cuotas":"4 pagos mensuales de \u20ac 156,25","precio_de_lista":"","mostrar_form":false,"promocion_vigente":"","duracion_del_curso":"4 meses","nivel_del_curso":"Introductorio","modalidad_cursado":"Online","ocultar_video":true,"url_video":"","avalado_por":false,"pdf_brochure":"https:\/\/static.capabiliaserver.com\/frontend\/clients\/barca\/wp_prod\/wp-content\/uploads\/2022\/01\/77bddfd6-certificado-en-gestion-de-redes-sociales-en-el-deporte.pdf","slidebox":false,"titulo_seccion_testimonios":"","imagen_de_fondo_testimonios":false,"color_de_fondo_testimonios":"","contenido":"<p><span data-sheets-value=\"{&quot;1&quot;:2,&quot;2&quot;:&quot;Las redes sociales se han convertido en canales de gran importancia en la industria del deporte. Deportistas, clubes, ligas y federaciones usan los perfiles oficiales para hablarle a las comunidades de aficionados en todo el mundo. En cualquier deporte, las plataformas de redes sociales como Facebook, Instagram, Twitter y Youtube son las m\u00e1s elegidas para mantenerse actualizado, para ver las noticias y para entretenerse. \\n\\nEste Certificado est\u00e1 exclusivamente dise\u00f1ada para los profesionales de la industria del deporte que quieran generar un impacto y hacer que la experiencia del usuario evolucione. En este certificado encontrar\u00e1s los fundamentos de la evoluci\u00f3n de las redes sociales para que puedas entender su valor estrat\u00e9gico y crear tu propia estrategia en redes sociales, determinar los roles, caracter\u00edsticas, funcionalidades y responsabilidades de cada plataforma. A su vez, te dar\u00e1 las principales herramientas para desarrollar habilidades de monitoreo, de organizaci\u00f3n del flujo de trabajo, y de manejo de los procesos. El certificado pr\u00e1ctico concluye con el marketing en redes sociales, la monetizaci\u00f3n, la evaluaci\u00f3n comparativa de rendimiento clave y el estado del arte, dise\u00f1ado para que los participantes mejoren su experiencia y mentalidad en la gesti\u00f3n de redes sociales al concluir el programa.&quot;}\" data-sheets-userformat=\"{&quot;2&quot;:769,&quot;3&quot;:{&quot;1&quot;:0},&quot;11&quot;:4,&quot;12&quot;:0}\">Las redes sociales se han convertido en canales de gran importancia en la industria del deporte. Deportistas, clubes, ligas y federaciones usan los perfiles oficiales para hablarle a las comunidades de aficionados en todo el mundo. En cualquier deporte, las plataformas de redes sociales como Facebook, Instagram, Twitter y Youtube son las m\u00e1s elegidas para mantenerse actualizado, para ver las noticias y para entretenerse.<\/span><\/p>\n<p>Este Certificado est\u00e1 exclusivamente dise\u00f1ada para los profesionales de la industria del deporte que quieran generar un impacto y hacer que la experiencia del usuario evolucione. En este certificado encontrar\u00e1s los fundamentos de la evoluci\u00f3n de las redes sociales para que puedas entender su valor estrat\u00e9gico y crear tu propia estrategia en redes sociales, determinar los roles, caracter\u00edsticas, funcionalidades y responsabilidades de cada plataforma. A su vez, te dar\u00e1 las principales herramientas para desarrollar habilidades de monitoreo, de organizaci\u00f3n del flujo de trabajo, y de manejo de los procesos. El certificado pr\u00e1ctico concluye con el marketing en redes sociales, la monetizaci\u00f3n, la evaluaci\u00f3n comparativa de rendimiento clave y el estado del arte, dise\u00f1ado para que los participantes mejoren su experiencia y mentalidad en la gesti\u00f3n de redes sociales al concluir el programa.<\/p>\n","activar_hero_video":false,"video_texto":"","video_header":false,"pdf_brochure_link_drive":"https:\/\/drive.google.com\/uc?id=1fn2HKY_aMhBzszqJvwC_qg0PBLcTWuTF&export=download"},"idiomas":{"en":114878,"es":114883,"ar":114879,"ca":114880,"ru":114882,"pt":114881},"_links":{"self":[{"href":"https:\/\/barcanew.capabiliaserver.com\/es\/wp-json\/wp\/v2\/products\/114883"}],"collection":[{"href":"https:\/\/barcanew.capabiliaserver.com\/es\/wp-json\/wp\/v2\/products"}],"about":[{"href":"https:\/\/barcanew.capabiliaserver.com\/es\/wp-json\/wp\/v2\/types\/product"}],"author":[{"embeddable":true,"href":"https:\/\/barcanew.capabiliaserver.com\/es\/wp-json\/wp\/v2\/users\/16"}],"replies":[{"embeddable":true,"href":"https:\/\/barcanew.capabiliaserver.com\/es\/wp-json\/wp\/v2\/comments?post=114883"}],"version-history":[{"count":5,"href":"https:\/\/barcanew.capabiliaserver.com\/es\/wp-json\/wp\/v2\/products\/114883\/revisions"}],"predecessor-version":[{"id":134078,"href":"https:\/\/barcanew.capabiliaserver.com\/es\/wp-json\/wp\/v2\/products\/114883\/revisions\/134078"}],"wp:attachment":[{"href":"https:\/\/barcanew.capabiliaserver.com\/es\/wp-json\/wp\/v2\/media?parent=114883"}],"wp:term":[{"taxonomy":"category","embeddable":true,"href":"https:\/\/barcanew.capabiliaserver.com\/es\/wp-json\/wp\/v2\/categories?post=114883"}],"curies":[{"name":"wp","href":"https:\/\/api.w.org\/{rel}","templated":true}]}}