{"id":113490,"date":"2022-01-04T11:08:39","date_gmt":"2022-01-04T14:08:39","guid":{"rendered":"https:\/\/barcanew.capabiliaserver.com\/?post_type=product&#038;p=113490"},"modified":"2022-10-14T15:28:51","modified_gmt":"2022-10-14T18:28:51","slug":"certificado-en-patrocinio-y-marketing-deportivo-avanzado-el-patrocinio-como-motor-de-crecimiento","status":"publish","type":"product","link":"https:\/\/barcanew.capabiliaserver.com\/es\/product\/certificado-en-patrocinio-y-marketing-deportivo-avanzado-el-patrocinio-como-motor-de-crecimiento\/","title":{"rendered":"Certificado en Patrocinio y Marketing Deportivo Avanzado: el Patrocinio como motor de crecimiento"},"content":{"rendered":"\n<p><\/p>\n\n\n<p>contenido<\/p>","protected":false},"excerpt":{"rendered":"<p>excerpt<\/p>\n","protected":false},"author":16,"featured_media":0,"comment_status":"open","ping_status":"closed","template":"","meta":{"_acf_changed":false,"footnotes":""},"categories":[123],"acf":{"activar_banner_1":false,"banner_1":false,"activar_banner_2":false,"banner_2":false,"activar_banner_3":false,"banner_3":false,"activar_nuevos_banners":false,"mostrar_banner_1":false,"crear_banner_1":{"utilizar_imagen_unica_para_banner":false,"asignar_imagen_unica_para_banner":false,"mostrar_titulo_banner":false,"titulo_para_banner":"","mostrar_subtitulo_banner":false,"subtitulo_del_banner":"","mostrar_cta_banner":false,"texto_cta_banner":"","url_cta_banner":"","fondo_de_color_banner":"","fondo_de_imagen_banner":false,"mostrar_imagen_izquierda_banner":false,"asignar_imagen_izquierda_banner":false},"mostrar_banner_2":false,"crear_banner_2":{"utilizar_imagen_unica_para_banner":false,"asignar_imagen_unica_para_banner":false,"mostrar_titulo_banner":false,"titulo_para_banner":"","mostrar_subtitulo_banner":false,"subtitulo_del_banner":"","mostrar_cta_banner":false,"texto_cta_banner":"","url_cta_banner":"","fondo_de_color_banner":"","fondo_de_imagen_banner":false,"mostrar_imagen_izquierda_banner":false,"asignar_imagen_izquierda_banner":false},"mostrar_banner_3":false,"hubspot_product_id":"1340110957","external_id":"1359","titulo_incentivo":"","fecha_de_inicio":"10022022","segunda_fecha_de_inicio":"10032022","zona_horaria":"Europe\/Madrid","precio":"625","aprende_a":[{"item_aprende_a":"Entender de qu\u00e9 manera los aficionados consumen el deporte y a los patrocinadores. "},{"item_aprende_a":"Incrementar el conocimiento de las aplicaciones de patrocinio en marketing."},{"item_aprende_a":"Diferenciar aplicaciones de patrocinio m\u00e1s all\u00e1 del marketing. "},{"item_aprende_a":"Desarrollar habilidades para aprender de qu\u00e9 manera evaluar patrocinadores."}],"preguntas_frecuentes":false,"contenidistas":false,"imagen_destacada":"https:\/\/barcanew.capabiliaserver.com\/wp-content\/uploads\/2022\/01\/cdbcd6c9-certificate-in-advanced-sport-sponsorship-and-marketing_-using-sponsorships-to-accelerate-business-growth_.jpg","slider_testimonios":false,"url_cursado_webinar":"","titulo_curso":"Using sponsorships to accelerate business growth.","impartido_en":"Ingles","crear_banner_3":{"utilizar_imagen_unica_para_banner":false,"asignar_imagen_unica_para_banner":false,"mostrar_titulo_banner":false,"titulo_para_banner":"","mostrar_subtitulo_banner":false,"subtitulo_del_banner":"","mostrar_cta_banner":false,"texto_cta_banner":"","url_cta_banner":"","fondo_de_color_banner":"","fondo_de_imagen_banner":false,"mostrar_imagen_izquierda_banner":false,"asignar_imagen_izquierda_banner":false},"producto_path":false,"id_magento":"393","column_title":"","precio_en_cuotas":"4 pagos mensuales de \u20ac 156,25","precio_de_lista":"","mostrar_form":false,"promocion_vigente":"","duracion_del_curso":"4 meses","nivel_del_curso":"Avanzado","modalidad_cursado":"Online","ocultar_video":true,"url_video":"","avalado_por":false,"pdf_brochure":"https:\/\/static.capabiliaserver.com\/frontend\/clients\/barca\/wp_prod\/wp-content\/uploads\/2022\/01\/823f330b-certificado-en-patrocinio-y-marketing-deportivo-avanzado_-el-patrocinio-como-motor-de-crecimiento.pdf","slidebox":false,"titulo_seccion_testimonios":"","imagen_de_fondo_testimonios":false,"color_de_fondo_testimonios":"","docentes_expertos":[{"foto":"https:\/\/static.capabiliaserver.com\/frontend\/clients\/barca\/wp_prod\/wp-content\/uploads\/2022\/01\/52a4ef77-ricardo-fort-1-1-e1647897534863.jpg","nombre_del_docente":"Ricardo Fort","descripcion_del_docente":"L\u00edder mundial de patrocinio deportivo, fundador de Sport by Fort Consulting.","enlace":"113515"}],"contenido":"<p>El patrocinio se ha convertido en unas de las herramientas m\u00e1s comunes para conectar a las marcas con sus consumidores y clientes,de esta forma logran acelerar el crecimiento del negocio. En la actualidad se utiliza ampliamente en todos los sectores de la econom\u00eda de marcas a marcas B2B, de organizaciones con larga trayectoria a startups en todo el mundo.<\/p>\n<p>Cuando se implementa de manera correcta, se puede convertir en una de las herramientas m\u00e1s poderosas para impulsar el crecimiento en cualquier tipo de empresa. De todos modos, a pesar de su ubicuidad, el patrocinio no es utilizado en todo su potencial por la gran mayor\u00eda de grandes patrocinadores. No es extra\u00f1o que se firmen contratos millonarios sin tener una idea clara de las necesidades del negocio, sin una evaluaci\u00f3n apropiada de las alternativas que existen en el mercado, y sin la delimitaci\u00f3n de los derechos necesarios para crear un trabajo de valor. Las marcas usualmente tambi\u00e9n pierden la oportunidad de aprender de sus inversiones porque no consideran llevar a cabo revisiones luego de los eventos ni evaluar el ROI.<\/p>\n<p>Este certificado incluye todas las \u00e1reas mencionadas anteriormente de manera simple y clara para que puedas obtener el m\u00e1ximo de cualquier patrocinio. Profesionales que trabajan con patrocinadores, titulares de derechos y agencias aprender\u00e1n lo que necesitan para comprar mejor, ser m\u00e1s efectivos en las ventas y manejar programas de patrocinio.<\/p>\n","activar_hero_video":false,"video_texto":"","video_header":false,"cursos_que_lo_componen":[{"nombre_del_curso":"Lo que aman los aficionados y lo que las marcas patrocinan","descripcion_del_curso":"<p>M\u00d3DULO 1: Passion Points - Las cosas importantes en la vida<br \/>\nM\u00d3DULO 2: Passion Connectors: \u00bfC\u00f3mo los aficionados consumen sus pasiones?<br \/>\nM\u00d3DULO 3: Diferentes tipos de activos -  Activos pagados, compartidos y propios<br \/>\nM\u00d3DULO 4: El No-Patrocinador: marketing de emboscada<\/p>\n"},{"nombre_del_curso":"El patrocinio como herramienta de marketing","descripcion_del_curso":"<p>M\u00d3DULO 1: Comprar Visibilidad - Conciencia de marca y el rol de los medios de comunicaci\u00f3n<br \/>\nM\u00d3DULO 2: Acceso a Contenido - Lograr mejores experiencias virtuales y en vivo para los aficionados<br \/>\nM\u00d3DULO 3: Crear Amor por la Marca - Conquistar corazones con publicidad y cambio social<br \/>\nM\u00d3DULO 4: Acelerar los resultados a corto plazo a trav\u00e9s de promociones y activaci\u00f3n comercial<\/p>\n"},{"nombre_del_curso":"Los diferentes casos de uso de patrocinio","descripcion_del_curso":"<p>M\u00d3DULO 1: Mejores Acuerdos - Patrocinadores que crean valor para los clientes<br \/>\nM\u00d3DULO 2: Trabajo de Equipo & Comunidad -  Empleados orgullosos y vecinos felices<br \/>\nM\u00d3DULO 3: Gobiernos & ONGs - La dif\u00edcil conversaci\u00f3n sobre regulaciones, sustentabilidad e impuestos<br \/>\nM\u00d3DULO 4: Poder de Persuasi\u00f3n del Patrocinio - Utilizar el patrocinio para tener influencia en el mundo entero<\/p>\n"},{"nombre_del_curso":"\u00bfQu\u00e9 es un patrocinio exitoso?","descripcion_del_curso":"<p>M\u00d3DULO 1: Evaluaci\u00f3n del Pre-contrato - ROI estimado de un patrocinio<br \/>\nM\u00d3DULO 2: Manejo del Riesgo - La necesidad de una verificaci\u00f3n adecuada de antecedentes<br \/>\nM\u00d3DULO 3: Fase Contractual - Derechos, obligaciones, principios morales y de fuerza mayor<br \/>\nM\u00d3DULO 4: Revisi\u00f3n post Evento - Evaluaci\u00f3n y la dif\u00edcil tarea de terminar un patrocinio<\/p>\n"}],"header_image":133464,"pdf_brochure_link_drive":"https:\/\/drive.google.com\/uc?id=17-uYLCume_Q-Zvk1ZnUm9kQ6cA15uIQz&export=download"},"idiomas":{"en":113485,"es":113490,"ar":113486,"ca":113487,"ru":113489,"pt":121215},"_links":{"self":[{"href":"https:\/\/barcanew.capabiliaserver.com\/es\/wp-json\/wp\/v2\/products\/113490"}],"collection":[{"href":"https:\/\/barcanew.capabiliaserver.com\/es\/wp-json\/wp\/v2\/products"}],"about":[{"href":"https:\/\/barcanew.capabiliaserver.com\/es\/wp-json\/wp\/v2\/types\/product"}],"author":[{"embeddable":true,"href":"https:\/\/barcanew.capabiliaserver.com\/es\/wp-json\/wp\/v2\/users\/16"}],"replies":[{"embeddable":true,"href":"https:\/\/barcanew.capabiliaserver.com\/es\/wp-json\/wp\/v2\/comments?post=113490"}],"version-history":[{"count":5,"href":"https:\/\/barcanew.capabiliaserver.com\/es\/wp-json\/wp\/v2\/products\/113490\/revisions"}],"predecessor-version":[{"id":133843,"href":"https:\/\/barcanew.capabiliaserver.com\/es\/wp-json\/wp\/v2\/products\/113490\/revisions\/133843"}],"wp:attachment":[{"href":"https:\/\/barcanew.capabiliaserver.com\/es\/wp-json\/wp\/v2\/media?parent=113490"}],"wp:term":[{"taxonomy":"category","embeddable":true,"href":"https:\/\/barcanew.capabiliaserver.com\/es\/wp-json\/wp\/v2\/categories?post=113490"}],"curies":[{"name":"wp","href":"https:\/\/api.w.org\/{rel}","templated":true}]}}