{"id":10413,"date":"2019-01-18T14:25:42","date_gmt":"2019-01-18T17:25:42","guid":{"rendered":"https:\/\/barcanew.capabiliaserver.com\/product\/certificate-in-advanced-sports-nutrition\/"},"modified":"2022-10-18T10:52:57","modified_gmt":"2022-10-18T13:52:57","slug":"certificado-en-nutricion-deportiva-avanzada","status":"publish","type":"product","link":"https:\/\/barcanew.capabiliaserver.com\/es\/product\/certificado-en-nutricion-deportiva-avanzada\/","title":{"rendered":"Certificado en Nutrici\u00f3n Deportiva Avanzada"},"content":{"rendered":"","protected":false},"excerpt":{"rendered":"","protected":false},"author":1,"featured_media":0,"comment_status":"open","ping_status":"closed","template":"","meta":{"_acf_changed":false,"footnotes":""},"categories":[114,109],"acf":{"external_id":"1376","header_image":134186,"column_title":"","titulo_incentivo":"Certificado en Nutrici\u00f3n Deportiva Avanzada","precio":"625","precio_en_cuotas":"4 pagos mensuales de \u20ac 156,25","precio_de_lista":"","mostrar_form":false,"promocion_vigente":"","duracion_del_curso":"4 meses","nivel_del_curso":"Avanzado","modalidad_cursado":"Online","impartido_en":"Castellano","contenido":"<p>El Certificado en Nutrici\u00f3n Deportiva Avanzada es el curso de nutrici\u00f3n deportiva m\u00e1s avanzado disponible en relaci\u00f3n con los deportes de equipo. No solo proporciona los \u00faltimos avances de la ciencia, sino tambi\u00e9n la aplicaci\u00f3n, de la teor\u00eda a las f\u00f3rmulas, elaborada por Asker Jeukendrup, l\u00edder en el campo desde el punto de vista acad\u00e9mico que, adem\u00e1s de publicar m\u00e1s de 200 art\u00edculos, trabaj\u00f3 como m\u00e9dico durante muchos a\u00f1os.<\/p>\n<p>Este Certificado es una combinaci\u00f3n de conocimiento de vanguardia y a\u00f1os de experiencia trabajando en el nivel m\u00e1s alto del deporte. El ADN del FCB entra en juego cuando agregamos a cada tema un ejemplo de c\u00f3mo en FCB encontramos soluciones para estos problemas.<\/p>\n<p>El Certificado en Nutrici\u00f3n Deportiva Avanzada brindar\u00e1 directrices claras, pero no esperes un abordaje modelo en donde obtienes una soluci\u00f3n que puedes usar para resolver todos los problemas. Aprender\u00e1s a pensar para elaborar soluciones espec\u00edficas para situaciones espec\u00edficas.<\/p>\n","ocultar_video":false,"avalado_por":false,"pdf_brochure":"https:\/\/static.capabiliaserver.com\/frontend\/clients\/barca\/wp_prod\/wp-content\/uploads\/2019\/01\/9d3c9811-certificado-en-nutricion-deportiva-avanzada.pdf","cursos_que_lo_componen":[{"nombre_del_curso":"Nutrici\u00f3n deportiva avanzada","descripcion_del_curso":"<p>M\u00d3DULO 1: La historia y el futuro de la nutrici\u00f3n deportiva<br \/>\nUnidad 1: Historia<br \/>\nUnidad 2: Futuro <\/p>\n<p>M\u00d3DULO 2: \u00bfQu\u00e9 hace falta para ser eficiente en la nutrici\u00f3n deportiva?<br \/>\nUnidad 1: Habilidades<br \/>\nUnidad 2: Funcionamiento <\/p>\n<p>M\u00d3DULO 3: Suplementos versus alimentos<br \/>\nUnidad 1: Suplementos versus alimentos<br \/>\nUnidad 2: Toma de decisiones <\/p>\n<p>M\u00d3DULO 4: Sistema inmune<br \/>\nUnidad 1: El ejercicio y el sistema inmune<br \/>\nUnidad 2: Mejorar la funci\u00f3n inmune<\/p>\n"},{"nombre_del_curso":"Nutrici\u00f3n, recuperaci\u00f3n y adaptaciones al entrenamiento","descripcion_del_curso":"<p>M\u00d3DULO 1: Ejercicio y fatiga<br \/>\nUnidad 1: \u00bfQu\u00e9 es la fatiga?<br \/>\nUnidad 2: Retrasar la fatiga <\/p>\n<p>M\u00d3DULO 2: Recuperaci\u00f3n y adaptaci\u00f3n<br \/>\nUnidad 1: Recuperaci\u00f3n<br \/>\nUnidad 2: Adaptaci\u00f3n <\/p>\n<p>M\u00d3DULO 3: Optimizar la recuperaci\u00f3n y la adaptaci\u00f3n<br \/>\nUnidad 1: Optimizar la recuperaci\u00f3n con la nutrici\u00f3n<br \/>\nUnidad 2: Optimizar la adaptaci\u00f3n con la nutrici\u00f3n <\/p>\n<p>M\u00d3DULO 4: Recuperaci\u00f3n de lesiones<br \/>\nUnidad 1: Diferentes fases de la lesi\u00f3n<br \/>\nUnidad 2: Estrategias<\/p>\n"},{"nombre_del_curso":"Preparaci\u00f3n para el d\u00eda del partido y nutrici\u00f3n personalizada","descripcion_del_curso":"<p>M\u00d3DULO 1: \u00bfNutrici\u00f3n personalizada?<br \/>\nUnidad 1: Medicina personalizada<br \/>\nUnidad 2: Nutrici\u00f3n deportiva personalizada <\/p>\n<p>M\u00d3DULO 2: Preparaci\u00f3n para el d\u00eda del partido<br \/>\nUnidad 1: Los d\u00edas y las semanas previos<br \/>\nUnidad 2: D\u00eda del partido <\/p>\n<p>M\u00d3DULO 3: Condiciones extremas<br \/>\nUnidad 1: Efecto del calor en el rendimiento<br \/>\nUnidad 2: Combatir el calor <\/p>\n<p>M\u00d3DULO 4: Suplementos<br \/>\nUnidad 1: Ayudas ergog\u00e9nicas<br \/>\nUnidad 2: Otros suplementos<\/p>\n"},{"nombre_del_curso":"Nutrici\u00f3n periodizada","descripcion_del_curso":"<p>M\u00d3DULO 1: La teor\u00eda<br \/>\nUnidad 1: \u00bfQu\u00e9 es la nutrici\u00f3n periodizada?<br \/>\nUnidad 2: Las herramientas de un nutricionista deportivo <\/p>\n<p>M\u00d3DULO 2: Entrenar los intestinos<br \/>\nUnidad 1: Los intestinos se pueden entrenar<br \/>\nUnidad 2: La teor\u00eda en la pr\u00e1ctica <\/p>\n<p>M\u00d3DULO 3: Entrenamiento bajo<br \/>\nUnidad 1: La teor\u00eda<br \/>\nUnidad 2: Dieta baja en carbohidratos versus entrenamiento con baja disponibilidad de carbohidratos<\/p>\n<p>M\u00d3DULO 4: De la teor\u00eda a la pr\u00e1ctica<br \/>\nUnidad 1: C\u00f3mo implementar la nutrici\u00f3n periodizada<br \/>\nUnidad 2: Desaf\u00edos y soluciones<\/p>\n"}],"preguntas_frecuentes":false,"contenidistas":false,"docentes_expertos":[{"foto":"https:\/\/static.capabiliaserver.com\/frontend\/clients\/barca\/wp\/wp-content\/uploads\/2019\/01\/asker_jeukendrup.jpg","nombre_del_docente":"Asker Jeukendrup","descripcion_del_docente":"Cient\u00edfico en nutrici\u00f3n deportiva. Profesor de metabolismo del ejercicio. Consultor de rendimiento en deporte de \u00e9lite. Emprendedor. Triatleta Ironman.","enlace":""}],"hubspot_product_id":"11975834","url_video":"https:\/\/www.youtube.com\/embed\/FuqKFYbRYzI","aprende_a":[{"item_aprende_a":"Mejorar el comportamiento de los deportistas a trav\u00e9s de la nutrici\u00f3n deportiva."},{"item_aprende_a":"Implementar suplementos en la pr\u00e1ctica diaria."},{"item_aprende_a":"Minimizar el riesgo del uso de suplementos."},{"item_aprende_a":"Optimizar la recuperaci\u00f3n intensa y la adaptaci\u00f3n al entrenamiento con la nutrici\u00f3n."},{"item_aprende_a":"Planificar la nutrici\u00f3n para una temporada y para una semana."},{"item_aprende_a":"Comprender la base te\u00f3rica para la periodizaci\u00f3n de la nutrici\u00f3n."},{"item_aprende_a":"Aplicar la personalizaci\u00f3n a la nutrici\u00f3n deportiva de los equipos."},{"item_aprende_a":"Aplicar los \u00faltimos avances de la ciencia a la preparaci\u00f3n del d\u00eda del partido."}],"fecha_de_inicio":"10072021","id_magento":"191","producto_path":false,"slidebox":false,"titulo_seccion_testimonios":"","slider_testimonios":false,"imagen_de_fondo_testimonios":false,"color_de_fondo_testimonios":"","segunda_fecha_de_inicio":"25072021","zona_horaria":"Europe\/Madrid","activar_banner_1":false,"banner_1":false,"activar_banner_2":false,"banner_2":false,"activar_banner_3":false,"banner_3":false,"url_cursado_webinar":"","activar_nuevos_banners":false,"mostrar_banner_1":false,"crear_banner_1":{"utilizar_imagen_unica_para_banner":false,"asignar_imagen_unica_para_banner":false,"mostrar_titulo_banner":false,"titulo_para_banner":"","mostrar_subtitulo_banner":false,"subtitulo_del_banner":"","mostrar_cta_banner":false,"texto_cta_banner":"","url_cta_banner":"","fondo_de_color_banner":"","fondo_de_imagen_banner":false,"mostrar_imagen_izquierda_banner":false,"asignar_imagen_izquierda_banner":false},"mostrar_banner_2":false,"crear_banner_2":{"utilizar_imagen_unica_para_banner":false,"asignar_imagen_unica_para_banner":false,"mostrar_titulo_banner":false,"titulo_para_banner":"","mostrar_subtitulo_banner":false,"subtitulo_del_banner":"","mostrar_cta_banner":false,"texto_cta_banner":"","url_cta_banner":"","fondo_de_color_banner":"","fondo_de_imagen_banner":false,"mostrar_imagen_izquierda_banner":false,"asignar_imagen_izquierda_banner":false},"mostrar_banner_3":false,"crear_banner_3":{"utilizar_imagen_unica_para_banner":false,"asignar_imagen_unica_para_banner":false,"mostrar_titulo_banner":false,"titulo_para_banner":"","mostrar_subtitulo_banner":false,"subtitulo_del_banner":"","mostrar_cta_banner":false,"texto_cta_banner":"","url_cta_banner":"","fondo_de_color_banner":"","fondo_de_imagen_banner":false,"mostrar_imagen_izquierda_banner":false,"asignar_imagen_izquierda_banner":false},"pdf_brochure_link_drive":"https:\/\/drive.google.com\/uc?id=1lmdB788xBhtwiz_cMdKcGwsCcx6Xy78P&export=download","activar_hero_video":false,"video_texto":"134186","video_header":false},"idiomas":{"en":10404,"es":10413,"ar":81746,"ca":10411,"ru":10413,"pt":10412},"_links":{"self":[{"href":"https:\/\/barcanew.capabiliaserver.com\/es\/wp-json\/wp\/v2\/products\/10413"}],"collection":[{"href":"https:\/\/barcanew.capabiliaserver.com\/es\/wp-json\/wp\/v2\/products"}],"about":[{"href":"https:\/\/barcanew.capabiliaserver.com\/es\/wp-json\/wp\/v2\/types\/product"}],"author":[{"embeddable":true,"href":"https:\/\/barcanew.capabiliaserver.com\/es\/wp-json\/wp\/v2\/users\/1"}],"replies":[{"embeddable":true,"href":"https:\/\/barcanew.capabiliaserver.com\/es\/wp-json\/wp\/v2\/comments?post=10413"}],"version-history":[{"count":5,"href":"https:\/\/barcanew.capabiliaserver.com\/es\/wp-json\/wp\/v2\/products\/10413\/revisions"}],"predecessor-version":[{"id":134188,"href":"https:\/\/barcanew.capabiliaserver.com\/es\/wp-json\/wp\/v2\/products\/10413\/revisions\/134188"}],"wp:attachment":[{"href":"https:\/\/barcanew.capabiliaserver.com\/es\/wp-json\/wp\/v2\/media?parent=10413"}],"wp:term":[{"taxonomy":"category","embeddable":true,"href":"https:\/\/barcanew.capabiliaserver.com\/es\/wp-json\/wp\/v2\/categories?post=10413"}],"curies":[{"name":"wp","href":"https:\/\/api.w.org\/{rel}","templated":true}]}}