{"id":10394,"date":"2019-01-18T14:12:59","date_gmt":"2019-01-18T17:12:59","guid":{"rendered":"https:\/\/barcanew.capabiliaserver.com\/product\/certificate-in-team-sports-physician-essential-concepts\/"},"modified":"2022-10-18T09:37:30","modified_gmt":"2022-10-18T12:37:30","slug":"certificado-en-medico-de-equipo-conceptos-esenciales","status":"publish","type":"product","link":"https:\/\/barcanew.capabiliaserver.com\/es\/product\/certificado-en-medico-de-equipo-conceptos-esenciales\/","title":{"rendered":"Certificado en M\u00e9dico de Equipo \u2013 Conceptos Esenciales"},"content":{"rendered":"","protected":false},"excerpt":{"rendered":"","protected":false},"author":1,"featured_media":0,"comment_status":"open","ping_status":"closed","template":"","meta":{"_acf_changed":false,"footnotes":""},"categories":[114,109],"acf":{"external_id":"1371","header_image":134135,"column_title":"","titulo_incentivo":"Certificado en M\u00e9dico de Equipo \u2013 Conceptos Esenciales","precio":"625","precio_en_cuotas":"4 pagos mensuales de \u20ac 156,25","precio_de_lista":"","mostrar_form":false,"promocion_vigente":"","duracion_del_curso":"4 Meses","nivel_del_curso":"Avanzado","modalidad_cursado":"Online","impartido_en":"Castellano","contenido":"<p>La industria del deporte se encuentra en el medio de una gran revoluci\u00f3n. Cada d\u00eda observamos a atletas y equipos de todos los deportes superar sus l\u00edmites y marcarse nuevos y desafiantes objetivos. Sin embargo, el aumento constante de la presi\u00f3n por el logro de objetivos puede traer consigo un aumento en el n\u00famero de lesiones. En este contexto, el m\u00e9dico de equipo se convierte en un actor crucial, con mayor alcance y complejidad, provocando una mayor necesidad de especificidad en las capacitaciones y cursos encontrados en el mercado. Los profesionales de la Medicina Deportiva son clave para la salud de los atletas en todos los niveles ya que colaboran en el diagn\u00f3stico y tratamiento de lesiones, como as\u00ed tambi\u00e9n en la prevenci\u00f3n de dolores, lesiones y malas pr\u00e1cticas.<\/p>\n<p>En el <strong>Certificado en M\u00e9dico de Equipo<\/strong>, Gil Rodas desarrolla los conceptos esenciales inherentes a la medicina de deportes de equipo, incluyendo la mejora del control nutricional, la profundizaci\u00f3n en la fisiolog\u00eda del esfuerzo para obtener mejores resultados f\u00edsicos, el establecimiento de criterios terap\u00e9uticos para una r\u00e1pida recuperaci\u00f3n, el estudio pormenorizado de las ayudas ergog\u00e9nicas antes y despu\u00e9s del esfuerzo y, por supuesto, el entendimiento de la gran problem\u00e1tica sobre el tema del dopaje. Al finalizar este Certificado, estar\u00e1s capacitado para tomar mejores decisiones en el \u00e1mbito de las ciencias del ejercicio aplicadas a los deportes de equipo.<\/p>\n<p>&nbsp;<\/p>\n<p><em>ACLARACI\u00d3N. Este Certificado no acredita la posibilidad del ejercicio profesional desde la medicina deportiva.<\/em><\/p>\n","ocultar_video":false,"avalado_por":false,"pdf_brochure":"https:\/\/static.capabiliaserver.com\/frontend\/clients\/barca\/wp_prod\/wp-content\/uploads\/2019\/01\/dd7a627e-certificado-en-medico-de-equipo-\u2013-conceptos-esenciales.pdf","cursos_que_lo_componen":[{"nombre_del_curso":"El M\u00e9dico de Equipo y el Manejo de Datos","descripcion_del_curso":"<p>M\u00d3DULO 1: Rol del m\u00e9dico de equipo<br \/>\nM\u00d3DULO 2: Gesti\u00f3n de datos y metodolog\u00eda<br \/>\nM\u00d3DULO 3: Lesiones deportivas en otras poblaciones<br \/>\nM\u00d3DULO 4: Monitorizaci\u00f3n de las cargas de trabajo<\/p>\n"},{"nombre_del_curso":"Lesiones y Deportes de Equipo","descripcion_del_curso":"<p>M\u00d3DULO 1: Prevenci\u00f3n y readaptaci\u00f3n de lesiones<br \/>\nM\u00d3DULO 2: Gesti\u00f3n de la lesi\u00f3n muscular y tendinopati\u0301a<br \/>\nM\u00d3DULO 3: Gesti\u00f3n de la lesi\u00f3n articular y \u00f3sea<br \/>\nM\u00d3DULO 4: Toma de decisiones y vuelta a la competici\u00f3n<\/p>\n"},{"nombre_del_curso":"Patolog\u00eda en Deportes de Equipo","descripcion_del_curso":"<p>M\u00d3DULO 1: Gesti\u00f3n de la patolog\u00eda m\u00e9dica 1<br \/>\nM\u00d3DULO 2: Gesti\u00f3n de la patolog\u00eda m\u00e9dica 2<br \/>\nM\u00d3DULO 3: Patolog\u00edas espec\u00edficas por deporte<br \/>\nM\u00d3DULO 4: Deportes y competiciones especiales<\/p>\n"},{"nombre_del_curso":"Aspectos Inherentes al M\u00e9dico de Equipo","descripcion_del_curso":"<p>M\u00d3DULO 1: Diagn\u00f3stico por im\u00e1genes: el uso del ultrasonido como herramienta b\u00e1sica del m\u00e9dico de equipo<br \/>\nM\u00d3DULO 2: Nutrici\u00f3n y ayudas ergon\u00e9nicas<br \/>\nM\u00d3DULO 3: Lucha antidopaje<br \/>\nM\u00d3DULO 4: Comunicaci\u00f3n, liderazgo y gesti\u00f3n del grupo<\/p>\n"}],"preguntas_frecuentes":false,"contenidistas":false,"docentes_expertos":[{"foto":"https:\/\/barcanew.capabiliaserver.com\/wp-content\/uploads\/2019\/01\/8494207e-gil-rodas.jpg","nombre_del_docente":"Gil Rodas Font","descripcion_del_docente":"Doctor en Medicina y Cirug\u00eda. Especialista en Medicina de la Educaci\u00f3n F\u00edsica y el Deporte. Responsable del \u00e1rea de Servicios M\u00e9dicos del Bar\u00e7a Innovation Hub. ","enlace":""}],"imagen_destacada":"https:\/\/barcanew.capabiliaserver.com\/wp-content\/uploads\/2019\/01\/0d5dadad-certificate-in-team-sports-physician-essential-concepts_.jpg","hubspot_product_id":"11980877","url_video":"https:\/\/www.youtube.com\/embed\/fPrL7uBneUw","aprende_a":[{"item_aprende_a":"Manejar y gestionar los datos obtenidos de las evaluaciones y monitorizaci\u00f3n del rendimiento y lesiones del equipo, en comparaci\u00f3n con los datos provenientes de la ciencia y el entrenamiento. "},{"item_aprende_a":"Conocer las caracter\u00edsticas fundamentales tanto de estrategias de prevenci\u00f3n y rehabilitaci\u00f3n de lesiones, como de los distintos mecanismos lesivos en deportes de equipo. "},{"item_aprende_a":"Manejar las patolog\u00edas y lesiones diferenciadas por deporte. "},{"item_aprende_a":"Dominar tem\u00e1ticas complementarias, inherentes al m\u00e9dico de equipo."}],"fecha_de_inicio":"10082021","id_magento":"180","producto_path":false,"slidebox":false,"titulo_seccion_testimonios":"","slider_testimonios":false,"imagen_de_fondo_testimonios":false,"color_de_fondo_testimonios":"","segunda_fecha_de_inicio":"","zona_horaria":"Europe\/Madrid","activar_banner_1":false,"banner_1":false,"activar_banner_2":false,"banner_2":false,"activar_banner_3":false,"banner_3":false,"url_cursado_webinar":"","activar_nuevos_banners":false,"mostrar_banner_1":false,"crear_banner_1":{"utilizar_imagen_unica_para_banner":false,"asignar_imagen_unica_para_banner":false,"mostrar_titulo_banner":false,"titulo_para_banner":"","mostrar_subtitulo_banner":false,"subtitulo_del_banner":"","mostrar_cta_banner":false,"texto_cta_banner":"","url_cta_banner":"","fondo_de_color_banner":"","fondo_de_imagen_banner":false,"mostrar_imagen_izquierda_banner":false,"asignar_imagen_izquierda_banner":false},"mostrar_banner_2":false,"crear_banner_2":{"utilizar_imagen_unica_para_banner":false,"asignar_imagen_unica_para_banner":false,"mostrar_titulo_banner":false,"titulo_para_banner":"","mostrar_subtitulo_banner":false,"subtitulo_del_banner":"","mostrar_cta_banner":false,"texto_cta_banner":"","url_cta_banner":"","fondo_de_color_banner":"","fondo_de_imagen_banner":false,"mostrar_imagen_izquierda_banner":false,"asignar_imagen_izquierda_banner":false},"mostrar_banner_3":false,"crear_banner_3":{"utilizar_imagen_unica_para_banner":false,"asignar_imagen_unica_para_banner":false,"mostrar_titulo_banner":false,"titulo_para_banner":"","mostrar_subtitulo_banner":false,"subtitulo_del_banner":"","mostrar_cta_banner":false,"texto_cta_banner":"","url_cta_banner":"","fondo_de_color_banner":"","fondo_de_imagen_banner":false,"mostrar_imagen_izquierda_banner":false,"asignar_imagen_izquierda_banner":false},"activar_hero_video":false,"video_texto":"","video_header":false,"pdf_brochure_link_drive":"https:\/\/drive.google.com\/uc?id=1-7-vivGQ9uU8r3WKDSbW2-I_9D3q-vg7&export=download"},"idiomas":{"en":10374,"es":10394,"ar":81649,"ca":10392,"ru":10394,"pt":10393},"_links":{"self":[{"href":"https:\/\/barcanew.capabiliaserver.com\/es\/wp-json\/wp\/v2\/products\/10394"}],"collection":[{"href":"https:\/\/barcanew.capabiliaserver.com\/es\/wp-json\/wp\/v2\/products"}],"about":[{"href":"https:\/\/barcanew.capabiliaserver.com\/es\/wp-json\/wp\/v2\/types\/product"}],"author":[{"embeddable":true,"href":"https:\/\/barcanew.capabiliaserver.com\/es\/wp-json\/wp\/v2\/users\/1"}],"replies":[{"embeddable":true,"href":"https:\/\/barcanew.capabiliaserver.com\/es\/wp-json\/wp\/v2\/comments?post=10394"}],"version-history":[{"count":5,"href":"https:\/\/barcanew.capabiliaserver.com\/es\/wp-json\/wp\/v2\/products\/10394\/revisions"}],"predecessor-version":[{"id":134137,"href":"https:\/\/barcanew.capabiliaserver.com\/es\/wp-json\/wp\/v2\/products\/10394\/revisions\/134137"}],"wp:attachment":[{"href":"https:\/\/barcanew.capabiliaserver.com\/es\/wp-json\/wp\/v2\/media?parent=10394"}],"wp:term":[{"taxonomy":"category","embeddable":true,"href":"https:\/\/barcanew.capabiliaserver.com\/es\/wp-json\/wp\/v2\/categories?post=10394"}],"curies":[{"name":"wp","href":"https:\/\/api.w.org\/{rel}","templated":true}]}}