{"id":10386,"date":"2019-01-18T13:52:53","date_gmt":"2019-01-18T16:52:53","guid":{"rendered":"https:\/\/barcanew.capabiliaserver.com\/product\/certificate-in-workload-and-injury-in-team-sports\/"},"modified":"2022-09-07T10:49:21","modified_gmt":"2022-09-07T13:49:21","slug":"certificado-en-carga-de-trabajo-y-lesiones-en-deportes-de-equipo","status":"publish","type":"product","link":"https:\/\/barcanew.capabiliaserver.com\/es\/product\/certificado-en-carga-de-trabajo-y-lesiones-en-deportes-de-equipo\/","title":{"rendered":"Certificado en Carga de Trabajo y Lesiones en Deportes de Equipo"},"content":{"rendered":"","protected":false},"excerpt":{"rendered":"","protected":false},"author":1,"featured_media":0,"comment_status":"open","ping_status":"closed","template":"","meta":{"_acf_changed":false,"footnotes":""},"categories":[114],"acf":{"external_id":"1375","header_image":108540,"column_title":"","titulo_incentivo":"Certificado en Carga de Trabajo y Lesiones en Deportes de Equipo","precio":"625","precio_en_cuotas":"4 pagos mensuales de \u20ac 156,25","precio_de_lista":"","mostrar_form":false,"promocion_vigente":"","duracion_del_curso":"4 meses","nivel_del_curso":"Avanzado","modalidad_cursado":"Online","impartido_en":"Castellano","contenido":"<p>Partiendo de la premisa de que es imposible gestionar lo que no se puede medir, todos aquellos involucrados en la construcci\u00f3n de un proceso en deportes de equipo necesitan poner valores a las demandas f\u00edsicas y fisiol\u00f3gicas de esa disciplina, tanto en la competici\u00f3n como en el entrenamiento. Es por esto que el control, el manejo y la gesti\u00f3n de la carga de trabajo han sido uno de los aspectos de mayor inter\u00e9s por parte de los entrenadores y preparadores f\u00edsicos, desde la segunda mitad del siglo XX hasta la actualidad.<\/p>\n<p>La tecnolog\u00eda ha tenido un rol fundamental en este aspecto, volviendo a la recolecci\u00f3n de datos una tarea cada vez m\u00e1s simple y efectiva. Desde la inclusi\u00f3n de dispositivos GPS y aceler\u00f3metros, entre otros, los entrenadores y preparadores f\u00edsicos tienen la posibilidad de conocer y evaluar cada vez m\u00e1s variables de entrenamiento en la b\u00fasqueda de dos grandes objetivos: el aumento del rendimiento y la prevenci\u00f3n de lesiones.<\/p>\n<p>En este sentido, <strong>Tim Gabbett<\/strong> es un especialista con un largo camino recorrido en el \u00e1rea que actualmente capacita a los cuerpos de entrenadores de las mayores ligas del mundo en distintos deportes de equipo como f\u00fatbol, rugby y baloncesto. Su capacidad de incluir las variables de carga de entrenamiento dentro de un contexto tanto individual como colectivo convierte a este autor en un referente en la tem\u00e1tica.<\/p>\n<p>Los valores y datos de carga no deben ser utilizados ni analizados de manera aislada sino en funci\u00f3n de variables como caracter\u00edsticas individuales, momento de la temporada, posici\u00f3n del equipo en la competici\u00f3n, etc. En el <strong>Certificado en Carga de Trabajo y Lesiones en Deportes de Equipo<\/strong>, obtendr\u00e1s herramientas y habilidades que te permitir\u00e1n desarrollar una metodolog\u00eda de gesti\u00f3n de la carga con el objetivo de minimizar la incidencia de lesiones en tus deportistas.<\/p>\n","ocultar_video":false,"avalado_por":false,"pdf_brochure":"https:\/\/static.capabiliaserver.com\/frontend\/clients\/barca\/wp_prod\/wp-content\/uploads\/2019\/01\/c6a40d32-certificado-en-carga-de-trabajo-y-lesiones-en-deportes-de-equipo.pdf","cursos_que_lo_componen":[{"nombre_del_curso":"Un Mejor Abordaje Pr\u00e1ctico al Monitoreo de la Carga de Trabajo","descripcion_del_curso":"<p>M\u00d3DULO 1: \u00bfPor qu\u00e9 ocurren las lesiones?<br \/>\nM\u00d3DULO 2: El modelo fitness-fatiga<br \/>\nM\u00d3DULO 3: Ratio de carga aguda:cr\u00f3nica y su relaci\u00f3n con la lesi\u00f3n<br \/>\nM\u00d3DULO 4: Controversias recientes y aplicaciones pr\u00e1cticas de los datos<\/p>\n"},{"nombre_del_curso":"La Paradoja de Entrenamiento-Prevenci\u00f3n de Lesiones","descripcion_del_curso":"<p>M\u00d3DULO 1: Las relaciones entrenamiento-performance y carga-lesi\u00f3n<br \/>\nM\u00d3DULO 2: \u00bfEs el entrenamiento realmente el problema?<br \/>\nM\u00d3DULO 3: Importancia de una buena pretemporada: moderadores y mediadores de la carga de entrenamiento<br \/>\nM\u00d3DULO 4: Preguntas frecuentes e interpretaci\u00f3n de los datos de monitorizaci\u00f3n de entrenamiento<\/p>\n"},{"nombre_del_curso":"\u00bfPara Qu\u00e9 Estamos Entrenando?","descripcion_del_curso":"<p>M\u00d3DULO 1: Demandas f\u00edsicas de la competici\u00f3n<br \/>\nM\u00d3DULO 2: Peor de los escenarios<br \/>\nM\u00d3DULO 3: Juegos reducidos y competici\u00f3n<br \/>\nM\u00d3DULO 4: El efecto \u201cfatiga\u201d del contacto. Los equipos ganadores buscan ganar el pulso<\/p>\n"},{"nombre_del_curso":"Entrenamiento Eficaz y de Alta Intensidad","descripcion_del_curso":"<p>M\u00d3DULO 1: \u00a1El ratio no lo es todo!<br \/>\nM\u00d3DULO 2: No todos los entrenamientos conllevan el mismo riesgo de lesi\u00f3n<br \/>\nM\u00d3DULO 3: V\u00edas para descifrar el dolor: fatiga en atletas<br \/>\nM\u00d3DULO 4: La carga \u00f3ptima depende de factores distintos a la carga<\/p>\n"}],"preguntas_frecuentes":false,"contenidistas":false,"docentes_expertos":[{"foto":"https:\/\/static.capabiliaserver.com\/frontend\/clients\/barca\/wp\/wp-content\/uploads\/2019\/01\/4cc0feab-tim_gabbett.jpg","nombre_del_docente":"Tim Gabbett","descripcion_del_docente":"Consultor de alto rendimiento. 20 a\u00f1os de experiencia en ciencias aplicadas al deporte, trabajando con atletas y entrenadores de una amplia gama de deportes. ","enlace":""}],"imagen_destacada":false,"hubspot_product_id":"11974633","url_video":"https:\/\/www.youtube.com\/embed\/1j__kloAyY4","aprende_a":[{"item_aprende_a":"Analizar los datos de la monitorizaci\u00f3n de la carga de trabajo para orientar el proceso de entrenamiento hacia la prevenci\u00f3n de lesiones y el consiguiente aumento del rendimiento deportivo. "}],"fecha_de_inicio":"10072021","id_magento":"190","producto_path":false,"slidebox":false,"titulo_seccion_testimonios":"","slider_testimonios":false,"imagen_de_fondo_testimonios":false,"color_de_fondo_testimonios":"","segunda_fecha_de_inicio":"25072021","zona_horaria":"Europe\/Madrid","activar_banner_1":false,"banner_1":false,"activar_banner_2":false,"banner_2":false,"activar_banner_3":false,"banner_3":false,"url_cursado_webinar":"","activar_nuevos_banners":false,"mostrar_banner_1":false,"crear_banner_1":{"utilizar_imagen_unica_para_banner":false,"asignar_imagen_unica_para_banner":false,"mostrar_titulo_banner":false,"titulo_para_banner":"","mostrar_subtitulo_banner":false,"subtitulo_del_banner":"","mostrar_cta_banner":false,"texto_cta_banner":"","url_cta_banner":"","fondo_de_color_banner":"","fondo_de_imagen_banner":false,"mostrar_imagen_izquierda_banner":false,"asignar_imagen_izquierda_banner":false},"mostrar_banner_2":false,"crear_banner_2":{"utilizar_imagen_unica_para_banner":false,"asignar_imagen_unica_para_banner":false,"mostrar_titulo_banner":false,"titulo_para_banner":"","mostrar_subtitulo_banner":false,"subtitulo_del_banner":"","mostrar_cta_banner":false,"texto_cta_banner":"","url_cta_banner":"","fondo_de_color_banner":"","fondo_de_imagen_banner":false,"mostrar_imagen_izquierda_banner":false,"asignar_imagen_izquierda_banner":false},"mostrar_banner_3":false,"crear_banner_3":{"utilizar_imagen_unica_para_banner":false,"asignar_imagen_unica_para_banner":false,"mostrar_titulo_banner":false,"titulo_para_banner":"","mostrar_subtitulo_banner":false,"subtitulo_del_banner":"","mostrar_cta_banner":false,"texto_cta_banner":"","url_cta_banner":"","fondo_de_color_banner":"","fondo_de_imagen_banner":false,"mostrar_imagen_izquierda_banner":false,"asignar_imagen_izquierda_banner":false},"activar_hero_video":false,"video_texto":"","video_header":false,"pdf_brochure_link_drive":"https:\/\/drive.google.com\/uc?id=1cwbLO7gjy5z43vTcujCdhjSmNrOIJZ0h&export=download"},"_links":{"self":[{"href":"https:\/\/barcanew.capabiliaserver.com\/es\/wp-json\/wp\/v2\/products\/10386"}],"collection":[{"href":"https:\/\/barcanew.capabiliaserver.com\/es\/wp-json\/wp\/v2\/products"}],"about":[{"href":"https:\/\/barcanew.capabiliaserver.com\/es\/wp-json\/wp\/v2\/types\/product"}],"author":[{"embeddable":true,"href":"https:\/\/barcanew.capabiliaserver.com\/es\/wp-json\/wp\/v2\/users\/1"}],"replies":[{"embeddable":true,"href":"https:\/\/barcanew.capabiliaserver.com\/es\/wp-json\/wp\/v2\/comments?post=10386"}],"version-history":[{"count":5,"href":"https:\/\/barcanew.capabiliaserver.com\/es\/wp-json\/wp\/v2\/products\/10386\/revisions"}],"predecessor-version":[{"id":116366,"href":"https:\/\/barcanew.capabiliaserver.com\/es\/wp-json\/wp\/v2\/products\/10386\/revisions\/116366"}],"wp:attachment":[{"href":"https:\/\/barcanew.capabiliaserver.com\/es\/wp-json\/wp\/v2\/media?parent=10386"}],"wp:term":[{"taxonomy":"category","embeddable":true,"href":"https:\/\/barcanew.capabiliaserver.com\/es\/wp-json\/wp\/v2\/categories?post=10386"}],"curies":[{"name":"wp","href":"https:\/\/api.w.org\/{rel}","templated":true}]}}