{"id":10350,"date":"2019-01-18T12:02:27","date_gmt":"2019-01-18T15:02:27","guid":{"rendered":"https:\/\/barcanew.capabiliaserver.com\/product\/leadership-ethics-and-social-responsibility\/"},"modified":"2022-10-24T13:39:24","modified_gmt":"2022-10-24T16:39:24","slug":"liderazgo-etica-y-responsabilidad-social","status":"publish","type":"product","link":"https:\/\/barcanew.capabiliaserver.com\/es\/product\/liderazgo-etica-y-responsabilidad-social\/","title":{"rendered":"Liderazgo, \u00c9tica y Responsabilidad Social"},"content":{"rendered":"","protected":false},"excerpt":{"rendered":"","protected":false},"author":1,"featured_media":0,"comment_status":"open","ping_status":"closed","template":"","meta":{"_acf_changed":false,"footnotes":""},"categories":[114,109],"acf":{"external_id":"1368","header_image":134096,"column_title":"","titulo_incentivo":"Liderazgo, \u00c9tica y Responsabilidad Social","precio":"200","precio_en_cuotas":"","precio_de_lista":"","mostrar_form":false,"promocion_vigente":"","duracion_del_curso":"1 Mes","nivel_del_curso":"Introductorio","modalidad_cursado":"Online","impartido_en":"Castellano","contenido":"<p>Bar\u00e7a Innovation Hub &#8211; Universitas, de la mano del reconocido experto internacional Michael P. Hoffman, te da la oportunidad de investigar los diversos marcos te\u00f3ricos vinculados con el estudio del liderazgo empresarial. En este curso, utilizar\u00e1s distintos marcos te\u00f3ricos de los estudios sobre liderazgo y el panorama filantr\u00f3pico mundial a los fines de considerar la responsabilidad social empresarial, la forma en que los l\u00edderes empresarios resuelven cuestiones \u00e9ticas y el papel que cumplen los profesionales empresarios en el proceso de guiar (administrar) la organizaci\u00f3n, de forma que la priorizaci\u00f3n del \u00abbien com\u00fan\u00bb se pueda optimizar personal y profesionalmente para un impacto social y de mercado.<\/p>\n","ocultar_video":true,"avalado_por":false,"pdf_brochure":"https:\/\/static.capabiliaserver.com\/frontend\/clients\/barca\/wp_prod\/wp-content\/uploads\/2019\/01\/10f29004-liderazgo-etica-y-responsabilidad-social.pdf","cursos_que_lo_componen":[{"nombre_del_curso":"Liderazgo, \u00c9tica y Responsabilidad Social","descripcion_del_curso":"<p>M\u00d3DULO 1: Los fundamentos filos\u00f3ficos del liderazgo socialmente responsable<br \/>\nM\u00d3DULO 2: Los empleados como coempresarios<br \/>\nM\u00d3DULO 3: Aspectos \u00e9ticos en una econom\u00eda de negocios global del siglo XXI<br \/>\nM\u00d3DULO 4: El papel de la industria del deporte y el entretenimiento como fuerza para el bien social<\/p>\n"}],"preguntas_frecuentes":false,"contenidistas":false,"docentes_expertos":[{"foto":"https:\/\/static.capabiliaserver.com\/frontend\/clients\/barca\/wp\/wp-content\/uploads\/2019\/01\/michael_hoffman.jpg","nombre_del_docente":"Michael P. Hoffman","descripcion_del_docente":"Experto en filantrop\u00eda, ha proporcionado orientaci\u00f3n estrat\u00e9gica para organizaciones sin fines de lucro l\u00edderes a nivel global, organizaciones filantr\u00f3picas y corporaciones en desarrollo organizacional, recaudaci\u00f3n de fondos, marca, y compromiso social de las empresas.","enlace":""}],"imagen_destacada":"https:\/\/static.capabiliaserver.com\/frontend\/clients\/barca\/wp_prod\/wp-content\/uploads\/2019\/01\/a8c00e7d-leadership-ethics-and-social-responsibility_-1.jpg","hubspot_product_id":"11975835","url_video":"","aprende_a":[{"item_aprende_a":"Comparar y contrastar las principales teor\u00edas de liderazgo y debate sobre los aspectos centrales de cada una de ellas."},{"item_aprende_a":"Debatir y analizar las responsabilidades y los privilegios de los l\u00edderes, incluidas las decisiones tanto \u00e9ticas como morales y el uso correcto de la autoridad y del poder."},{"item_aprende_a":"Analizar el o los estilos de cada l\u00edder y eval\u00faa el impacto que representa cada enfoque en t\u00e9rminos de liderazgo en el lugar de trabajo."},{"item_aprende_a":"Examinar las diferencias que existen entre un l\u00edder y un gerente y analiza las perspectivas que modelan cada rol en particular a los fines de mantener la organizaci\u00f3n en un clima cordial."},{"item_aprende_a":"Comprender y organiza los conceptos significativos relacionados con el estudio del liderazgo."},{"item_aprende_a":"Debatir la interacci\u00f3n que existe entre el liderazgo, la \u00e9tica y la responsabilidad social y los v\u00ednculos entre los diversos modelos de liderazgo y el concepto de liderazgo moral."},{"item_aprende_a":"Comprender y articular de qu\u00e9 forma la priorizaci\u00f3n del \"\"bien com\u00fan\"\" se puede optimizar personal y profesionalmente para un impacto social y de mercado."}],"fecha_de_inicio":"10062021","id_magento":"197","producto_path":false,"slidebox":false,"titulo_seccion_testimonios":"","slider_testimonios":false,"imagen_de_fondo_testimonios":false,"color_de_fondo_testimonios":"","activar_banner_1":false,"banner_1":false,"activar_banner_2":false,"banner_2":false,"activar_banner_3":false,"banner_3":false,"segunda_fecha_de_inicio":"","zona_horaria":"Europe\/Madrid","url_cursado_webinar":"","activar_nuevos_banners":false,"mostrar_banner_1":false,"crear_banner_1":{"utilizar_imagen_unica_para_banner":false,"asignar_imagen_unica_para_banner":false,"mostrar_titulo_banner":false,"titulo_para_banner":"","mostrar_subtitulo_banner":false,"subtitulo_del_banner":"","mostrar_cta_banner":false,"texto_cta_banner":"","url_cta_banner":"","fondo_de_color_banner":"","fondo_de_imagen_banner":false,"mostrar_imagen_izquierda_banner":false,"asignar_imagen_izquierda_banner":false},"mostrar_banner_2":false,"crear_banner_2":{"utilizar_imagen_unica_para_banner":false,"asignar_imagen_unica_para_banner":false,"mostrar_titulo_banner":false,"titulo_para_banner":"","mostrar_subtitulo_banner":false,"subtitulo_del_banner":"","mostrar_cta_banner":false,"texto_cta_banner":"","url_cta_banner":"","fondo_de_color_banner":"","fondo_de_imagen_banner":false,"mostrar_imagen_izquierda_banner":false,"asignar_imagen_izquierda_banner":false},"mostrar_banner_3":false,"crear_banner_3":{"utilizar_imagen_unica_para_banner":false,"asignar_imagen_unica_para_banner":false,"mostrar_titulo_banner":false,"titulo_para_banner":"","mostrar_subtitulo_banner":false,"subtitulo_del_banner":"","mostrar_cta_banner":false,"texto_cta_banner":"","url_cta_banner":"","fondo_de_color_banner":"","fondo_de_imagen_banner":false,"mostrar_imagen_izquierda_banner":false,"asignar_imagen_izquierda_banner":false},"activar_hero_video":false,"video_texto":"","video_header":false,"pdf_brochure_link_drive":"https:\/\/drive.google.com\/uc?id=1MyNYc4nWGQ-xI-t38CEOY53maaYbAHER&export=download"},"idiomas":{"en":10338,"es":10350,"ar":10350,"ca":10348,"ru":10350,"pt":10349},"_links":{"self":[{"href":"https:\/\/barcanew.capabiliaserver.com\/es\/wp-json\/wp\/v2\/products\/10350"}],"collection":[{"href":"https:\/\/barcanew.capabiliaserver.com\/es\/wp-json\/wp\/v2\/products"}],"about":[{"href":"https:\/\/barcanew.capabiliaserver.com\/es\/wp-json\/wp\/v2\/types\/product"}],"author":[{"embeddable":true,"href":"https:\/\/barcanew.capabiliaserver.com\/es\/wp-json\/wp\/v2\/users\/1"}],"replies":[{"embeddable":true,"href":"https:\/\/barcanew.capabiliaserver.com\/es\/wp-json\/wp\/v2\/comments?post=10350"}],"version-history":[{"count":5,"href":"https:\/\/barcanew.capabiliaserver.com\/es\/wp-json\/wp\/v2\/products\/10350\/revisions"}],"predecessor-version":[{"id":134720,"href":"https:\/\/barcanew.capabiliaserver.com\/es\/wp-json\/wp\/v2\/products\/10350\/revisions\/134720"}],"wp:attachment":[{"href":"https:\/\/barcanew.capabiliaserver.com\/es\/wp-json\/wp\/v2\/media?parent=10350"}],"wp:term":[{"taxonomy":"category","embeddable":true,"href":"https:\/\/barcanew.capabiliaserver.com\/es\/wp-json\/wp\/v2\/categories?post=10350"}],"curies":[{"name":"wp","href":"https:\/\/api.w.org\/{rel}","templated":true}]}}