{"id":89338,"date":"2021-04-16T16:42:41","date_gmt":"2021-04-16T19:42:41","guid":{"rendered":"https:\/\/barcanew.capabiliaserver.com\/?post_type=product&#038;p=89338"},"modified":"2023-01-13T10:35:41","modified_gmt":"2023-01-13T13:35:41","slug":"certificate-in-advanced-football-tactical-analysis","status":"publish","type":"product","link":"https:\/\/barcanew.capabiliaserver.com\/ca\/product\/certificate-in-advanced-football-tactical-analysis\/","title":{"rendered":"Certificat en An\u00e0lisi T\u00e0ctica de Futbol Avan\u00e7at"},"content":{"rendered":"<p>contenido<\/p>\n","protected":false},"excerpt":{"rendered":"<p>excerpt<\/p>\n","protected":false},"author":16,"featured_media":0,"comment_status":"open","ping_status":"closed","template":"","meta":{"_acf_changed":false,"footnotes":""},"categories":[247,31],"acf":{"external_id":"1424","titulo_curso":"Certificado en An\u00e1lisis T\u00e1ctico de F\u00fatbol Avanzado","precio":"625","impartido_en":"Spanish","producto_path":false,"hubspot_product_id":"809520548","id_magento":"391","header_image":134259,"column_title":"","titulo_incentivo":"","fecha_de_inicio":"09\/10\/2021","precio_en_cuotas":"","precio_de_lista":"","mostrar_form":false,"promocion_vigente":"","duracion_del_curso":"4 months","nivel_del_curso":"Avan\u00e7at","modalidad_cursado":"Online","contenido":"<p>El continu avan\u00e7 en el desenvolupament i evoluci\u00f3 de l&#8217;an\u00e0lisi t\u00e0ctica en el futbol fa imprescindible que l&#8217;estudi i formaci\u00f3 en aquest camp de treball sigui permanent. Les propostes de treball s\u00f3n cada vegada m\u00e9s \u00e0mplies per als analistes, podent prendre rols de treball en temes espec\u00edfics d&#8217;an\u00e0lisis. Per aquest motiu, en aquest Certificat aprofundirem en quatre temes espec\u00edfics en els quals un analista pot especialitzar-se i aix\u00ed exercir un treball professional en un camp d&#8217;acci\u00f3 puntual.<\/p>\n<p>El curs d&#8217;An\u00e0lisi de la Fase d&#8217;Inici de Joc t\u00e9 l&#8217;objectiu general de formar a l&#8217;alumne en l&#8217;avaluaci\u00f3 espec\u00edfica d&#8217;aquesta fase del joc, la qual, sobretot en l&#8217;\u00faltima d\u00e8cada, ha sofert una profunda evoluci\u00f3.<\/p>\n<p>En el context de m\u00e0xima igualtat en el que es troba el futbol, les Accions a Pilota Parada (ABP) emergeixen com una oportunitat molt valuosa per a fer gol. Aix\u00ed, entre el 30 i el 35% dels gols s\u00f3n precedits per una ABP. \u00c9s per aix\u00f2, que considerem de vital import\u00e0ncia la profunda an\u00e0lisi d&#8217;aquesta mena d&#8217;accions per a poder optimitzar-les al m\u00e0xim i d&#8217;aquesta manera, treure avantatge competitiu al nostre rival.<\/p>\n<p>En el curs Pressi\u00f3 Alta en el Futbol els alumnes estudiaran els continguts te\u00f2rics i pr\u00e0ctics mitjan\u00e7ant l&#8217;an\u00e0lisi de les situacions de pressi\u00f3 alta m\u00e9s comunes en un partit de futbol, oferint-los la informaci\u00f3 m\u00e9s espec\u00edfica i rellevant que els ajudar\u00e0 a entendre millor aquesta fase del joc, tant per a trobar solucions t\u00e0ctiques durant els partits, com per a plantejar tasques per a la seva aplicaci\u00f3 i millora en l&#8217;entrenament.<\/p>\n<p>Finalment, el curs de Metodologia de l&#8217;Observaci\u00f3 en Futbol Formatiu est\u00e0 dirigit a aquelles persones que desenvolupin la funci\u00f3 d&#8217;Analista T\u00e0ctic de Joc en un equip de futbol. Durant el curs, es tractar\u00e0 d&#8217;abordar la metodologia d&#8217;observaci\u00f3 realitzada en el FC Barcelona enfocada a categories del Futbol Formatiu.<\/p>\n","ocultar_video":true,"url_video":"","avalado_por":false,"pdf_brochure":"https:\/\/static.capabiliaserver.com\/frontend\/clients\/barca\/wp_prod\/wp-content\/uploads\/2021\/04\/55d88802-certificate-in-advanced-football-tactical-analysis-1.pdf","cursos_que_lo_componen":[{"nombre_del_curso":"An\u00e0lisi de la fase d'inici del joc","descripcion_del_curso":"<p>M\u00d2DUL 1: Definici\u00f3 i evoluci\u00f3 de la fase d'inici i comprensi\u00f3 dels criteris generals d'an\u00e0lisis<br \/>\nM\u00d2DUL 2: Estudi dels elements estructurals de la fase d'inici<br \/>\nM\u00d2DUL 3: Estudi dels elements din\u00e0mics de la fase d'inici<br \/>\nM\u00d2DUL 4: An\u00e0lisi estad\u00edstica, selecci\u00f3 i presentaci\u00f3 de la informaci\u00f3<\/p>\n"},{"nombre_del_curso":"An\u00e0lisi de les accions a pilota parada","descripcion_del_curso":"<p>M\u00d2DUL 1: La import\u00e0ncia de les ABP i introducci\u00f3 a la seva an\u00e0lisi<br \/>\nM\u00d2DUL 2: An\u00e0lisi de les ABP defensives<br \/>\nM\u00d2DUL 3: An\u00e0lisi de les ABP ofensives<br \/>\nM\u00d2DUL 4: Tend\u00e8ncies metodol\u00f2giques de l'entrenament de les ABP<\/p>\n"},{"nombre_del_curso":"La pressi\u00f3 alta en futbol","descripcion_del_curso":"<p>M\u00d2DUL 1: La pressi\u00f3 alta en la fase defensiva. Marc te\u00f2ric<br \/>\nM\u00d2DUL 2: Estructures defensives m\u00e9s comunes en la pressi\u00f3 alta en futbol<br \/>\nM\u00d2DUL 3: Metodologia de l'entrenament de la pressi\u00f3 alta en el futbol<br \/>\nM\u00d2DUL 4: Dades per a una bona interpretaci\u00f3 en l'an\u00e0lisi de la pressi\u00f3 alta en futbol<\/p>\n"},{"nombre_del_curso":"Metodologia de l'observaci\u00f3 en futbol formatiu","descripcion_del_curso":"<p>M\u00d2DUL 1: Introducci\u00f3 a l'observaci\u00f3 de v\u00eddeo<br \/>\nM\u00d2DUL 2: Observaci\u00f3 en una sessi\u00f3 d'entrenament<br \/>\nM\u00d2DUL 3: Observaci\u00f3 en partit de competici\u00f3<br \/>\nM\u00d2DUL 4: Observaci\u00f3 individual de l'jugador<\/p>\n"}],"aprende_a":[{"item_aprende_a":"Implementar les eines, m\u00e8todes i estrat\u00e8gies en relaci\u00f3 a l'an\u00e0lisi t\u00e0ctica del futbol, atorgant les habilitats espec\u00edfiques per a satisfer la demanda de rols espec\u00edfics per part de clubs professionals."},{"item_aprende_a":"Identificar els par\u00e0metres i elements t\u00e0ctics de la fase d'inici del joc, a la fi de seleccionar, organitzar i transmetre la informaci\u00f3 m\u00e9s important de manera efica\u00e7 a trav\u00e9s tamb\u00e9 de l\u2019\u00fas d'eines tecnol\u00f2giques.\r\n"},{"item_aprende_a":"Entendre la import\u00e0ncia de les ABP en el futbol actual i sobretot, obtenir recursos i criteris per a desenvolupar l'an\u00e0lisi d'aquesta mena d'accions.\r\n"},{"item_aprende_a":"Aplicar els continguts te\u00f2rics i pr\u00e0ctics m\u00e9s rellevants per a l'an\u00e0lisi de la fase de la pressi\u00f3 alta en el futbol, que et permetran identificar i recon\u00e8ixer les diferents situacions de pressi\u00f3 alta, aix\u00ed com plantejar tasques per al seu entrenament.\r\n"},{"item_aprende_a":"Con\u00e8ixer una nova metodologia d'observaci\u00f3 enfocada al Futbol Formatiu basada en el teu propi equip, des d'entrenaments a partits.\r\n"}],"preguntas_frecuentes":false,"contenidistas":[{"contenidista":"Matias Pera Lallana","descripcion_contenidista":"Coordinador i entrenador de futbol base."}],"docentes_expertos":[{"foto":"https:\/\/barcanew.capabiliaserver.com\/wp-content\/uploads\/2020\/02\/fd6fc797-alberto-angelastri.png","nombre_del_docente":"Alberto Angelastri","descripcion_del_docente":"Match Analyst del FC Barcelona.","enlace":""},{"foto":"https:\/\/barcanew.capabiliaserver.com\/wp-content\/uploads\/2020\/02\/b4c8368b-joan-vicente-armengol.jpg","nombre_del_docente":"Joan Vicente Armengol","descripcion_del_docente":"Analista de la selecci\u00f3 Sub23 dels Emirats \u00c0rabs Units (UAEFA). Anteriorment membre del departament d'an\u00e0lisi del FC Barcelona. Graduat en Ci\u00e8ncies de l'Activitat F\u00edsica i de l'Esport (INEFC Lleida), M\u00e0ster Professional en Alt Rendiment en Esports d'Equip (INEFC Barcelona) i t\u00edtol en Big Data aplicat al model de joc, an\u00e0lisi i entrenament en futbol (UCAM).","enlace":""},{"foto":"https:\/\/barcanew.capabiliaserver.com\/wp-content\/uploads\/2020\/02\/88e6d2a0-isidre-ramon-madir.jpg","nombre_del_docente":"Isidre Ram\u00f3n Madir","descripcion_del_docente":"Entrenador assistent del Val\u00e8ncia CF. Ex entrenador assistent del Watford FC i del primer equip de futbol del FC Barcelona.","enlace":""},{"foto":"https:\/\/static.capabiliaserver.com\/frontend\/clients\/barca\/wp_prod\/wp-content\/uploads\/2021\/04\/ebc50c63-jordi-pons-bolivar.jpeg","nombre_del_docente":"Jordi Pons Bol\u00edvar","descripcion_del_docente":"Football Analyst del FC Barcelona.","enlace":""}],"imagen_destacada":"https:\/\/barcanew.capabiliaserver.com\/wp-content\/uploads\/2021\/04\/c26062f1-certificate-in-advanced-football-tactical-analysis_.jpg","slidebox":false,"titulo_seccion_testimonios":"","zona_horaria":"Europe\/Madrid","activar_banner_1":false,"banner_1":false,"activar_banner_2":false,"banner_2":false,"activar_banner_3":false,"banner_3":false,"url_cursado_webinar":"20210925","segunda_fecha_de_inicio":"25092021","activar_nuevos_banners":false,"mostrar_banner_1":false,"crear_banner_1":{"utilizar_imagen_unica_para_banner":false,"asignar_imagen_unica_para_banner":false,"mostrar_titulo_banner":false,"titulo_para_banner":"","mostrar_subtitulo_banner":false,"subtitulo_del_banner":"","mostrar_cta_banner":false,"texto_cta_banner":"","url_cta_banner":"","fondo_de_color_banner":"","fondo_de_imagen_banner":false,"mostrar_imagen_izquierda_banner":false,"asignar_imagen_izquierda_banner":false},"mostrar_banner_2":false,"crear_banner_2":{"utilizar_imagen_unica_para_banner":false,"asignar_imagen_unica_para_banner":false,"mostrar_titulo_banner":false,"titulo_para_banner":"","mostrar_subtitulo_banner":false,"subtitulo_del_banner":"","mostrar_cta_banner":false,"texto_cta_banner":"","url_cta_banner":"","fondo_de_color_banner":"","fondo_de_imagen_banner":false,"mostrar_imagen_izquierda_banner":false,"asignar_imagen_izquierda_banner":false},"mostrar_banner_3":false,"crear_banner_3":{"utilizar_imagen_unica_para_banner":false,"asignar_imagen_unica_para_banner":false,"mostrar_titulo_banner":false,"titulo_para_banner":"","mostrar_subtitulo_banner":false,"subtitulo_del_banner":"","mostrar_cta_banner":false,"texto_cta_banner":"","url_cta_banner":"","fondo_de_color_banner":"","fondo_de_imagen_banner":false,"mostrar_imagen_izquierda_banner":false,"asignar_imagen_izquierda_banner":false},"activar_hero_video":false,"video_texto":"","pdf_brochure_link_drive":"https:\/\/drive.google.com\/uc?id=1nkd-2lp3gCHJSDOn2m8X_AW2S8eNoOBg&export=download"},"idiomas":{"en":89336,"es":89341,"ar":89337,"ca":89338,"ru":89340,"pt":89339},"_links":{"self":[{"href":"https:\/\/barcanew.capabiliaserver.com\/ca\/wp-json\/wp\/v2\/products\/89338"}],"collection":[{"href":"https:\/\/barcanew.capabiliaserver.com\/ca\/wp-json\/wp\/v2\/products"}],"about":[{"href":"https:\/\/barcanew.capabiliaserver.com\/ca\/wp-json\/wp\/v2\/types\/product"}],"author":[{"embeddable":true,"href":"https:\/\/barcanew.capabiliaserver.com\/ca\/wp-json\/wp\/v2\/users\/16"}],"replies":[{"embeddable":true,"href":"https:\/\/barcanew.capabiliaserver.com\/ca\/wp-json\/wp\/v2\/comments?post=89338"}],"version-history":[{"count":5,"href":"https:\/\/barcanew.capabiliaserver.com\/ca\/wp-json\/wp\/v2\/products\/89338\/revisions"}],"predecessor-version":[{"id":136693,"href":"https:\/\/barcanew.capabiliaserver.com\/ca\/wp-json\/wp\/v2\/products\/89338\/revisions\/136693"}],"wp:attachment":[{"href":"https:\/\/barcanew.capabiliaserver.com\/ca\/wp-json\/wp\/v2\/media?parent=89338"}],"wp:term":[{"taxonomy":"category","embeddable":true,"href":"https:\/\/barcanew.capabiliaserver.com\/ca\/wp-json\/wp\/v2\/categories?post=89338"}],"curies":[{"name":"wp","href":"https:\/\/api.w.org\/{rel}","templated":true}]}}