{"id":87800,"date":"2021-04-19T13:29:50","date_gmt":"2021-04-19T16:29:50","guid":{"rendered":"https:\/\/barcanew.capabiliaserver.com\/?post_type=product&#038;p=87800"},"modified":"2023-01-13T11:14:24","modified_gmt":"2023-01-13T14:14:24","slug":"professional-diploma-in-injury-management-for-team-sports","status":"publish","type":"product","link":"https:\/\/barcanew.capabiliaserver.com\/ca\/product\/professional-diploma-in-injury-management-for-team-sports\/","title":{"rendered":"Diplomat en Gesti\u00f3 de Lesions en Esports D&#8217;Equip"},"content":{"rendered":"<p>contenido<\/p>\n","protected":false},"excerpt":{"rendered":"<p>excerpt<\/p>\n","protected":false},"author":16,"featured_media":0,"comment_status":"open","ping_status":"closed","template":"","meta":{"_acf_changed":false,"footnotes":""},"categories":[112],"acf":{"external_id":"1824","titulo_curso":"Diplomado en Gesti\u00f3n de Lesiones en Deportes de Equipo  - Carrusel","precio":"990","impartido_en":"Spanish","producto_path":false,"hubspot_product_id":"703356701","id_magento":"388","header_image":134428,"column_title":"","titulo_incentivo":"Professional Diploma in Injury Management for Team Sports","fecha_de_inicio":"10082021","precio_en_cuotas":"8 pagaments mensuals de 123,75 \u20ac","precio_de_lista":"","mostrar_form":false,"promocion_vigente":"","duracion_del_curso":"9 mesos","nivel_del_curso":"Avan\u00e7at","modalidad_cursado":"Online","contenido":"<p><strong>IMPORTANT:<\/strong><\/p>\n<p>Si sou o heu participat en un programa en l\u00ednia del Bar\u00e7a Innovation Hub Universitas i esteu interessat en inscriure-us a aquest Diploma Professional, poseu-vos en contacte amb nosaltres a trav\u00e9s de CHAT per orientar-vos en el proc\u00e9s de compra.<\/p>\n","ocultar_video":true,"url_video":"","avalado_por":false,"pdf_brochure":"https:\/\/barcanew.capabiliaserver.com\/wp-content\/uploads\/2021\/04\/64776c81-diplomado-en-gestion-de-lesiones-en-deportes-de-equipo.pdf","cursos_que_lo_componen":[{"nombre_del_curso":"Prevenci\u00f3n de lesiones","descripcion_del_curso":"<p>M\u00d3DULO 1: CONCEPTOS B\u00c1SICOS EN EPIDEMIOLOG\u00cdA Y PREVENCI\u00d3N DE LESIONES<br \/>\nUnidad 1: Conceptos b\u00e1sicos en prevenci\u00f3n de lesiones<br \/>\nUnidad 2: Epidemiolog\u00eda en deportes de conjunto<\/p>\n<p>M\u00d3DULO 2: PREVENCI\u00d3N DE LESIONES MUSCULARES<br \/>\nUnidad 1: Prevenci\u00f3n de lesiones musculares m\u00e1s frecuentes (isquiotibiales)<br \/>\nUnidad 2: Abordaje preventivo en la prevenci\u00f3n de lesiones musculares<\/p>\n<p>M\u00d3DULO 3: PREVENCI\u00d3N DE LESIONES ARTICULARES<br \/>\nUnidad 1: Prevenci\u00f3n de lesiones articulares m\u00e1s frecuentes de MMII (lesi\u00f3n de LCA)<br \/>\nUnidad 2: Prevenci\u00f3n de lesiones articulares m\u00e1s frecuentes de MMSS (lesiones de hombro)<\/p>\n<p>M\u00d3DULO 4: M\u00d3DULO INTEGRADOR<\/p>\n"},{"nombre_del_curso":"Patolog\u00eda en deportes de equipo","descripcion_del_curso":"<p>M\u00d3DULO 1: Gesti\u00f3n de la patolog\u00eda m\u00e9dica 1<br \/>\nM\u00d3DULO 2: Gesti\u00f3n de la patolog\u00eda m\u00e9dica 2<br \/>\nM\u00d3DULO 3: Patolog\u00edas espec\u00edficas por deporte<br \/>\nM\u00d3DULO 4: Deportes y competiciones especiales<\/p>\n"},{"nombre_del_curso":"Bases neuromusculares en el entrenamiento de la fuerza","descripcion_del_curso":"<p>M\u00d3DULO 1: Caracter\u00edsticas del sistema m\u00fasculo esquel\u00e9tico.<br \/>\nUnidad 1: El movimiento desde el sistema nervioso central.<br \/>\nUnidad 2: Funcionalidad del m\u00fasculo esquel\u00e9tico.<\/p>\n<p>M\u00d3DULO 2: Las acciones musculares y su relaci\u00f3n con el deporte.<br \/>\nUnidad 1: Tipos de acci\u00f3n muscular.<br \/>\nUnidad 2: Interrelaci\u00f3n de las acciones musculares en el movimiento y el mantenimiento de la posici\u00f3n.<\/p>\n<p>M\u00d3DULO 3: Cambios sist\u00e9micos en el desentrenamiento y la inmovilizaci\u00f3n.<br \/>\nUnidad 1: Desentrenamiento con relaci\u00f3n al m\u00fasculo esquel\u00e9tico.<br \/>\nUnidad 2: La hipertrofia muscular.<\/p>\n<p>M\u00d3DULO 4: La valoraci\u00f3n de las propiedades musculares con relaci\u00f3n al deporte.<br \/>\nUnidad 1: La electromiograf\u00eda de superficie.<br \/>\nUnidad 2: La tensiomiograf\u00eda.<\/p>\n"},{"nombre_del_curso":"Metodolog\u00eda del entrenamiento de la fuerza: aplicaci\u00f3n en la mejora del rendimiento deportivo y en la readaptaci\u00f3n post lesi\u00f3n a la competici\u00f3n","descripcion_del_curso":"<p>M\u00d3DULO 1: Contextualizaci\u00f3n: \u00bfc\u00f3mo adaptamos el entrenamiento de fuerza a los deportes de equipo?<br \/>\nM\u00d3DULO 2: Metodolog\u00eda del trabajo de fuerza en el deporte de situaci\u00f3n.<br \/>\nM\u00d3DULO 3: Integraci\u00f3n del trabajo de fuerza en la planificaci\u00f3n y programaci\u00f3n de los deportes de situaci\u00f3n.<br \/>\nM\u00d3DULO 4: La fuerza en el dise\u00f1o de tareas espec\u00edficas del deporte. Ejemplificaci\u00f3n en f\u00fatbol.<\/p>\n"},{"nombre_del_curso":"La fuerza y potencia muscular como cualidad clave en la readaptaci\u00f3n de las lesiones deportivas","descripcion_del_curso":"<p>M\u00d3DULO 1: Estudio de la lesi\u00f3n en el deporte: los mecanismos lesivos y los factores de riesgo de lesi\u00f3n asociados.<br \/>\nM\u00d3DULO 2: Las lesiones deportivas y su relaci\u00f3n con la cualidad de fuerza.<br \/>\nM\u00d3DULO 3: Manifestaciones de la fuerza y la potencia muscular en el proceso de readaptaci\u00f3n post lesi\u00f3n.<br \/>\nM\u00d3DULO 4: Nuevos paradigmas en el entrenamiento de la fuerza: musculaci\u00f3n mediante oclusi\u00f3n vascular.<\/p>\n"},{"nombre_del_curso":"Indicadores para la Gestio\u0301n de la Carga de Entrenamiento","descripcion_del_curso":"<p>MO\u0301DULO 1: Cambios semanales<br \/>\nMO\u0301DULO 2: Ratio de carga aguda cr\u00f3nica: concepto y procedimiento de c\u00e1lculo<br \/>\nM\u00d3DULO 3: Ratio de carga aguda cr\u00f3nica: aplicaciones y limitaciones<br \/>\nMO\u0301DULO 4: Moderadores y mediadores de la carga de entrenamiento<\/p>\n"},{"nombre_del_curso":"Eleccio\u0301n de Variables: \u00bfEstamos Repitiendo Informacio\u0301n o Aportando Informacio\u0301n Adicional?","descripcion_del_curso":"<p>MO\u0301DULO 1: Relacio\u0301n entre variables de carga interna entre s\u00ed y con variables de carga externa<br \/>\nMO\u0301DULO 2: Relacio\u0301n entre variables de carga externa<br \/>\nMO\u0301DULO 3: Integracio\u0301n de medidas. I\u0301ndice de eficiencia<br \/>\nMO\u0301DULO 4: Eleccio\u0301n de variables<\/p>\n"},{"nombre_del_curso":"Nutrici\u00f3n, recuperaci\u00f3n y adaptaciones al entrenamiento","descripcion_del_curso":"<p>M\u00d3DULO 1: Ejercicio y fatiga<br \/>\nUnidad 1: \u00bfQu\u00e9 es la fatiga?<br \/>\nUnidad 2: Retrasar la fatiga<\/p>\n<p>M\u00d3DULO 2: Recuperaci\u00f3n y adaptaci\u00f3n<br \/>\nUnidad 1: Recuperaci\u00f3n<br \/>\nUnidad 2: Adaptaci\u00f3n<\/p>\n<p>M\u00d3DULO 3: Optimizar la recuperaci\u00f3n y la adaptaci\u00f3n<br \/>\nUnidad 1: Optimizar la recuperaci\u00f3n con la nutrici\u00f3n<br \/>\nUnidad 2: Optimizar la adaptaci\u00f3n con la nutrici\u00f3n<\/p>\n<p>M\u00d3DULO 4: Recuperaci\u00f3n de lesiones<br \/>\nUnidad 1: Diferentes fases de la lesi\u00f3n<br \/>\nUnidad 2: Estrategias<\/p>\n"},{"nombre_del_curso":"Situaciones cotidianas del deporte","descripcion_del_curso":"<p>M\u00d3DULO 1: Gesti\u00f3n de jugadores lesionados<br \/>\nM\u00d3DULO 2: Posibilitadores de la dual career<br \/>\nM\u00d3DULO 3: Gesti\u00f3n de la dificultad I<br \/>\nM\u00d3DULO 4: Gesti\u00f3n de la dificultad II<\/p>\n"}],"aprende_a":[{"item_aprende_a":"Plantejar estrat\u00e8gies preventives eficients basades en un proc\u00e9s sustentat en l'evid\u00e8ncia cient\u00edfica.\r\n\r\n"},{"item_aprende_a":"Manejar les patologies i lesions diferenciades per esport.\r\n\r\n"},{"item_aprende_a":"Millorar l'an\u00e0lisi cr\u00edtica en realitzar un programa d'entrenament en els diferents rols professionals relacionats amb les ci\u00e8ncies de l'esport i la salut.\r\n\r\n"},{"item_aprende_a":"Millorar el rendiment esportiu i la prevenci\u00f3 de lesions a partir d'un coneixement profund sobre la metodologia a aplicar en els programes d'entrenament de la for\u00e7a i la pot\u00e8ncia muscular.\r\n\r\n"},{"item_aprende_a":"Aplicar la metodologia adequada en el disseny del proc\u00e9s de readaptaci\u00f3 post lesi\u00f3 en aquelles afeccions on el desenvolupament de la for\u00e7a tingui un marcat protagonisme.\r\n\r\n"},{"item_aprende_a":"Analitzar les dades del monitoratge de la c\u00e0rrega de treball per a orientar el proc\u00e9s d'entrenament cap a la prevenci\u00f3 de lesions i el conseg\u00fcent augment del rendiment esportiu.\r\n\r\n"},{"item_aprende_a":"Optimitzar la recuperaci\u00f3 intensa i l'adaptaci\u00f3 a l'entrenament amb la nutrici\u00f3.\r\n\r\n"},{"item_aprende_a":"Adquirir estrat\u00e8gies espec\u00edfiques per a la soluci\u00f3 de situacions espec\u00edfiques que es donen en el dia a dia de l'entorn esportiu.\r\n"}],"preguntas_frecuentes":false,"contenidistas":false,"docentes_expertos":[{"foto":"https:\/\/barcanew.capabiliaserver.com\/wp-content\/uploads\/2021\/04\/6ca11a55-paco-seirul-lo-1.jpg","nombre_del_docente":"Paco Seirul\u00b7lo Vargas","descripcion_del_docente":"Responsable del \u00e1rea de metodolog\u00eda del FC Barcelona.","enlace":""},{"foto":"https:\/\/barcanew.capabiliaserver.com\/wp-content\/uploads\/2021\/04\/9b3acf97-gil_rodas_font_bis.jpg","nombre_del_docente":"Gil Rodas Font","descripcion_del_docente":"Doctor en Medicina y Cirug\u00eda. Especialista en Medicina de la Educaci\u00f3n F\u00edsica y el Deporte. Responsable del \u00e1rea de Servicios M\u00e9dicos del Bar\u00e7a Innovation Hub.","enlace":""},{"foto":"https:\/\/barcanew.capabiliaserver.com\/wp-content\/uploads\/2021\/04\/d70b12f8-dani_romero.png","nombre_del_docente":"Daniel Romero Rodriguez","descripcion_del_docente":"Preparador F\u00edsico de Fuerza del Juvenil A del FC Barcelona.","enlace":""},{"foto":"https:\/\/barcanew.capabiliaserver.com\/wp-content\/uploads\/2020\/02\/9c4adc5b-francesc-cos-2.jpg","nombre_del_docente":"Francesc Cos","descripcion_del_docente":"Antic Cap d'Entrenament de la For\u00e7a per al primer equip de futbol del FC Barcelona (2004-2016). Exdirector de l'\u00c0rea de Rendiment Esportiu del Bar\u00e7a Innovation Hub (2016-2018). Actualment Preparador F\u00edsic del Manchester City.","enlace":""},{"foto":"https:\/\/barcanew.capabiliaserver.com\/wp-content\/uploads\/2021\/04\/43630949-asker_jeukendrup.jpg","nombre_del_docente":"Asker Jeukendrup","descripcion_del_docente":"Cient\u00edfico en nutrici\u00f3n deportiva. Profesor de metabolismo del ejercicio. Consultor de rendimiento en deporte de \u00e9lite. Emprendedor. Triatleta Ironman.","enlace":""},{"foto":"https:\/\/barcanew.capabiliaserver.com\/wp-content\/uploads\/2021\/04\/2e8378f3-ana_merayo.png","nombre_del_docente":"Ana Merayo Garc\u00eda","descripcion_del_docente":"Psic\u00f3loga deportiva. Docente. Coordinadora del SAIE (Servicio de Atenci\u00f3n Integral al Deportista) de Masia 360, FC Barcelona.","enlace":""},{"foto":"https:\/\/barcanew.capabiliaserver.com\/wp-content\/uploads\/2019\/01\/469f2a42-david-casamichana.jpg","nombre_del_docente":"David Casamichana G\u00f3mez","descripcion_del_docente":"Doctor en Ci\u00e8ncies de l\u2019Activitat F\u00edsica i de l\u2019Esport. Preparador f\u00edsic en futbol. Professor universitari i investigador.","enlace":""}],"imagen_destacada":"https:\/\/barcanew.capabiliaserver.com\/wp-content\/uploads\/2021\/04\/b03c3236-professional-diploma-in-injury-management-for-team-sports_-1.jpg","slidebox":false,"titulo_seccion_testimonios":"","slider_testimonios":false,"imagen_de_fondo_testimonios":false,"color_de_fondo_testimonios":"","activar_banner_1":false,"banner_1":false,"activar_banner_2":false,"banner_2":false,"activar_banner_3":false,"banner_3":false,"segunda_fecha_de_inicio":"","zona_horaria":"Europe\/Madrid","activar_nuevos_banners":false,"mostrar_banner_1":false,"crear_banner_1":{"utilizar_imagen_unica_para_banner":false,"asignar_imagen_unica_para_banner":false,"mostrar_titulo_banner":false,"titulo_para_banner":"","mostrar_subtitulo_banner":false,"subtitulo_del_banner":"","mostrar_cta_banner":false,"texto_cta_banner":"","url_cta_banner":"","fondo_de_color_banner":"","fondo_de_imagen_banner":false,"mostrar_imagen_izquierda_banner":false,"asignar_imagen_izquierda_banner":false},"mostrar_banner_2":false,"crear_banner_2":{"utilizar_imagen_unica_para_banner":false,"asignar_imagen_unica_para_banner":false,"mostrar_titulo_banner":false,"titulo_para_banner":"","mostrar_subtitulo_banner":false,"subtitulo_del_banner":"","mostrar_cta_banner":false,"texto_cta_banner":"","url_cta_banner":"","fondo_de_color_banner":"","fondo_de_imagen_banner":false,"mostrar_imagen_izquierda_banner":false,"asignar_imagen_izquierda_banner":false},"mostrar_banner_3":false,"crear_banner_3":{"utilizar_imagen_unica_para_banner":false,"asignar_imagen_unica_para_banner":false,"mostrar_titulo_banner":false,"titulo_para_banner":"","mostrar_subtitulo_banner":false,"subtitulo_del_banner":"","mostrar_cta_banner":false,"texto_cta_banner":"","url_cta_banner":"","fondo_de_color_banner":"","fondo_de_imagen_banner":false,"mostrar_imagen_izquierda_banner":false,"asignar_imagen_izquierda_banner":false},"activar_hero_video":false,"video_texto":"","video_header":false,"pdf_brochure_link_drive":"https:\/\/drive.google.com\/uc?id=11q-aXGkn_w86UAcnU-URi8RwUtuqQLqJ&export=download"},"idiomas":{"en":87798,"es":87803,"ar":87799,"ca":87800,"ru":87802,"pt":87801},"_links":{"self":[{"href":"https:\/\/barcanew.capabiliaserver.com\/ca\/wp-json\/wp\/v2\/products\/87800"}],"collection":[{"href":"https:\/\/barcanew.capabiliaserver.com\/ca\/wp-json\/wp\/v2\/products"}],"about":[{"href":"https:\/\/barcanew.capabiliaserver.com\/ca\/wp-json\/wp\/v2\/types\/product"}],"author":[{"embeddable":true,"href":"https:\/\/barcanew.capabiliaserver.com\/ca\/wp-json\/wp\/v2\/users\/16"}],"replies":[{"embeddable":true,"href":"https:\/\/barcanew.capabiliaserver.com\/ca\/wp-json\/wp\/v2\/comments?post=87800"}],"version-history":[{"count":5,"href":"https:\/\/barcanew.capabiliaserver.com\/ca\/wp-json\/wp\/v2\/products\/87800\/revisions"}],"predecessor-version":[{"id":136715,"href":"https:\/\/barcanew.capabiliaserver.com\/ca\/wp-json\/wp\/v2\/products\/87800\/revisions\/136715"}],"wp:attachment":[{"href":"https:\/\/barcanew.capabiliaserver.com\/ca\/wp-json\/wp\/v2\/media?parent=87800"}],"wp:term":[{"taxonomy":"category","embeddable":true,"href":"https:\/\/barcanew.capabiliaserver.com\/ca\/wp-json\/wp\/v2\/categories?post=87800"}],"curies":[{"name":"wp","href":"https:\/\/api.w.org\/{rel}","templated":true}]}}