{"id":87782,"date":"2021-04-11T03:18:03","date_gmt":"2021-04-11T06:18:03","guid":{"rendered":"https:\/\/barcanew.capabiliaserver.com\/?post_type=product&#038;p=87782"},"modified":"2023-01-13T10:53:14","modified_gmt":"2023-01-13T13:53:14","slug":"professional-diploma-workload-management","status":"publish","type":"product","link":"https:\/\/barcanew.capabiliaserver.com\/ca\/product\/professional-diploma-workload-management\/","title":{"rendered":"Diplomat en Gesti\u00f3 de la C\u00e1rrega de Treball"},"content":{"rendered":"<p>contenido<\/p>\n","protected":false},"excerpt":{"rendered":"<p>excerpt<\/p>\n","protected":false},"author":16,"featured_media":0,"comment_status":"open","ping_status":"closed","template":"","meta":{"_acf_changed":false,"footnotes":""},"categories":[112],"acf":{"external_id":"1837","titulo_curso":"Diplomado en Gesti\u00f3n de la Carga de Trabajo - Carrusel","precio":"990","impartido_en":"Spanish","producto_path":false,"hubspot_product_id":"703356711","id_magento":"385","header_image":108240,"column_title":"","titulo_incentivo":"Professional Diploma in Workload Management","fecha_de_inicio":"10062021","precio_en_cuotas":"8 pagaments mensuals de 123,75 \u20ac","precio_de_lista":"","mostrar_form":false,"promocion_vigente":"","duracion_del_curso":"9 mesos","nivel_del_curso":"Avan\u00e7at","modalidad_cursado":"Online","contenido":"<p><strong>IMPORTANT:<\/strong><\/p>\n<p>Si sou o heu participat en un programa en l\u00ednia del Bar\u00e7a Innovation Hub Universitas i esteu interessat en inscriure-us a aquest Diploma Professional, poseu-vos en contacte amb nosaltres a trav\u00e9s de CHAT per orientar-vos en el proc\u00e9s de compra.<\/p>\n","ocultar_video":true,"url_video":"","avalado_por":false,"pdf_brochure":"https:\/\/static.capabiliaserver.com\/frontend\/clients\/barca\/wp_prod\/wp-content\/uploads\/2021\/04\/daed7351-diplomat-en-gestio-de-la-carrega-de-treball.pdf","cursos_que_lo_componen":[{"nombre_del_curso":"Eines i variables per al monitoratge de la c\u00e0rrega d'entrenament","descripcion_del_curso":"<p>M\u00d2DUL 1: Introducci\u00f3 al monitoratge de la c\u00e0rrega d'entrenament<br \/>\nM\u00d2DUL 2: El cicle de planificar-intervenir-avaluar en el proc\u00e9s d'entrenament<br \/>\nM\u00d2DUL 3: Eines de monitoratge de c\u00e0rrega interna i les seves variables<br \/>\nM\u00d2DUL 4: Eines de monitoratge de c\u00e0rrega externa i les seves variables<\/p>\n"},{"nombre_del_curso":"Elecci\u00f3 de variables: estem repetint informaci\u00f3 o aportant informaci\u00f3 addicional?","descripcion_del_curso":"<p>M\u00d2DUL 1: Relaci\u00f3 entre variables de c\u00e0rrega interna entre si i amb variables de c\u00e0rrega externa<br \/>\nM\u00d2DUL 2: Relaci\u00f3 entre variables de c\u00e0rrega externa<br \/>\nM\u00d2DUL 3: Integraci\u00f3 de mesures. \u00cdndex d'efici\u00e8ncia<br \/>\nM\u00d2DUL 4: Elecci\u00f3 de variables<\/p>\n"},{"nombre_del_curso":"Avaluaci\u00f3 de l'entrenament i gesti\u00f3 de la c\u00e0rrega d'entrenament","descripcion_del_curso":"<p>M\u00d2DUL 1: An\u00e0lisi de la tasca d'entrenament<br \/>\nM\u00d2DUL 2: An\u00e0lisi de la sessi\u00f3 d'entrenament<br \/>\nM\u00d2DUL 3: An\u00e0lisi del microcicle d'entrenament<br \/>\nM\u00d2DUL 4: An\u00e0lisi del mesocicle i de fases temporals m\u00e9s \u00e0mplies d'entrenament<\/p>\n"},{"nombre_del_curso":"Indicadors per a la gesti\u00f3 de la c\u00e0rrega d'entrenament","descripcion_del_curso":"<p>M\u00d2DUL 1: Canvis setmanals<br \/>\nM\u00d2DUL 2: R\u00e0tio de c\u00e0rrega aguda cr\u00f2nica: concepte i procediment de c\u00e0lcul<br \/>\nM\u00d2DUL 3: R\u00e0tio de c\u00e0rrega aguda cr\u00f2nica: aplicacions i limitacions<br \/>\nM\u00d2DUL 4: Moderadors i mediadors de la c\u00e0rrega d'entrenament<\/p>\n"},{"nombre_del_curso":"Programaci\u00f3 de l'entrenament i perfil fisiol\u00f2gic en esports d'equip","descripcion_del_curso":"<p>M\u00d2DUL 1: PERIODITZACI\u00d3, PLANIFICACI\u00d3 I METODOLOGIES. TEORIES I NOUS PARADIGMES<br \/>\nM\u00d2DUL 2: TEMPORADA ESPORTIVA<br \/>\nM\u00d2DUL 3: CARACTERITZACI\u00d3 DELS ESPORTS D'EQUIP FENT FOCUS EN EL FUTBOL. AN\u00c0LISI DE DEMANDES F\u00cdSIQUES<br \/>\nM\u00d2DUL 4: M\u00d2DUL INTEGRADOR<\/p>\n"},{"nombre_del_curso":"Metodologia de l'entrenament de la for\u00e7a: aplicaci\u00f3 en la millora del rendiment esportiu i en la readaptaci\u00f3 post lesi\u00f3 a la competici\u00f3 ","descripcion_del_curso":"<p>M\u00d2DUL 1: Contextualitzaci\u00f3: com adaptem l'entrenament de for\u00e7a als esports d'equip?<br \/>\nUnitat 1: La qualitat de for\u00e7a i la seva relaci\u00f3 amb els requeriments coordinatius i cognitius dels esports d'equip.<br \/>\nUnitat 2: La progressi\u00f3 en la dificultat del treball de for\u00e7a en relaci\u00f3 amb l'especificitat de l'esport.<\/p>\n<p>M\u00d2DUL 2: Metodologia del treball de for\u00e7a en l'esport de situaci\u00f3.<br \/>\nUnitat 1: L'entrenament de for\u00e7a i la necessitat de treballar amb sobrec\u00e0rrega.<br \/>\nUnitat 2: Integraci\u00f3 del treball de for\u00e7a amb la resta de capacitats.<\/p>\n<p>M\u00d2DUL 3: Integraci\u00f3 del treball de for\u00e7a en la planificaci\u00f3 i programaci\u00f3 dels esports de situaci\u00f3.<br \/>\nUnitat 1: La for\u00e7a en l'entrenament integrat d'una programaci\u00f3 de tipus lliga regular de llarga durada. Exemplificaci\u00f3 basada en el futbol.<br \/>\nUnitat 2: La for\u00e7a en l'entrenament integrat d'una programaci\u00f3 de tipus blocs de preparaci\u00f3 \u2013 competici\u00f3. Exemplificaci\u00f3 basada en el tennis.<\/p>\n<p>M\u00d2DUL 4: La for\u00e7a en el disseny de tasques espec\u00edfiques de l'esport. Exemplificaci\u00f3 en futbol.<br \/>\nUnitat 1: Els small-sided games (SSG): caracter\u00edstiques per al seu disseny i relaci\u00f3 amb el desenvolupament de les habilitats esportives.<br \/>\nUnitat 2: Els SSG: relaci\u00f3 amb el treball de for\u00e7a.<\/p>\n"},{"nombre_del_curso":"La for\u00e7a i pot\u00e8ncia muscular com a qualitat clau en la readaptaci\u00f3 de les lesions Esportives","descripcion_del_curso":"<p>M\u00d2DUL 1: Estudi de la lesi\u00f3 en l'esport: els mecanismes lesius i els factors de risc de lesi\u00f3 associats.<br \/>\nUnitat 1: Biomec\u00e0nica lesiva i implicaci\u00f3 de la for\u00e7a en la recuperaci\u00f3 de les habilitats esportives.<br \/>\nUnitat 2: Factors de risc associats a la falta de for\u00e7a.<\/p>\n<p>M\u00d2DUL 2: Les lesions esportives i la seva relaci\u00f3 amb la qualitat de for\u00e7a.<br \/>\nUnitat 1: Les lesions de les estructures muscular i tendinosa.<br \/>\nUnitat 2: Les lesions articulars.<\/p>\n<p>M\u00d2DUL 3: Manifestacions de la for\u00e7a i la pot\u00e8ncia muscular en el proc\u00e9s de readaptaci\u00f3 post lesi\u00f3.<br \/>\nUnitat 1: La for\u00e7a i les seves diferents manifestacions segons c\u00e0rrega externa i velocitat d'execuci\u00f3.<br \/>\nUnitat 2: Programaci\u00f3 del treball de for\u00e7a en les lesions esportives.<\/p>\n<p>M\u00d2DUL 4: Nous paradigmes en l'entrenament de la for\u00e7a: musculaci\u00f3 mitjan\u00e7ant oclusi\u00f3 vascular.<br \/>\nUnitat 1: Bases de la musculaci\u00f3 tradicional versus musculaci\u00f3 per mitj\u00e0 de l'oclusi\u00f3 vascular o Blood Flow Restriction (BFR).<br \/>\nUnitat 2: Programaci\u00f3 de l'entrenament mitjan\u00e7ant oclusi\u00f3 vascular: variables clau per a l'\u00f2ptima prescripci\u00f3.<\/p>\n"},{"nombre_del_curso":"Nutrici\u00f3 periodizada ","descripcion_del_curso":"<p>M\u00d2DUL 1: La teoria<br \/>\nUnitat 1: Qu\u00e8 \u00e9s la nutrici\u00f3 periodizada?<br \/>\nUnitat 2: Les eines d'un nutricionista esportiu<\/p>\n<p>M\u00d2DUL 2: Entrenar els intestins<br \/>\nUnitat 1: Els intestins es poden entrenar<br \/>\nUnitat 2: La teoria en la pr\u00e0ctica<\/p>\n<p>M\u00d2DUL 3: Entrenament baix<br \/>\nUnitat 1: La teoria<br \/>\nUnitat 2: Dieta baixa en carbohidrats versus entrenament amb baixa disponibilitat de carbohidrats<\/p>\n<p>M\u00d2DUL 4: De la teoria a la pr\u00e0ctica<br \/>\nUnitat 1: Com implementar la nutrici\u00f3 periodizada<br \/>\nUnitat 2: Desafiaments i solucions<\/p>\n"},{"nombre_del_curso":"Prevenci\u00f3  de lesions","descripcion_del_curso":"<p>M\u00d2DUL 1: CONCEPTES B\u00c0SICS EN EPIDEMIOLOGIA I PREVENCI\u00d3 DE LESIONS<br \/>\nM\u00d2DUL 2: PREVENCI\u00d3 DE LESIONS MUSCULARS<br \/>\nM\u00d2DUL 3: PREVENCI\u00d3 DE LESIONS ARTICULARS<br \/>\nM\u00d2DUL 4: M\u00d2DUL INTEGRADOR<\/p>\n"}],"aprende_a":[{"item_aprende_a":"Manejar les diferents eines i variables del monitoratge de l'entrenament.\r\n"},{"item_aprende_a":"Seleccionar les variables adequades en funci\u00f3 dels diferents objectius que es tinguin dins del control de c\u00e0rrega d'entrenament i compet\u00e8ncia\r\n"},{"item_aprende_a":"Utilitzar les dades llan\u00e7ades pel control de la c\u00e0rrega per avaluar i gestionar el proc\u00e9s.\r\n"},{"item_aprende_a":"Detectar i utilitzar de manera adequada els indicadors m\u00e9s rellevants de la c\u00e0rrega d'entrenament.\r\n"},{"item_aprende_a":"Analitzar les dades del monitoratge de la c\u00e0rrega de treball per a orientar el proc\u00e9s d'entrenament cap a la prevenci\u00f3 de lesions i el conseg\u00fcent augment del rendiment esportiu.\r\n"},{"item_aprende_a":"Millorar el rendiment esportiu i la prevenci\u00f3 de lesions a partir d'un coneixement profund sobre la metodologia a aplicar en els programes d'entrenament de la for\u00e7a i la pot\u00e8ncia muscular.\r\n"},{"item_aprende_a":"Aplicar la metodologia adequada en el disseny del proc\u00e9s de readaptaci\u00f3 post lesi\u00f3 en aquelles afeccions on el desenvolupament de la for\u00e7a tingui un marcat protagonisme.\r\n"},{"item_aprende_a":"Comprendre la base te\u00f2rica per a la perioditzaci\u00f3 de la nutrici\u00f3.\r\n"}],"preguntas_frecuentes":false,"contenidistas":false,"docentes_expertos":[{"foto":"https:\/\/barcanew.capabiliaserver.com\/wp-content\/uploads\/2021\/04\/e65e5e11-david-casamichana.jpg","nombre_del_docente":"David Casamichana G\u00f3mez","descripcion_del_docente":"Doctor en Ci\u00e8ncies de l'Activitat F\u00edsica i de l'Esport. Preparador f\u00edsic en futbol. Professor universitari i investigador.","enlace":""},{"foto":"https:\/\/static.capabiliaserver.com\/frontend\/clients\/barca\/wp\/wp-content\/uploads\/2018\/12\/Francisco_Paco_Seirul-lo_Vargas-150x150.jpg","nombre_del_docente":"Paco Seirul\u00b7lo Vargas","descripcion_del_docente":"Responsable de l'\u00e0rea de metodologia del FC Barcelona.","enlace":""},{"foto":"https:\/\/barcanew.capabiliaserver.com\/wp-content\/uploads\/2021\/04\/d70b12f8-dani_romero.png","nombre_del_docente":"Daniel Romero Rodriguez","descripcion_del_docente":"Preparador F\u00edsic de For\u00e7a del Juvenil A del FC Barcelona.","enlace":""},{"foto":"https:\/\/barcanew.capabiliaserver.com\/wp-content\/uploads\/2020\/02\/9c4adc5b-francesc-cos-2.jpg","nombre_del_docente":"Francesc Cos","descripcion_del_docente":"Antic Cap d'Entrenament de la For\u00e7a per al primer equip de futbol del FC Barcelona (2004-2016). Exdirector de l'\u00c0rea de Rendiment Esportiu del Bar\u00e7a Innovation Hub (2016-2018). Actualment Preparador F\u00edsic del Manchester City.","enlace":""},{"foto":"https:\/\/barcanew.capabiliaserver.com\/wp-content\/uploads\/2021\/04\/43630949-asker_jeukendrup.jpg","nombre_del_docente":"Asker Jeukendrup","descripcion_del_docente":"Cient\u00edfic en nutrici\u00f3 esportiva. Professor de metabolisme de l'exercici. Consultor de rendiment en esport d'elit. Emprenedor. Triatleta Ironman. ","enlace":""}],"imagen_destacada":false,"slidebox":false,"titulo_seccion_testimonios":"","slider_testimonios":false,"imagen_de_fondo_testimonios":false,"color_de_fondo_testimonios":"","activar_banner_1":false,"banner_1":false,"activar_banner_2":false,"banner_2":false,"activar_banner_3":false,"banner_3":false,"segunda_fecha_de_inicio":"","zona_horaria":"Europe\/Madrid","activar_nuevos_banners":false,"mostrar_banner_1":false,"crear_banner_1":{"utilizar_imagen_unica_para_banner":false,"asignar_imagen_unica_para_banner":false,"mostrar_titulo_banner":false,"titulo_para_banner":"","mostrar_subtitulo_banner":false,"subtitulo_del_banner":"","mostrar_cta_banner":false,"texto_cta_banner":"","url_cta_banner":"","fondo_de_color_banner":"","fondo_de_imagen_banner":false,"mostrar_imagen_izquierda_banner":false,"asignar_imagen_izquierda_banner":false},"mostrar_banner_2":false,"crear_banner_2":{"utilizar_imagen_unica_para_banner":false,"asignar_imagen_unica_para_banner":false,"mostrar_titulo_banner":false,"titulo_para_banner":"","mostrar_subtitulo_banner":false,"subtitulo_del_banner":"","mostrar_cta_banner":false,"texto_cta_banner":"","url_cta_banner":"","fondo_de_color_banner":"","fondo_de_imagen_banner":false,"mostrar_imagen_izquierda_banner":false,"asignar_imagen_izquierda_banner":false},"mostrar_banner_3":false,"crear_banner_3":{"utilizar_imagen_unica_para_banner":false,"asignar_imagen_unica_para_banner":false,"mostrar_titulo_banner":false,"titulo_para_banner":"","mostrar_subtitulo_banner":false,"subtitulo_del_banner":"","mostrar_cta_banner":false,"texto_cta_banner":"","url_cta_banner":"","fondo_de_color_banner":"","fondo_de_imagen_banner":false,"mostrar_imagen_izquierda_banner":false,"asignar_imagen_izquierda_banner":false},"activar_hero_video":false,"video_texto":"","video_header":false,"pdf_brochure_link_drive":"https:\/\/drive.google.com\/uc?id=1jIOnB-CpbYv0yVASPHalxoeJwsVovNsB&export=download"},"idiomas":{"en":87780,"es":87785,"ar":87781,"ca":87782,"ru":87784,"pt":87783},"_links":{"self":[{"href":"https:\/\/barcanew.capabiliaserver.com\/ca\/wp-json\/wp\/v2\/products\/87782"}],"collection":[{"href":"https:\/\/barcanew.capabiliaserver.com\/ca\/wp-json\/wp\/v2\/products"}],"about":[{"href":"https:\/\/barcanew.capabiliaserver.com\/ca\/wp-json\/wp\/v2\/types\/product"}],"author":[{"embeddable":true,"href":"https:\/\/barcanew.capabiliaserver.com\/ca\/wp-json\/wp\/v2\/users\/16"}],"replies":[{"embeddable":true,"href":"https:\/\/barcanew.capabiliaserver.com\/ca\/wp-json\/wp\/v2\/comments?post=87782"}],"version-history":[{"count":5,"href":"https:\/\/barcanew.capabiliaserver.com\/ca\/wp-json\/wp\/v2\/products\/87782\/revisions"}],"predecessor-version":[{"id":136707,"href":"https:\/\/barcanew.capabiliaserver.com\/ca\/wp-json\/wp\/v2\/products\/87782\/revisions\/136707"}],"wp:attachment":[{"href":"https:\/\/barcanew.capabiliaserver.com\/ca\/wp-json\/wp\/v2\/media?parent=87782"}],"wp:term":[{"taxonomy":"category","embeddable":true,"href":"https:\/\/barcanew.capabiliaserver.com\/ca\/wp-json\/wp\/v2\/categories?post=87782"}],"curies":[{"name":"wp","href":"https:\/\/api.w.org\/{rel}","templated":true}]}}