{"id":87776,"date":"2021-04-11T03:56:31","date_gmt":"2021-04-11T06:56:31","guid":{"rendered":"https:\/\/barcanew.capabiliaserver.com\/?post_type=product&#038;p=87776"},"modified":"2023-01-13T11:01:26","modified_gmt":"2023-01-13T14:01:26","slug":"professional-diploma-strength-and-conditioning","status":"publish","type":"product","link":"https:\/\/barcanew.capabiliaserver.com\/ca\/product\/professional-diploma-strength-and-conditioning\/","title":{"rendered":"Diplomat en Preparaci\u00f3 F\u00edsica"},"content":{"rendered":"<p>contenido<\/p>\n","protected":false},"excerpt":{"rendered":"<p>excerpt<\/p>\n","protected":false},"author":16,"featured_media":0,"comment_status":"open","ping_status":"closed","template":"","meta":{"_acf_changed":false,"footnotes":""},"categories":[112],"acf":{"external_id":"1834","titulo_curso":"Diplomado en Preparaci\u00f3n F\u00edsica - Carrusel","precio":"990","impartido_en":"Spanish","producto_path":false,"hubspot_product_id":"703324487","id_magento":"384","header_image":108228,"column_title":"","titulo_incentivo":"Professional Diploma in Strength and Conditioning ","fecha_de_inicio":"10092021","precio_en_cuotas":"8 pagaments mensuals de 123,75 \u20ac","precio_de_lista":"","mostrar_form":false,"promocion_vigente":"","duracion_del_curso":"9 mesos","nivel_del_curso":"Avan\u00e7at","modalidad_cursado":"Online","contenido":"<p><strong>IMPORTANT:<\/strong><\/p>\n<p>Si sou o heu participat en un programa en l\u00ednia del Bar\u00e7a Innovation Hub Universitas i esteu interessat en inscriure-us a aquest Diploma Professional, poseu-vos en contacte amb nosaltres a trav\u00e9s de CHAT per orientar-vos en el proc\u00e9s de compra.<\/p>\n","ocultar_video":true,"url_video":"","avalado_por":false,"pdf_brochure":"https:\/\/static.capabiliaserver.com\/frontend\/clients\/barca\/wp_prod\/wp-content\/uploads\/2021\/04\/a6f4f49d-diplomat-en-preparacio-fisica.pdf","cursos_que_lo_componen":[{"nombre_del_curso":"Bases neuromusculars en l'entrenament de la for\u00e7a","descripcion_del_curso":"<p>M\u00d2DUL 1: Caracter\u00edstiques del sistema m\u00fasculoesquel\u00e8tic.<br \/>\nUnitat 1: El moviment des del sistema nervi\u00f3s central.<br \/>\nUnitat 2: Funcionalitat del m\u00fasculoesquel\u00e8tic.<\/p>\n<p>M\u00d2DUL 2: Les accions musculars i la seva relaci\u00f3 amb l'esport.<br \/>\nUnitat 1: Tipus d'acci\u00f3 muscular.<br \/>\nUnitat 2: Interrelaci\u00f3 de les accions musculars en el moviment i el manteniment de la posici\u00f3.<\/p>\n<p>M\u00d2DUL 3: Canvis sist\u00e8mics en el desentrenament i la immobilitzaci\u00f3.<br \/>\nUnitat 1: Desentrenament en relaci\u00f3 amb el m\u00fasculoesquel\u00e8tic.<br \/>\nUnitat 2: La hipertr\u00f2fia muscular.<\/p>\n<p>M\u00d2DUL 4: La valoraci\u00f3 de les propietats musculars en relaci\u00f3 amb l'esport.<br \/>\nUnitat 1: L'electromiografia de superf\u00edcie.<br \/>\nUnitat 2: La tensiomiografia.<\/p>\n"},{"nombre_del_curso":"Metodologia de l'entrenament de la for\u00e7a: aplicaci\u00f3 en la millora del rendiment esportiu i en la readaptaci\u00f3 post lesi\u00f3 a la competici\u00f3","descripcion_del_curso":"<p>M\u00d2DUL 1: Contextualitzaci\u00f3: com adaptem l'entrenament de for\u00e7a als esports d'equip?<br \/>\nUnitat 1: La qualitat de for\u00e7a i la seva relaci\u00f3 amb els requeriments coordinatius i cognitius dels esports d'equip.<br \/>\nUnitat 2: La progressi\u00f3 en la dificultat del treball de for\u00e7a en relaci\u00f3 amb l'especificitat de l'esport.<\/p>\n<p>M\u00d2DUL 2: Metodologia del treball de for\u00e7a en l'esport de situaci\u00f3.<br \/>\nUnitat 1: L'entrenament de for\u00e7a i la necessitat de treballar amb sobrec\u00e0rrega.<br \/>\nUnitat 2: Integraci\u00f3 del treball de for\u00e7a amb la resta de capacitats.<\/p>\n<p>M\u00d2DUL 3: Integraci\u00f3 del treball de for\u00e7a en la planificaci\u00f3 i programaci\u00f3 dels esports de situaci\u00f3.<br \/>\nUnitat 1: La for\u00e7a en l'entrenament integrat d'una programaci\u00f3 de tipus lliga regular de llarga durada. Exemplificaci\u00f3 basada en el futbol.<br \/>\nUnitat 2: La for\u00e7a en l'entrenament integrat d'una programaci\u00f3 de tipus blocs de preparaci\u00f3 \u2013 competici\u00f3. Exemplificaci\u00f3 basada en el tennis.<\/p>\n<p>M\u00d2DUL 4: La for\u00e7a en el disseny de tasques espec\u00edfiques de l'esport. Exemplificaci\u00f3 en futbol.<br \/>\nUnitat 1: Els small-sided games (SSG): caracter\u00edstiques per al seu disseny i relaci\u00f3 amb el desenvolupament de les habilitats esportives.<br \/>\nUnitat 2: Els SSG: relaci\u00f3 amb el treball de for\u00e7a.<\/p>\n"},{"nombre_del_curso":"La for\u00e7a i pot\u00e8ncia muscular com a qualitat clau en la readaptaci\u00f3 de les lesions Esportives","descripcion_del_curso":"<p>M\u00d2DUL 1: Estudi de la lesi\u00f3 en l'esport: els mecanismes de lesi\u00f3 i els factors de risc de lesi\u00f3 associats.<br \/>\nUnitat 1: Biomec\u00e0nica lesiva i implicaci\u00f3 de la for\u00e7a en la recuperaci\u00f3 de les habilitats esportives.<br \/>\nUnitat 2: Factors de risc associats a la falta de for\u00e7a.<\/p>\n<p>M\u00d2DUL 2: Les lesions esportives i la seva relaci\u00f3 amb la qualitat de for\u00e7a.<br \/>\nUnitat 1: Les lesions de les estructures muscular i tendinosa.<br \/>\nUnitat 2: Les lesions articulars.<\/p>\n<p>M\u00d2DUL 3: Manifestacions de la for\u00e7a i la pot\u00e8ncia muscular en el proc\u00e9s de readaptaci\u00f3 post lesi\u00f3.<br \/>\nUnitat 1: La for\u00e7a i les seves diferents manifestacions segons c\u00e0rrega externa i velocitat d'execuci\u00f3.<br \/>\nUnitat 2: Programaci\u00f3 del treball de for\u00e7a en les lesions esportives.<\/p>\n<p>M\u00d2DUL 4: Nous paradigmes en l'entrenament de la for\u00e7a: musculaci\u00f3 mitjan\u00e7ant oclusi\u00f3 vascular.<br \/>\nUnitat 1: Bases de la musculaci\u00f3 tradicional versus musculaci\u00f3 per mitj\u00e0 de l'oclusi\u00f3 vascular o Blood Flow Restriction (BFR).<br \/>\nUnitat 2: Programaci\u00f3 de l'entrenament mitjan\u00e7ant oclusi\u00f3 vascular: variables clau per a l'\u00f2ptima prescripci\u00f3.<\/p>\n"},{"nombre_del_curso":"Tecnologia i entrenament de la for\u00e7a i la pot\u00e8ncia muscular","descripcion_del_curso":"<p>M\u00d2DUL 1: Tecnologia, equipament i entrenament de la for\u00e7a de car\u00e0cter general.<br \/>\nUnitat 1: Equipaments per al treball d'orientaci\u00f3 general en relaci\u00f3 amb l'especificitat de l'esport.<br \/>\nUnitat 2: Altres equipaments relacionats amb les c\u00e0rregues d'orientaci\u00f3 general.<\/p>\n<p>M\u00d2DUL 2: Tecnologia, equipament i entrenament de la for\u00e7a de car\u00e0cter espec\u00edfic en relaci\u00f3 amb l'esport.<br \/>\nUnitat 1: Equipaments per al treball d'orientaci\u00f3 dirigida i espec\u00edfica en relaci\u00f3 amb les habilitats espec\u00edfiques de l'esport.<br \/>\nUnitat 2: La tecnologia GPS i la seva relaci\u00f3 amb la valoraci\u00f3 i el control de la for\u00e7a en l'entrenament i la competici\u00f3.<\/p>\n<p>M\u00d2DUL 3: Tecnologia en la valoraci\u00f3 de la for\u00e7a i la pot\u00e8ncia muscular.<br \/>\nUnitat 1: Utilitzaci\u00f3 de encoders lineals i rotatoris per a la valoraci\u00f3 de la for\u00e7a i la pot\u00e8ncia muscular.<br \/>\nUnitat 2: Sistemes integrats en la valoraci\u00f3 muscular.<\/p>\n<p>M\u00d2DUL 4: Tecnologia interactiva i entrenament de la for\u00e7a.<br \/>\nUnitat 1: Gamificaci\u00f3 en l'esport.<br \/>\nUnitat 2: Metodologies interactives relacionades amb la gamificaci\u00f3.<\/p>\n"},{"nombre_del_curso":"Lesions i esports d'equip","descripcion_del_curso":"<p>M\u00d2DUL 1: Prevenci\u00f3 i readaptaci\u00f3 de lesions<br \/>\nM\u00d2DUL 2: Gesti\u00f3 de la lesi\u00f3 muscular i tendinopatia<br \/>\nM\u00d2DUL 3: Gesti\u00f3 de la lesi\u00f3 articular i \u00f2ssia<br \/>\nM\u00d2DUL 4: Presa de decisions i tornada a la competici\u00f3<\/p>\n"},{"nombre_del_curso":"Patologia en esports d'equip ","descripcion_del_curso":"<p>M\u00d2DUL 1: Gesti\u00f3 de la patologia m\u00e8dica 1<br \/>\nM\u00d2DUL 2: Gesti\u00f3 de la patologia m\u00e8dica 2<br \/>\nM\u00d2DUL 3: Patologies espec\u00edfiques per esport<br \/>\nM\u00d2DUL 4: Esports i competicions especials<\/p>\n"},{"nombre_del_curso":"Compet\u00e8ncies b\u00e0siques de l'entrenador","descripcion_del_curso":"<p>M\u00d2DUL 1: Lideratge<br \/>\nM\u00d2DUL 2: Eines de comunicaci\u00f3<br \/>\nM\u00d2DUL 3: Climes motivacionals<br \/>\nM\u00d2DUL 4: L'entrenador i el seu entorn<\/p>\n"},{"nombre_del_curso":"Nutrici\u00f3, recuperaci\u00f3 i adaptacions a l'entrenament","descripcion_del_curso":"<p>M\u00d2DUL 1: Exercici i fatiga<br \/>\nUnitat 1: Qu\u00e8 \u00e9s la fatiga?<br \/>\nUnitat 2: Retardar la fatiga<\/p>\n<p>M\u00d2DUL 2: Recuperaci\u00f3 i adaptaci\u00f3<br \/>\nUnitat 1: Recuperaci\u00f3<br \/>\nUnitat 2: Adaptaci\u00f3<\/p>\n<p>M\u00d2DUL 3: Optimitzar la recuperaci\u00f3 i l'adaptaci\u00f3<br \/>\nUnitat 1: Optimitzar la recuperaci\u00f3 amb la nutrici\u00f3<br \/>\nUnitat 2: Optimitzar l'adaptaci\u00f3 amb la nutrici\u00f3<\/p>\n<p>M\u00d2DUL 4: Recuperaci\u00f3 de lesions<br \/>\nUnitat 1: Diferents fases de la lesi\u00f3<br \/>\nUnitat 2: Estrat\u00e8gies<\/p>\n"},{"nombre_del_curso":"Avaluaci\u00f3 de l'entrenament i gesti\u00f3 de la c\u00e0rrega d'entrenament","descripcion_del_curso":"<p>M\u00d2DUL 1: An\u00e0lisi de la tasca d\u2019entrenament<br \/>\nM\u00d2DUL 2: An\u00e0lisi de la sessi\u00f3 d\u2019entrenament<br \/>\nM\u00d2DUL 3: An\u00e0lisi del microcicle d\u2019entrenament<br \/>\nM\u00d2DUL 4: An\u00e0lisi del mesocicle i de fases temporals \u00e0mplies d\u2019entrenament<\/p>\n"}],"aprende_a":[{"item_aprende_a":"Millorar l'an\u00e0lisi cr\u00edtica en realitzar un programa d'entrenament en els diferents rols professionals relacionats amb les ci\u00e8ncies de l'esport i la salut."},{"item_aprende_a":"Millorar el rendiment esportiu i la prevenci\u00f3 de lesions a partir d'un coneixement profund sobre la metodologia a aplicar en els programes d'entrenament de la for\u00e7a i la pot\u00e8ncia muscular."},{"item_aprende_a":"Aplicar la metodologia adequada en el disseny del proc\u00e9s de readaptaci\u00f3 post lesi\u00f3 en aquelles afeccions on el desenvolupament de la for\u00e7a tingui un marcat protagonisme."},{"item_aprende_a":"Con\u00e8ixer, de manera transversal, les metodologies emergents en l'entrenament de la for\u00e7a per a poder aprofundir des d'una base contrastada des de la ci\u00e8ncia."},{"item_aprende_a":"Con\u00e8ixer les caracter\u00edstiques fonamentals tant d'estrat\u00e8gies de prevenci\u00f3 i rehabilitaci\u00f3 de lesions, com dels diferents mecanismes lesius en esports d'equip.\r\n"},{"item_aprende_a":"Manejar les patologies i lesions diferenciades per esport."},{"item_aprende_a":"Utilitzar les eines adequades per al desenvolupament d'un lideratge efica\u00e7 en la gesti\u00f3 de grups i persones."},{"item_aprende_a":"Optimitzar la recuperaci\u00f3 intensa i l'adaptaci\u00f3 a l'entrenament amb la nutrici\u00f3."},{"item_aprende_a":"Analitzar les dades del monitoratge de la c\u00e0rrega de treball per a orientar el proc\u00e9s d'entrenament cap a la prevenci\u00f3 de lesions i el conseg\u00fcent augment del rendiment esportiu.\r\n"}],"preguntas_frecuentes":false,"contenidistas":false,"docentes_expertos":[{"foto":"https:\/\/barcanew.capabiliaserver.com\/wp-content\/uploads\/2021\/04\/d70b12f8-dani_romero.png","nombre_del_docente":"Daniel Romero Rodriguez","descripcion_del_docente":"Preparador F\u00edsic de For\u00e7a del Juvenil A del FC Barcelona. ","enlace":""},{"foto":"https:\/\/barcanew.capabiliaserver.com\/wp-content\/uploads\/2020\/02\/9c4adc5b-francesc-cos-2.jpg","nombre_del_docente":"Francesc Cos","descripcion_del_docente":"Antic Cap d'Entrenament de la For\u00e7a per al primer equip de futbol del FC Barcelona (2004-2016). Exdirector de l'\u00c0rea de Rendiment Esportiu del Bar\u00e7a Innovation Hub (2016-2018). Actualment Preparador F\u00edsic del Manchester City.","enlace":""},{"foto":"https:\/\/barcanew.capabiliaserver.com\/wp-content\/uploads\/2021\/04\/9b3acf97-gil_rodas_font_bis.jpg","nombre_del_docente":"Gil Rodas Font","descripcion_del_docente":"Doctor en Medicina i Cirurgia. Especialista en Medicina de l'Educaci\u00f3 F\u00edsica i l'Esport. Responsable de l'\u00e0rea de Serveis M\u00e8dics del Bar\u00e7a Innovation Hub. ","enlace":""},{"foto":"https:\/\/barcanew.capabiliaserver.com\/wp-content\/uploads\/2021\/04\/2e8378f3-ana_merayo.png","nombre_del_docente":"Ana Merayo Garc\u00eda","descripcion_del_docente":"Psic\u00f3loga esportiva. Docent. Coordinadora del SAIE (Servei d'Atenci\u00f3 Integral a l'Esportista) de La Masia 360, FC Barcelona. ","enlace":""},{"foto":"https:\/\/barcanew.capabiliaserver.com\/wp-content\/uploads\/2021\/04\/43630949-asker_jeukendrup.jpg","nombre_del_docente":"Asker Jeukendrup","descripcion_del_docente":"Cient\u00edfic en nutrici\u00f3 esportiva. Professor de metabolisme de l'exercici. Consultor de rendiment en esport d'elit. Emprenedor. Triatleta Ironman.","enlace":""},{"foto":"https:\/\/barcanew.capabiliaserver.com\/wp-content\/uploads\/2019\/01\/469f2a42-david-casamichana.jpg","nombre_del_docente":"David Casamichana G\u00f3mez","descripcion_del_docente":"Doctor en Ci\u00e8ncies de l\u2019Activitat F\u00edsica i de l\u2019Esport. Preparador f\u00edsic en futbol. Professor universitari i investigador.","enlace":""}],"imagen_destacada":false,"slidebox":false,"titulo_seccion_testimonios":"","slider_testimonios":false,"imagen_de_fondo_testimonios":false,"color_de_fondo_testimonios":"","activar_banner_1":false,"banner_1":false,"activar_banner_2":false,"banner_2":false,"activar_banner_3":false,"banner_3":false,"zona_horaria":"Europe\/Madrid","segunda_fecha_de_inicio":"25092021","activar_nuevos_banners":false,"mostrar_banner_1":false,"crear_banner_1":{"utilizar_imagen_unica_para_banner":false,"asignar_imagen_unica_para_banner":false,"mostrar_titulo_banner":false,"titulo_para_banner":"","mostrar_subtitulo_banner":false,"subtitulo_del_banner":"","mostrar_cta_banner":false,"texto_cta_banner":"","url_cta_banner":"","fondo_de_color_banner":"","fondo_de_imagen_banner":false,"mostrar_imagen_izquierda_banner":false,"asignar_imagen_izquierda_banner":false},"mostrar_banner_2":false,"crear_banner_2":{"utilizar_imagen_unica_para_banner":false,"asignar_imagen_unica_para_banner":false,"mostrar_titulo_banner":false,"titulo_para_banner":"","mostrar_subtitulo_banner":false,"subtitulo_del_banner":"","mostrar_cta_banner":false,"texto_cta_banner":"","url_cta_banner":"","fondo_de_color_banner":"","fondo_de_imagen_banner":false,"mostrar_imagen_izquierda_banner":false,"asignar_imagen_izquierda_banner":false},"mostrar_banner_3":false,"crear_banner_3":{"utilizar_imagen_unica_para_banner":false,"asignar_imagen_unica_para_banner":false,"mostrar_titulo_banner":false,"titulo_para_banner":"","mostrar_subtitulo_banner":false,"subtitulo_del_banner":"","mostrar_cta_banner":false,"texto_cta_banner":"","url_cta_banner":"","fondo_de_color_banner":"","fondo_de_imagen_banner":false,"mostrar_imagen_izquierda_banner":false,"asignar_imagen_izquierda_banner":false},"activar_hero_video":false,"video_texto":"","video_header":false,"pdf_brochure_link_drive":"https:\/\/drive.google.com\/uc?id=1gm9Gr6WxANmUeBeD2OLQaDPts2mVrEbG&export=download"},"idiomas":{"en":87774,"es":87779,"ar":87775,"ca":87776,"ru":87778,"pt":87777},"_links":{"self":[{"href":"https:\/\/barcanew.capabiliaserver.com\/ca\/wp-json\/wp\/v2\/products\/87776"}],"collection":[{"href":"https:\/\/barcanew.capabiliaserver.com\/ca\/wp-json\/wp\/v2\/products"}],"about":[{"href":"https:\/\/barcanew.capabiliaserver.com\/ca\/wp-json\/wp\/v2\/types\/product"}],"author":[{"embeddable":true,"href":"https:\/\/barcanew.capabiliaserver.com\/ca\/wp-json\/wp\/v2\/users\/16"}],"replies":[{"embeddable":true,"href":"https:\/\/barcanew.capabiliaserver.com\/ca\/wp-json\/wp\/v2\/comments?post=87776"}],"version-history":[{"count":5,"href":"https:\/\/barcanew.capabiliaserver.com\/ca\/wp-json\/wp\/v2\/products\/87776\/revisions"}],"predecessor-version":[{"id":136712,"href":"https:\/\/barcanew.capabiliaserver.com\/ca\/wp-json\/wp\/v2\/products\/87776\/revisions\/136712"}],"wp:attachment":[{"href":"https:\/\/barcanew.capabiliaserver.com\/ca\/wp-json\/wp\/v2\/media?parent=87776"}],"wp:term":[{"taxonomy":"category","embeddable":true,"href":"https:\/\/barcanew.capabiliaserver.com\/ca\/wp-json\/wp\/v2\/categories?post=87776"}],"curies":[{"name":"wp","href":"https:\/\/api.w.org\/{rel}","templated":true}]}}