{"id":58771,"date":"2020-10-19T22:29:03","date_gmt":"2020-10-20T01:29:03","guid":{"rendered":"https:\/\/barcanew.capabiliaserver.com\/?post_type=product&#038;p=58771"},"modified":"2022-01-11T02:18:24","modified_gmt":"2022-01-11T05:18:24","slug":"sports-entrepreneurship-program","status":"publish","type":"product","link":"https:\/\/barcanew.capabiliaserver.com\/ca\/product\/sports-entrepreneurship-program\/","title":{"rendered":"Sports Entrepreneurship Program: transformant idees en negocis"},"content":{"rendered":"<p>contenido<\/p>\n","protected":false},"excerpt":{"rendered":"<p>excerpt<\/p>\n","protected":false},"author":16,"featured_media":0,"comment_status":"open","ping_status":"closed","template":"","meta":{"_acf_changed":false,"footnotes":""},"categories":[112],"acf":{"external_id":"1403","titulo_curso":"CER0031","precio":"1000","impartido_en":"Spanish","producto_path":false,"hubspot_product_id":"99194754","id_magento":"350","header_image":108663,"column_title":"","titulo_incentivo":"Sports Entrepreneurship Program: transformant idees en negocis ","fecha_de_inicio":"10022022","precio_en_cuotas":"","precio_de_lista":"","mostrar_form":false,"promocion_vigente":"","duracion_del_curso":"6 mesos","nivel_del_curso":"Introductori","modalidad_cursado":"Online","contenido":"<p><strong>Tens una idea concreta per millorar la ind\u00fastria de l&#8217;esport?<\/strong><br \/>\n<strong>Has detectat algun problema, necessitat o frustraci\u00f3 que t&#8217;agradaria atacar?<\/strong><br \/>\n<strong>Vols ser protagonista dels canvis trencadors en el m\u00f3n de l&#8217;esport?<\/strong><\/p>\n<p>L&#8217;Sports Entrepreneurship Program del BIHUB \u00e9s el primer programa global i virtual d&#8217;empreniment, desenvolupat per experts de la ind\u00fastria de l&#8217;esport.<\/p>\n<p>Aquest curs est\u00e0 enfocat en oferir la guia, l&#8217;acompanyament i els recursos necessaris a emprenedors en fase llavor o inicial, per desenvolupar amb \u00e8xit la seva idea de negoci en la ind\u00fastria de l&#8217;esport.<\/p>\n<p>Es tracta d&#8217;un programa introductori que repassa els conceptes fonamentals de la innovaci\u00f3 i l&#8217;empreniment. Est\u00e0 espec\u00edficament dissenyat per donar-te els coneixements i les habilitats necess\u00e0ries per a:<\/p>\n<ul>\n<li>identificar una oportunitat<\/li>\n<li>dissenyar una soluci\u00f3 amb una proposta de valor creativa i diferencial<\/li>\n<li>crear i validar el model de negoci<\/li>\n<li>preparar la seva validaci\u00f3 amb usuaris<\/li>\n<li>identificar i perseguir oportunitats de creixement<\/li>\n<\/ul>\n<p>Es tracta d\u2019una formaci\u00f3 integral en qu\u00e8 adquirir\u00e0s eines concretes per augmentar la probabilitat d&#8217;\u00e8xit dels teus projectes, validant la proposta amb el mercat del sector esportiu i adaptant-la a les seves necessitats.<\/p>\n","ocultar_video":true,"url_video":"","avalado_por":false,"pdf_brochure":"https:\/\/static.capabiliaserver.com\/frontend\/clients\/barca\/wp_prod\/wp-content\/uploads\/2020\/10\/d9b17daf-sports-entrepreneurship-program_transformando-ideas-en-negocios.pdf","cursos_que_lo_componen":[{"nombre_del_curso":"VISI\u00d3 \/ EQUIP \/ ROLS","descripcion_del_curso":"<p>M\u00d2DUL 1. L'activitat emprenedora<br \/>\nM\u00d2DUL 2. La definici\u00f3 de la visi\u00f3<br \/>\nM\u00d2DUL 3. L'equip de treball<br \/>\nM\u00d2DUL 4. Metodologies \u00c0gils<\/p>\n"},{"nombre_del_curso":"PROPOSTA DE VALOR ","descripcion_del_curso":"<p>M\u00d2DUL 1. La proposta de valor: Encaix problema - soluci\u00f3<br \/>\nM\u00d2DUL 2. El segment de clients<br \/>\nM\u00d2DUL 3. Desenvolupament de clients<br \/>\nM\u00d2DUL 4. Empatitzant amb el client<\/p>\n"},{"nombre_del_curso":"VALIDACI\u00d3 DE LA PROPOSTA DE VALOR ","descripcion_del_curso":"<p>M\u00d2DUL 1. La proposta de valor i l'Encaix Problema - Soluci\u00f3<br \/>\nM\u00d2DUL 2. Proves i experiments de validaci\u00f3<br \/>\nM\u00d2DUL 3. Producte M\u00ednim Viable<br \/>\nM\u00d2DUL 4. Mides i tipus de mercat <\/p>\n"},{"nombre_del_curso":"MODELATGE DE NEGOCIS ","descripcion_del_curso":"<p>M\u00d2DUL 1. Introducci\u00f3 al modelatge de negocis<br \/>\nM\u00d2DUL 2. Infraestructura<br \/>\nM\u00d2DUL 3. Estructura de Costs<br \/>\nM\u00d2DUL 4. Models de monetitzaci\u00f3 <\/p>\n"},{"nombre_del_curso":"ENCAIX PRODUCTE - MERCAT","descripcion_del_curso":"<p>M\u00d2DUL 1. Patrons de models de negocis<br \/>\nM\u00d2DUL 2. M\u00e8triques de creixement claus<br \/>\nM\u00d2DUL 3. Les Cohorts<br \/>\nM\u00d2DUL 4. Mesura de l'Encaix Producte - Mercat (Product Market Fit) <\/p>\n"},{"nombre_del_curso":"CREIXEMENT EXPONENCIAL ","descripcion_del_curso":"<p>M\u00d2DUL 1. Desenvolupament de l'estrat\u00e8gia de vendes<br \/>\nM\u00d2DUL 2. Fonts de finan\u00e7ament<br \/>\nM\u00d2DUL 3. Presentaci\u00f3 de l'empreniment<br \/>\nM\u00d2DUL 4. Organitzacions Exponencials<\/p>\n"}],"aprende_a":[{"item_aprende_a":"Validar el problema o necessitat que es desitja atendre. "},{"item_aprende_a":"Descobrir early adopters del producte o servei. "},{"item_aprende_a":"Trobar l'encaix entre producte i mercat. "},{"item_aprende_a":"Validar la Soluci\u00f3 mitjan\u00e7ant el desenvolupament d'un M\u00ednim Producte Viable."},{"item_aprende_a":"Construir m\u00faltiples versions del model de negocis a trav\u00e9s d'iteraccions emp\u00edriques."},{"item_aprende_a":"Dissenyar estrat\u00e8gies de desenvolupament de clients."}],"preguntas_frecuentes":false,"contenidistas":false,"docentes_expertos":false,"imagen_destacada":false,"slidebox":false,"titulo_seccion_testimonios":"","slider_testimonios":false,"imagen_de_fondo_testimonios":false,"color_de_fondo_testimonios":"","segunda_fecha_de_inicio":"","zona_horaria":"Europe\/Madrid","activar_banner_1":false,"banner_1":false,"activar_banner_2":false,"banner_2":false,"activar_banner_3":false,"banner_3":false,"activar_nuevos_banners":false,"mostrar_banner_1":false,"crear_banner_1":{"utilizar_imagen_unica_para_banner":false,"asignar_imagen_unica_para_banner":false,"mostrar_titulo_banner":false,"titulo_para_banner":"","mostrar_subtitulo_banner":false,"subtitulo_del_banner":"","mostrar_cta_banner":false,"texto_cta_banner":"","url_cta_banner":"","fondo_de_color_banner":"","fondo_de_imagen_banner":false,"mostrar_imagen_izquierda_banner":false,"asignar_imagen_izquierda_banner":false},"mostrar_banner_2":false,"crear_banner_2":{"utilizar_imagen_unica_para_banner":false,"asignar_imagen_unica_para_banner":false,"mostrar_titulo_banner":false,"titulo_para_banner":"","mostrar_subtitulo_banner":false,"subtitulo_del_banner":"","mostrar_cta_banner":false,"texto_cta_banner":"","url_cta_banner":"","fondo_de_color_banner":"","fondo_de_imagen_banner":false,"mostrar_imagen_izquierda_banner":false,"asignar_imagen_izquierda_banner":false},"mostrar_banner_3":false,"crear_banner_3":{"utilizar_imagen_unica_para_banner":false,"asignar_imagen_unica_para_banner":false,"mostrar_titulo_banner":false,"titulo_para_banner":"","mostrar_subtitulo_banner":false,"subtitulo_del_banner":"","mostrar_cta_banner":false,"texto_cta_banner":"","url_cta_banner":"","fondo_de_color_banner":"","fondo_de_imagen_banner":false,"mostrar_imagen_izquierda_banner":false,"asignar_imagen_izquierda_banner":false},"pdf_brochure_link_drive":"https:\/\/drive.google.com\/uc?id=1ZgWS6i-EIBGkpOSlgZbYazcdWhk_YtgF&export=download"},"idiomas":{"en":58770,"es":58773,"ar":58771,"ca":58771,"ru":58771,"pt":58772},"_links":{"self":[{"href":"https:\/\/barcanew.capabiliaserver.com\/ca\/wp-json\/wp\/v2\/products\/58771"}],"collection":[{"href":"https:\/\/barcanew.capabiliaserver.com\/ca\/wp-json\/wp\/v2\/products"}],"about":[{"href":"https:\/\/barcanew.capabiliaserver.com\/ca\/wp-json\/wp\/v2\/types\/product"}],"author":[{"embeddable":true,"href":"https:\/\/barcanew.capabiliaserver.com\/ca\/wp-json\/wp\/v2\/users\/16"}],"replies":[{"embeddable":true,"href":"https:\/\/barcanew.capabiliaserver.com\/ca\/wp-json\/wp\/v2\/comments?post=58771"}],"version-history":[{"count":5,"href":"https:\/\/barcanew.capabiliaserver.com\/ca\/wp-json\/wp\/v2\/products\/58771\/revisions"}],"predecessor-version":[{"id":116427,"href":"https:\/\/barcanew.capabiliaserver.com\/ca\/wp-json\/wp\/v2\/products\/58771\/revisions\/116427"}],"wp:attachment":[{"href":"https:\/\/barcanew.capabiliaserver.com\/ca\/wp-json\/wp\/v2\/media?parent=58771"}],"wp:term":[{"taxonomy":"category","embeddable":true,"href":"https:\/\/barcanew.capabiliaserver.com\/ca\/wp-json\/wp\/v2\/categories?post=58771"}],"curies":[{"name":"wp","href":"https:\/\/api.w.org\/{rel}","templated":true}]}}