{"id":58350,"date":"2020-04-29T11:00:05","date_gmt":"2020-04-29T14:00:05","guid":{"rendered":"https:\/\/barcanew.capabiliaserver.com\/?post_type=product&#038;p=58350"},"modified":"2022-10-18T10:02:23","modified_gmt":"2022-10-18T13:02:23","slug":"certificat-neurobiologia-rendiment-esportiu","status":"publish","type":"product","link":"https:\/\/barcanew.capabiliaserver.com\/ca\/product\/certificat-neurobiologia-rendiment-esportiu\/","title":{"rendered":"Certificat en Neurobiologia i Rendiment Esportiu"},"content":{"rendered":"<p>contenido<\/p>\n","protected":false},"excerpt":{"rendered":"<p>excerpt<\/p>\n","protected":false},"author":16,"featured_media":0,"comment_status":"open","ping_status":"closed","template":"","meta":{"_acf_changed":false,"footnotes":""},"categories":[112],"acf":{"external_id":"1401","titulo_curso":"Certificado en Neurobiolog\u00eda y Rendimiento Deportivo","precio":"625","impartido_en":"Spanish","producto_path":false,"hubspot_product_id":"97772939","id_magento":"348","header_image":134143,"column_title":"","titulo_incentivo":"Certificat en Neurobiologia i Rendiment Esportiu","fecha_de_inicio":"10072021","precio_en_cuotas":"4 pagaments mensuals de 156,25 \u20ac","precio_de_lista":"","mostrar_form":false,"promocion_vigente":"","duracion_del_curso":"4 mesos","nivel_del_curso":"Introductori","modalidad_cursado":"Online","contenido":"<p>L&#8217;empobriment psicomotor de la poblaci\u00f3 \u00e9s notable, sobretot en les alteracions de la postura i les dificultats motores en joves i nens. Malgrat aix\u00f2, l&#8217;estudi del moviment hum\u00e0 des d&#8217;una perspectiva neuromec\u00e0nica no ha estat desenvolupat ni abordat de manera sist\u00e8mica en programes estructurats de formaci\u00f3, ni des de l&#8217;educaci\u00f3 f\u00edsica ni des de la fisioter\u00e0pia.<\/p>\n<p>L&#8217;educaci\u00f3 f\u00edsica escolar i els sistemes d&#8217;entrenament no aconsegueixen satisfer la demanda de l&#8217;alfabetitzaci\u00f3 motora. D&#8217;aqu\u00ed sorgeix la necessitat d&#8217;estudiar el moviment hum\u00e0 amb relaci\u00f3 al sistema nervi\u00f3s i les seves diverses funcions, amb l&#8217;objectiu de desenvolupar esportistes amb major consci\u00e8ncia motriu i millors capacitats de presa de decisi\u00f3. Sens dubte, el desenvolupament estructurat d&#8217;aquesta tem\u00e0tica constituir\u00e0 una fita per avan\u00e7ar cap a un prop\u00f2sit tan ambici\u00f3s.<\/p>\n<p>&nbsp;<\/p>\n<p><em><strong>DISCLAIMER: &#8220;Certificat en Neurobiologia i Rendiment Esportiu&#8221; \u00e9s la nova denominaci\u00f3 de l&#8217;ex &#8220;Certificat en Neuroci\u00e8ncia i Entrenament&#8221;.<\/strong><\/em><\/p>\n","ocultar_video":true,"url_video":"","avalado_por":false,"pdf_brochure":"https:\/\/barcanew.capabiliaserver.com\/wp-content\/uploads\/2020\/04\/c692f344-certificado-en-neurobiologia-y-rendimiento-deportivo.pdf","cursos_que_lo_componen":[{"nombre_del_curso":"Organitzaci\u00f3 Aferent del Moviment Hum\u00e0","descripcion_del_curso":"<p>M\u00d2DUL 1: Sistemes sensorials<br \/>\nM\u00d2DUL 2: Percepci\u00f3 i observaci\u00f3 motriu<br \/>\nM\u00d2DUL 3: Representaci\u00f3 ideomotora<br \/>\nM\u00d2DUL 4: M\u00f2dul integrador<\/p>\n"},{"nombre_del_curso":"Processament Central del Moviment Voluntari","descripcion_del_curso":"<p>M\u00d2DUL 1: L\u00f2gica motriu i presa de decisi\u00f3<br \/>\nM\u00d2DUL 2: Entrenament decisional<br \/>\nM\u00d2DUL 3: Programaci\u00f3 neuromotora<br \/>\nM\u00d2DUL 4: M\u00f2dul integrador<\/p>\n"},{"nombre_del_curso":"Organitzaci\u00f3 Eferent del Moviment Hum\u00e0","descripcion_del_curso":"<p>M\u00d2DUL 1: Escor\u00e7a motora i via corticoespinal<br \/>\nM\u00d2DUL 2: Rol del cerebel i els ganglis de la base<br \/>\nM\u00d2DUL 3: Retroalimentaci\u00f3 i ajustament motor<br \/>\nM\u00d2DUL 4: M\u00f2dul integrador<\/p>\n"},{"nombre_del_curso":"La Dificultat i l'Entorn en la Motricitat Humana","descripcion_del_curso":"<p>M\u00d2DUL 1: Errors motors<br \/>\nM\u00d2DUL 2: Did\u00e0ctica especial per a la correcci\u00f3 d'errors<br \/>\nM\u00d2DUL 3: Did\u00e0ctica de correcci\u00f3 d'errors i transfer\u00e8ncia<br \/>\nM\u00d2DUL 4: M\u00f2dul integrador<\/p>\n"}],"aprende_a":[{"item_aprende_a":"Detectar les \u00e0rees que participen en la sensopercepci\u00f3 motriu i de quina manera se la pot influir."},{"item_aprende_a":"Determinar de quina manera influeix el sistema nervi\u00f3s central en el moviment hum\u00e0 i com es pot modelar la capacitat de presa de decisi\u00f3 per al moviment."},{"item_aprende_a":"Detectar quines \u00e0rees participen en l'ajustament i el control del moviment i de quina manera."},{"item_aprende_a":"Detectar els errors motors i determinar de quina manera es poden prevenir o corregir."}],"preguntas_frecuentes":false,"contenidistas":[{"contenidista":"Mario Di Santo","descripcion_contenidista":"Professor d\u2019Educaci\u00f3 F\u00edsica. Salut i neurobiologia del control i l\u2019aprenentatge motor."}],"docentes_expertos":[{"foto":"https:\/\/barcanew.capabiliaserver.com\/wp-content\/uploads\/2020\/02\/9c4adc5b-francesc-cos-2.jpg","nombre_del_docente":"Francesc Cos","descripcion_del_docente":"Antic Cap d'Entrenament de la For\u00e7a per al primer equip de futbol del FC Barcelona (2004-2016). Exdirector de l'\u00c0rea de Rendiment Esportiu del Bar\u00e7a Innovation Hub (2016-2018). Actualment Preparador F\u00edsic del Manchester City.","enlace":""}],"imagen_destacada":"https:\/\/barcanew.capabiliaserver.com\/wp-content\/uploads\/2020\/04\/e8f335e6-certificate-in-neurobiology-and-sports-performance_.jpg","slidebox":false,"titulo_seccion_testimonios":"","slider_testimonios":false,"imagen_de_fondo_testimonios":false,"color_de_fondo_testimonios":"","segunda_fecha_de_inicio":"25072021","zona_horaria":"Europe\/Madrid","activar_banner_1":false,"banner_1":false,"activar_banner_2":false,"banner_2":false,"activar_banner_3":false,"banner_3":false,"activar_nuevos_banners":false,"mostrar_banner_1":false,"crear_banner_1":{"utilizar_imagen_unica_para_banner":false,"asignar_imagen_unica_para_banner":false,"mostrar_titulo_banner":false,"titulo_para_banner":"","mostrar_subtitulo_banner":false,"subtitulo_del_banner":"","mostrar_cta_banner":false,"texto_cta_banner":"","url_cta_banner":"","fondo_de_color_banner":"","fondo_de_imagen_banner":false,"mostrar_imagen_izquierda_banner":false,"asignar_imagen_izquierda_banner":false},"mostrar_banner_2":false,"crear_banner_2":{"utilizar_imagen_unica_para_banner":false,"asignar_imagen_unica_para_banner":false,"mostrar_titulo_banner":false,"titulo_para_banner":"","mostrar_subtitulo_banner":false,"subtitulo_del_banner":"","mostrar_cta_banner":false,"texto_cta_banner":"","url_cta_banner":"","fondo_de_color_banner":"","fondo_de_imagen_banner":false,"mostrar_imagen_izquierda_banner":false,"asignar_imagen_izquierda_banner":false},"mostrar_banner_3":false,"crear_banner_3":{"utilizar_imagen_unica_para_banner":false,"asignar_imagen_unica_para_banner":false,"mostrar_titulo_banner":false,"titulo_para_banner":"","mostrar_subtitulo_banner":false,"subtitulo_del_banner":"","mostrar_cta_banner":false,"texto_cta_banner":"","url_cta_banner":"","fondo_de_color_banner":"","fondo_de_imagen_banner":false,"mostrar_imagen_izquierda_banner":false,"asignar_imagen_izquierda_banner":false},"activar_hero_video":false,"video_texto":"","video_header":false,"pdf_brochure_link_drive":"https:\/\/drive.google.com\/uc?id=1nrtYWF2-gKPUj8NDt0YYWtfZYJ6hJS9A&export=download"},"idiomas":{"en":58349,"es":58352,"ar":58350,"ca":58350,"ru":58350,"pt":58351},"_links":{"self":[{"href":"https:\/\/barcanew.capabiliaserver.com\/ca\/wp-json\/wp\/v2\/products\/58350"}],"collection":[{"href":"https:\/\/barcanew.capabiliaserver.com\/ca\/wp-json\/wp\/v2\/products"}],"about":[{"href":"https:\/\/barcanew.capabiliaserver.com\/ca\/wp-json\/wp\/v2\/types\/product"}],"author":[{"embeddable":true,"href":"https:\/\/barcanew.capabiliaserver.com\/ca\/wp-json\/wp\/v2\/users\/16"}],"replies":[{"embeddable":true,"href":"https:\/\/barcanew.capabiliaserver.com\/ca\/wp-json\/wp\/v2\/comments?post=58350"}],"version-history":[{"count":5,"href":"https:\/\/barcanew.capabiliaserver.com\/ca\/wp-json\/wp\/v2\/products\/58350\/revisions"}],"predecessor-version":[{"id":134151,"href":"https:\/\/barcanew.capabiliaserver.com\/ca\/wp-json\/wp\/v2\/products\/58350\/revisions\/134151"}],"wp:attachment":[{"href":"https:\/\/barcanew.capabiliaserver.com\/ca\/wp-json\/wp\/v2\/media?parent=58350"}],"wp:term":[{"taxonomy":"category","embeddable":true,"href":"https:\/\/barcanew.capabiliaserver.com\/ca\/wp-json\/wp\/v2\/categories?post=58350"}],"curies":[{"name":"wp","href":"https:\/\/api.w.org\/{rel}","templated":true}]}}