{"id":57334,"date":"2020-04-06T11:10:03","date_gmt":"2020-04-06T14:10:03","guid":{"rendered":"https:\/\/barcanew.capabiliaserver.com\/?post_type=product&#038;p=57334"},"modified":"2022-10-13T11:55:14","modified_gmt":"2022-10-13T14:55:14","slug":"sports-ticketing","status":"publish","type":"product","link":"https:\/\/barcanew.capabiliaserver.com\/ca\/product\/sports-ticketing\/","title":{"rendered":"Sports Ticketing"},"content":{"rendered":"<p>contenido<\/p>\n","protected":false},"excerpt":{"rendered":"<p>excerpt<\/p>\n","protected":false},"author":16,"featured_media":0,"comment_status":"open","ping_status":"closed","template":"","meta":{"_acf_changed":false,"footnotes":""},"categories":[118],"acf":{"external_id":"1400","titulo_curso":"Sports Ticketing","precio":"450","impartido_en":"Spanish","producto_path":false,"hubspot_product_id":"95420209","id_magento":"347","header_image":133424,"column_title":"","titulo_incentivo":"Sports Ticketing","fecha_de_inicio":"10062021","precio_en_cuotas":"2 pagaments mensuals de 200 \u20ac","precio_de_lista":"","mostrar_form":false,"promocion_vigente":"","duracion_del_curso":"2 mesos","nivel_del_curso":"Introductori","modalidad_cursado":"Online","contenido":"<p>Sports Ticketing \u00e9s un programa dissenyat per gestionar la direcci\u00f3 en l&#8217;\u00e0mbit d&#8217;ingressos i operacions de l&#8217;\u00e0rea d&#8217;espais (venues) d&#8217;un club esportiu, especialment a la ind\u00fastria del futbol.<\/p>\n<p>El programa est\u00e0 dirigit a aquells professionals de la ind\u00fastria del futbol que busquen comen\u00e7ar o millorar en la seva carrera comercial dins de la ind\u00fastria del futbol. En finalitzar els dos cursos, els participants estaran qualificats per influir i liderar el canvi en termes d&#8217;ingressos i transformaci\u00f3 digital en el context de l&#8217;explotaci\u00f3 d&#8217;espais en la ind\u00fastria del futbol.<\/p>\n<p>El pla d&#8217;estudis t\u00e9 com a objectiu assolir les seg\u00fcents fites:<br \/>\n\u2022 Introducci\u00f3 al negoci d&#8217;instal\u2022lacions en l&#8217;\u00e0mbit del futbol<br \/>\n\u2022 Gesti\u00f3 d&#8217;estadis i operacions de clubs en el futbol<br \/>\n\u2022 An\u00e0lisi de dades en el futbol<br \/>\n\u2022 Fan Engagement (Business To Fan &#8211; B2F)<br \/>\n\u2022 Estrat\u00e8gies de m\u00e0rqueting digital i monetitzaci\u00f3 en el futbol<br \/>\n\u2022 Projecte final<\/p>\n","ocultar_video":true,"url_video":"","avalado_por":false,"pdf_brochure":"https:\/\/static.capabiliaserver.com\/frontend\/clients\/barca\/wp_prod\/wp-content\/uploads\/2020\/04\/9bf6dd84-sports-ticketing-1.pdf","cursos_que_lo_componen":[{"nombre_del_curso":"Explotaci\u00f3 d'Instal\u2022lacions Esportives ","descripcion_del_curso":"<p>M\u00d2DUL 1. Espais esportius a l'era digital<br \/>\nM\u00d2DUL 2. Estrat\u00e8gia de vendes amb la transformaci\u00f3 digital<br \/>\nM\u00d2DUL 3. Gesti\u00f3 d'espais, en el focus de la digitalitzaci\u00f3<br \/>\nM\u00d2DUL 4. Customer Services<\/p>\n"},{"nombre_del_curso":"Canals de Venda a l'Era Digital ","descripcion_del_curso":"<p>M\u00d2DUL 1. La digitalitzaci\u00f3 de la venda directa i indirecta<br \/>\nM\u00d2DUL 2. Estrat\u00e8gia de m\u00e0rqueting<br \/>\nM\u00d2DUL 3. Negoci digital en esports<br \/>\nM\u00d2DUL 4. Noves tend\u00e8ncies digitals<\/p>\n"}],"aprende_a":[{"item_aprende_a":"Conduir la gesti\u00f3 d'instal\u2022lacions i l'estrat\u00e8gia comercial per explotar-les, aix\u00ed com la coordinaci\u00f3 log\u00edstica i operacions (postvenda i customer service) en instal\u2022lacions esportives."},{"item_aprende_a":"Conduir tota la gesti\u00f3 comercial i de m\u00e0rqueting dels canals de venda B2C i B2B, dins de tota la transformaci\u00f3 digital on es veu inmersa la ind\u00fastria esportiva."}],"preguntas_frecuentes":false,"contenidistas":false,"docentes_expertos":[{"foto":"https:\/\/barcanew.capabiliaserver.com\/wp-content\/uploads\/2020\/04\/da9df043-octavi-tarr\u00e9s.jpg","nombre_del_docente":"Octavi Tarr\u00e9s","descripcion_del_docente":"Business Development & Partnership Manager a FC Barcelona","enlace":""},{"foto":"https:\/\/barcanew.capabiliaserver.com\/wp-content\/uploads\/2020\/04\/e9dc016a-jos\u00e9-luis-beltr\u00e1n-andreu.jpg","nombre_del_docente":"Jos\u00e9 Luis Beltr\u00e1n Andreu ","descripcion_del_docente":"Digital Project Manager a FC Barcelona","enlace":""}],"imagen_destacada":"https:\/\/barcanew.capabiliaserver.com\/wp-content\/uploads\/2020\/04\/0ffbb665-sports-ticketing.jpg","slidebox":false,"titulo_seccion_testimonios":"","slider_testimonios":false,"imagen_de_fondo_testimonios":false,"color_de_fondo_testimonios":"","activar_banner_1":false,"banner_1":false,"activar_banner_2":false,"banner_2":false,"activar_banner_3":false,"banner_3":false,"segunda_fecha_de_inicio":"","zona_horaria":"Europe\/Madrid","activar_nuevos_banners":false,"mostrar_banner_1":false,"crear_banner_1":{"utilizar_imagen_unica_para_banner":false,"asignar_imagen_unica_para_banner":false,"mostrar_titulo_banner":false,"titulo_para_banner":"","mostrar_subtitulo_banner":false,"subtitulo_del_banner":"","mostrar_cta_banner":false,"texto_cta_banner":"","url_cta_banner":"","fondo_de_color_banner":"","fondo_de_imagen_banner":false,"mostrar_imagen_izquierda_banner":false,"asignar_imagen_izquierda_banner":false},"mostrar_banner_2":false,"crear_banner_2":{"utilizar_imagen_unica_para_banner":false,"asignar_imagen_unica_para_banner":false,"mostrar_titulo_banner":false,"titulo_para_banner":"","mostrar_subtitulo_banner":false,"subtitulo_del_banner":"","mostrar_cta_banner":false,"texto_cta_banner":"","url_cta_banner":"","fondo_de_color_banner":"","fondo_de_imagen_banner":false,"mostrar_imagen_izquierda_banner":false,"asignar_imagen_izquierda_banner":false},"mostrar_banner_3":false,"crear_banner_3":{"utilizar_imagen_unica_para_banner":false,"asignar_imagen_unica_para_banner":false,"mostrar_titulo_banner":false,"titulo_para_banner":"","mostrar_subtitulo_banner":false,"subtitulo_del_banner":"","mostrar_cta_banner":false,"texto_cta_banner":"","url_cta_banner":"","fondo_de_color_banner":"","fondo_de_imagen_banner":false,"mostrar_imagen_izquierda_banner":false,"asignar_imagen_izquierda_banner":false},"pdf_brochure_link_drive":"https:\/\/drive.google.com\/uc?id=1KylRzplePU5BJa3MKL-5jJt2UbS6pdYH&export=download","activar_hero_video":false,"video_texto":"","video_header":false},"idiomas":{"en":57333,"es":57336,"ar":57334,"ca":57334,"ru":57334,"pt":57335},"_links":{"self":[{"href":"https:\/\/barcanew.capabiliaserver.com\/ca\/wp-json\/wp\/v2\/products\/57334"}],"collection":[{"href":"https:\/\/barcanew.capabiliaserver.com\/ca\/wp-json\/wp\/v2\/products"}],"about":[{"href":"https:\/\/barcanew.capabiliaserver.com\/ca\/wp-json\/wp\/v2\/types\/product"}],"author":[{"embeddable":true,"href":"https:\/\/barcanew.capabiliaserver.com\/ca\/wp-json\/wp\/v2\/users\/16"}],"replies":[{"embeddable":true,"href":"https:\/\/barcanew.capabiliaserver.com\/ca\/wp-json\/wp\/v2\/comments?post=57334"}],"version-history":[{"count":5,"href":"https:\/\/barcanew.capabiliaserver.com\/ca\/wp-json\/wp\/v2\/products\/57334\/revisions"}],"predecessor-version":[{"id":133432,"href":"https:\/\/barcanew.capabiliaserver.com\/ca\/wp-json\/wp\/v2\/products\/57334\/revisions\/133432"}],"wp:attachment":[{"href":"https:\/\/barcanew.capabiliaserver.com\/ca\/wp-json\/wp\/v2\/media?parent=57334"}],"wp:term":[{"taxonomy":"category","embeddable":true,"href":"https:\/\/barcanew.capabiliaserver.com\/ca\/wp-json\/wp\/v2\/categories?post=57334"}],"curies":[{"name":"wp","href":"https:\/\/api.w.org\/{rel}","templated":true}]}}