{"id":45592,"date":"2019-11-25T15:40:56","date_gmt":"2019-11-25T18:40:56","guid":{"rendered":"https:\/\/barcanew.capabiliaserver.com\/?post_type=product&#038;p=45592"},"modified":"2022-10-17T09:47:20","modified_gmt":"2022-10-17T12:47:20","slug":"tendinopatia-dels-membres-inferiors","status":"publish","type":"product","link":"https:\/\/barcanew.capabiliaserver.com\/ca\/product\/tendinopatia-dels-membres-inferiors\/","title":{"rendered":"Tendinopatia dels Membres Inferiors"},"content":{"rendered":"<p>contenido<\/p>\n","protected":false},"excerpt":{"rendered":"<p>excerpt<\/p>\n","protected":false},"author":16,"featured_media":0,"comment_status":"open","ping_status":"closed","template":"","meta":{"_acf_changed":false,"footnotes":""},"categories":[112],"acf":{"external_id":"1395","titulo_curso":"Lower Limb Tendinopathy","precio":"450","impartido_en":"Spanish","producto_path":false,"hubspot_product_id":"55164482","id_magento":"332","header_image":133992,"column_title":"","titulo_incentivo":"Tendinopatia dels Membres Inferiors","fecha_de_inicio":"10082021","precio_en_cuotas":"","precio_de_lista":"","mostrar_form":false,"promocion_vigente":"","duracion_del_curso":"2 mesos","nivel_del_curso":"Avan\u00e7at","modalidad_cursado":"Online","contenido":"<p>Els tendons dels membres inferiors funcionen predominantment com a ressorts per permetre tant la locomoci\u00f3 com una activitat atl\u00e8tica d&#8217;alt nivell. El dolor i la disfunci\u00f3 del tend\u00f3 es produeixen sovint, i els professionals m\u00e8dics han de ser competents per recon\u00e8ixer les principals caracter\u00edstiques del dolor del tend\u00f3, i tamb\u00e9 tenir un coneixement excel\u00b7lent de la gesti\u00f3 basada en l&#8217;evid\u00e8ncia.<\/p>\n<p>Per poder aplicar la base de l&#8217;evid\u00e8ncia cal entendre la patologia del dolor del tend\u00f3, l&#8217;adaptaci\u00f3, aix\u00ed com tamb\u00e9 els canvis que es produeixen a tots els nivells (des del tend\u00f3 al m\u00fascul, la cadena cin\u00e8tica i el cervell). Si es tenen en compte aquests conceptes es podr\u00e0 dur a terme una rehabilitaci\u00f3 rigorosa i un \u00fas apropiat d&#8217;auxiliars en el tractament.<\/p>\n<p>Les consideracions de la rehabilitaci\u00f3 inclouen la capacitat actual de l&#8217;individu aix\u00ed com els seus objectius, la comorbiditat i els factors individuals. L&#8217;atleta de temporada proporciona un desafiament addicional, i els professionals m\u00e8dics han d&#8217;entendre com i quan han d&#8217;aplicar la recerca actual.<\/p>\n<p>Aquest programa tamb\u00e9 ensenyar\u00e0 la import\u00e0ncia de la ci\u00e8ncia del dolor, l&#8217;\u00fas del llenguatge quan cal transmetre informaci\u00f3 als pacients, als atletes i a les parts interessades clau, com ara els pares dels atletes j\u00fanior i els entrenadors. Tamb\u00e9 es presentar\u00e0 l&#8217;\u00faltima evid\u00e8ncia de com incorporar la neuroci\u00e8ncia en la rehabilitaci\u00f3.<\/p>\n","ocultar_video":false,"url_video":"https:\/\/www.youtube.com\/embed\/wpWnTTDmMKo","avalado_por":false,"pdf_brochure":"https:\/\/static.capabiliaserver.com\/frontend\/clients\/barca\/wp_prod\/wp-content\/uploads\/2019\/11\/e7f224ca-tendinopatia-de-miembros-inferiores.pdf","cursos_que_lo_componen":[{"nombre_del_curso":"Entendre l'anatomia, la funci\u00f3 i l'adaptaci\u00f3 del tend\u00f3","descripcion_del_curso":"<p>M\u00d2DUL 1: Fonaments del tend\u00f3<br \/>\nM\u00d2DUL 2. Dolor i patologia: implicacions per a metges cl\u00ednics<br \/>\nM\u00d2DUL 3. Teoria de l'avaluaci\u00f3 subjectiva<br \/>\nM\u00d2DUL 4. Diagn\u00f2stic per imatges i altres derivacions de l'avaluaci\u00f3 subjectiva<\/p>\n"},{"nombre_del_curso":"Avaluar i rehabilitar els tendons dels membres inferiors","descripcion_del_curso":"<p>M\u00d2DUL 1. Introducci\u00f3 a l'avaluaci\u00f3 objectiva i espec\u00edfica dels tendons<br \/>\nM\u00d2DUL 2. Continuaci\u00f3 de l'avaluaci\u00f3 objectiva per als tendons de membres inferiors<br \/>\nM\u00d2DUL 3. Historial de rehabilitaci\u00f3<br \/>\nM\u00d2DUL 4. Finalitzaci\u00f3 de la rehabilitaci\u00f3<\/p>\n"}],"aprende_a":[{"item_aprende_a":"Descriure el tend\u00f3 normal i els canvis que es produeixen amb patologia."},{"item_aprende_a":"Entendre i explicar qu\u00e8 es coneix de la nocicepci\u00f3 i el dolor en els tendons."},{"item_aprende_a":"Descriure la funci\u00f3 dels tendons dels membres inferiors."},{"item_aprende_a":"Entendre la funci\u00f3 de l'escaneig d'imatges en el dolor del tend\u00f3."},{"item_aprende_a":"Dur a terme un examen rigor\u00f3s i subjectiu."},{"item_aprende_a":"Incrementar la seguretat en el diagn\u00f2stic diferencial o proposar una via de tractament que segueixi una avaluaci\u00f3 objectiva."},{"item_aprende_a":"Proporcionar una rehabilitaci\u00f3 basada en l'evid\u00e8ncia per als tendons dels membres inferiors. Adaptar la gesti\u00f3 per als atletes de temporada."}],"preguntas_frecuentes":false,"contenidistas":false,"docentes_expertos":[{"foto":"https:\/\/barcanew.capabiliaserver.com\/wp-content\/uploads\/2019\/11\/37fb11cd-jill-cook.jpg","nombre_del_docente":"Jill Cook","descripcion_del_docente":"Fisioterapeuta. Professora de salut musculoesquel\u00e8tica a La Trobe Sport and Exercise Medicine Research Centre, a la Universitat La Trobe. Les seves \u00e0rees de recerca inclouen la medicina esportiva i les lesions del tend\u00f3.","enlace":""},{"foto":"https:\/\/barcanew.capabiliaserver.com\/wp-content\/uploads\/2019\/11\/a77176c8-ebonie_rio.jpg","nombre_del_docente":"Ebonie Rio","descripcion_del_docente":"Investigadora l\u00edder en dolor del tend\u00f3 i rehabilitaci\u00f3 a la Universitat La Trobe.","enlace":""}],"imagen_destacada":"https:\/\/barcanew.capabiliaserver.com\/wp-content\/uploads\/2019\/11\/99b4c86a-lower-limb-tendinopathy_.jpg","titulo_seccion_testimonios":"","slider_testimonios":false,"imagen_de_fondo_testimonios":false,"color_de_fondo_testimonios":"","segunda_fecha_de_inicio":"","zona_horaria":"Europe\/Madrid","activar_banner_1":false,"banner_1":false,"activar_banner_2":false,"banner_2":false,"activar_banner_3":false,"banner_3":false,"activar_nuevos_banners":false,"mostrar_banner_1":false,"crear_banner_1":{"utilizar_imagen_unica_para_banner":false,"asignar_imagen_unica_para_banner":false,"mostrar_titulo_banner":false,"titulo_para_banner":"","mostrar_subtitulo_banner":false,"subtitulo_del_banner":"","mostrar_cta_banner":false,"texto_cta_banner":"","url_cta_banner":"","fondo_de_color_banner":"","fondo_de_imagen_banner":false,"mostrar_imagen_izquierda_banner":false,"asignar_imagen_izquierda_banner":false},"mostrar_banner_2":false,"crear_banner_2":{"utilizar_imagen_unica_para_banner":false,"asignar_imagen_unica_para_banner":false,"mostrar_titulo_banner":false,"titulo_para_banner":"","mostrar_subtitulo_banner":false,"subtitulo_del_banner":"","mostrar_cta_banner":false,"texto_cta_banner":"","url_cta_banner":"","fondo_de_color_banner":"","fondo_de_imagen_banner":false,"mostrar_imagen_izquierda_banner":false,"asignar_imagen_izquierda_banner":false},"mostrar_banner_3":false,"crear_banner_3":{"utilizar_imagen_unica_para_banner":false,"asignar_imagen_unica_para_banner":false,"mostrar_titulo_banner":false,"titulo_para_banner":"","mostrar_subtitulo_banner":false,"subtitulo_del_banner":"","mostrar_cta_banner":false,"texto_cta_banner":"","url_cta_banner":"","fondo_de_color_banner":"","fondo_de_imagen_banner":false,"mostrar_imagen_izquierda_banner":false,"asignar_imagen_izquierda_banner":false},"pdf_brochure_link_drive":"https:\/\/drive.google.com\/uc?id=1FyDgt9mUdlDbVYlRe_eieUyy67n2PXwy&export=download","activar_hero_video":false,"video_texto":"","video_header":false},"idiomas":{"en":45591,"es":45594,"ar":45592,"ca":45592,"ru":45592,"pt":45593},"_links":{"self":[{"href":"https:\/\/barcanew.capabiliaserver.com\/ca\/wp-json\/wp\/v2\/products\/45592"}],"collection":[{"href":"https:\/\/barcanew.capabiliaserver.com\/ca\/wp-json\/wp\/v2\/products"}],"about":[{"href":"https:\/\/barcanew.capabiliaserver.com\/ca\/wp-json\/wp\/v2\/types\/product"}],"author":[{"embeddable":true,"href":"https:\/\/barcanew.capabiliaserver.com\/ca\/wp-json\/wp\/v2\/users\/16"}],"replies":[{"embeddable":true,"href":"https:\/\/barcanew.capabiliaserver.com\/ca\/wp-json\/wp\/v2\/comments?post=45592"}],"version-history":[{"count":5,"href":"https:\/\/barcanew.capabiliaserver.com\/ca\/wp-json\/wp\/v2\/products\/45592\/revisions"}],"predecessor-version":[{"id":133999,"href":"https:\/\/barcanew.capabiliaserver.com\/ca\/wp-json\/wp\/v2\/products\/45592\/revisions\/133999"}],"wp:attachment":[{"href":"https:\/\/barcanew.capabiliaserver.com\/ca\/wp-json\/wp\/v2\/media?parent=45592"}],"wp:term":[{"taxonomy":"category","embeddable":true,"href":"https:\/\/barcanew.capabiliaserver.com\/ca\/wp-json\/wp\/v2\/categories?post=45592"}],"curies":[{"name":"wp","href":"https:\/\/api.w.org\/{rel}","templated":true}]}}