{"id":38418,"date":"2019-10-11T15:44:12","date_gmt":"2019-10-11T18:44:12","guid":{"rendered":"https:\/\/barcanew.capabiliaserver.com\/?post_type=product&#038;p=38418"},"modified":"2022-10-18T12:48:53","modified_gmt":"2022-10-18T15:48:53","slug":"certificat-en-analista-tactic-de-futbol","status":"publish","type":"product","link":"https:\/\/barcanew.capabiliaserver.com\/ca\/product\/certificat-en-analista-tactic-de-futbol\/","title":{"rendered":"Certificat en Analista T\u00e0ctic de Futbol"},"content":{"rendered":"<p>contenido<\/p>\n","protected":false},"excerpt":{"rendered":"<p>excerpt<\/p>\n","protected":false},"author":16,"featured_media":0,"comment_status":"open","ping_status":"closed","template":"","meta":{"_acf_changed":false,"footnotes":""},"categories":[112,109],"acf":{"external_id":"1383","titulo_curso":"Certificado en Analista T\u00e1ctico de F\u00fatbol","precio":"625","impartido_en":"Spanish","hubspot_product_id":"50377707","id_magento":"308","header_image":134249,"column_title":"","titulo_incentivo":"Certificat en Analista T\u00e0ctic de Futbol","fecha_de_inicio":"10072021","precio_en_cuotas":"4 pagaments  mensuals de 156,25 \u20ac","precio_de_lista":"","mostrar_form":false,"promocion_vigente":"","duracion_del_curso":"4 mesos","nivel_del_curso":"Introductori","modalidad_cursado":"Online","contenido":"<p>El Certificat en Analista T\u00e0ctic de Futbol parteix de la constataci\u00f3 del creixement quantitatiu de la figura de l\u2019analista i dels departaments d\u2019an\u00e0lisi dels clubs professionals de futbol. Vista la demanda del perfil professional d\u2019analista, sorgeix la necessitat d\u2019ordenar i detallar cadascuna de les funcions que exerceix o pot exercir m\u00e9s endavant.<\/p>\n<p>En un entorn cada vegada m\u00e9s competitiu, l\u2019enorme increment dels recursos econ\u00f2mics dels clubs professionals de futbol permet que l\u2019analista dugui a terme un treball organitzat i exhaustiu per millorar el rendiment de l\u2019equip, i situ\u00ef aquest perfil professional en un mercat laboral en creixement.<\/p>\n<p>En obtenir el certificat, sabr\u00e0s implantar el departament d\u2019an\u00e0lisi en un club de futbol determinat, coneixer\u00e0s quines eines tecnol\u00f2giques tens a la teva disposici\u00f3 i podr\u00e0s afrontar el proc\u00e9s d\u2019an\u00e0lisi des d\u2019una perspectiva integral (an\u00e0lisi propi, rival, entrenament, partit, competici\u00f3, etc.).<\/p>\n","ocultar_video":false,"url_video":"https:\/\/www.youtube.com\/embed\/7a6Pv7V5RRc","avalado_por":false,"pdf_brochure":"https:\/\/static.capabiliaserver.com\/frontend\/clients\/barca\/wp_prod\/wp-content\/uploads\/2019\/10\/b575ca6b-certificado-en-analista-tactico-de-futbol.pdf","cursos_que_lo_componen":[{"nombre_del_curso":"Establiment i processos tecnol\u00f2gics d\u2019an\u00e0lisi","descripcion_del_curso":"<p>M\u00d2DUL 1: Departament d\u2019an\u00e0lisi<br \/>\nM\u00d2DUL 2: An\u00e0lisi m\u00e8trica de dades<br \/>\nM\u00d2DUL 3: Processos audiovisuals<br \/>\nM\u00d2DUL 4: El taggingcom a mitj\u00e0 per a l\u2019an\u00e0lisi de partits<\/p>\n"},{"nombre_del_curso":"An\u00e0lisi de l\u2019equip propi (autoan\u00e0lisi)","descripcion_del_curso":"<p>M\u00d2DUL 1: An\u00e0lisi Pla Micro<br \/>\nM\u00d2DUL 2: An\u00e0lisi Pla Meso<br \/>\nM\u00d2DUL 3: An\u00e0lisi Pla Macro<br \/>\nM\u00d2DUL 4: An\u00e0lisi de l\u2019entrenament<\/p>\n"},{"nombre_del_curso":"An\u00e0lisi de l\u2019equip rival","descripcion_del_curso":"<p>M\u00d2DUL 1: An\u00e0lisi individual del rival<br \/>\nM\u00d2DUL 2: An\u00e0lisi col\u00b7lectiu del rival<br \/>\nM\u00d2DUL 3: Incid\u00e8ncia de l\u2019an\u00e0lisi del rival a l\u2019entrenament<br \/>\nM\u00d2DUL 4: Transmissi\u00f3 de l\u2019an\u00e0lisi del rival al jugador durant el microcicle<\/p>\n"},{"nombre_del_curso":"An\u00e0lisi de partit","descripcion_del_curso":"<p>M\u00d2DUL 1: Prepartit<br \/>\nM\u00d2DUL 2: An\u00e0lisi durant el partit<br \/>\nM\u00d2DUL 3: An\u00e0lisi postpartit<br \/>\nM\u00d2DUL 4: Avaluaci\u00f3 final<\/p>\n"}],"aprende_a":[{"item_aprende_a":"Ajudar a establir correctament el departament d\u2019an\u00e0lisi en un club de futbol i con\u00e8ixer les eines tecnol\u00f2giques actuals en mat\u00e8ria d\u2019an\u00e0lisi."},{"item_aprende_a":"Organitzar i millorar el coneixement i el rendiment de l\u2019equip per mitj\u00e0 de l\u2019an\u00e0lisi."},{"item_aprende_a":"Millorar la recollida i l\u2019\u00fas de la informaci\u00f3 del rival durant els entrenaments."},{"item_aprende_a":"Adoptar un m\u00e8tode per a l\u2019an\u00e0lisi durant la competici\u00f3."}],"preguntas_frecuentes":false,"contenidistas":[{"contenidista":"Antonio \u00c1ngel Barea Villegas (Cap d'estudis del Certificat)","descripcion_contenidista":"Entrenador UEFA-PRO i analista t\u00e0ctic. Ha estat analista de rivals de la selecci\u00f3 espanyola (RFEF) i \u00e9s professor de l'\u00c0rea d'Entrenament (CEDIFA-RFAF)."},{"contenidista":"Anselmo Ruiz de Alarc\u00f3n Quintero (Professor)","descripcion_contenidista":"Assessor extern en An\u00e0lisi de Dades del primer equip de l'Athletic Club. Va ser responsable d'R+D al planter del Real Betis. Llicenciat en Ci\u00e8ncies de l'Activitat F\u00edsica i de l'Esport."},{"contenidista":"Marco Tamarit de Toro (Professor)","descripcion_contenidista":"Entrenador de futbol i analista. Ha estat analista del Real Betis Balompi\u00e9 i de l'equip t\u00e8cnic de Bernd Schuster al Dalian Yifang."},{"contenidista":"Enric Soriano Domingo (Professor)","descripcion_contenidista":"Entrenador de futbol i analista t\u00e0ctic. Experi\u00e8ncia en els planters del Llevant UD i del Val\u00e8ncia CF com a entrenador i a l'UD Eivissa com a analista."},{"contenidista":"Mat\u00edas Pera Lallana (Col\u00b7laborador)","descripcion_contenidista":"Coordinador i entrenador de futbol base."},{"contenidista":"\u00c1lex Couto Lago (Col\u00b7laborador)","descripcion_contenidista":"Entrenador nacional de futbol i t\u00e8cnic esportiu superior. M\u00e0ster Professional en Futbol. Llicenciat en Ci\u00e8ncies Econ\u00f2miques. Exentrenador de la SD Compostela. Analista, consultor. Comentarista TVG."}],"docentes_expertos":[{"foto":"https:\/\/barcanew.capabiliaserver.com\/wp-content\/uploads\/2019\/10\/632bf600-antolin_gonzalo_martin.jpg","nombre_del_docente":"Antol\u00edn Gonzalo Mart\u00edn","descripcion_del_docente":"Entrenador UEFA-PRO i analista t\u00e0ctic. Ha sigut analista en cap de la selecci\u00f3 espanyola (RFEF) i del primer equip de futbol del Reial Madrid CF.","enlace":""}],"imagen_destacada":"https:\/\/barcanew.capabiliaserver.com\/wp-content\/uploads\/2019\/10\/35915af9-certificate-in-football-tactical-analyst_.jpg","producto_path":false,"titulo_seccion_testimonios":"","slider_testimonios":false,"imagen_de_fondo_testimonios":false,"color_de_fondo_testimonios":"","segunda_fecha_de_inicio":"25072021","zona_horaria":"Europe\/Madrid","activar_banner_1":false,"banner_1":false,"activar_banner_2":false,"banner_2":false,"activar_banner_3":false,"banner_3":false,"activar_nuevos_banners":false,"mostrar_banner_1":false,"crear_banner_1":{"utilizar_imagen_unica_para_banner":false,"asignar_imagen_unica_para_banner":false,"mostrar_titulo_banner":false,"titulo_para_banner":"","mostrar_subtitulo_banner":false,"subtitulo_del_banner":"","mostrar_cta_banner":false,"texto_cta_banner":"","url_cta_banner":"","fondo_de_color_banner":"","fondo_de_imagen_banner":false,"mostrar_imagen_izquierda_banner":false,"asignar_imagen_izquierda_banner":false},"mostrar_banner_2":false,"crear_banner_2":{"utilizar_imagen_unica_para_banner":false,"asignar_imagen_unica_para_banner":false,"mostrar_titulo_banner":false,"titulo_para_banner":"","mostrar_subtitulo_banner":false,"subtitulo_del_banner":"","mostrar_cta_banner":false,"texto_cta_banner":"","url_cta_banner":"","fondo_de_color_banner":"","fondo_de_imagen_banner":false,"mostrar_imagen_izquierda_banner":false,"asignar_imagen_izquierda_banner":false},"mostrar_banner_3":false,"crear_banner_3":{"utilizar_imagen_unica_para_banner":false,"asignar_imagen_unica_para_banner":false,"mostrar_titulo_banner":false,"titulo_para_banner":"","mostrar_subtitulo_banner":false,"subtitulo_del_banner":"","mostrar_cta_banner":false,"texto_cta_banner":"","url_cta_banner":"","fondo_de_color_banner":"","fondo_de_imagen_banner":false,"mostrar_imagen_izquierda_banner":false,"asignar_imagen_izquierda_banner":false},"pdf_brochure_link_drive":"https:\/\/drive.google.com\/uc?id=1BS-1GkswqDb7dBj3A_OgpIInL6lU7whV&export=download","activar_hero_video":false,"video_texto":"","video_header":false},"idiomas":{"en":38417,"es":38420,"ar":38418,"ca":38418,"ru":38418,"pt":38419},"_links":{"self":[{"href":"https:\/\/barcanew.capabiliaserver.com\/ca\/wp-json\/wp\/v2\/products\/38418"}],"collection":[{"href":"https:\/\/barcanew.capabiliaserver.com\/ca\/wp-json\/wp\/v2\/products"}],"about":[{"href":"https:\/\/barcanew.capabiliaserver.com\/ca\/wp-json\/wp\/v2\/types\/product"}],"author":[{"embeddable":true,"href":"https:\/\/barcanew.capabiliaserver.com\/ca\/wp-json\/wp\/v2\/users\/16"}],"replies":[{"embeddable":true,"href":"https:\/\/barcanew.capabiliaserver.com\/ca\/wp-json\/wp\/v2\/comments?post=38418"}],"version-history":[{"count":5,"href":"https:\/\/barcanew.capabiliaserver.com\/ca\/wp-json\/wp\/v2\/products\/38418\/revisions"}],"predecessor-version":[{"id":134256,"href":"https:\/\/barcanew.capabiliaserver.com\/ca\/wp-json\/wp\/v2\/products\/38418\/revisions\/134256"}],"wp:attachment":[{"href":"https:\/\/barcanew.capabiliaserver.com\/ca\/wp-json\/wp\/v2\/media?parent=38418"}],"wp:term":[{"taxonomy":"category","embeddable":true,"href":"https:\/\/barcanew.capabiliaserver.com\/ca\/wp-json\/wp\/v2\/categories?post=38418"}],"curies":[{"name":"wp","href":"https:\/\/api.w.org\/{rel}","templated":true}]}}