{"id":26317,"date":"2019-07-19T18:22:32","date_gmt":"2019-07-19T21:22:32","guid":{"rendered":"https:\/\/barcanew.capabiliaserver.com\/?post_type=product&#038;p=26317"},"modified":"2023-01-13T10:42:55","modified_gmt":"2023-01-13T13:42:55","slug":"certificat-psicologia-entrenador-alt-rendiment","status":"publish","type":"product","link":"https:\/\/barcanew.capabiliaserver.com\/ca\/product\/certificat-psicologia-entrenador-alt-rendiment\/","title":{"rendered":"Certificat en Psicologia per l&#8217;Entrenador en l&#8217;Alt Rendiment"},"content":{"rendered":"<p>contenido<\/p>\n","protected":false},"excerpt":{"rendered":"<p>excerpt<\/p>\n","protected":false},"author":16,"featured_media":0,"comment_status":"open","ping_status":"closed","template":"","meta":{"_acf_changed":false,"footnotes":""},"categories":[247,107],"acf":{"external_id":"1380","titulo_curso":"Certificado en Psicolog\u00eda del Entrenador en el Alto Rendimiento","precio":"625","impartido_en":"Spanish","hubspot_product_id":"35962323","header_image":108399,"column_title":"","titulo_incentivo":"Certificat en Psicologia per l'Entrenador en l'Alt Rendiment","fecha_de_inicio":"10062021","precio_en_cuotas":"4 pagaments mensuals de 156,25 \u20ac","precio_de_lista":"","mostrar_form":false,"promocion_vigente":"","duracion_del_curso":"4 mesos","nivel_del_curso":"Introductori","modalidad_cursado":"Online","contenido":"<p>Les funcions que tenim com a entrenadors van m\u00e9s enll\u00e0 d\u2019ensenyar els aspectes t\u00e8cnics, t\u00e0ctics i f\u00edsics als nostres jugadors. Cal con\u00e8ixer i dominar els aspectes psicol\u00f2gics de cada un dels jugadors i de l\u2019equip en conjunt per entrenar i competir en les millors condicions possibles.<\/p>\n<p>Con\u00e8ixer-se un mateix com a professional i com a persona, aix\u00ed com entendre quines s\u00f3n les t\u00e8cniques m\u00e9s adequades per millorar les variables psicol\u00f2giques relacionades amb el rendiment esportiu, s\u00f3n les claus per extreure el rendiment m\u00e9s alt de si mateix, de cada un dels jugadors i de l\u2019equip.<\/p>\n","ocultar_video":true,"url_video":"","avalado_por":false,"pdf_brochure":"https:\/\/static.capabiliaserver.com\/frontend\/clients\/barca\/wp_prod\/wp-content\/uploads\/2019\/07\/44d876fb-certificate-in-psychology-for-sports-coaches-in-high-performance-2.pdf","cursos_que_lo_componen":[{"nombre_del_curso":"Con\u00e8ixer l\u2019entrenador","descripcion_del_curso":"<p>M\u00d2DUL 1: L\u2019entrenador com a persona<br \/>\nM\u00d2DUL 2: Creences<br \/>\nM\u00d2DUL 3: Gesti\u00f3 emocional<br \/>\nM\u00d2DUL 4: Aprenentatge<\/p>\n"},{"nombre_del_curso":"Compet\u00e8ncies b\u00e0siques de l\u2019entrenador","descripcion_del_curso":"<p>M\u00d2DUL 1: Lideratge<br \/>\nM\u00d2DUL 2: Eines de comunicaci\u00f3<br \/>\nM\u00d2DUL 3: Ambients motivadors<br \/>\nM\u00d2DUL 4: L\u2019entrenador i el seu entorn<\/p>\n"},{"nombre_del_curso":"Recursos per entrenar els jugadors","descripcion_del_curso":"<p>M\u00d2DUL 1: Treball en equip i cohesi\u00f3<br \/>\nM\u00d2DUL 2: Autoconfian\u00e7a<br \/>\nM\u00d2DUL 3: Motivaci\u00f3<br \/>\nM\u00d2DUL 4: Desenvolupament actitudinal i valors<\/p>\n"},{"nombre_del_curso":"Situacions quotidianes a l\u2019esport","descripcion_del_curso":"<p>M\u00d2DUL 1: Gesti\u00f3 dels jugadors lesionats<br \/>\nM\u00d2DUL 2: Possibilitadors de la dual career<br \/>\nM\u00d2DUL 3: Gesti\u00f3 de la dificultat I<br \/>\nM\u00d2DUL 4: Gesti\u00f3 de la dificultat II<\/p>\n"}],"aprende_a":[{"item_aprende_a":"Desenvolupar l\u2019autoconeixement, tant en l\u2019\u00e0mbit personal com en el professional, per exercir millor les funcions d\u2019entrenador en l\u2019\u00e0mbit laboral."},{"item_aprende_a":"Utilitzar les eines adequades per desenvolupar un lideratge efica\u00e7 en la gesti\u00f3 de grups i persones."},{"item_aprende_a":"Fer servir estrat\u00e8gies i t\u00e8cniques per optimitzar les variables psicol\u00f2giques dels esportistes."},{"item_aprende_a":"Adquirir estrat\u00e8gies espec\u00edfiques per solucionar situacions espec\u00edfiques quotidianes en l\u2019entorn esportiu."}],"preguntas_frecuentes":false,"contenidistas":false,"docentes_expertos":[{"foto":"https:\/\/static.capabiliaserver.com\/frontend\/clients\/barca\/wp\/wp-content\/uploads\/2019\/07\/a9019c87-fcf2667f-ana_merayo.png","nombre_del_docente":"Ana Merayo Garc\u00eda","descripcion_del_docente":"Psic\u00f2loga esportiva. Docent. Coordinadora del SAIE (Servei d\u2019Atenci\u00f3 Integral a l\u2019Esportista) de Masia 360, FC Barcelona.","enlace":""}],"imagen_destacada":false,"id_magento":"285","producto_path":false,"titulo_seccion_testimonios":"","slider_testimonios":false,"imagen_de_fondo_testimonios":false,"color_de_fondo_testimonios":"","activar_banner_1":false,"banner_1":false,"activar_banner_2":false,"banner_2":false,"activar_banner_3":false,"banner_3":false,"segunda_fecha_de_inicio":"","zona_horaria":"Europe\/Madrid","activar_nuevos_banners":false,"mostrar_banner_1":false,"crear_banner_1":{"utilizar_imagen_unica_para_banner":false,"asignar_imagen_unica_para_banner":false,"mostrar_titulo_banner":false,"titulo_para_banner":"","mostrar_subtitulo_banner":false,"subtitulo_del_banner":"","mostrar_cta_banner":false,"texto_cta_banner":"","url_cta_banner":"","fondo_de_color_banner":"","fondo_de_imagen_banner":false,"mostrar_imagen_izquierda_banner":false,"asignar_imagen_izquierda_banner":false},"mostrar_banner_2":false,"crear_banner_2":{"utilizar_imagen_unica_para_banner":false,"asignar_imagen_unica_para_banner":false,"mostrar_titulo_banner":false,"titulo_para_banner":"","mostrar_subtitulo_banner":false,"subtitulo_del_banner":"","mostrar_cta_banner":false,"texto_cta_banner":"","url_cta_banner":"","fondo_de_color_banner":"","fondo_de_imagen_banner":false,"mostrar_imagen_izquierda_banner":false,"asignar_imagen_izquierda_banner":false},"mostrar_banner_3":false,"crear_banner_3":{"utilizar_imagen_unica_para_banner":false,"asignar_imagen_unica_para_banner":false,"mostrar_titulo_banner":false,"titulo_para_banner":"","mostrar_subtitulo_banner":false,"subtitulo_del_banner":"","mostrar_cta_banner":false,"texto_cta_banner":"","url_cta_banner":"","fondo_de_color_banner":"","fondo_de_imagen_banner":false,"mostrar_imagen_izquierda_banner":false,"asignar_imagen_izquierda_banner":false},"pdf_brochure_link_drive":"https:\/\/drive.google.com\/uc?id=1v-77SGe17Bid9UoGUZUJzkJMpYre45Ca&export=download","activar_hero_video":false,"video_texto":"","video_header":false},"idiomas":{"en":26316,"es":26319,"ar":26317,"ca":26317,"ru":26317,"pt":26318},"_links":{"self":[{"href":"https:\/\/barcanew.capabiliaserver.com\/ca\/wp-json\/wp\/v2\/products\/26317"}],"collection":[{"href":"https:\/\/barcanew.capabiliaserver.com\/ca\/wp-json\/wp\/v2\/products"}],"about":[{"href":"https:\/\/barcanew.capabiliaserver.com\/ca\/wp-json\/wp\/v2\/types\/product"}],"author":[{"embeddable":true,"href":"https:\/\/barcanew.capabiliaserver.com\/ca\/wp-json\/wp\/v2\/users\/16"}],"replies":[{"embeddable":true,"href":"https:\/\/barcanew.capabiliaserver.com\/ca\/wp-json\/wp\/v2\/comments?post=26317"}],"version-history":[{"count":5,"href":"https:\/\/barcanew.capabiliaserver.com\/ca\/wp-json\/wp\/v2\/products\/26317\/revisions"}],"predecessor-version":[{"id":136699,"href":"https:\/\/barcanew.capabiliaserver.com\/ca\/wp-json\/wp\/v2\/products\/26317\/revisions\/136699"}],"wp:attachment":[{"href":"https:\/\/barcanew.capabiliaserver.com\/ca\/wp-json\/wp\/v2\/media?parent=26317"}],"wp:term":[{"taxonomy":"category","embeddable":true,"href":"https:\/\/barcanew.capabiliaserver.com\/ca\/wp-json\/wp\/v2\/categories?post=26317"}],"curies":[{"name":"wp","href":"https:\/\/api.w.org\/{rel}","templated":true}]}}