{"id":132812,"date":"2022-10-20T12:49:04","date_gmt":"2022-10-20T15:49:04","guid":{"rendered":"https:\/\/barcanew.capabiliaserver.com\/?post_type=product&#038;p=132812"},"modified":"2022-10-24T13:28:14","modified_gmt":"2022-10-24T16:28:14","slug":"certificacio-en-negoci-del-futbol-femeni","status":"publish","type":"product","link":"https:\/\/barcanew.capabiliaserver.com\/ca\/product\/certificacio-en-negoci-del-futbol-femeni\/","title":{"rendered":"Certificaci\u00f3 en Negoci del Futbol Femen\u00ed"},"content":{"rendered":"","protected":false},"excerpt":{"rendered":"<p>excerpt<\/p>\n","protected":false},"author":16,"featured_media":0,"comment_status":"open","ping_status":"closed","template":"","meta":{"_acf_changed":false,"footnotes":""},"categories":[224,112],"acf":{"titulo_curso":"Certificado en F\u00fatbol Femenino desde una Perspectiva de Negocio","impartido_en":"English","crear_banner_3":{"utilizar_imagen_unica_para_banner":false,"asignar_imagen_unica_para_banner":false,"mostrar_titulo_banner":false,"titulo_para_banner":"","mostrar_subtitulo_banner":false,"subtitulo_del_banner":"","mostrar_cta_banner":false,"texto_cta_banner":"","url_cta_banner":"","fondo_de_color_banner":"","fondo_de_imagen_banner":false,"mostrar_imagen_izquierda_banner":false,"asignar_imagen_izquierda_banner":false},"producto_path":false,"id_magento":"588","column_title":"","precio_en_cuotas":"4 pagaments mensuals de 156,25 \u20ac","precio_de_lista":"","mostrar_form":false,"promocion_vigente":"","duracion_del_curso":"4 mesos","nivel_del_curso":"Introductori","modalidad_cursado":"Online","ocultar_video":true,"url_video":"","avalado_por":false,"slidebox":false,"titulo_seccion_testimonios":"","imagen_de_fondo_testimonios":false,"color_de_fondo_testimonios":"","activar_banner_1":false,"banner_1":false,"activar_banner_2":false,"banner_2":false,"activar_banner_3":false,"banner_3":false,"activar_nuevos_banners":false,"mostrar_banner_1":false,"crear_banner_1":{"utilizar_imagen_unica_para_banner":false,"asignar_imagen_unica_para_banner":false,"mostrar_titulo_banner":false,"titulo_para_banner":"","mostrar_subtitulo_banner":false,"subtitulo_del_banner":"","mostrar_cta_banner":false,"texto_cta_banner":"","url_cta_banner":"","fondo_de_color_banner":"","fondo_de_imagen_banner":false,"mostrar_imagen_izquierda_banner":false,"asignar_imagen_izquierda_banner":false},"mostrar_banner_2":false,"crear_banner_2":{"utilizar_imagen_unica_para_banner":false,"asignar_imagen_unica_para_banner":false,"mostrar_titulo_banner":false,"titulo_para_banner":"","mostrar_subtitulo_banner":false,"subtitulo_del_banner":"","mostrar_cta_banner":false,"texto_cta_banner":"","url_cta_banner":"","fondo_de_color_banner":"","fondo_de_imagen_banner":false,"mostrar_imagen_izquierda_banner":false,"asignar_imagen_izquierda_banner":false},"mostrar_banner_3":false,"external_id":"1830","titulo_incentivo":"","fecha_de_inicio":"10112022","segunda_fecha_de_inicio":"","zona_horaria":"Europe\/Madrid","precio":"625","contenido":"<p><span data-sheets-value=\"{&quot;1&quot;:2,&quot;2&quot;:&quot;Probablement el futbol \u00e9s l'esport m\u00e9s popular i m\u00e9s desenvolupat del m\u00f3n. \u00c9s reconegut per la seva popularitat i pel seu gran creixement com a sector empresarial. Dins d'aquest sector, el futbol femen\u00ed ha mostrat un creixement molt important mai abans vist a tot el m\u00f3n. \u00c9s de gran atracci\u00f3 pels aficionats, els patrocinadors, les autoritats, la premsa i els inversors. En l'actualitat, el futbol femen\u00ed es valorat pel seu abast i pel potencial que t\u00e9 com a negoci, que, combinat amb l'enorme quantitat d'oportunitats per continuar amb la seva expansi\u00f3, ens permet imaginar un creixent recorregut similar i sorprenent. \\n\\nEn aquesta certificaci\u00f3, oferim una an\u00e0lisi \u00e0mplia i detallada del desenvolupament i l'estat actual del negoci del futbol femen\u00ed. Tamb\u00e9 analitzem el seu possible creixement en el futur impulsat pel seu prol\u00edfic fandom, i pel seu potencial com a negoci que es pot observar. \\n\\n&quot;}\" data-sheets-userformat=\"{&quot;2&quot;:897,&quot;3&quot;:{&quot;1&quot;:0},&quot;10&quot;:0,&quot;11&quot;:4,&quot;12&quot;:0}\">Probablement el futbol \u00e9s l&#8217;esport m\u00e9s popular i m\u00e9s desenvolupat del m\u00f3n. \u00c9s reconegut per la seva popularitat i pel seu gran creixement com a sector empresarial. Dins d&#8217;aquest sector, el futbol femen\u00ed ha mostrat un creixement molt important mai abans vist a tot el m\u00f3n. \u00c9s de gran atracci\u00f3 pels aficionats, els patrocinadors, les autoritats, la premsa i els inversors. En l&#8217;actualitat, el futbol femen\u00ed es valorat pel seu abast i pel potencial que t\u00e9 com a negoci, que, combinat amb l&#8217;enorme quantitat d&#8217;oportunitats per continuar amb la seva expansi\u00f3, ens permet imaginar un creixent recorregut similar i sorprenent.<\/span><\/p>\n<p>En aquesta certificaci\u00f3, oferim una an\u00e0lisi \u00e0mplia i detallada del desenvolupament i l&#8217;estat actual del negoci del futbol femen\u00ed. Tamb\u00e9 analitzem el seu possible creixement en el futur impulsat pel seu prol\u00edfic fandom, i pel seu potencial com a negoci que es pot observar.<\/p>\n<p>&nbsp;<\/p>\n","pdf_brochure":"https:\/\/static.capabiliaserver.com\/frontend\/clients\/barca\/wp_prod\/wp-content\/uploads\/2022\/10\/8f7fa38d-certificacio-en-negoci-del-futbol-femeni.pdf","cursos_que_lo_componen":[{"nombre_del_curso":" Desenvolupament del futbol femen\u00ed","descripcion_del_curso":"<p>M\u00f2dul 1: Els desafiaments del futbol femen\u00ed - Barreres hist\u00f2riques, institucionals i culturals<br \/>\nM\u00f2dul 2: Les oportunitats en el futbol femen\u00ed - Finan\u00e7ament i inversi\u00f3 estrat\u00e8gica<br \/>\nM\u00f2dul 3: M\u00e0rqueting amb una causa - Futbol femen\u00ed i RSE<br \/>\nM\u00f2dul 4: Igualtat de g\u00e8nere com a marca global - El futur del negoci del futbol femen\u00ed<\/p>\n"},{"nombre_del_curso":"Entendre les pol\u00edtiques en el negoci del futbol femen\u00ed","descripcion_del_curso":"<p>M\u00f2dul 1: Actors clau, relacions i din\u00e0miques de poder en el negoci del futbol femen\u00ed<br \/>\nM\u00f2dul 2: Entendre, generar relacions i influir en les autoritats<br \/>\nM\u00f2dul 3: Recol\u00b7lectar informaci\u00f3 i crear m\u00e8triques influents per tal d\u2019explicar el valor creat pel negoci del futbol femen\u00ed<br \/>\nM\u00f2dul 4: Gestionar pol\u00edtiques i normes en el negoci del futbol femen\u00ed<\/p>\n"},{"nombre_del_curso":"Fandom del futbol femen\u00ed","descripcion_del_curso":"<p>M\u00f2dul 1: Entendre als aficionats del futbol femen\u00ed - Motivacions darrere del fandom<br \/>\nM\u00f2dul 2: Comunitats d'aficionats al futbol femen\u00ed - Relacions horitzontals que impulsen el fandom<br \/>\nM\u00f2dul 3: Lleialtat de l'aficionat - Construcci\u00f3 de relacions verticals<br \/>\nM\u00f2dul 4: Beneficis financers dels aficionats - Com el creixement del fandom fa cr\u00e9ixer el negoci<\/p>\n"},{"nombre_del_curso":"Creixen competicions internacionals: afegir valor a trav\u00e9s d'esdeveniments internacionals de futbol femen\u00ed","descripcion_del_curso":"<p>M\u00f2dul 1: El potencial de transmissi\u00f3 del futbol femen\u00ed - Televitzaci\u00f3 dels esports femenins<br \/>\nM\u00f2dul 2: Patrocini del futbol femen\u00ed - Associaci\u00f3 de marca i abast<br \/>\nM\u00f2dul 3: Creaci\u00f3 d'icones del futbol femen\u00ed - Construir les estrelles de futbol del dem\u00e0<br \/>\nM\u00f2dul 4: Creixement de les compet\u00e8ncies internacionals - Afegir valor a trav\u00e9s de preus ex\u00f2gens<\/p>\n"}],"aprende_a":[{"item_aprende_a":"Entendre el desenvolupament i potencial del negoci del futbol femen\u00ed. \r\n"},{"item_aprende_a":"Desenvolupar l'habilitat d'avaluar amb criteri com s'han impulsat les pol\u00edtiques en el futbol femen\u00ed i com es poden gestionar. \r\n"},{"item_aprende_a":"Desenvolupar l'habilitat d'avaluar detalladament el rol que t\u00e9 el fandom en el negoci del futbol femen\u00ed. \r\n"},{"item_aprende_a":"Desenvolupar habilitats de pensament estrat\u00e8gic per tal d\u2019identificar i analitzar el potencial avan\u00e7 del negoci del futbol femen\u00ed. \r\n"}],"preguntas_frecuentes":false,"contenidistas":false,"docentes_expertos":[{"foto":"https:\/\/barcanew.capabiliaserver.com\/wp-content\/uploads\/2022\/06\/2276ebe4-dra-argyro-elisavet-manoli.png","nombre_del_docente":"Dr Argyro Elisavet Manoli","descripcion_del_docente":"Experta i acad\u00e8mica reconeguda a nivell mundial en l'\u00e0mbit del m\u00e0rqueting esportiu i comercial. Amb anys d'experi\u00e8ncia en clubs de futbol professionals, organismes directius d'esport, i en esdeveniments esportius internacionals. Ha dut a terme recerques profundes en l'\u00e0rea, publicat diversos llibres, informes de pol\u00edtiques i estudis en revistes de gran import\u00e0ncia, ha ensenyat els seus informes en Universitats i fa conferencies a tot el m\u00f3n.","enlace":""}],"imagen_destacada":"https:\/\/barcanew.capabiliaserver.com\/wp-content\/uploads\/2022\/10\/6ee58b2f-cms-1.jpg","slider_testimonios":false,"activar_hero_video":false,"video_texto":"","video_header":false,"hubspot_product_id":"1620453220","pdf_brochure_link_drive":"https:\/\/drive.google.com\/uc?id=1BEuuo-GB0EAMtdVpJ3Pvmwi-r-q0MS4t&export=download","header_image":133515,"programas_relacionados":[{"ID":132818,"post_author":"16","post_date":"2022-10-12 10:07:39","post_date_gmt":"2022-10-12 13:07:39","post_content":"contenido","post_title":"NUEVO - Certificate in Sports Performance Assessment","post_excerpt":"excerpt","post_status":"draft","comment_status":"open","ping_status":"closed","post_password":"","post_name":"__trashed-56","to_ping":"","pinged":"","post_modified":"2023-08-16 11:26:48","post_modified_gmt":"2023-08-16 14:26:48","post_content_filtered":"","post_parent":0,"guid":"https:\/\/barcanew.capabiliaserver.com\/?post_type=product&#038;p=132818","menu_order":8,"post_type":"product","post_mime_type":"","comment_count":"0","filter":"raw"},{"ID":127972,"post_author":"16","post_date":"2022-08-04 15:24:01","post_date_gmt":"2022-08-04 18:24:01","post_content":"<p>contenido<\/p>\n\n<!-- wp:paragraph -->\n<p><\/p>\n<!-- \/wp:paragraph -->","post_title":"Esports &amp; Sustentabilitat","post_excerpt":"excerpt","post_status":"publish","comment_status":"open","ping_status":"closed","post_password":"","post_name":"esports-sustentabilitat","to_ping":"","pinged":"","post_modified":"2022-10-24 13:31:54","post_modified_gmt":"2022-10-24 16:31:54","post_content_filtered":"","post_parent":0,"guid":"https:\/\/barcanew.capabiliaserver.com\/?post_type=product&#038;p=127972","menu_order":140,"post_type":"product","post_mime_type":"","comment_count":"0","filter":"raw"},{"ID":127149,"post_author":"22","post_date":"2022-06-22 11:49:13","post_date_gmt":"2022-06-22 14:49:13","post_content":"","post_title":"Introducci\u00f3 als eSports: per qu\u00e8 enamorar-se\u2019n?","post_excerpt":"","post_status":"publish","comment_status":"open","ping_status":"closed","post_password":"","post_name":"introduccio-als-esports-per-que-enamorar-sen","to_ping":"","pinged":"","post_modified":"2023-01-13 11:13:26","post_modified_gmt":"2023-01-13 14:13:26","post_content_filtered":"","post_parent":0,"guid":"https:\/\/barcanew.capabiliaserver.com\/?post_type=product&#038;p=127149","menu_order":157,"post_type":"product","post_mime_type":"","comment_count":"0","filter":"raw"},{"ID":127923,"post_author":"1","post_date":"2022-06-24 12:51:34","post_date_gmt":"2022-06-24 15:51:34","post_content":"","post_title":"Certificat en Estrat\u00e8gies de monetitzaci\u00f3 per a l'esport","post_excerpt":"","post_status":"publish","comment_status":"open","ping_status":"closed","post_password":"","post_name":"certificat-en-estrategies-de-monetitzacio-per-a-lesport","to_ping":"","pinged":"","post_modified":"2023-01-13 11:18:19","post_modified_gmt":"2023-01-13 14:18:19","post_content_filtered":"","post_parent":0,"guid":"https:\/\/barcanew.capabiliaserver.com\/?post_type=product&#038;p=127923","menu_order":165,"post_type":"product","post_mime_type":"","comment_count":"0","filter":"raw"},{"ID":115178,"post_author":"1","post_date":"2021-12-23 10:22:49","post_date_gmt":"2021-12-23 13:22:49","post_content":"","post_title":"Diplomat en Lesions en Esports D'Equip","post_excerpt":"","post_status":"publish","comment_status":"closed","ping_status":"closed","post_password":"","post_name":"professional-diploma-team-sports-injuries-2","to_ping":"","pinged":"","post_modified":"2022-11-04 13:21:01","post_modified_gmt":"2022-11-04 16:21:01","post_content_filtered":"","post_parent":0,"guid":"https:\/\/barcanew.capabiliaserver.com\/?post_type=product&#038;p=115178","menu_order":197,"post_type":"product","post_mime_type":"","comment_count":"0","filter":"raw"},{"ID":120013,"post_author":"16","post_date":"2022-04-01 17:06:55","post_date_gmt":"2022-04-01 20:06:55","post_content":"contenido","post_title":"Negocis i administraci\u00f3 en la ind\u00fastria del futbol","post_excerpt":"excerpt","post_status":"publish","comment_status":"open","ping_status":"closed","post_password":"","post_name":"negocis-i-administracio-en-la-industria-del-futbol","to_ping":"","pinged":"","post_modified":"2022-10-13 12:27:34","post_modified_gmt":"2022-10-13 15:27:34","post_content_filtered":"","post_parent":0,"guid":"https:\/\/barcanew.capabiliaserver.com\/?post_type=product&#038;p=120013","menu_order":184,"post_type":"product","post_mime_type":"","comment_count":"0","filter":"raw"},{"ID":114880,"post_author":"16","post_date":"2022-01-25 10:44:31","post_date_gmt":"2022-01-25 13:44:31","post_content":"contenido","post_title":"Certificate in Social Media in Sports","post_excerpt":"excerpt","post_status":"publish","comment_status":"open","ping_status":"closed","post_password":"","post_name":"certificate-in-social-media-in-sports","to_ping":"","pinged":"","post_modified":"2023-01-11 11:52:35","post_modified_gmt":"2023-01-11 14:52:35","post_content_filtered":"","post_parent":0,"guid":"https:\/\/barcanew.capabiliaserver.com\/?post_type=product&#038;p=114880","menu_order":221,"post_type":"product","post_mime_type":"","comment_count":"0","filter":"raw"}]},"idiomas":{"en":132810,"es":132815,"ar":132811,"ca":132812,"ru":132814,"pt":132813},"_links":{"self":[{"href":"https:\/\/barcanew.capabiliaserver.com\/ca\/wp-json\/wp\/v2\/products\/132812"}],"collection":[{"href":"https:\/\/barcanew.capabiliaserver.com\/ca\/wp-json\/wp\/v2\/products"}],"about":[{"href":"https:\/\/barcanew.capabiliaserver.com\/ca\/wp-json\/wp\/v2\/types\/product"}],"author":[{"embeddable":true,"href":"https:\/\/barcanew.capabiliaserver.com\/ca\/wp-json\/wp\/v2\/users\/16"}],"replies":[{"embeddable":true,"href":"https:\/\/barcanew.capabiliaserver.com\/ca\/wp-json\/wp\/v2\/comments?post=132812"}],"version-history":[{"count":5,"href":"https:\/\/barcanew.capabiliaserver.com\/ca\/wp-json\/wp\/v2\/products\/132812\/revisions"}],"predecessor-version":[{"id":134717,"href":"https:\/\/barcanew.capabiliaserver.com\/ca\/wp-json\/wp\/v2\/products\/132812\/revisions\/134717"}],"wp:attachment":[{"href":"https:\/\/barcanew.capabiliaserver.com\/ca\/wp-json\/wp\/v2\/media?parent=132812"}],"wp:term":[{"taxonomy":"category","embeddable":true,"href":"https:\/\/barcanew.capabiliaserver.com\/ca\/wp-json\/wp\/v2\/categories?post=132812"}],"curies":[{"name":"wp","href":"https:\/\/api.w.org\/{rel}","templated":true}]}}