{"id":129791,"date":"2022-09-12T11:07:22","date_gmt":"2022-09-12T14:07:22","guid":{"rendered":"https:\/\/barcanew.capabiliaserver.com\/?post_type=product&#038;p=129791"},"modified":"2023-01-13T11:19:42","modified_gmt":"2023-01-13T14:19:42","slug":"gestio-patrimonial-i-financera-en-lesport","status":"publish","type":"product","link":"https:\/\/barcanew.capabiliaserver.com\/ca\/product\/gestio-patrimonial-i-financera-en-lesport\/","title":{"rendered":"Gesti\u00f3 Patrimonial i Financera en l\u2019Esport"},"content":{"rendered":"<p>contenido<\/p>\n","protected":false},"excerpt":{"rendered":"<p>excerpt<\/p>\n","protected":false},"author":16,"featured_media":0,"comment_status":"open","ping_status":"closed","template":"","meta":{"_acf_changed":false,"footnotes":""},"categories":[247],"acf":{"titulo_curso":"Gesti\u00f3n de Patrimonios e Inversiones en el Deporte","crear_banner_3":{"utilizar_imagen_unica_para_banner":false,"asignar_imagen_unica_para_banner":false,"mostrar_titulo_banner":false,"titulo_para_banner":"","mostrar_subtitulo_banner":false,"subtitulo_del_banner":"","mostrar_cta_banner":false,"texto_cta_banner":"","url_cta_banner":"","fondo_de_color_banner":"","fondo_de_imagen_banner":false,"mostrar_imagen_izquierda_banner":false,"asignar_imagen_izquierda_banner":false},"producto_path":false,"id_magento":"560","column_title":"4 pagaments mensuals de 156,25 euros","precio_de_lista":"","mostrar_form":false,"promocion_vigente":"","duracion_del_curso":"4 mesos","nivel_del_curso":"Introductori","modalidad_cursado":"Online","impartido_en":"English","ocultar_video":true,"url_video":"","avalado_por":false,"slidebox":false,"titulo_seccion_testimonios":"","imagen_de_fondo_testimonios":false,"color_de_fondo_testimonios":"","activar_banner_1":false,"banner_1":false,"activar_banner_2":false,"banner_2":false,"activar_banner_3":false,"banner_3":false,"activar_nuevos_banners":false,"mostrar_banner_1":false,"crear_banner_1":{"utilizar_imagen_unica_para_banner":false,"asignar_imagen_unica_para_banner":false,"mostrar_titulo_banner":false,"titulo_para_banner":"","mostrar_subtitulo_banner":false,"subtitulo_del_banner":"","mostrar_cta_banner":false,"texto_cta_banner":"","url_cta_banner":"","fondo_de_color_banner":"","fondo_de_imagen_banner":false,"mostrar_imagen_izquierda_banner":false,"asignar_imagen_izquierda_banner":false},"mostrar_banner_2":false,"crear_banner_2":{"utilizar_imagen_unica_para_banner":false,"asignar_imagen_unica_para_banner":false,"mostrar_titulo_banner":false,"titulo_para_banner":"","mostrar_subtitulo_banner":false,"subtitulo_del_banner":"","mostrar_cta_banner":false,"texto_cta_banner":"","url_cta_banner":"","fondo_de_color_banner":"","fondo_de_imagen_banner":false,"mostrar_imagen_izquierda_banner":false,"asignar_imagen_izquierda_banner":false},"mostrar_banner_3":false,"hubspot_product_id":"1576673966","external_id":"1748","titulo_incentivo":"","fecha_de_inicio":"10102022","segunda_fecha_de_inicio":"","zona_horaria":"Europe\/Madrid","precio":"625","contenido":"<p>Es reconeix a la ind\u00fastria de l&#8217;esport internacional com una de les que m\u00e9s r\u00e0pid creixement en el m\u00f3n ha aconseguit amb una important expansi\u00f3 financera fins i tot en situacions econ\u00f2miques complicades. De fet, en pa\u00efsos en els que el seu desenvolupament econ\u00f2mic general ha estat m\u00e9s lent a causa d&#8217;una agressiva din\u00e0mica de mercat, la ind\u00fastria de l&#8217;esport ha pogut aconseguir un creixement financer invariable, estable i, a vegades, incre\u00efblement r\u00e0pid. Com a resultat, la ind\u00fastria de l&#8217;esport global ha captat importants capitals d&#8217;inversors privats i p\u00fablics els qui el van veure com una oportunitat de desenvolupament i de millora patrimonial. Aix\u00f2, al seu torn, ha augmentat el capital existent en la ind\u00fastria com aix\u00ed tamb\u00e9 els recursos oferts als esportistes professionals posant l&#8217;accent en la necessitat i el potencial d&#8217;una apropiada i organitzada gesti\u00f3 patrimonial en l&#8217;esport. Aquest certificat ofereix una an\u00e0lisi \u00e0mplia i exhaustiva de la gesti\u00f3 patrimonial en l&#8217;esport en concentrar-se en totes les \u00e0rees de planificaci\u00f3, conservaci\u00f3 i millora de patrimoni en la ind\u00fastria. Tamb\u00e9 analitzem les oportunitats i riscos de l&#8217;ampli poder tou associat amb la gesti\u00f3 patrimonial en l&#8217;esport per a aix\u00ed poder oferir una visi\u00f3 completa d&#8217;aquesta \u00e0rea tan important i en constant desenvolupament. En acabar la certificaci\u00f3, el participant haur\u00e0 desenvolupat un enteniment ampli i detallat sobre els principis de la gesti\u00f3 patrimonial, com s\u00f3n i com poden implementar-se en la ind\u00fastria de l&#8217;esport. El participant tamb\u00e9 haur\u00e0 adquirit les habilitats de reflexi\u00f3 cr\u00edtica necess\u00e0ries per a identificar i avaluar possibles noves vies de gesti\u00f3 patrimonial centrades tant en la conservaci\u00f3 com en la millora del patrimoni dins de la ind\u00fastria esportiva.<\/p>\n","pdf_brochure":"https:\/\/static.capabiliaserver.com\/frontend\/clients\/barca\/wp_prod\/wp-content\/uploads\/2022\/08\/8162f522-gestio-patrimonial-i-financera-en-lesport.pdf","cursos_que_lo_componen":[{"nombre_del_curso":"Planificaci\u00f3 patrimonial en l'esport","descripcion_del_curso":"<p>M\u00f2dul 1: Personalitat i comportament financer - Diferents estils de diners en l'esport<br \/>\nM\u00f2dul 2: Planificaci\u00f3 patrimonial i d'inversi\u00f3 - Estrat\u00e8gies d'inversi\u00f3 en l'esport<br \/>\nM\u00f2dul 3: Principis d'inversi\u00f3 - Comprensi\u00f3 de riscos i rendibilitat en l'esport<br \/>\nM\u00f2dul 4: Elements b\u00e0sics d'inversi\u00f3 - Components de la gesti\u00f3 patrimonial <\/p>\n"},{"nombre_del_curso":"Conservaci\u00f3 del patrimoni en l'esport ","descripcion_del_curso":"<p>M\u00f2dul 1: Estil de gesti\u00f3 d'inversions - Maneig actiu o passiu en l'esport<br \/>\nM\u00f2dul 2: Inversi\u00f3 d'impacte en l'esport - Inversi\u00f3 socialment responsable en l'esport<br \/>\nM\u00f2dul 3: Inversi\u00f3 en b\u00e9ns personals i terrenys - Inversions en terrenys en l'esport<br \/>\nM\u00f2dul 4: Consideracions relatives a la inversi\u00f3 - Decisions respecte a la conservaci\u00f3 del patrimoni en l'esport<\/p>\n"},{"nombre_del_curso":"Millora del patrimoni en l'esport","descripcion_del_curso":"<p>M\u00f2dul 1: Inversions a mesura en l'esport - Aprofitar la singularitat de l'esport<br \/>\nM\u00f2dul 2: Tributaci\u00f3 sobre el patrimoni - Com minimitzar els costos impositius en l'esport<br \/>\nM\u00f2dul 3: Fide\u00efcomisos en l'esport - Agregar valor a l'esport<br \/>\nM\u00f2dul 4: Filantropia en l'esport - Transfer\u00e8ncia de patrimoni en i a trav\u00e9s de l'esport<\/p>\n"},{"nombre_del_curso":"Gesti\u00f3 d'oportunitats i riscos de poders tous en l'esport","descripcion_del_curso":"<p>M\u00f2dul 1: Gesti\u00f3 patrimonial en l'esport impulsada per l'esport i la pol\u00edtica<br \/>\nM\u00f2dul 2: Identificar riscos pol\u00edtics en la gesti\u00f3 patrimonial<br \/>\nM\u00f2dul 3: Reduir riscos pol\u00edtics en la gesti\u00f3 patrimonial<br \/>\nM\u00f2dul 4: Aprofitar oportunitats pol\u00edtiques en la gesti\u00f3 patrimonial<\/p>\n"}],"aprende_a":[{"item_aprende_a":"Comprensi\u00f3 del panorama de gesti\u00f3 patrimonial i el potencial de l'ecosistema esportiu.\r\n"},{"item_aprende_a":"Habilitat per a avaluar amb criteri com la gesti\u00f3 patrimonial pot planejar-se i conservar-se en l'esport.\r\n"},{"item_aprende_a":"Capacitat per a identificar oportunitats creatives de millora de patrimoni en l'esport.\r\n"},{"item_aprende_a":"Desenvolupament de pensament estrat\u00e8gic en la gesti\u00f3 de poders suaus i les seves oportunitats i riscos en l'esport.\r\n"}],"preguntas_frecuentes":false,"contenidistas":false,"docentes_expertos":[{"foto":"https:\/\/barcanew.capabiliaserver.com\/wp-content\/uploads\/2022\/06\/2276ebe4-dra-argyro-elisavet-manoli.png","nombre_del_docente":"Dr Argyro Elisavet Manoli","descripcion_del_docente":"Experta i acad\u00e8mica reconeguda a nivell mundial en l'\u00e0mbit del m\u00e0rqueting esportiu i comercial. Amb anys d'experi\u00e8ncia en clubs de futbol professionals, organismes directius d'esport, i en esdeveniments esportius internacionals. Ha dut a terme recerques profundes en l'\u00e0rea, publicat diversos llibres, informes de pol\u00edtiques i estudis en revistes de gran import\u00e0ncia, ha ensenyat els seus informes en Universitats i fa conferencies a tot el m\u00f3n.","enlace":""}],"imagen_destacada":"https:\/\/static.capabiliaserver.com\/frontend\/clients\/barca\/wp_prod\/wp-content\/uploads\/2022\/08\/83f41821-cms-wealth-management-in-sport-2.png","slider_testimonios":false,"activar_hero_video":false,"video_texto":"","video_header":false,"header_image":130929,"precio_en_cuotas":"4 pagaments mensuals de 156,25 \u20ac","pdf_brochure_link_drive":"https:\/\/drive.google.com\/uc?id=1JjyCvvIlP5H8XlCh5NulfXxXpCAURpAI&export=download"},"idiomas":{"en":129789,"es":129794,"ar":129790,"ca":129791,"ru":129793,"pt":129792},"_links":{"self":[{"href":"https:\/\/barcanew.capabiliaserver.com\/ca\/wp-json\/wp\/v2\/products\/129791"}],"collection":[{"href":"https:\/\/barcanew.capabiliaserver.com\/ca\/wp-json\/wp\/v2\/products"}],"about":[{"href":"https:\/\/barcanew.capabiliaserver.com\/ca\/wp-json\/wp\/v2\/types\/product"}],"author":[{"embeddable":true,"href":"https:\/\/barcanew.capabiliaserver.com\/ca\/wp-json\/wp\/v2\/users\/16"}],"replies":[{"embeddable":true,"href":"https:\/\/barcanew.capabiliaserver.com\/ca\/wp-json\/wp\/v2\/comments?post=129791"}],"version-history":[{"count":5,"href":"https:\/\/barcanew.capabiliaserver.com\/ca\/wp-json\/wp\/v2\/products\/129791\/revisions"}],"predecessor-version":[{"id":136719,"href":"https:\/\/barcanew.capabiliaserver.com\/ca\/wp-json\/wp\/v2\/products\/129791\/revisions\/136719"}],"wp:attachment":[{"href":"https:\/\/barcanew.capabiliaserver.com\/ca\/wp-json\/wp\/v2\/media?parent=129791"}],"wp:term":[{"taxonomy":"category","embeddable":true,"href":"https:\/\/barcanew.capabiliaserver.com\/ca\/wp-json\/wp\/v2\/categories?post=129791"}],"curies":[{"name":"wp","href":"https:\/\/api.w.org\/{rel}","templated":true}]}}