{"id":128166,"date":"2022-07-28T09:37:46","date_gmt":"2022-07-28T12:37:46","guid":{"rendered":"https:\/\/barcanew.capabiliaserver.com\/?post_type=product&#038;p=128166"},"modified":"2022-12-01T14:49:35","modified_gmt":"2022-12-01T17:49:35","slug":"blockchain-a-lesport","status":"publish","type":"product","link":"https:\/\/barcanew.capabiliaserver.com\/ca\/product\/blockchain-a-lesport\/","title":{"rendered":"Blockchain a l&#8217;esport"},"content":{"rendered":"<p>contenido<\/p>\n\n\n<p><\/p>\n","protected":false},"excerpt":{"rendered":"<p>excerpt<\/p>\n","protected":false},"author":16,"featured_media":0,"comment_status":"open","ping_status":"closed","template":"","meta":{"_acf_changed":false,"footnotes":""},"categories":[247],"acf":{"titulo_curso":"Criptomonedas y Deporte: el negocio del futuro","impartido_en":"English","crear_banner_3":{"utilizar_imagen_unica_para_banner":false,"asignar_imagen_unica_para_banner":false,"mostrar_titulo_banner":false,"titulo_para_banner":"","mostrar_subtitulo_banner":false,"subtitulo_del_banner":"","mostrar_cta_banner":false,"texto_cta_banner":"","url_cta_banner":"","fondo_de_color_banner":"","fondo_de_imagen_banner":false,"mostrar_imagen_izquierda_banner":false,"asignar_imagen_izquierda_banner":false},"producto_path":false,"id_magento":"553","header_image":129052,"column_title":"Blockchain a l'esport","precio_en_cuotas":"","precio_de_lista":"","mostrar_form":false,"promocion_vigente":"","duracion_del_curso":"1 M\u00eas","nivel_del_curso":"Introductori","modalidad_cursado":"Online","ocultar_video":true,"url_video":"","avalado_por":false,"pdf_brochure":"https:\/\/static.capabiliaserver.com\/frontend\/clients\/barca\/wp_prod\/wp-content\/uploads\/2022\/07\/1d5ec978-el-futur-de-les-criptomonedes-i-lesport.pdf","slidebox":false,"titulo_seccion_testimonios":"","imagen_de_fondo_testimonios":false,"color_de_fondo_testimonios":"","activar_banner_1":false,"banner_1":false,"activar_banner_2":false,"banner_2":false,"activar_banner_3":false,"banner_3":false,"activar_nuevos_banners":false,"mostrar_banner_1":false,"crear_banner_1":{"utilizar_imagen_unica_para_banner":false,"asignar_imagen_unica_para_banner":false,"mostrar_titulo_banner":false,"titulo_para_banner":"","mostrar_subtitulo_banner":false,"subtitulo_del_banner":"","mostrar_cta_banner":false,"texto_cta_banner":"","url_cta_banner":"","fondo_de_color_banner":"","fondo_de_imagen_banner":false,"mostrar_imagen_izquierda_banner":false,"asignar_imagen_izquierda_banner":false},"mostrar_banner_2":false,"crear_banner_2":{"utilizar_imagen_unica_para_banner":false,"asignar_imagen_unica_para_banner":false,"mostrar_titulo_banner":false,"titulo_para_banner":"","mostrar_subtitulo_banner":false,"subtitulo_del_banner":"","mostrar_cta_banner":false,"texto_cta_banner":"","url_cta_banner":"","fondo_de_color_banner":"","fondo_de_imagen_banner":false,"mostrar_imagen_izquierda_banner":false,"asignar_imagen_izquierda_banner":false},"mostrar_banner_3":false,"hubspot_product_id":"1524083724","external_id":"1713","titulo_incentivo":"","fecha_de_inicio":"10092022","segunda_fecha_de_inicio":"","zona_horaria":"Europe\/Madrid","precio":"200","contenido":"<p><span data-sheets-value=\"{&quot;1&quot;:2,&quot;2&quot;:&quot;La ind\u00fastria de l'esport ha estat captivada per les cripto i els tokens no fungibles (NFT per les seves sigles en angl\u00e8s). Les cripto i els NFT representen nous models de negocis per als clubs, esportistes, aficionats i companyies els quals deriven en noves oportunitats. El curs \u00abEl futur de les criptomonedes i l'esport\u00bb est\u00e0 dissenyat per proporcionar-li a l'estudiant un enteniment b\u00e0sic sobre com s'apliquen la cadena de blocs i les cripto a la ind\u00fastria de l'esport. \\r\\nL'estudiant adquirir\u00e0 les habilitats pr\u00e0ctiques per entendre qu\u00e8 \u00e9s la cadena de blocs, com funciona i perqu\u00e8 \u00e9s considerada revolucion\u00e0ria en la ind\u00fastria de l'esport. En finalitzar el curs, podr\u00e0s determinar els casos d'\u00fas espec\u00edfics en els quals la tecnologia de cadena de blocs \u00e9s considerada innovadora en el m\u00f3n de l'esport i soluciona grans problemes.\\r\\nEl curs comen\u00e7a amb una introducci\u00f3 a les cadenes de blocs i les cripto i el seu funcionament. Al llarg del curs, l'estudiant aprendr\u00e0 sobre els principals casos d'\u00fas de les cadenes de blocs en l'esport incloent els NTF i el metavers. L'estudiant tamb\u00e9 entendr\u00e0 els models de negocis que aix\u00f2 comporta. \\r&quot;}\" data-sheets-userformat=\"{&quot;2&quot;:897,&quot;3&quot;:{&quot;1&quot;:0},&quot;10&quot;:0,&quot;11&quot;:4,&quot;12&quot;:0}\">La ind\u00fastria de l&#8217;esport ha estat captivada per les cripto i els tokens no fungibles (NFT per les seves sigles en angl\u00e8s). Les cripto i els NFT representen nous models de negocis per als clubs, esportistes, aficionats i companyies els quals deriven en noves oportunitats. El curs \u00abBlockchain a l&#8217;esport\u00bb est\u00e0 dissenyat per proporcionar-li a l&#8217;estudiant un enteniment b\u00e0sic sobre com s&#8217;apliquen la cadena de blocs i les cripto a la ind\u00fastria de l&#8217;esport.<br \/>\nL&#8217;estudiant adquirir\u00e0 les habilitats pr\u00e0ctiques per entendre qu\u00e8 \u00e9s la cadena de blocs, com funciona i perqu\u00e8 \u00e9s considerada revolucion\u00e0ria en la ind\u00fastria de l&#8217;esport. En finalitzar el curs, podr\u00e0s determinar els casos d&#8217;\u00fas espec\u00edfics en els quals la tecnologia de cadena de blocs \u00e9s considerada innovadora en el m\u00f3n de l&#8217;esport i soluciona grans problemes.<br \/>\nEl curs comen\u00e7a amb una introducci\u00f3 a les cadenes de blocs i les cripto i el seu funcionament. Al llarg del curs, l&#8217;estudiant aprendr\u00e0 sobre els principals casos d&#8217;\u00fas de les cadenes de blocs en l&#8217;esport incloent els NTF i el metavers. L&#8217;estudiant tamb\u00e9 entendr\u00e0 els models de negocis que aix\u00f2 comporta. <\/span><\/p>\n","cursos_que_lo_componen":[{"nombre_del_curso":"Blockchain a l'esport","descripcion_del_curso":"<p>M\u00f2dul 1: Introducci\u00f3 a les cadenes de blocs i les criptomonedes<br \/>\nM\u00f2dul 2: Introducci\u00f3 als NFT<br \/>\nM\u00f2dul 3: Videojocs i metavers<br \/>\nM\u00f2dul 4: Comunitats i fan engagement<\/p>\n"}],"aprende_a":[{"item_aprende_a":"L'estudiant que completi el curs adquirir\u00e0 una base s\u00f2lida sobre cadena de blocs i criptomonedes per poder comprendre i predir les tend\u00e8ncies de la ind\u00fastria i, especialment, poder entendre com aquestes poden afectar i canviar la ind\u00fastria de l'esport.\r\n"}],"preguntas_frecuentes":false,"contenidistas":false,"docentes_expertos":[{"foto":"https:\/\/static.capabiliaserver.com\/frontend\/clients\/barca\/wp_prod\/wp-content\/uploads\/2022\/07\/e3a697a7-victoriagago.jpeg","nombre_del_docente":"Victoria Gago","descripcion_del_docente":"Co-Fundadora a European Blockchain Convention & European Tech School","enlace":""}],"imagen_destacada":"https:\/\/barcanew.capabiliaserver.com\/wp-content\/uploads\/2022\/07\/e2566aab-cms.jpg","slider_testimonios":false,"activar_hero_video":false,"video_texto":"","video_header":false,"pdf_brochure_link_drive":"https:\/\/drive.google.com\/uc?id=1OeF3ut7ejP0ypaI7BueZqgu2Thz_8fvQ&export=download"},"idiomas":{"en":128164,"es":128169,"ar":128165,"ca":128166,"ru":128168,"pt":128167},"_links":{"self":[{"href":"https:\/\/barcanew.capabiliaserver.com\/ca\/wp-json\/wp\/v2\/products\/128166"}],"collection":[{"href":"https:\/\/barcanew.capabiliaserver.com\/ca\/wp-json\/wp\/v2\/products"}],"about":[{"href":"https:\/\/barcanew.capabiliaserver.com\/ca\/wp-json\/wp\/v2\/types\/product"}],"author":[{"embeddable":true,"href":"https:\/\/barcanew.capabiliaserver.com\/ca\/wp-json\/wp\/v2\/users\/16"}],"replies":[{"embeddable":true,"href":"https:\/\/barcanew.capabiliaserver.com\/ca\/wp-json\/wp\/v2\/comments?post=128166"}],"version-history":[{"count":5,"href":"https:\/\/barcanew.capabiliaserver.com\/ca\/wp-json\/wp\/v2\/products\/128166\/revisions"}],"predecessor-version":[{"id":134674,"href":"https:\/\/barcanew.capabiliaserver.com\/ca\/wp-json\/wp\/v2\/products\/128166\/revisions\/134674"}],"wp:attachment":[{"href":"https:\/\/barcanew.capabiliaserver.com\/ca\/wp-json\/wp\/v2\/media?parent=128166"}],"wp:term":[{"taxonomy":"category","embeddable":true,"href":"https:\/\/barcanew.capabiliaserver.com\/ca\/wp-json\/wp\/v2\/categories?post=128166"}],"curies":[{"name":"wp","href":"https:\/\/api.w.org\/{rel}","templated":true}]}}