{"id":127972,"date":"2022-08-04T15:24:01","date_gmt":"2022-08-04T18:24:01","guid":{"rendered":"https:\/\/barcanew.capabiliaserver.com\/?post_type=product&#038;p=127972"},"modified":"2022-10-24T13:31:54","modified_gmt":"2022-10-24T16:31:54","slug":"esports-sustentabilitat","status":"publish","type":"product","link":"https:\/\/barcanew.capabiliaserver.com\/ca\/product\/esports-sustentabilitat\/","title":{"rendered":"Esports &amp; Sustentabilitat"},"content":{"rendered":"<p>contenido<\/p>\n\n\n<p><\/p>\n","protected":false},"excerpt":{"rendered":"<p>excerpt<\/p>\n","protected":false},"author":16,"featured_media":0,"comment_status":"open","ping_status":"closed","template":"","meta":{"_acf_changed":false,"footnotes":""},"categories":[224,112],"acf":{"activar_banner_1":false,"banner_1":false,"activar_banner_2":false,"banner_2":false,"activar_banner_3":false,"banner_3":false,"activar_nuevos_banners":false,"mostrar_banner_1":false,"crear_banner_1":{"utilizar_imagen_unica_para_banner":false,"asignar_imagen_unica_para_banner":false,"mostrar_titulo_banner":false,"titulo_para_banner":"","mostrar_subtitulo_banner":false,"subtitulo_del_banner":"","mostrar_cta_banner":false,"texto_cta_banner":"","url_cta_banner":"","fondo_de_color_banner":"","fondo_de_imagen_banner":false,"mostrar_imagen_izquierda_banner":false,"asignar_imagen_izquierda_banner":false},"mostrar_banner_2":false,"crear_banner_2":{"utilizar_imagen_unica_para_banner":false,"asignar_imagen_unica_para_banner":false,"mostrar_titulo_banner":false,"titulo_para_banner":"","mostrar_subtitulo_banner":false,"subtitulo_del_banner":"","mostrar_cta_banner":false,"texto_cta_banner":"","url_cta_banner":"","fondo_de_color_banner":"","fondo_de_imagen_banner":false,"mostrar_imagen_izquierda_banner":false,"asignar_imagen_izquierda_banner":false},"mostrar_banner_3":false,"hubspot_product_id":"1501693542","external_id":"1719","titulo_incentivo":"","fecha_de_inicio":"10082022","segunda_fecha_de_inicio":"","zona_horaria":"Europe\/Madrid","precio":"450","contenido":"<p><span data-sheets-value=\"{&quot;1&quot;:2,&quot;2&quot;:&quot;El m\u00f3n dels esports est\u00e0 evolucionant r\u00e0pidament i s'est\u00e0 recuperant del devastador impacte de la pand\u00e8mia. Les organitzacions esportives en tots els nivells i els seus respectius esdeveniments han de redefinir els seus models operacionals i de negocis per continuar atraient a jugadors, patrocinadors, aficionats i altres interessats. Hi ha una depend\u00e8ncia entre el canvi clim\u00e0tic, la salut i l'esport, per\u00f2 l'impacte potencial de l'esport traspassa el camp de joc. Les organitzacions esportives, els aficionats i els qui treballen en esports, especialment els esportistes tenen un gran potencial per accelerar un canvi sistem\u00e0tic en la societat, promovent la inclusi\u00f3, l'estil de vida saludable, l'acci\u00f3 clim\u00e0tica i la col\u00b7laboraci\u00f3. A m\u00e9s, en l'esport, tant les organitzacions, com els l\u00edders, els esportistes i els entrenadors, tenen un rol i responsabilitats en la reconstrucci\u00f3 de les societats i les economies despr\u00e9s de la COVID-19.\\r\\n\\r\\nLa sustentabilitat se centra en cobrir les necessitats del present sense comprometre la capacitat de les generacions futures de cobrir les seves pr\u00f2pies necessitats. La sustentabilitat \u00e9s un concepte hol\u00edstic que implica garantir les necessitats de les persones, el planeta i l'economia, \u00e9s a dir el medi ambient, la societat i la governan\u00e7a corporativa (ESG per les seves sigles en angl\u00e8s). Un programa d'esport sustentable implica esdeveniments esportius que incorporin aquests tres elements.\\r\\n\\r\\nL'objectiu d'aquest curs \u00e9s que entenguis i t'acostis a la sustentabilitat en l'esport, i que aprenguis a fer els primers passos en el teu propi pla d'acci\u00f3 sustentable en l'esport a trav\u00e9s del disseny d'un programa, una estrat\u00e8gia o una iniciativa. A m\u00e9s, aprendr\u00e0s a desenvolupar nous principis, estrat\u00e8gies i plans d\u2019acci\u00f3 per construir la resili\u00e8ncia, i desenvolupar models de negocis sustentables i pr\u00f2spers per a la teva organitzaci\u00f3 esportiva. \\r\\n\\r\\nPer aconseguir-ho utilitzarem les t\u00e8cniques i marcs m\u00e9s importants del m\u00f3n de la sustentabilitat, i il\u00b7lustrarem aquest m\u00f3n amb bones pr\u00e0ctiques i hist\u00f2ries de les esferes l\u00edders en organitzaci\u00f3 d'esdeveniments com s\u00f3n els Jocs Ol\u00edmpics, la Copa del M\u00f3n FIFA, el Campionat Mundial d'Atletisme o les carreres de F\u00f3rmula E, per\u00f2 tamb\u00e9 veurem exemples d'esdeveniments mitjans i petits per comprendre com iniciar el cam\u00ed cap a la sustentabilitat.\\r\\n&quot;}\" data-sheets-userformat=\"{&quot;2&quot;:897,&quot;3&quot;:{&quot;1&quot;:0},&quot;10&quot;:0,&quot;11&quot;:4,&quot;12&quot;:0}\">El m\u00f3n dels esports est\u00e0 evolucionant r\u00e0pidament i s&#8217;est\u00e0 recuperant del devastador impacte de la pand\u00e8mia. Les organitzacions esportives en tots els nivells i els seus respectius esdeveniments han de redefinir els seus models operacionals i de negocis per continuar atraient a jugadors, patrocinadors, aficionats i altres interessats. Hi ha una depend\u00e8ncia entre el canvi clim\u00e0tic, la salut i l&#8217;esport, per\u00f2 l&#8217;impacte potencial de l&#8217;esport traspassa el camp de joc. Les organitzacions esportives, els aficionats i els qui treballen en esports, especialment els esportistes tenen un gran potencial per accelerar un canvi sistem\u00e0tic en la societat, promovent la inclusi\u00f3, l&#8217;estil de vida saludable, l&#8217;acci\u00f3 clim\u00e0tica i la col\u00b7laboraci\u00f3. A m\u00e9s, en l&#8217;esport, tant les organitzacions, com els l\u00edders, els esportistes i els entrenadors, tenen un rol i responsabilitats en la reconstrucci\u00f3 de les societats i les economies despr\u00e9s de la COVID-19.<\/span><\/p>\n<p>La sustentabilitat se centra en cobrir les necessitats del present sense comprometre la capacitat de les generacions futures de cobrir les seves pr\u00f2pies necessitats. La sustentabilitat \u00e9s un concepte hol\u00edstic que implica garantir les necessitats de les persones, el planeta i l&#8217;economia, \u00e9s a dir el medi ambient, la societat i la governan\u00e7a corporativa (ESG per les seves sigles en angl\u00e8s). Un programa d&#8217;esport sustentable implica esdeveniments esportius que incorporin aquests tres elements.<\/p>\n<p>L&#8217;objectiu d&#8217;aquest curs \u00e9s que entenguis i t&#8217;acostis a la sustentabilitat en l&#8217;esport, i que aprenguis a fer els primers passos en el teu propi pla d&#8217;acci\u00f3 sustentable en l&#8217;esport a trav\u00e9s del disseny d&#8217;un programa, una estrat\u00e8gia o una iniciativa. A m\u00e9s, aprendr\u00e0s a desenvolupar nous principis, estrat\u00e8gies i plans d\u2019acci\u00f3 per construir la resili\u00e8ncia, i desenvolupar models de negocis sustentables i pr\u00f2spers per a la teva organitzaci\u00f3 esportiva.<\/p>\n<p>Per aconseguir-ho utilitzarem les t\u00e8cniques i marcs m\u00e9s importants del m\u00f3n de la sustentabilitat, i il\u00b7lustrarem aquest m\u00f3n amb bones pr\u00e0ctiques i hist\u00f2ries de les esferes l\u00edders en organitzaci\u00f3 d&#8217;esdeveniments com s\u00f3n els Jocs Ol\u00edmpics, la Copa del M\u00f3n FIFA, el Campionat Mundial d&#8217;Atletisme o les carreres de F\u00f3rmula E, per\u00f2 tamb\u00e9 veurem exemples d&#8217;esdeveniments mitjans i petits per comprendre com iniciar el cam\u00ed cap a la sustentabilitat.<\/p>\n","cursos_que_lo_componen":[{"nombre_del_curso":"Estrat\u00e8gia sostenible en esports","descripcion_del_curso":"<p>M\u00f2dul 1: Les bases de la sustentabilitat en l'esport<br \/>\nM\u00f2dul 2: Desenvolupa un programa sustentable basat en marcs i est\u00e0ndards internacionals.<br \/>\nM\u00f2dul 3: Mesura i reporta l'impacte<br \/>\nM\u00f2dul 4: Oportunitats de patrocini i sustentabilitat<\/p>\n"},{"nombre_del_curso":"Gesti\u00f3 i Finan\u00e7ament d'un programa de sostenibilitat","descripcion_del_curso":"<p>M\u00f2dul 1: Defineix la teva visi\u00f3 i involucra als interessats<br \/>\nM\u00f2dul 2: Crea un pla de finan\u00e7ament i implementaci\u00f3 per al teu programa sustentable<br \/>\nM\u00f2dul 3: Involucra als aficionats i als esportistes en la sustentabilitat<br \/>\nM\u00f2dul 4: Comunica la sustentabilitat<\/p>\n"}],"aprende_a":[{"item_aprende_a":"Aprendre el concepte i els elements claus de la sustentabilitat \r\n"},{"item_aprende_a":"Desenvolupar habilitats per relacionar la sustentabilitat amb l'estrat\u00e8gia corporativa de l'organitzaci\u00f3 \r\n"},{"item_aprende_a":"Entendre els aspectes operacionals dels programes de sustentabilitat \r\n"},{"item_aprende_a":"Desenvolupar la capacitat per impulsar el mesurament de l'impacte en l'organitzaci\u00f3 \r\n"},{"item_aprende_a":"Estar preparat per comunicar sobre esports i sustentabilitat de manera efectiva.\r\n"}],"preguntas_frecuentes":false,"contenidistas":false,"docentes_expertos":[{"foto":"https:\/\/barcanew.capabiliaserver.com\/wp-content\/uploads\/2022\/08\/dc48b49a-marisa-schlenker.png","nombre_del_docente":"Marisa Schlenker","descripcion_del_docente":"Exjugador de futbol amb experi\u00e8ncia semiprofessional i professional a Su\u00e8cia, Espanya, Alemanya i EUA. M\u00e9s de 10 anys d'experi\u00e8ncia en el sector de l'esport per al desenvolupament social. Experta en igualtat de g\u00e8nere, seguiment, avaluaci\u00f3 i aprenentatge.","enlace":""},{"foto":"https:\/\/barcanew.capabiliaserver.com\/wp-content\/uploads\/2022\/08\/45aa75e6-geert-hendriks.png","nombre_del_docente":"Geert Hendriks","descripcion_del_docente":"Director de Engagement en The SHIFT i expert internacional en sostenibilitat i esport. Va treballar en diversos Jocs Ol\u00edmpics, UEFA EURO 2016, Copa Mundial FIFA 2022 i m\u00e9s de 20 altres esports. Fundador del club de fans de Football4Climate.","enlace":""},{"foto":"https:\/\/barcanew.capabiliaserver.com\/wp-content\/uploads\/2022\/08\/51eb99c8-clemence-gillier.png","nombre_del_docente":"Cl\u00e9mence Gillier","descripcion_del_docente":"\u00c0ngel de creixement sustentable (The SHIFT) i facilitador del seminari (Let\u2019s Talk Waste) \u00c9s experta en desenvolupament empresarial en diversos sectors i actualment es dedica a accelerar el progr\u00e9s dels ODS.","enlace":""},{"foto":"https:\/\/barcanew.capabiliaserver.com\/wp-content\/uploads\/2022\/08\/0d0b089a-miguel-escribano.png","nombre_del_docente":"Miguel Escribano","descripcion_del_docente":"Assessor en qualitat de l'aire i desenvolupament empresarial de tecnologia verda. Ha treballat en Campionats del M\u00f3n d'Atletisme, Formula E i amb organitzadors d'esdeveniments per promoure millors pr\u00e0ctiques per a esdeveniments esportius sustentables.","enlace":""},{"foto":"https:\/\/barcanew.capabiliaserver.com\/wp-content\/uploads\/2022\/08\/c86711c5-big-the_shift_sociallogolinkedin_rgb_400x400.png","nombre_del_docente":"Altres experts de The Shift","descripcion_del_docente":"- Bikram Lath, FIFA COL SUB-17 Copa Mundial Femenina \u00cdndia 2022  <br>- Catherine Fournier, ex Directora de projectes RSE del FSV Mag\u00fancia 05 <br>- Neil Beecroft, ex Director de Sostenibilitat de UEFA EURO 2016 <br>- Anne-C\u00e9cile Turner, Directora de Sostenibilitat de The Ocean Race","enlace":""}],"imagen_destacada":"https:\/\/barcanew.capabiliaserver.com\/wp-content\/uploads\/2022\/08\/3f285919-sport-_-sustainability.jpg","slider_testimonios":false,"activar_hero_video":false,"video_texto":"","video_header":false,"titulo_curso":"Deporte & Sustentabilidad","impartido_en":"English","crear_banner_3":{"utilizar_imagen_unica_para_banner":false,"asignar_imagen_unica_para_banner":false,"mostrar_titulo_banner":false,"titulo_para_banner":"","mostrar_subtitulo_banner":false,"subtitulo_del_banner":"","mostrar_cta_banner":false,"texto_cta_banner":"","url_cta_banner":"","fondo_de_color_banner":"","fondo_de_imagen_banner":false,"mostrar_imagen_izquierda_banner":false,"asignar_imagen_izquierda_banner":false},"producto_path":false,"id_magento":"552","header_image":130465,"column_title":"","precio_en_cuotas":"2 pagaments mensuals de \u20ac225","precio_de_lista":"","mostrar_form":false,"promocion_vigente":"","duracion_del_curso":"2 meses","nivel_del_curso":"Introductori","modalidad_cursado":"Online","ocultar_video":true,"url_video":"","avalado_por":false,"pdf_brochure":false,"slidebox":false,"titulo_seccion_testimonios":"","imagen_de_fondo_testimonios":false,"color_de_fondo_testimonios":"","pdf_brochure_link_drive":"https:\/\/drive.google.com\/uc?id=14Yr2x4ryDgxA2mUSw5UpKn7Pwi_7Xe1I&export=download"},"idiomas":{"en":127970,"es":127975,"ar":127971,"ca":127972,"ru":127974,"pt":127973},"_links":{"self":[{"href":"https:\/\/barcanew.capabiliaserver.com\/ca\/wp-json\/wp\/v2\/products\/127972"}],"collection":[{"href":"https:\/\/barcanew.capabiliaserver.com\/ca\/wp-json\/wp\/v2\/products"}],"about":[{"href":"https:\/\/barcanew.capabiliaserver.com\/ca\/wp-json\/wp\/v2\/types\/product"}],"author":[{"embeddable":true,"href":"https:\/\/barcanew.capabiliaserver.com\/ca\/wp-json\/wp\/v2\/users\/16"}],"replies":[{"embeddable":true,"href":"https:\/\/barcanew.capabiliaserver.com\/ca\/wp-json\/wp\/v2\/comments?post=127972"}],"version-history":[{"count":5,"href":"https:\/\/barcanew.capabiliaserver.com\/ca\/wp-json\/wp\/v2\/products\/127972\/revisions"}],"predecessor-version":[{"id":134719,"href":"https:\/\/barcanew.capabiliaserver.com\/ca\/wp-json\/wp\/v2\/products\/127972\/revisions\/134719"}],"wp:attachment":[{"href":"https:\/\/barcanew.capabiliaserver.com\/ca\/wp-json\/wp\/v2\/media?parent=127972"}],"wp:term":[{"taxonomy":"category","embeddable":true,"href":"https:\/\/barcanew.capabiliaserver.com\/ca\/wp-json\/wp\/v2\/categories?post=127972"}],"curies":[{"name":"wp","href":"https:\/\/api.w.org\/{rel}","templated":true}]}}