{"id":127923,"date":"2022-06-24T12:51:34","date_gmt":"2022-06-24T15:51:34","guid":{"rendered":"https:\/\/barcanew.capabiliaserver.com\/?post_type=product&#038;p=127923"},"modified":"2023-01-13T11:18:19","modified_gmt":"2023-01-13T14:18:19","slug":"certificat-en-estrategies-de-monetitzacio-per-a-lesport","status":"publish","type":"product","link":"https:\/\/barcanew.capabiliaserver.com\/ca\/product\/certificat-en-estrategies-de-monetitzacio-per-a-lesport\/","title":{"rendered":"Certificat en Estrat\u00e8gies de monetitzaci\u00f3 per a l&#8217;esport"},"content":{"rendered":"","protected":false},"excerpt":{"rendered":"","protected":false},"author":1,"featured_media":0,"comment_status":"open","ping_status":"closed","template":"","meta":{"_acf_changed":false,"footnotes":""},"categories":[224,112],"acf":{"activar_banner_1":false,"banner_1":false,"activar_banner_2":false,"banner_2":false,"activar_banner_3":false,"banner_3":false,"activar_nuevos_banners":false,"mostrar_banner_1":false,"crear_banner_1":{"utilizar_imagen_unica_para_banner":false,"asignar_imagen_unica_para_banner":false,"mostrar_titulo_banner":false,"titulo_para_banner":"","mostrar_subtitulo_banner":false,"subtitulo_del_banner":"","mostrar_cta_banner":false,"texto_cta_banner":"","url_cta_banner":"","fondo_de_color_banner":"","fondo_de_imagen_banner":false,"mostrar_imagen_izquierda_banner":false,"asignar_imagen_izquierda_banner":false},"mostrar_banner_2":false,"crear_banner_2":{"utilizar_imagen_unica_para_banner":false,"asignar_imagen_unica_para_banner":false,"mostrar_titulo_banner":false,"titulo_para_banner":"","mostrar_subtitulo_banner":false,"subtitulo_del_banner":"","mostrar_cta_banner":false,"texto_cta_banner":"","url_cta_banner":"","fondo_de_color_banner":"","fondo_de_imagen_banner":false,"mostrar_imagen_izquierda_banner":false,"asignar_imagen_izquierda_banner":false},"mostrar_banner_3":false,"crear_banner_3":{"utilizar_imagen_unica_para_banner":false,"asignar_imagen_unica_para_banner":false,"mostrar_titulo_banner":false,"titulo_para_banner":"","mostrar_subtitulo_banner":false,"subtitulo_del_banner":"","mostrar_cta_banner":false,"texto_cta_banner":"","url_cta_banner":"","fondo_de_color_banner":"","fondo_de_imagen_banner":false,"mostrar_imagen_izquierda_banner":false,"asignar_imagen_izquierda_banner":false},"producto_path":false,"hubspot_product_id":"1465951093","external_id":"1705","id_magento":"551","header_image":127224,"column_title":"","titulo_incentivo":"","fecha_de_inicio":"10072022","segunda_fecha_de_inicio":"","zona_horaria":"Europe\/Madrid","precio":"625","precio_en_cuotas":"4 pagaments mensuals de 156,25 euros","precio_de_lista":"","mostrar_form":false,"promocion_vigente":"","duracion_del_curso":"4 meses","nivel_del_curso":"Introductori","modalidad_cursado":"Online","impartido_en":"English","contenido":"<p><span data-sheets-value=\"{&quot;1&quot;:2,&quot;2&quot;:&quot;Degut a que la ind\u00fastria mundial de l'esport s'ha desenvolupat amb una rapidesa mai abans vista, les necessitats financeres de les organitzacions esportives sens dubte s'han multiplicat exponencialment. Juntament amb aquesta necessitat i en resposta a ella, tamb\u00e9 es va observar que les organitzacions esportives van multiplicar les seves oportunitats de generar i maximitzar els seus ingressos. Aix\u00f2 va ser possible gr\u00e0cies a l'exploraci\u00f3, el desenvolupament i l'aplicaci\u00f3 de diverses estrat\u00e8gies de monetitzaci\u00f3 modernes i noves. Mitjan\u00e7ant aquest certificat s'ofereix un estudi ampli i rigor\u00f3s de les estrat\u00e8gies de monetitzaci\u00f3 adoptades per les organitzacions esportives entre les quals s'hi inclouen aquelles enfocades en tots els clients, en el negoci i les estrat\u00e8gies de generaci\u00f3 d'ingressos alternatius utilitzades en la ind\u00fastria de l'esport. Aquells professionals que treballen o aspiren treballar en clubs esportius, organismes directius d'esport, i ag\u00e8ncies de m\u00e0rqueting o comercials que facin aquesta certificaci\u00f3 podran aprendre a capitalitzar els aficionats d'esports, negocis, i les relacions i interessos d'altres organitzacions envers l'esport per aix\u00ed poder fer cr\u00e9ixer aquestes organitzacions esportives, fent \u00fas dels seus actius i maximitzant el seu potencial per generar ingressos.&quot;}\" data-sheets-userformat=\"{&quot;2&quot;:897,&quot;3&quot;:{&quot;1&quot;:0},&quot;10&quot;:0,&quot;11&quot;:4,&quot;12&quot;:0}\">Degut a que la ind\u00fastria mundial de l&#8217;esport s&#8217;ha desenvolupat amb una rapidesa mai abans vista, les necessitats financeres de les organitzacions esportives sens dubte s&#8217;han multiplicat exponencialment. Juntament amb aquesta necessitat i en resposta a ella, tamb\u00e9 es va observar que les organitzacions esportives van multiplicar les seves oportunitats de generar i maximitzar els seus ingressos. Aix\u00f2 va ser possible gr\u00e0cies a l&#8217;exploraci\u00f3, el desenvolupament i l&#8217;aplicaci\u00f3 de diverses estrat\u00e8gies de monetitzaci\u00f3 modernes i noves. Mitjan\u00e7ant aquest certificat s&#8217;ofereix un estudi ampli i rigor\u00f3s de les estrat\u00e8gies de monetitzaci\u00f3 adoptades per les organitzacions esportives entre les quals s&#8217;hi inclouen aquelles enfocades en tots els clients, en el negoci i les estrat\u00e8gies de generaci\u00f3 d&#8217;ingressos alternatius utilitzades en la ind\u00fastria de l&#8217;esport. Aquells professionals que treballen o aspiren treballar en clubs esportius, organismes directius d&#8217;esport, i ag\u00e8ncies de m\u00e0rqueting o comercials que facin aquesta certificaci\u00f3 podran aprendre a capitalitzar els aficionats d&#8217;esports, negocis, i les relacions i interessos d&#8217;altres organitzacions envers l&#8217;esport per aix\u00ed poder fer cr\u00e9ixer aquestes organitzacions esportives, fent \u00fas dels seus actius i maximitzant el seu potencial per generar ingressos.<\/span><\/p>\n","ocultar_video":true,"url_video":"","avalado_por":false,"pdf_brochure":"https:\/\/static.capabiliaserver.com\/frontend\/clients\/barca\/wp_prod\/wp-content\/uploads\/2022\/06\/f177e3b5-programa-destrategies-de-monetitzacio-per-a-lesport.pdf","cursos_que_lo_componen":[{"nombre_del_curso":"Estrat\u00e8gies de monetitzaci\u00f3 enfocades en el client","descripcion_del_curso":"<p>M\u00f2dul 2: Models d'ingressos per a organitzacions esportives - Com generen diners les entitats esportives<br \/>\nM\u00f2dul 2: Estrat\u00e8gies per a la venda d'entrades - Utilitat vs. Maximitzaci\u00f3 de guanys<br \/>\nM\u00f2dul 3: Decisions sobre la venda d'entrades - Estrat\u00e8gies de preus<br \/>\nM\u00f2dul 4: Comercialitzaci\u00f3 - Acords de llic\u00e8ncies i el valor dels productes de llicenciats<\/p>\n"},{"nombre_del_curso":"Estrat\u00e8gies de monetitzaci\u00f3 enfocades en el negoci","descripcion_del_curso":"<p>M\u00f2dul 1: Avantatges del patrocini - Beneficis financers dels acords de patrocini<br \/>\nM\u00f2dul 2: Desavantatges del patrocini - Dificultats financeres dels acords de patrocini<br \/>\nM\u00f2dul 3: Drets de transmissi\u00f3 - Monetitzaci\u00f3 d'una relaci\u00f3 simbi\u00f2tica<br \/>\nM\u00f2dul 4: Noves estrat\u00e8gies de transmissi\u00f3 - Monetitzaci\u00f3 de nous mitjans de comunicaci\u00f3 i xarxes socials<\/p>\n"},{"nombre_del_curso":"Fonts d'ingressos alternatives per a organitzacions esportives","descripcion_del_curso":"<p>M\u00f2dul 1: Finan\u00e7ament estatal - Estrat\u00e8gies de finan\u00e7ament local, nacional i internacional<br \/>\nM\u00f2dul 2: Fonts d'ingressos per a esports no comercials - Estrat\u00e8gies noves d'ingressos per a organitzacions esportives m\u00e9s petites<br \/>\nM\u00f2dul 3: Ampliaci\u00f3 de la marca - Monetitzaci\u00f3 de la marca esportiva<br \/>\nM\u00f2dul 4: Economies d'escala i promoci\u00f3 creuada - Integraci\u00f3 horitzontal i vertical i registre<\/p>\n"},{"nombre_del_curso":"Estrat\u00e8gies de monetitzaci\u00f3 d'aficionats","descripcion_del_curso":"<p>M\u00f2dul 1: Fan Engagement - Per qu\u00e8 als aficionats els agrada pagar pels esports<br \/>\nM\u00f2dul 2: Filiaci\u00f3 d'aficionats - Monetitzaci\u00f3 d'exclusivitat i demanda<br \/>\nM\u00f2dul 3: Comunitats en i fora de l\u00ednia - Beneficiar-se de la fidelitzaci\u00f3 d'aficionats<br \/>\nM\u00f2dul 4: Nous espais en l\u00ednia per a aficionats - Tend\u00e8ncies de monetitzaci\u00f3 actuals i futures<\/p>\n"}],"aprende_a":[{"item_aprende_a":"Comprendre el panorama i el potencial de monetitzaci\u00f3 de l'ecosistema esportiu. \r\n"},{"item_aprende_a":"Desenvolupar l'habilitat d'avaluar de manera cr\u00edtica la forma en la qual l'esport pot utilitzar la seva relaci\u00f3 amb altres organitzacions. \r\n"},{"item_aprende_a":"Desenvolupar la capacitat per identificar oportunitats creatives per maximitzar ingressos. \r\n"},{"item_aprende_a":"Desenvolupar l'habilitat de pensament estrat\u00e8gic per capitalitzar la relaci\u00f3 dels aficionats amb l'esport."}],"preguntas_frecuentes":false,"contenidistas":false,"docentes_expertos":[{"foto":"https:\/\/barcanew.capabiliaserver.com\/wp-content\/uploads\/2022\/06\/2276ebe4-dra-argyro-elisavet-manoli.png","nombre_del_docente":"Dra Argyro Elisavet Manoli","descripcion_del_docente":"Experta i acad\u00e8mica reconeguda a nivell mundial en l'\u00e0mbit del m\u00e0rqueting esportiu i comercial. Amb anys d'experi\u00e8ncia en clubs de futbol professionals, organismes directius d'esport, i en esdeveniments esportius internacionals, la Dra. Manoli t\u00e9 un gran coneixement del costat comercial de l'esport. Ha dut a terme recerques profundes en l'\u00e0rea, publicat diversos llibres, informes de pol\u00edtiques i estudis en revistes arbitrades de gran import\u00e0ncia, ha ensenyat els seus informes en Universitats i fa conferencies a tot el m\u00f3n.","enlace":""}],"imagen_destacada":"https:\/\/barcanew.capabiliaserver.com\/wp-content\/uploads\/2022\/06\/a0de8096-monetising-strategies-for-sport-preview.png","titulo_seccion_testimonios":"","slider_testimonios":false,"imagen_de_fondo_testimonios":false,"color_de_fondo_testimonios":"","activar_hero_video":false,"video_texto":"","video_header":false,"pdf_brochure_link_drive":"https:\/\/drive.google.com\/uc?id=1Xc--01YUtgltydgrycDHDYK1FytmwHUB&export=download"},"idiomas":{"en":126309,"es":127921,"ar":126310,"ca":127923,"ru":126313,"pt":127925},"_links":{"self":[{"href":"https:\/\/barcanew.capabiliaserver.com\/ca\/wp-json\/wp\/v2\/products\/127923"}],"collection":[{"href":"https:\/\/barcanew.capabiliaserver.com\/ca\/wp-json\/wp\/v2\/products"}],"about":[{"href":"https:\/\/barcanew.capabiliaserver.com\/ca\/wp-json\/wp\/v2\/types\/product"}],"author":[{"embeddable":true,"href":"https:\/\/barcanew.capabiliaserver.com\/ca\/wp-json\/wp\/v2\/users\/1"}],"replies":[{"embeddable":true,"href":"https:\/\/barcanew.capabiliaserver.com\/ca\/wp-json\/wp\/v2\/comments?post=127923"}],"version-history":[{"count":4,"href":"https:\/\/barcanew.capabiliaserver.com\/ca\/wp-json\/wp\/v2\/products\/127923\/revisions"}],"predecessor-version":[{"id":136717,"href":"https:\/\/barcanew.capabiliaserver.com\/ca\/wp-json\/wp\/v2\/products\/127923\/revisions\/136717"}],"wp:attachment":[{"href":"https:\/\/barcanew.capabiliaserver.com\/ca\/wp-json\/wp\/v2\/media?parent=127923"}],"wp:term":[{"taxonomy":"category","embeddable":true,"href":"https:\/\/barcanew.capabiliaserver.com\/ca\/wp-json\/wp\/v2\/categories?post=127923"}],"curies":[{"name":"wp","href":"https:\/\/api.w.org\/{rel}","templated":true}]}}