{"id":127149,"date":"2022-06-22T11:49:13","date_gmt":"2022-06-22T14:49:13","guid":{"rendered":"https:\/\/barcanew.capabiliaserver.com\/?post_type=product&#038;p=127149"},"modified":"2023-01-13T11:13:26","modified_gmt":"2023-01-13T14:13:26","slug":"introduccio-als-esports-per-que-enamorar-sen","status":"publish","type":"product","link":"https:\/\/barcanew.capabiliaserver.com\/ca\/product\/introduccio-als-esports-per-que-enamorar-sen\/","title":{"rendered":"Introducci\u00f3 als eSports: per qu\u00e8 enamorar-se\u2019n?"},"content":{"rendered":"","protected":false},"excerpt":{"rendered":"","protected":false},"author":22,"featured_media":0,"comment_status":"open","ping_status":"closed","template":"","meta":{"_acf_changed":false,"footnotes":""},"categories":[226],"acf":{"activar_banner_1":false,"banner_1":false,"activar_banner_2":false,"banner_2":false,"activar_banner_3":false,"banner_3":false,"activar_nuevos_banners":false,"mostrar_banner_1":false,"crear_banner_1":{"utilizar_imagen_unica_para_banner":false,"asignar_imagen_unica_para_banner":false,"mostrar_titulo_banner":false,"titulo_para_banner":"","mostrar_subtitulo_banner":false,"subtitulo_del_banner":"","mostrar_cta_banner":false,"texto_cta_banner":"","url_cta_banner":"","fondo_de_color_banner":"","fondo_de_imagen_banner":false,"mostrar_imagen_izquierda_banner":false,"asignar_imagen_izquierda_banner":false},"mostrar_banner_2":false,"crear_banner_2":{"utilizar_imagen_unica_para_banner":false,"asignar_imagen_unica_para_banner":false,"mostrar_titulo_banner":false,"titulo_para_banner":"","mostrar_subtitulo_banner":false,"subtitulo_del_banner":"","mostrar_cta_banner":false,"texto_cta_banner":"","url_cta_banner":"","fondo_de_color_banner":"","fondo_de_imagen_banner":false,"mostrar_imagen_izquierda_banner":false,"asignar_imagen_izquierda_banner":false},"mostrar_banner_3":false,"crear_banner_3":{"utilizar_imagen_unica_para_banner":false,"asignar_imagen_unica_para_banner":false,"mostrar_titulo_banner":false,"titulo_para_banner":"","mostrar_subtitulo_banner":false,"subtitulo_del_banner":"","mostrar_cta_banner":false,"texto_cta_banner":"","url_cta_banner":"","fondo_de_color_banner":"","fondo_de_imagen_banner":false,"mostrar_imagen_izquierda_banner":false,"asignar_imagen_izquierda_banner":false},"producto_path":false,"hubspot_product_id":"1455517319","header_image":127142,"column_title":"Introducci\u00f3 als eSports: per qu\u00e8 enamorar-se\u2019n?","titulo_incentivo":"","fecha_de_inicio":"10072022","segunda_fecha_de_inicio":"","zona_horaria":"Europe\/Madrid","precio":"200","precio_en_cuotas":"","precio_de_lista":"","mostrar_form":false,"promocion_vigente":"","duracion_del_curso":"1 M\u00eas","nivel_del_curso":"Introductori","modalidad_cursado":"Online","impartido_en":"English","contenido":"<p>Els esports electr\u00f2nics o \u00abeSports\u00bb com se\u2019ls sol anomenar, son termes que probablement tots hem escoltat sense saber amb claredat com es que s\u2019ha convertit en una ind\u00fastria \u00fanica i independent. Normalment es compara amb els esports convencionals. En l&#8217;actualitat, els eSports es fan cada vegada m\u00e9s visibles com a disciplines espec\u00edfiques a causa de la promoci\u00f3 que obtenen dels seus actors i influencers. Per al p\u00fablic en general, els eSports poden tamb\u00e9 transmetre clix\u00e9s i conceptes erronis. En realitat, amb l&#8217;augment en la quantitat de jugadors i la concientitzaci\u00f3 al voltant dels videojocs, els eSports s\u00f3n, sens dubte, un mercat a l\u2019al\u00e7a, ple de passi\u00f3, ambici\u00f3 i oportunitats de negocis per a les generacions futures. Segons el report 2021 de NewZoo \u00abGlobal Esports and Live Streaming Market\u00bb:<\/p>\n<p>\u2022 Els ingressos globals d&#8217;esports electr\u00f2nics superaran els $1,08 mil milions el 2021, la qual cosa representa un augment del 14,5% respecte als $947,1 mil milions del 2020;<\/p>\n<p>\u2022 465,1 milions de persones miren eSports (un 6,7% m\u00e9s any a any).<\/p>\n<p>Per poder comprendre els esports electr\u00f2nics, necessitar\u00edem entendre d&#8217;on venen, on es troben actualment i cap a on van. Aquest curs ens brindar\u00e0 un enteniment b\u00e0sic del que s\u00f3n els eSports, des de la seva hist\u00f2ria, mitjan\u00e7ant una descripci\u00f3 de l&#8217;ecosistema \u00edntegrament, fins als desafiaments als quals s&#8217;enfronta aquest camp en l&#8217;actualitat. Pot ajudar-nos a trobar una inspiraci\u00f3 o fins i tot oportunitats per treballar en el m\u00f3n dels esports electr\u00f2nics o col\u00b7laborar amb els actors de la ind\u00fastria actual.<\/p>\n","ocultar_video":true,"url_video":"","avalado_por":false,"pdf_brochure":"https:\/\/static.capabiliaserver.com\/frontend\/clients\/barca\/wp_prod\/wp-content\/uploads\/2022\/06\/7693549f-introduccio-als-esports_-per-que-enamorar-sen.pdf","cursos_que_lo_componen":[{"nombre_del_curso":"Origen dels eSports","descripcion_del_curso":"<p>Aspectes hist\u00f2rics, desenvolupament i comparaci\u00f3 amb els esports tradicionals<\/p>\n"},{"nombre_del_curso":"Ecosistema dels eSports","descripcion_del_curso":"<p>Introducci\u00f3 als actors dels eSports. [organitzacions, jugadors, membres de l'equip, mitjans de comunicaci\u00f3, influencers i creadors de contingut, producci\u00f3, operadors del torneig, editorials, entitats governamentals, etc<\/p>\n"},{"nombre_del_curso":"Model de negoci de eSports","descripcion_del_curso":"<p>Model de negoci comparat amb els esports i mitjans de comunicaci\u00f3, organitzaci\u00f3 de lliga i esdeveniments de eSports, patrocini i participaci\u00f3 de marques<\/p>\n"},{"nombre_del_curso":"Desafiaments en els eSports: passat, present i futur. ","descripcion_del_curso":"<p>Estat del jugador, apostes, paranys\/dopatge, diversitat de g\u00e8nere i inclusi\u00f3, salut, streaming, federaci\u00f3 de eSports? etc<\/p>\n"}],"aprende_a":[{"item_aprende_a":"Habilitat per descriure la ind\u00fastria dels eSports"},{"item_aprende_a":"Capacitat per identificar i esmentar els actors de l'ecosistema"},{"item_aprende_a":" Coneixement del negoci dels eSports"},{"item_aprende_a":"Capacitat per comparar desafiaments i q\u00fcestionar temes "}],"preguntas_frecuentes":false,"contenidistas":false,"docentes_expertos":[{"foto":"https:\/\/barcanew.capabiliaserver.com\/wp-content\/uploads\/2022\/05\/b11e529e-servane_2.jpg","nombre_del_docente":"Servane Fischer","descripcion_del_docente":"Former competitive player on Counter-Strike 1.6 in the 2000s. Founded and managed several projects promoting gender diversity in Esports. Publisher as an Esports Legal Counsel and supporter of the non-profit org Women in Games France as the Esports General Manager. Caster and tournament organizer on the game VALORANT for the community.","enlace":""}],"imagen_destacada":"https:\/\/barcanew.capabiliaserver.com\/wp-content\/uploads\/2022\/06\/dc84d1f3-cms-2.png","titulo_seccion_testimonios":"","slider_testimonios":false,"imagen_de_fondo_testimonios":false,"color_de_fondo_testimonios":"","activar_hero_video":false,"video_texto":"","video_header":false,"pdf_brochure_link_drive":"https:\/\/drive.google.com\/uc?id=1hY7u8HR-UlNL-VBcgtlbRCX0YJd0iUlu&export=download","external_id":"1696","id_magento":"549"},"idiomas":{"en":127039,"es":127109,"ar":127149,"ca":127149,"ru":127149,"pt":127139},"_links":{"self":[{"href":"https:\/\/barcanew.capabiliaserver.com\/ca\/wp-json\/wp\/v2\/products\/127149"}],"collection":[{"href":"https:\/\/barcanew.capabiliaserver.com\/ca\/wp-json\/wp\/v2\/products"}],"about":[{"href":"https:\/\/barcanew.capabiliaserver.com\/ca\/wp-json\/wp\/v2\/types\/product"}],"author":[{"embeddable":true,"href":"https:\/\/barcanew.capabiliaserver.com\/ca\/wp-json\/wp\/v2\/users\/22"}],"replies":[{"embeddable":true,"href":"https:\/\/barcanew.capabiliaserver.com\/ca\/wp-json\/wp\/v2\/comments?post=127149"}],"version-history":[{"count":5,"href":"https:\/\/barcanew.capabiliaserver.com\/ca\/wp-json\/wp\/v2\/products\/127149\/revisions"}],"predecessor-version":[{"id":136714,"href":"https:\/\/barcanew.capabiliaserver.com\/ca\/wp-json\/wp\/v2\/products\/127149\/revisions\/136714"}],"wp:attachment":[{"href":"https:\/\/barcanew.capabiliaserver.com\/ca\/wp-json\/wp\/v2\/media?parent=127149"}],"wp:term":[{"taxonomy":"category","embeddable":true,"href":"https:\/\/barcanew.capabiliaserver.com\/ca\/wp-json\/wp\/v2\/categories?post=127149"}],"curies":[{"name":"wp","href":"https:\/\/api.w.org\/{rel}","templated":true}]}}