{"id":125901,"date":"2023-01-13T17:13:13","date_gmt":"2023-01-13T20:13:13","guid":{"rendered":"https:\/\/barcanew.capabiliaserver.com\/?post_type=product&#038;p=125901"},"modified":"2023-01-13T17:13:15","modified_gmt":"2023-01-13T20:13:15","slug":"certificat-en-preparacio-fisica-en-el-futbol-femeni","status":"publish","type":"product","link":"https:\/\/barcanew.capabiliaserver.com\/ca\/product\/certificat-en-preparacio-fisica-en-el-futbol-femeni\/","title":{"rendered":"Certificat en Preparaci\u00f3 F\u00edsica en el Futbol Femen\u00ed"},"content":{"rendered":"<p>contenido<\/p>\n\n\n<p><\/p>\n","protected":false},"excerpt":{"rendered":"<p>excerpt<\/p>\n","protected":false},"author":16,"featured_media":0,"comment_status":"open","ping_status":"closed","template":"","meta":{"_acf_changed":false,"footnotes":""},"categories":[258],"acf":{"activar_banner_1":false,"banner_1":false,"activar_banner_2":false,"banner_2":false,"activar_banner_3":false,"banner_3":false,"activar_nuevos_banners":false,"mostrar_banner_1":false,"crear_banner_1":{"utilizar_imagen_unica_para_banner":false,"asignar_imagen_unica_para_banner":false,"mostrar_titulo_banner":false,"titulo_para_banner":"","mostrar_subtitulo_banner":false,"subtitulo_del_banner":"","mostrar_cta_banner":false,"texto_cta_banner":"","url_cta_banner":"","fondo_de_color_banner":"","fondo_de_imagen_banner":false,"mostrar_imagen_izquierda_banner":false,"asignar_imagen_izquierda_banner":false},"mostrar_banner_2":false,"crear_banner_2":{"utilizar_imagen_unica_para_banner":false,"asignar_imagen_unica_para_banner":false,"mostrar_titulo_banner":false,"titulo_para_banner":"","mostrar_subtitulo_banner":false,"subtitulo_del_banner":"","mostrar_cta_banner":false,"texto_cta_banner":"","url_cta_banner":"","fondo_de_color_banner":"","fondo_de_imagen_banner":false,"mostrar_imagen_izquierda_banner":false,"asignar_imagen_izquierda_banner":false},"mostrar_banner_3":false,"hubspot_product_id":"1457940576","external_id":"1697","titulo_incentivo":"","fecha_de_inicio":"10082022","segunda_fecha_de_inicio":"","zona_horaria":"Europe\/Madrid","precio":"625","contenido":"<p>El creixement del futbol femen\u00ed durant els \u00faltims anys ha estat exponencial, i continua creixent a gran velocitat. Els clubs i federacions s&#8217;hi impliquen i hi aposten cada vegada m\u00e9s, i els recursos econ\u00f2mics permeten que els equips puguin professionalitzar-se i estar focalitzats en l&#8217;\u00f2ptim rendiment. Aix\u00f2 s&#8217;ha vist reflectit molt directament en el F.C Barcelona, on l&#8217;equip en pocs anys ha aconseguit ser el millor equip d&#8217;Europa. La preparaci\u00f3 f\u00edsica ha estat una de les bases m\u00e9s importants en aquest canvi, o fins i tot el trampol\u00ed per fer un salt a ser realment un equip d&#8217;elit. Aquest programa oferir\u00e0 de la forma m\u00e9s clara possible els fonaments i les especificitats actuals de l&#8217;entrenament en el FCB Femen\u00ed, des de les bases conceptuals del model d&#8217;Entrenament Estructurat, a la metodologia de la planificaci\u00f3, disseny i execuci\u00f3 de l&#8217;entrenament. Es donar\u00e0 visibilitat a tots els professionals o persones amb ambici\u00f3 de ser futurs professionals del futbol femen\u00ed, de com \u00e9s el desenvolupament de la condici\u00f3 f\u00edsica de la dona en el futbol en el Bar\u00e7a plantejat des del punt de vista multidisciplinari de totes les \u00e0rees implicades en l&#8217;aspecte condicional.<\/p>\n","cursos_que_lo_componen":[{"nombre_del_curso":"L'Entrenament Optimizador en l'Entrenament Estructurat","descripcion_del_curso":"<p>M\u00f2dul 1: Context i evoluci\u00f3 de l'entrenament en el futbol femen\u00ed.<br \/>\nM\u00f2dul 2: El Microcicle Estructurat.<br \/>\nM\u00f2dul 3: Integraci\u00f3 de l'estructura.<br \/>\nM\u00f2dul 4: Individualitzaci\u00f3 de les c\u00e0rregues.<\/p>\n"},{"nombre_del_curso":"L'Entrenament Coadjuvant","descripcion_del_curso":"<p>M\u00f2dul 1: Context i evoluci\u00f3 de l'entrenament de For\u00e7a en la dona.<br \/>\nM\u00f2dul 2: L'Entrenament Coadjuvant en el microcicle estructurat.<br \/>\nM\u00f2dul 3: Variabilitat-Especificitat.<br \/>\nM\u00f2dul 4: Individualitzaci\u00f3, control i avaluaci\u00f3 de la For\u00e7a.<\/p>\n"},{"nombre_del_curso":"El monitoratge de la c\u00e0rrega interna i externa","descripcion_del_curso":"<p>M\u00f2dul 1: Contextualitzaci\u00f3 cient\u00edfica.<br \/>\nM\u00f2dul 2: Monitoratge de la c\u00e0rrega interna.<br \/>\nM\u00f2dul 3: Monitoratge de la c\u00e0rrega externa.<br \/>\nM\u00f2dul 4: Mecanismes de test i avaluaci\u00f3.<\/p>\n"},{"nombre_del_curso":"El treball multidisciplinari en el context de salut i rendiment","descripcion_del_curso":"<p>M\u00f2dul 1: Fisiologia i lesionabilitat de la dona futbolista.<br \/>\nM\u00f2dul 2: Prevenci\u00f3, recuperaci\u00f3 i readaptaci\u00f3 de lesions.<br \/>\nM\u00f2dul 3: Entrenament invisible: nutrici\u00f3 i descans.<br \/>\nM\u00f2dul 4: Psicologia i context sociol\u00f2gic.<\/p>\n"}],"aprende_a":[{"item_aprende_a":"Exercir-se amb coneixement, aptituds i habilitats en l'\u00e0mbit de la preparaci\u00f3 f\u00edsica en el futbol femen\u00ed d'alt rendiment.\r\n"},{"item_aprende_a":"Con\u00e8ixer el model estructurat del F.C.Barcelona amb les particularitats del futbol femen\u00ed, i les habilitats per programar, dissenyar i executar l'entrenament.\r\n"},{"item_aprende_a":"Comprendre les compet\u00e8ncies i \u00e0rees de treball en l'entorn de la jugadora i el seu rendiment, i com interactuar amb aquestes per aconseguir l'\u00f2ptim rendiment de la jugadora."}],"preguntas_frecuentes":false,"contenidistas":false,"docentes_expertos":[{"foto":"https:\/\/barcanew.capabiliaserver.com\/wp-content\/uploads\/2022\/05\/96a380c9-berta-foto.jpg","nombre_del_docente":"Berta Carles","descripcion_del_docente":"Llicenciada en Ci\u00e8ncies de l\u00b4Activitat F\u00edsica i l\u00b4Esport. Preparadora F\u00edsica del 1r Equip Femen\u00ed des del 2007, els 3 anys previs jugadora del mateix equip. Consecuci\u00f3 de 7 Copes de la Reina, 7 Lligues i 1 Champions amb el F.C.Barcelona.","enlace":""}],"imagen_destacada":"https:\/\/barcanew.capabiliaserver.com\/wp-content\/uploads\/2022\/05\/49d00097-preview.png","slider_testimonios":false,"activar_hero_video":false,"video_texto":"","video_header":false,"titulo_curso":"Certificado en Preparaci\u00f3n F\u00edsica en el F\u00fatbol Femenino","impartido_en":"Spanish","crear_banner_3":{"utilizar_imagen_unica_para_banner":false,"asignar_imagen_unica_para_banner":false,"mostrar_titulo_banner":false,"titulo_para_banner":"","mostrar_subtitulo_banner":false,"subtitulo_del_banner":"","mostrar_cta_banner":false,"texto_cta_banner":"","url_cta_banner":"","fondo_de_color_banner":"","fondo_de_imagen_banner":false,"mostrar_imagen_izquierda_banner":false,"asignar_imagen_izquierda_banner":false},"producto_path":false,"id_magento":"550","column_title":"","precio_en_cuotas":"4 pagaments mensuals de 156,25 euros","precio_de_lista":"","mostrar_form":false,"promocion_vigente":"","duracion_del_curso":"4 meses ","nivel_del_curso":"Introductori","modalidad_cursado":"Online","ocultar_video":true,"url_video":"","avalado_por":false,"pdf_brochure":"https:\/\/barcanew.capabiliaserver.com\/wp-content\/uploads\/2022\/05\/fbeb2ca7-preparacio-fisica-en-el-futbol-femeni.pdf","slidebox":false,"titulo_seccion_testimonios":"","imagen_de_fondo_testimonios":false,"color_de_fondo_testimonios":"","pdf_brochure_link_drive":"https:\/\/drive.google.com\/uc?id=1kJalXTHyfZ5vS_m7GgABBtdE_Tc1VhjY&export=download","header_image":126101},"idiomas":{"en":125899,"es":125904,"ar":125900,"ca":125901,"ru":125903,"pt":125902},"_links":{"self":[{"href":"https:\/\/barcanew.capabiliaserver.com\/ca\/wp-json\/wp\/v2\/products\/125901"}],"collection":[{"href":"https:\/\/barcanew.capabiliaserver.com\/ca\/wp-json\/wp\/v2\/products"}],"about":[{"href":"https:\/\/barcanew.capabiliaserver.com\/ca\/wp-json\/wp\/v2\/types\/product"}],"author":[{"embeddable":true,"href":"https:\/\/barcanew.capabiliaserver.com\/ca\/wp-json\/wp\/v2\/users\/16"}],"replies":[{"embeddable":true,"href":"https:\/\/barcanew.capabiliaserver.com\/ca\/wp-json\/wp\/v2\/comments?post=125901"}],"version-history":[{"count":5,"href":"https:\/\/barcanew.capabiliaserver.com\/ca\/wp-json\/wp\/v2\/products\/125901\/revisions"}],"predecessor-version":[{"id":136711,"href":"https:\/\/barcanew.capabiliaserver.com\/ca\/wp-json\/wp\/v2\/products\/125901\/revisions\/136711"}],"wp:attachment":[{"href":"https:\/\/barcanew.capabiliaserver.com\/ca\/wp-json\/wp\/v2\/media?parent=125901"}],"wp:term":[{"taxonomy":"category","embeddable":true,"href":"https:\/\/barcanew.capabiliaserver.com\/ca\/wp-json\/wp\/v2\/categories?post=125901"}],"curies":[{"name":"wp","href":"https:\/\/api.w.org\/{rel}","templated":true}]}}