{"id":122408,"date":"2022-06-07T14:10:33","date_gmt":"2022-06-07T17:10:33","guid":{"rendered":"https:\/\/barcanew.capabiliaserver.com\/?post_type=product&#038;p=122408"},"modified":"2023-01-13T10:49:05","modified_gmt":"2023-01-13T13:49:05","slug":"certificat-en-avaluacio-de-lacompliment-esportiu","status":"publish","type":"product","link":"https:\/\/barcanew.capabiliaserver.com\/ca\/product\/certificat-en-avaluacio-de-lacompliment-esportiu\/","title":{"rendered":"Certificat en avaluaci\u00f3 de l&#8217;acompliment esportiu"},"content":{"rendered":"<p>contenido<\/p>\n","protected":false},"excerpt":{"rendered":"<p>excerpt<\/p>\n","protected":false},"author":16,"featured_media":0,"comment_status":"open","ping_status":"closed","template":"","meta":{"_acf_changed":false,"footnotes":""},"categories":[258],"acf":{"activar_banner_1":false,"banner_1":false,"activar_banner_2":false,"banner_2":false,"activar_banner_3":false,"banner_3":false,"activar_nuevos_banners":false,"mostrar_banner_1":false,"crear_banner_1":{"utilizar_imagen_unica_para_banner":false,"asignar_imagen_unica_para_banner":false,"mostrar_titulo_banner":false,"titulo_para_banner":"","mostrar_subtitulo_banner":false,"subtitulo_del_banner":"","mostrar_cta_banner":false,"texto_cta_banner":"","url_cta_banner":"","fondo_de_color_banner":"","fondo_de_imagen_banner":false,"mostrar_imagen_izquierda_banner":false,"asignar_imagen_izquierda_banner":false},"mostrar_banner_2":false,"crear_banner_2":{"utilizar_imagen_unica_para_banner":false,"asignar_imagen_unica_para_banner":false,"mostrar_titulo_banner":false,"titulo_para_banner":"","mostrar_subtitulo_banner":false,"subtitulo_del_banner":"","mostrar_cta_banner":false,"texto_cta_banner":"","url_cta_banner":"","fondo_de_color_banner":"","fondo_de_imagen_banner":false,"mostrar_imagen_izquierda_banner":false,"asignar_imagen_izquierda_banner":false},"mostrar_banner_3":false,"hubspot_product_id":"1438047610","external_id":"1650","titulo_incentivo":"","fecha_de_inicio":"10072022","segunda_fecha_de_inicio":"","zona_horaria":"Europe\/Madrid","precio":"550","contenido":"<p><span style=\"font-weight: 400;\">La tecnologia ha format part del dia a dia dels professionals m\u00e8dics en la ci\u00e8ncia de l&#8217;esport des de fa un temps. No obstant aix\u00f2, moltes vegades el focus est\u00e0 posat en el propi dispositiu, no en la manera en qu\u00e8 aquests dispositius poden optimitzar els processos d&#8217;entrenament o rehabilitaci\u00f3. \u00c9s per aix\u00f2 que hem decidit crear aquest curs enfocat en la cinem\u00e0tica i la for\u00e7a en l&#8217;acompliment esportiu incloent el maneig d&#8217;esportistes sans i lesionats. Per tant, les plataformes de for\u00e7a (tecnologia) es van convertir en un actiu clau per aconseguir les respostes a moltes preguntes que normalment sorgeixen en aquests processos. En aquest curs et donarem les eines per dominar la presa de decisions mitjan\u00e7ant la biomec\u00e0nica i l&#8217;acompliment esportiu.<\/span><\/p>\n","cursos_que_lo_componen":[{"nombre_del_curso":"AVALUACI\u00d3 DE LA FOR\u00c7A I INTRODUCCI\u00d3 A LA CINEM\u00c0TICA","descripcion_del_curso":"<p>Fonaments d'avaluaci\u00f3 de la plataforma de for\u00e7a.<br \/>\nEnteniment de variables i fases del CMJ<br \/>\nIntroducci\u00f3 a la cinem\u00e0tica<br \/>\nAvaluaci\u00f3 de membres superiors 2.<\/p>\n"},{"nombre_del_curso":"CIN\u00c8TICA DE LESIONS, REHABILITACI\u00d3 I CINEM\u00c0TICA ","descripcion_del_curso":"<p>Cin\u00e8tica en lesions del LCA i rehabilitaci\u00f3 (avaluaci\u00f3 de jump-land)<br \/>\nCin\u00e8tica en el risc de lesions del LCA i rehabilitaci\u00f3<br \/>\nCin\u00e8tica i cinem\u00e0tica en lesions musculars i de tend\u00f3 en els membres inferiors i rehabilitaci\u00f3 de r\u00f2tula, tend\u00f3 d'Aquil\u00b7les, engonal i isquiotibials.<\/p>\n"},{"nombre_del_curso":"CAIXA D'EINES PER A l'AVALUACI\u00d3 DE RENDIMENT, LESI\u00d3 I REHABILITACI\u00d3","descripcion_del_curso":"<p>Proves addicionals din\u00e0miques en membres inferiors (salt d'esquats, drop jump, esquats, land&hold).<br \/>\n Prova isom\u00e8trica en membres inferiors<br \/>\n Marc i caixa d'eines per a la cin\u00e8tica i la cinem\u00e0tica en la rehabilitaci\u00f3 i el retorn al joc<br \/>\nMarc i caixa d'eines per al control de resposta a la c\u00e0rrega a curt termini i avaluaci\u00f3 d'adaptacions cr\u00f2niques<\/p>\n"}],"aprende_a":[{"item_aprende_a":"Comprendre la cinem\u00e0tica per a l'avaluaci\u00f3 de la for\u00e7a. \r\n"},{"item_aprende_a":"Maneig de l'avaluaci\u00f3 de la for\u00e7a com un actiu clau en la rehabilitaci\u00f3. \r\n"},{"item_aprende_a":"Capacitat d'adaptar el marc de les lesions i de rehabilitaci\u00f3 a cada cas espec\u00edfic."}],"preguntas_frecuentes":false,"contenidistas":false,"docentes_expertos":[{"foto":"https:\/\/static.capabiliaserver.com\/frontend\/clients\/barca\/wp_prod\/wp-content\/uploads\/2022\/05\/946eed07-barca-innovation-2018-1-1.png","nombre_del_docente":"Daniel Cohen ","descripcion_del_docente":"Researcher - Masira Institute, University of Santander (UDES); Consultant - Center for Sports Sciences (CCD), Colombian Ministry of Sport (Mindeporte) Consultant and Educator in Force Platform assessments ","enlace":""},{"foto":"https:\/\/barcanew.capabiliaserver.com\/wp-content\/uploads\/2022\/06\/e71501cd-dr.-matt-taberner.png","nombre_del_docente":"Dr. Matt Taberner (CSCS, RSCC*D, BASES HPSA)","descripcion_del_docente":"Doctorat Professional en Ci\u00e8ncies Aplicades de l'Esport i Activitat F\u00edsica. Amb m\u00e9s de 14 anys d'experi\u00e8ncia en esports d'elit. Va treballar 13 temporades en la Premier League anglesa: 6 anys al FC Everton (Cap de Ci\u00e8ncia de l'Esport i Cap de Rehabilitaci\u00f3) i sis anys en FC Aston Villa (Cient\u00edfic esportiu responsable de l'Acad\u00e8mia).","enlace":""},{"foto":"https:\/\/barcanew.capabiliaserver.com\/wp-content\/uploads\/2022\/06\/66374a0b-david-howarth.png","nombre_del_docente":"David Howarth","descripcion_del_docente":"Ha treballat en esports d'alt rendiment a Austr\u00e0lia, Am\u00e8rica del Nord i Europa. Va dirigir departaments de rendiment atl\u00e8tic per a equips de la NBA (Oklahoma City Thunder) i de La Copa d'Europa de rugbi (Connacht Rugbi). Expert en l'\u00fas de tecnologies de plataformes de for\u00e7a per al monitoratge d'esportistes.","enlace":""},{"foto":"https:\/\/barcanew.capabiliaserver.com\/wp-content\/uploads\/2022\/06\/7330305a-luke-hart.png","nombre_del_docente":"Luke Hart MSc, ASCC ","descripcion_del_docente":"Entrenador certificat de For\u00e7a i Condicionament (ASCC per les seves sigles en angl\u00e8s). 9 anys d'experi\u00e8ncia com a entrenador professional de for\u00e7a i condicionament en futbol i rugbi. Actualment s'exerceix com a Entrenador l\u00edder de For\u00e7a i Condicionament en la Cl\u00ednica Sports Surgery, Dublin.","enlace":""},{"foto":"https:\/\/barcanew.capabiliaserver.com\/wp-content\/uploads\/2022\/06\/edae0daf-chris-richter.png","nombre_del_docente":"Dr. Chris Richter","descripcion_del_docente":"Experto biomec\u00e0nic amb gran experi\u00e8ncia en Ci\u00e8ncia de dades i tecnologia. Est\u00e0 treballant en el desenvolupament i implementaci\u00f3 d'una estrat\u00e8gia I+S de biomarcador. Va aportar\/va publicar m\u00e9s de 60 articles.","enlace":""},{"foto":"https:\/\/barcanew.capabiliaserver.com\/wp-content\/uploads\/2022\/06\/fa51d702-jarrod.png","nombre_del_docente":"Jarrod Antflick","descripcion_del_docente":"Fundador de Total Performance. Fisioterapeuta assessor i especialista en diagn\u00f2stic i tractament de tendinopaties en l'esport.  M\u00e0ster en Fisioter\u00e0pia esportiva (Universitat La Trobe, Austr\u00e0lia), amb una Llicenciatura en Ci\u00e8ncies Aplicades en Fisioter\u00e0pia (Universitat de Sydney) i una Llicenciatura en Ci\u00e8ncies de la Salut (University of Technology, Sydney). ","enlace":""},{"foto":"https:\/\/barcanew.capabiliaserver.com\/wp-content\/uploads\/2022\/06\/4206039c-ben-ashworth.png","nombre_del_docente":"Ben Ashworth","descripcion_del_docente":"Entrenador-fisioterapeuta i Especialista en Espatlla. Doble M\u00e0ster en For\u00e7a i Condicionament i Fisioter\u00e0pia. Amb 20 anys d'experi\u00e8ncia en rugbi, esports Ol\u00edmpics i futbol de la Premier League. Assessor en Tennis brit\u00e0nic i de Queensland i en diversos equips de la Lliga Major de beisbol.","enlace":""}],"imagen_destacada":"https:\/\/barcanew.capabiliaserver.com\/wp-content\/uploads\/2022\/06\/ac01e48a-sports-performance-cms.png","slider_testimonios":false,"activar_hero_video":false,"video_texto":"","video_header":false,"titulo_curso":"Certificate in Sports Performance Assessment","impartido_en":"English","crear_banner_3":{"utilizar_imagen_unica_para_banner":false,"asignar_imagen_unica_para_banner":false,"mostrar_titulo_banner":false,"titulo_para_banner":"","mostrar_subtitulo_banner":false,"subtitulo_del_banner":"","mostrar_cta_banner":false,"texto_cta_banner":"","url_cta_banner":"","fondo_de_color_banner":"","fondo_de_imagen_banner":false,"mostrar_imagen_izquierda_banner":false,"asignar_imagen_izquierda_banner":false},"producto_path":false,"id_magento":"465","header_image":126914,"column_title":"Certificat en avaluaci\u00f3 de l'acompliment esportiu","precio_en_cuotas":"3 pagaments mensuals de 183.3 euros","precio_de_lista":"","mostrar_form":false,"promocion_vigente":"","duracion_del_curso":"3 Mesos","nivel_del_curso":"Introductori","modalidad_cursado":"Online","ocultar_video":true,"url_video":"","avalado_por":false,"pdf_brochure":"https:\/\/barcanew.capabiliaserver.com\/wp-content\/uploads\/2022\/06\/23e7953f-certificat-en-avaluacio-de-lacompliment-esportiu-2.pdf","slidebox":false,"titulo_seccion_testimonios":"","imagen_de_fondo_testimonios":false,"color_de_fondo_testimonios":"","pdf_brochure_link_drive":"https:\/\/drive.google.com\/uc?id=1NhR7wBQelu7607sLh_08TXiN85Btqk54&export=download"},"idiomas":{"en":122406,"es":122411,"ar":122407,"ca":122408,"ru":122410,"pt":122409},"_links":{"self":[{"href":"https:\/\/barcanew.capabiliaserver.com\/ca\/wp-json\/wp\/v2\/products\/122408"}],"collection":[{"href":"https:\/\/barcanew.capabiliaserver.com\/ca\/wp-json\/wp\/v2\/products"}],"about":[{"href":"https:\/\/barcanew.capabiliaserver.com\/ca\/wp-json\/wp\/v2\/types\/product"}],"author":[{"embeddable":true,"href":"https:\/\/barcanew.capabiliaserver.com\/ca\/wp-json\/wp\/v2\/users\/16"}],"replies":[{"embeddable":true,"href":"https:\/\/barcanew.capabiliaserver.com\/ca\/wp-json\/wp\/v2\/comments?post=122408"}],"version-history":[{"count":5,"href":"https:\/\/barcanew.capabiliaserver.com\/ca\/wp-json\/wp\/v2\/products\/122408\/revisions"}],"predecessor-version":[{"id":136703,"href":"https:\/\/barcanew.capabiliaserver.com\/ca\/wp-json\/wp\/v2\/products\/122408\/revisions\/136703"}],"wp:attachment":[{"href":"https:\/\/barcanew.capabiliaserver.com\/ca\/wp-json\/wp\/v2\/media?parent=122408"}],"wp:term":[{"taxonomy":"category","embeddable":true,"href":"https:\/\/barcanew.capabiliaserver.com\/ca\/wp-json\/wp\/v2\/categories?post=122408"}],"curies":[{"name":"wp","href":"https:\/\/api.w.org\/{rel}","templated":true}]}}