{"id":121112,"date":"2022-05-18T16:40:32","date_gmt":"2022-05-18T19:40:32","guid":{"rendered":"https:\/\/barcanew.capabiliaserver.com\/?post_type=product&#038;p=121112"},"modified":"2022-10-19T11:02:26","modified_gmt":"2022-10-19T14:02:26","slug":"diplomat-en-marqueting-i-patrocini-esportiu","status":"publish","type":"product","link":"https:\/\/barcanew.capabiliaserver.com\/ca\/product\/diplomat-en-marqueting-i-patrocini-esportiu\/","title":{"rendered":"Diplomat en M\u00e0rqueting i Patrocini esportiu"},"content":{"rendered":"<p>contenido<\/p>\n","protected":false},"excerpt":{"rendered":"<p>excerpt<\/p>\n","protected":false},"author":16,"featured_media":0,"comment_status":"open","ping_status":"closed","template":"","meta":{"_acf_changed":false,"footnotes":""},"categories":[112],"acf":{"titulo_curso":"Professional Diploma in Sports Marketing and Sponsorship","impartido_en":"English","crear_banner_3":{"utilizar_imagen_unica_para_banner":false,"asignar_imagen_unica_para_banner":false,"mostrar_titulo_banner":false,"titulo_para_banner":"","mostrar_subtitulo_banner":false,"subtitulo_del_banner":"","mostrar_cta_banner":false,"texto_cta_banner":"","url_cta_banner":"","fondo_de_color_banner":"","fondo_de_imagen_banner":false,"mostrar_imagen_izquierda_banner":false,"asignar_imagen_izquierda_banner":false},"producto_path":false,"id_magento":"464","header_image":134469,"column_title":"","precio_de_lista":"","mostrar_form":false,"promocion_vigente":"","duracion_del_curso":"8 mesos","nivel_del_curso":"Avan\u00e7at","modalidad_cursado":"Online","ocultar_video":true,"url_video":"","avalado_por":false,"pdf_brochure":"https:\/\/barcanew.capabiliaserver.com\/wp-content\/uploads\/2022\/05\/1b43879e-es.pdf","slidebox":false,"titulo_seccion_testimonios":"","activar_banner_1":false,"banner_1":false,"activar_banner_2":false,"banner_2":false,"activar_banner_3":false,"banner_3":false,"activar_nuevos_banners":false,"mostrar_banner_1":false,"crear_banner_1":{"utilizar_imagen_unica_para_banner":false,"asignar_imagen_unica_para_banner":false,"mostrar_titulo_banner":false,"titulo_para_banner":"","mostrar_subtitulo_banner":false,"subtitulo_del_banner":"","mostrar_cta_banner":false,"texto_cta_banner":"","url_cta_banner":"","fondo_de_color_banner":"","fondo_de_imagen_banner":false,"mostrar_imagen_izquierda_banner":false,"asignar_imagen_izquierda_banner":false},"mostrar_banner_2":false,"crear_banner_2":{"utilizar_imagen_unica_para_banner":false,"asignar_imagen_unica_para_banner":false,"mostrar_titulo_banner":false,"titulo_para_banner":"","mostrar_subtitulo_banner":false,"subtitulo_del_banner":"","mostrar_cta_banner":false,"texto_cta_banner":"","url_cta_banner":"","fondo_de_color_banner":"","fondo_de_imagen_banner":false,"mostrar_imagen_izquierda_banner":false,"asignar_imagen_izquierda_banner":false},"mostrar_banner_3":false,"external_id":"1623","titulo_incentivo":"","fecha_de_inicio":"06\/10\/2022","segunda_fecha_de_inicio":"","zona_horaria":"Europe\/Madrid","precio":"960","contenido":"<p><span style=\"font-weight: 400;\">En l&#8217;actualitat, el desenvolupament de la marca per a qualsevol activitat esportiva s&#8217;ha transformat en un dels pilars centrals per a l&#8217;\u00e8xit, tant en el pla esportiu com en el de negoci. El m\u00e0rqueting com a disciplina permet abordar l&#8217;esport amb una mirada professional sota una perspectiva comercial per detectar i aprofitar totes les oportunitats que es presenten en el mercat.<\/span><\/p>\n<p><span style=\"font-weight: 400;\">El patrocini s&#8217;ha convertit en una de les eines m\u00e9s comunes per connectar les marques amb els seus consumidors i clients, aconseguint d&#8217;aquesta manera accelerar el creixement del negoci.\u00a0<\/span><\/p>\n<p><span style=\"font-weight: 400;\">Quan s&#8217;implementa de manera correcta, es pot convertir en una de les eines m\u00e9s poderoses per impulsar el creixement en qualsevol tipus d&#8217;empresa.\u00a0<\/span><\/p>\n<p><span style=\"font-weight: 400;\">Aquest programa inclou totes les \u00e0rees esmentades anteriorment de manera simple i clara perqu\u00e8 puguis obtenir el m\u00e0xim de qualsevol patrocini. Professionals que treballen amb patrocinadors, titulars de drets i ag\u00e8ncies aprendran el que necessiten per comprar millor, ser m\u00e9s efectius en les vendes i gestionar programes de patrocini<\/span><\/p>\n","cursos_que_lo_componen":[{"nombre_del_curso":"Pilars del M\u00e0rqueting Esportiu","descripcion_del_curso":"<p>M\u00d2DUL 1: Introducci\u00f3 al m\u00e0rqueting esportiu<br \/>\nM\u00d2DUL 2: M\u00e8todes i eines del m\u00e0rqueting esportiu<br \/>\nM\u00d2DUL 3: Creaci\u00f3 del pla de m\u00e0rqueting esportiu<br \/>\nM\u00d2DUL 4: Integraci\u00f3<\/p>\n"},{"nombre_del_curso":"Patrocini Esportiu","descripcion_del_curso":"<p>M\u00d2DUL 1: Management de la marca esportiva<br \/>\nM\u00d2DUL 2: Cerca de Patrocinadors Potencials<br \/>\nM\u00d2DUL 3: La preparaci\u00f3 i el tancament de la venda d'un patrocini<br \/>\nM\u00d2DUL 4: Integraci\u00f3<\/p>\n"},{"nombre_del_curso":"Activaci\u00f3 del Patrocini Esportiu","descripcion_del_curso":"<p>M\u00d2DUL 1: Activaci\u00f3 del patrocini<br \/>\nM\u00d2DUL 2: Tipus d'activaci\u00f3<br \/>\nM\u00d2DUL 3: Indicadors claus del patrocini<br \/>\nM\u00d2DUL 4: Integraci\u00f3<\/p>\n"},{"nombre_del_curso":"Gesti\u00f3 de Productes i Serveis Esportius","descripcion_del_curso":"<p>M\u00d2DUL 1: Gesti\u00f3 de productes i serveis<br \/>\nM\u00d2DUL 2: Execuci\u00f3 del pla de productes i serveis<br \/>\nM\u00d2DUL 3: Estrat\u00e8gia de desenvolupament de productes<br \/>\nM\u00d2DUL 4: Integraci\u00f3<\/p>\n"},{"nombre_del_curso":"El que estimen els aficionats i el que les marques patrocinen","descripcion_del_curso":"<p>M\u00d2DUL 1: Passion Points - Les coses importants en la vida<br \/>\nM\u00d2DUL 2: Passion Connectors: Com els aficionats consumeixen les seves passions?<br \/>\nM\u00d2DUL 3: : Diferents tipus d'actius - Actius pagats, compartits i propis<br \/>\nM\u00d2DUL 4: El No-Patrocinador: m\u00e0rqueting d'emboscada<\/p>\n"},{"nombre_del_curso":"Els diferents casos d'\u00fas de patrocini","descripcion_del_curso":"<p>M\u00d2DUL 1: Millors Acords - Patrocinadors que cre\u00efn valor per als clients<br \/>\nM\u00d2DUL 2: Treball d'Equip & Comunitat - Empleats orgullosos i ve\u00efns feli\u00e7os<br \/>\nM\u00d2DUL 3: Governs & ONGs - La dif\u00edcil conversa sobre regulacions, sustentabilitat i impostos<br \/>\nM\u00d2DUL 4: Poder de Persuasi\u00f3 del Patrocini - Utilitzar el patrocini per tenir influ\u00e8ncia en el m\u00f3n sencer<\/p>\n"},{"nombre_del_curso":"Qu\u00e8 \u00e9s un patrocini exit\u00f3s?","descripcion_del_curso":"<p>M\u00d2DUL 1: Avaluaci\u00f3 del Precontracte - ROI estimat d'un patrocini<br \/>\nM\u00d2DUL 2: Gesti\u00f3 del Risc - La necessitat d'una verificaci\u00f3 adequada d'antecedents<br \/>\nM\u00d2DUL 3: Fase Contractual - Drets, obligacions, principis morals i de for\u00e7a major<br \/>\nM\u00d2DUL 4: Revisi\u00f3 post Esdeveniment - Avaluaci\u00f3 i la dif\u00edcil tasca d'acabar un patrocini<\/p>\n"},{"nombre_del_curso":"El patrocini com a eina de m\u00e0rqueting","descripcion_del_curso":"<p>M\u00d2DUL 1: Passion Points - Les coses importants en la vida<br \/>\nM\u00d2DUL 2: Passion Connectors: Com els aficionats consumeixen les seves passions?<br \/>\nM\u00d2DUL 3: : Diferents tipus d'actius - Actius pagats, compartits i propis<br \/>\nM\u00d2DUL 4: El No-Patrocinador: m\u00e0rqueting d'emboscada<\/p>\n"}],"preguntas_frecuentes":false,"contenidistas":false,"docentes_expertos":[{"foto":"https:\/\/static.capabiliaserver.com\/frontend\/clients\/barca\/wp\/wp-content\/uploads\/2018\/06\/james_condo-1-150x150.jpg","nombre_del_docente":"James Condo ","descripcion_del_docente":"Director d'ETERN Consulting. Professor adjunt a Florida Atlantic University.","enlace":""},{"foto":"https:\/\/static.capabiliaserver.com\/frontend\/clients\/barca\/wp_prod\/wp-content\/uploads\/2022\/01\/5531c258-ricardo-fort-1.jpg","nombre_del_docente":"Ricardo Fort ","descripcion_del_docente":"Departaments de dues FIFA i COI patrocinadors: Visa i Coca-Cola. Creador de Sport by Fort Consulting, una empresa que ajuda a patrocinadors, lligues, inversors i esportistes a invertir amb \u00e8xit en els esports","enlace":""}],"imagen_destacada":"https:\/\/barcanew.capabiliaserver.com\/wp-content\/uploads\/2022\/05\/8c51b91f-certificate-in-sports-marketing-and-sponsorship-2-1.jpg","activar_hero_video":false,"video_texto":"","precio_en_cuotas":"7 pagaments mensuals de \u20ac137","aprende_a":[{"item_aprende_a":"Analitzar, crear i gestionar productes i serveis en l'esport."},{"item_aprende_a":"Identificar i captar marques que inverteixin en el mercat esportiu.\r\n"},{"item_aprende_a":"Aprofitar oportunitats de generaci\u00f3 d'accions amb els patrocinadors en l'esport."},{"item_aprende_a":"Entendre de quina manera els aficionats consumeixen l'esport i als patrocinadors. \r\n"},{"item_aprende_a":"Incrementar el coneixement de les aplicacions de patrocini en m\u00e0rqueting. \r\n"},{"item_aprende_a":"Diferenciar aplicacions de patrocini m\u00e9s enll\u00e0 del m\u00e0rqueting. \r\n"},{"item_aprende_a":"Desenvolupar habilitats per aprendre de quina manera avaluar patrocinadors.\r\n"}],"hubspot_product_id":"1416892072","pdf_brochure_link_drive":"https:\/\/drive.google.com\/uc?id=1Fu436YzVceTOe7HVO8BiYTla4_Qau5Rv&export=download"},"idiomas":{"en":121110,"es":124321,"ar":121111,"ca":121112,"ru":121114,"pt":121113},"_links":{"self":[{"href":"https:\/\/barcanew.capabiliaserver.com\/ca\/wp-json\/wp\/v2\/products\/121112"}],"collection":[{"href":"https:\/\/barcanew.capabiliaserver.com\/ca\/wp-json\/wp\/v2\/products"}],"about":[{"href":"https:\/\/barcanew.capabiliaserver.com\/ca\/wp-json\/wp\/v2\/types\/product"}],"author":[{"embeddable":true,"href":"https:\/\/barcanew.capabiliaserver.com\/ca\/wp-json\/wp\/v2\/users\/16"}],"replies":[{"embeddable":true,"href":"https:\/\/barcanew.capabiliaserver.com\/ca\/wp-json\/wp\/v2\/comments?post=121112"}],"version-history":[{"count":5,"href":"https:\/\/barcanew.capabiliaserver.com\/ca\/wp-json\/wp\/v2\/products\/121112\/revisions"}],"predecessor-version":[{"id":134481,"href":"https:\/\/barcanew.capabiliaserver.com\/ca\/wp-json\/wp\/v2\/products\/121112\/revisions\/134481"}],"wp:attachment":[{"href":"https:\/\/barcanew.capabiliaserver.com\/ca\/wp-json\/wp\/v2\/media?parent=121112"}],"wp:term":[{"taxonomy":"category","embeddable":true,"href":"https:\/\/barcanew.capabiliaserver.com\/ca\/wp-json\/wp\/v2\/categories?post=121112"}],"curies":[{"name":"wp","href":"https:\/\/api.w.org\/{rel}","templated":true}]}}