{"id":120013,"date":"2022-04-01T17:06:55","date_gmt":"2022-04-01T20:06:55","guid":{"rendered":"https:\/\/barcanew.capabiliaserver.com\/?post_type=product&#038;p=120013"},"modified":"2022-10-13T12:27:34","modified_gmt":"2022-10-13T15:27:34","slug":"negocis-i-administracio-en-la-industria-del-futbol","status":"publish","type":"product","link":"https:\/\/barcanew.capabiliaserver.com\/ca\/product\/negocis-i-administracio-en-la-industria-del-futbol\/","title":{"rendered":"Negocis i administraci\u00f3 en la ind\u00fastria del futbol"},"content":{"rendered":"<p>contenido<\/p>\n","protected":false},"excerpt":{"rendered":"<p>excerpt<\/p>\n","protected":false},"author":16,"featured_media":0,"comment_status":"open","ping_status":"closed","template":"","meta":{"_acf_changed":false,"footnotes":""},"categories":[247],"acf":{"external_id":"1483","titulo_curso":"Certificado en An\u00e1lisis T\u00e1ctico de F\u00fatbol Avanzado","impartido_en":"Spanish","crear_banner_3":{"utilizar_imagen_unica_para_banner":false,"asignar_imagen_unica_para_banner":false,"mostrar_titulo_banner":false,"titulo_para_banner":"","mostrar_subtitulo_banner":false,"subtitulo_del_banner":"","mostrar_cta_banner":false,"texto_cta_banner":"","url_cta_banner":"","fondo_de_color_banner":"","fondo_de_imagen_banner":false,"mostrar_imagen_izquierda_banner":false,"asignar_imagen_izquierda_banner":false},"producto_path":false,"header_image":133436,"column_title":"","precio_en_cuotas":"2 pagaments mensuals de \u20ac225","precio_de_lista":"","mostrar_form":true,"promocion_vigente":"","duracion_del_curso":"2 mesos","nivel_del_curso":"Introductori","modalidad_cursado":"Online","ocultar_video":true,"url_video":"","avalado_por":false,"pdf_brochure":"https:\/\/barcanew.capabiliaserver.com\/wp-content\/uploads\/2022\/04\/7263c7e1-business-and-administration-in-the-football-industry_compressed-1.pdf","slidebox":false,"titulo_seccion_testimonios":"","imagen_de_fondo_testimonios":false,"color_de_fondo_testimonios":"","id_magento":"463","activar_banner_1":false,"banner_1":false,"activar_banner_2":false,"banner_2":false,"activar_banner_3":false,"banner_3":false,"activar_nuevos_banners":false,"mostrar_banner_1":false,"crear_banner_1":{"utilizar_imagen_unica_para_banner":false,"asignar_imagen_unica_para_banner":false,"mostrar_titulo_banner":false,"titulo_para_banner":"","mostrar_subtitulo_banner":false,"subtitulo_del_banner":"","mostrar_cta_banner":false,"texto_cta_banner":"","url_cta_banner":"","fondo_de_color_banner":"","fondo_de_imagen_banner":false,"mostrar_imagen_izquierda_banner":false,"asignar_imagen_izquierda_banner":false},"mostrar_banner_2":false,"crear_banner_2":{"utilizar_imagen_unica_para_banner":false,"asignar_imagen_unica_para_banner":false,"mostrar_titulo_banner":false,"titulo_para_banner":"","mostrar_subtitulo_banner":false,"subtitulo_del_banner":"","mostrar_cta_banner":false,"texto_cta_banner":"","url_cta_banner":"","fondo_de_color_banner":"","fondo_de_imagen_banner":false,"mostrar_imagen_izquierda_banner":false,"asignar_imagen_izquierda_banner":false},"mostrar_banner_3":false,"hubspot_product_id":"1393944346","titulo_incentivo":"","fecha_de_inicio":"10052022","segunda_fecha_de_inicio":"","zona_horaria":"Europe\/Madrid","precio":"450","contenido":"<p><span data-sheets-value=\"{&quot;1&quot;:2,&quot;2&quot;:&quot;En general, la ind\u00fastria esportiva representa 620 mil milions d'euros o l'1% del PIB (producte intern brut). El futbol \u00e9s el segment esportiu m\u00e9s gran del PIB global en registrar m\u00e9s de 20 mil milions d'euros per any. A nivell local, l'impacte econ\u00f2mic del FC Barcelona a la ciutat de Barcelona s'ha estimat en 906 milions d'euros (al voltant de mil milions) o l\u20191,5% del PIB de la ciutat. El FC Barcelona \u00e9s un dels clubs esportius m\u00e9s exitosos, no sols de la UEFA i La Lliga, sin\u00f3 tamb\u00e9 del mercat empresarial. Aquest curs prendr\u00e0 el FC Barcelona com a cas d'estudi per proporcionar coneixements fonamentals als estudiants sobre l'administraci\u00f3 d'un club de futbol.&quot;}\" data-sheets-userformat=\"{&quot;2&quot;:897,&quot;3&quot;:{&quot;1&quot;:0},&quot;10&quot;:0,&quot;11&quot;:4,&quot;12&quot;:0}\">En general, la ind\u00fastria esportiva representa 620 mil milions d&#8217;euros o l&#8217;1% del PIB (producte intern brut). El futbol \u00e9s el segment esportiu m\u00e9s gran del PIB global en registrar m\u00e9s de 20 mil milions d&#8217;euros per any. A nivell local, l&#8217;impacte econ\u00f2mic del FC Barcelona a la ciutat de Barcelona s&#8217;ha estimat en 906 milions d&#8217;euros (al voltant de mil milions) o l\u20191,5% del PIB de la ciutat. El FC Barcelona \u00e9s un dels clubs esportius m\u00e9s exitosos, no sols de la UEFA i La Lliga, sin\u00f3 tamb\u00e9 del mercat empresarial. Aquest curs prendr\u00e0 el FC Barcelona com a cas d&#8217;estudi per proporcionar coneixements fonamentals als estudiants sobre l&#8217;administraci\u00f3 d&#8217;un club de futbol.<\/span><\/p>\n<p><span data-sheets-value=\"{&quot;1&quot;:2,&quot;2&quot;:&quot;Aprendre a analitzar les funcions i les relacions dels rols directius associats amb l'administraci\u00f3 principal d'un club de futbol.&quot;}\" data-sheets-userformat=\"{&quot;2&quot;:897,&quot;3&quot;:{&quot;1&quot;:0},&quot;10&quot;:0,&quot;11&quot;:4,&quot;12&quot;:0}\">Aprendre a analitzar les funcions i les relacions dels rols directius associats amb l&#8217;administraci\u00f3 principal d&#8217;un club de futbol.<\/span><\/p>\n<p>&nbsp;<\/p>\n","cursos_que_lo_componen":[{"nombre_del_curso":"Claus del negoci del futbol","descripcion_del_curso":"<p>M\u00f2dul 1: Activitat econ\u00f2mica en el futbol - Xifres clau en la ind\u00fastria del futbol.<br \/>\nM\u00f2dul 2: Institucions en el futbol (globals, nacionals, locals).<br \/>\nM\u00f2dul 3: Compet\u00e8ncies i lligues de futbol.<br \/>\nM\u00f2dul 4: Clubs de futbol (incl\u00f2s el Bar\u00e7a).<\/p>\n"},{"nombre_del_curso":"Planificaci\u00f3 estrat\u00e8gica","descripcion_del_curso":"<p>M\u00f2dul 1: Desenvolupament de l'estrat\u00e8gia.<br \/>\nM\u00f2dul 2: Model de planificaci\u00f3 estrat\u00e8gica en el Bar\u00e7a - Perspectiva general del pla estrat\u00e8gic en el Bar\u00e7a.<br \/>\nM\u00f2dul 3: La utilitzaci\u00f3 de les dades en el Club<br \/>\nM\u00f2dul 4: La nova realitat del futbol \u2013 El futur de la ind\u00fastria del futbol. <\/p>\n"}],"aprende_a":[{"item_aprende_a":"Entendre el negoci i l\u2019organitzaci\u00f3 en les principals institucions del futbol. "},{"item_aprende_a":"Avaluar les decisions estrat\u00e8giques i de lideratge preses per professionals en gesti\u00f3 de clubs de futbol d'alt nivell."},{"item_aprende_a":"Desenvolupar compet\u00e8ncies gerencials necess\u00e0ries per dur a terme una visi\u00f3 de lideratge per a un club de futbol i desenvolupar l'estrat\u00e8gia de marca per a estructurar, posicionar i gestionar la marca en la nova era digital."}],"preguntas_frecuentes":false,"contenidistas":false,"docentes_expertos":[{"foto":"https:\/\/barcanew.capabiliaserver.com\/wp-content\/uploads\/2022\/04\/c76164d4-albert.jpg","nombre_del_docente":"Alex Gil","descripcion_del_docente":"Business Analytics & Strategy Manager en FC Barcelona","enlace":""},{"foto":"https:\/\/barcanew.capabiliaserver.com\/wp-content\/uploads\/2022\/03\/20d2cd65-alexgil-1.jpg","nombre_del_docente":"Albert Bag\u00f3 Pint\u00f3 ","descripcion_del_docente":"Business Analytics & Strategy Manager en FC Barcelona","enlace":""}],"imagen_destacada":"https:\/\/barcanew.capabiliaserver.com\/wp-content\/uploads\/2022\/04\/4b8fdbcd-business-and-administration-in-the-football-industry_.jpg","slider_testimonios":false,"activar_hero_video":false,"video_texto":"","video_header":false,"pdf_brochure_link_drive":"https:\/\/drive.google.com\/uc?id=1zCrqgbo3lzWVsxxxtp5ZXxvp014DtB71&export=download"},"idiomas":{"en":120011,"es":120016,"ar":120012,"ca":120013,"ru":120015,"pt":120014},"_links":{"self":[{"href":"https:\/\/barcanew.capabiliaserver.com\/ca\/wp-json\/wp\/v2\/products\/120013"}],"collection":[{"href":"https:\/\/barcanew.capabiliaserver.com\/ca\/wp-json\/wp\/v2\/products"}],"about":[{"href":"https:\/\/barcanew.capabiliaserver.com\/ca\/wp-json\/wp\/v2\/types\/product"}],"author":[{"embeddable":true,"href":"https:\/\/barcanew.capabiliaserver.com\/ca\/wp-json\/wp\/v2\/users\/16"}],"replies":[{"embeddable":true,"href":"https:\/\/barcanew.capabiliaserver.com\/ca\/wp-json\/wp\/v2\/comments?post=120013"}],"version-history":[{"count":5,"href":"https:\/\/barcanew.capabiliaserver.com\/ca\/wp-json\/wp\/v2\/products\/120013\/revisions"}],"predecessor-version":[{"id":133445,"href":"https:\/\/barcanew.capabiliaserver.com\/ca\/wp-json\/wp\/v2\/products\/120013\/revisions\/133445"}],"wp:attachment":[{"href":"https:\/\/barcanew.capabiliaserver.com\/ca\/wp-json\/wp\/v2\/media?parent=120013"}],"wp:term":[{"taxonomy":"category","embeddable":true,"href":"https:\/\/barcanew.capabiliaserver.com\/ca\/wp-json\/wp\/v2\/categories?post=120013"}],"curies":[{"name":"wp","href":"https:\/\/api.w.org\/{rel}","templated":true}]}}