{"id":113487,"date":"2022-01-04T11:08:39","date_gmt":"2022-01-04T14:08:39","guid":{"rendered":"https:\/\/barcanew.capabiliaserver.com\/?post_type=product&#038;p=113487"},"modified":"2023-01-13T10:47:39","modified_gmt":"2023-01-13T13:47:39","slug":"certificate-in-advanced-sport-sponsorship-and-marketing-using-sponsorships-to-accelerate-business-growth","status":"publish","type":"product","link":"https:\/\/barcanew.capabiliaserver.com\/ca\/product\/certificate-in-advanced-sport-sponsorship-and-marketing-using-sponsorships-to-accelerate-business-growth\/","title":{"rendered":"Certificat en Patrocini i M\u00e0rqueting Esportiu Avan\u00e7at: el Patrocini com a motor de creixement"},"content":{"rendered":"<p>contenido<\/p>\n","protected":false},"excerpt":{"rendered":"<p>excerpt<\/p>\n","protected":false},"author":16,"featured_media":0,"comment_status":"open","ping_status":"closed","template":"","meta":{"_acf_changed":false,"footnotes":""},"categories":[247,107],"acf":{"activar_banner_1":false,"banner_1":false,"activar_banner_2":false,"banner_2":false,"activar_banner_3":false,"banner_3":false,"activar_nuevos_banners":false,"mostrar_banner_1":false,"crear_banner_1":{"utilizar_imagen_unica_para_banner":false,"asignar_imagen_unica_para_banner":false,"mostrar_titulo_banner":false,"titulo_para_banner":"","mostrar_subtitulo_banner":false,"subtitulo_del_banner":"","mostrar_cta_banner":false,"texto_cta_banner":"","url_cta_banner":"","fondo_de_color_banner":"","fondo_de_imagen_banner":false,"mostrar_imagen_izquierda_banner":false,"asignar_imagen_izquierda_banner":false},"mostrar_banner_2":false,"crear_banner_2":{"utilizar_imagen_unica_para_banner":false,"asignar_imagen_unica_para_banner":false,"mostrar_titulo_banner":false,"titulo_para_banner":"","mostrar_subtitulo_banner":false,"subtitulo_del_banner":"","mostrar_cta_banner":false,"texto_cta_banner":"","url_cta_banner":"","fondo_de_color_banner":"","fondo_de_imagen_banner":false,"mostrar_imagen_izquierda_banner":false,"asignar_imagen_izquierda_banner":false},"mostrar_banner_3":false,"hubspot_product_id":"1340110957","external_id":"1359","titulo_incentivo":"","fecha_de_inicio":"","segunda_fecha_de_inicio":"","zona_horaria":"Europe\/Madrid","precio":"625","contenido":"<p><span data-sheets-value=\"{&quot;1&quot;:2,&quot;2&quot;:&quot;El patrocini s'ha convertit en una de les eines m\u00e9s comuna per connectar les marques amb els seus consumidors i clients, aconseguint d'aquesta manera accelerar el creixement del negoci. Actualment s'utilitza \u00e0mpliament en tots els sectors de l'economia, de marques a marques B2B, en organitzacions amb llarga traject\u00f2ria o en startups arreu del m\u00f3n. \\r\\nQuan s'implementa de manera correcta, es pot convertir en una de les eines m\u00e9s poderoses per impulsar el creixement en qualsevol tipus d'empresa. De totes maneres, tot i la seva omnipres\u00e8ncia, el patrocini no \u00e9s utilitzat amb tot el seu potencial per la gran majoria de grans patrocinadors. No \u00e9s estrany que es signin contractes milionaris sense tenir una idea clara de les necessitats del negoci, sense una avaluaci\u00f3 apropiada de les alternatives que existeixen en el mercat, i sense la delimitaci\u00f3 dels drets necessaris per a crear un treball de valor. Les marques usualment tamb\u00e9 perden l'oportunitat d'aprendre de les seves inversions perqu\u00e8 no consideren dur a terme revisions despr\u00e9s dels esdeveniments ni avaluar el ROI. \\r\\n\\r\\nAquest certificat inclou a totes les \u00e0rees esmentades anteriorment de manera simple i clara perqu\u00e8 puguis obtenir el m\u00e0xim de qualsevol patrocini. Professionals que treballen amb patrocinadors, titulars de drets i ag\u00e8ncies aprendran el que necessiten per comprar millor, ser m\u00e9s efectius en les vendes i en la gesti\u00f3 de programes de patrocini.\\r\\n&quot;}\" data-sheets-userformat=\"{&quot;2&quot;:13185,&quot;3&quot;:{&quot;1&quot;:0},&quot;10&quot;:0,&quot;11&quot;:4,&quot;12&quot;:0,&quot;15&quot;:&quot;Arial&quot;,&quot;16&quot;:9}\">El patrocini s&#8217;ha convertit en una de les eines m\u00e9s comuna per connectar les marques amb els seus consumidors i clients, aconseguint d&#8217;aquesta manera accelerar el creixement del negoci. Actualment s&#8217;utilitza \u00e0mpliament en tots els sectors de l&#8217;economia, de marques a marques B2B, en organitzacions amb llarga traject\u00f2ria o en startups arreu del m\u00f3n.<br \/>\nQuan s&#8217;implementa de manera correcta, es pot convertir en una de les eines m\u00e9s poderoses per impulsar el creixement en qualsevol tipus d&#8217;empresa. De totes maneres, tot i la seva omnipres\u00e8ncia, el patrocini no \u00e9s utilitzat amb tot el seu potencial per la gran majoria de grans patrocinadors. No \u00e9s estrany que es signin contractes milionaris sense tenir una idea clara de les necessitats del negoci, sense una avaluaci\u00f3 apropiada de les alternatives que existeixen en el mercat, i sense la delimitaci\u00f3 dels drets necessaris per a crear un treball de valor. Les marques usualment tamb\u00e9 perden l&#8217;oportunitat d&#8217;aprendre de les seves inversions perqu\u00e8 no consideren dur a terme revisions despr\u00e9s dels esdeveniments ni avaluar el ROI.<\/span><\/p>\n<p>Aquest certificat inclou a totes les \u00e0rees esmentades anteriorment de manera simple i clara perqu\u00e8 puguis obtenir el m\u00e0xim de qualsevol patrocini. Professionals que treballen amb patrocinadors, titulars de drets i ag\u00e8ncies aprendran el que necessiten per comprar millor, ser m\u00e9s efectius en les vendes i en la gesti\u00f3 de programes de patrocini.<\/p>\n","aprende_a":[{"item_aprende_a":"Comprendre de manera general com utilitzar el patrocini per impulsar el creixement del negoci.\t\r\n"},{"item_aprende_a":"Entendre de quina manera els aficionats consumeixen l'esport i els patrocinadors."},{"item_aprende_a":" Incrementar el coneixement de les aplicacions de patrocini en m\u00e0rqueting. "},{"item_aprende_a":"Diferenciar les aplicacions de patrocini m\u00e9s enll\u00e0 del m\u00e0rqueting. "},{"item_aprende_a":"Desenvolupar habilitats per aprendre de quina manera avaluar els patrocinadors."}],"preguntas_frecuentes":false,"contenidistas":false,"imagen_destacada":"https:\/\/barcanew.capabiliaserver.com\/wp-content\/uploads\/2022\/01\/cdbcd6c9-certificate-in-advanced-sport-sponsorship-and-marketing_-using-sponsorships-to-accelerate-business-growth_.jpg","slider_testimonios":false,"titulo_curso":"Certificate in Advanced Sport Sponsorship and Marketing: using sponsorships to accelerate business growth","impartido_en":"English","crear_banner_3":{"utilizar_imagen_unica_para_banner":false,"asignar_imagen_unica_para_banner":false,"mostrar_titulo_banner":false,"titulo_para_banner":"","mostrar_subtitulo_banner":false,"subtitulo_del_banner":"","mostrar_cta_banner":false,"texto_cta_banner":"","url_cta_banner":"","fondo_de_color_banner":"","fondo_de_imagen_banner":false,"mostrar_imagen_izquierda_banner":false,"asignar_imagen_izquierda_banner":false},"producto_path":false,"id_magento":"393","column_title":"","precio_en_cuotas":"4 mensualitats de 156,25 \u20ac","precio_de_lista":"","mostrar_form":false,"promocion_vigente":"","duracion_del_curso":"4 mesos","nivel_del_curso":"Introductori","modalidad_cursado":"Online","ocultar_video":true,"url_video":"","avalado_por":false,"pdf_brochure":"https:\/\/static.capabiliaserver.com\/frontend\/clients\/barca\/wp_prod\/wp-content\/uploads\/2022\/01\/529186d1-certificat-en-patrocini-i-marqueting-esportiu-avancat-el-patrocini-com-a-motor-de-creixement.pdf","slidebox":false,"titulo_seccion_testimonios":"","imagen_de_fondo_testimonios":false,"color_de_fondo_testimonios":"","docentes_expertos":[{"foto":"https:\/\/static.capabiliaserver.com\/frontend\/clients\/barca\/wp_prod\/wp-content\/uploads\/2022\/01\/5531c258-ricardo-fort-1.jpg","nombre_del_docente":"Ricardo Fort","descripcion_del_docente":"Mentor UEFA Director de The Fan Experience Company.","enlace":"113512"}],"activar_hero_video":false,"video_texto":"","video_header":false,"cursos_que_lo_componen":[{"nombre_del_curso":"El que estimen els aficionats i el que les marques patrocinen","descripcion_del_curso":"<p>Tema 1: Passion Points - Les coses importants en la vida<br \/>\nTema 2: Passion Connectors: Com els aficionats consumeixen les seves passions?<br \/>\nTema 3: Diferents tipus d'actiu - Actius pagats, compartits i propis<br \/>\nTema 4: El No-Patrocinador: m\u00e0rqueting d'emboscada<\/p>\n"},{"nombre_del_curso":"El patrocini com a eina de m\u00e0rqueting","descripcion_del_curso":"<p>Tema 1: Comprar Visibilitat - Consci\u00e8ncia de marca i el rol dels mitjans de comunicaci\u00f3<br \/>\nTema 2: Acc\u00e9s a Contingut - Aconseguir millors experi\u00e8ncies virtuals i en viu per als aficionats<br \/>\nTema 3: Crear Amor per la Marca - Conquistar cors amb la publicitat i el canvi social<br \/>\nTema 4: Accelerar els resultats a curt termini a trav\u00e9s de promocions i activaci\u00f3 comercial<\/p>\n"},{"nombre_del_curso":"Els diferents casos d'\u00fas del patrocini","descripcion_del_curso":"<p>Tema 1: Millors Acords - Patrocinadors que cre\u00efn valor per als clients<br \/>\nTema 2: Treball d'Equip & Comunitat \u2013 Treballadors orgullosos i ve\u00efns feli\u00e7os<br \/>\nTema 3: Governs & ONGs - La dif\u00edcil conversa sobre regulacions, sustentabilitat i impostos<br \/>\nTema 4: El poder de Persuasi\u00f3 del Patrocini - Utilitzar el patrocini per tenir influ\u00e8ncia a tot el m\u00f3n<\/p>\n"},{"nombre_del_curso":"Qu\u00e8 \u00e9s un patrocini exit\u00f3s?","descripcion_del_curso":"<p>Tema 1: Avaluaci\u00f3 del Precontracte - ROI estimat d'un patrocini<br \/>\nTema 2: Gesti\u00f3 del Risc - La necessitat d'una verificaci\u00f3 adequada d'antecedents<br \/>\nTema 3: Fase Contractual - Drets, obligacions, principis morals i de for\u00e7a major<br \/>\nTema 4: Revisi\u00f3 post Esdeveniment - Avaluaci\u00f3 i la dif\u00edcil tasca d'acabar un patrocini<\/p>\n"}],"header_image":133461,"pdf_brochure_link_drive":"https:\/\/drive.google.com\/uc?id=16MnQFbT53dp5p2ktTO82VLYeVkBDg4EI&export=download"},"idiomas":{"en":113485,"es":113490,"ar":113486,"ca":113487,"ru":113489,"pt":121215},"_links":{"self":[{"href":"https:\/\/barcanew.capabiliaserver.com\/ca\/wp-json\/wp\/v2\/products\/113487"}],"collection":[{"href":"https:\/\/barcanew.capabiliaserver.com\/ca\/wp-json\/wp\/v2\/products"}],"about":[{"href":"https:\/\/barcanew.capabiliaserver.com\/ca\/wp-json\/wp\/v2\/types\/product"}],"author":[{"embeddable":true,"href":"https:\/\/barcanew.capabiliaserver.com\/ca\/wp-json\/wp\/v2\/users\/16"}],"replies":[{"embeddable":true,"href":"https:\/\/barcanew.capabiliaserver.com\/ca\/wp-json\/wp\/v2\/comments?post=113487"}],"version-history":[{"count":5,"href":"https:\/\/barcanew.capabiliaserver.com\/ca\/wp-json\/wp\/v2\/products\/113487\/revisions"}],"predecessor-version":[{"id":136694,"href":"https:\/\/barcanew.capabiliaserver.com\/ca\/wp-json\/wp\/v2\/products\/113487\/revisions\/136694"}],"wp:attachment":[{"href":"https:\/\/barcanew.capabiliaserver.com\/ca\/wp-json\/wp\/v2\/media?parent=113487"}],"wp:term":[{"taxonomy":"category","embeddable":true,"href":"https:\/\/barcanew.capabiliaserver.com\/ca\/wp-json\/wp\/v2\/categories?post=113487"}],"curies":[{"name":"wp","href":"https:\/\/api.w.org\/{rel}","templated":true}]}}