{"id":10891,"date":"2019-01-17T15:57:09","date_gmt":"2019-01-17T18:57:09","guid":{"rendered":"https:\/\/barcanew.capabiliaserver.com\/product\/basic-elements-of-sports-law\/"},"modified":"2023-01-13T17:18:50","modified_gmt":"2023-01-13T20:18:50","slug":"elements-basics-de-la-legislacio-esportiva","status":"publish","type":"product","link":"https:\/\/barcanew.capabiliaserver.com\/ca\/product\/elements-basics-de-la-legislacio-esportiva\/","title":{"rendered":"Elements B\u00e0sics de la Legislaci\u00f3 Esportiva"},"content":{"rendered":"","protected":false},"excerpt":{"rendered":"","protected":false},"author":1,"featured_media":0,"comment_status":"open","ping_status":"closed","template":"","meta":{"_acf_changed":false,"footnotes":""},"categories":[112,109],"acf":{"external_id":"1369","header_image":108335,"column_title":"","titulo_incentivo":"Elements B\u00e0sics de la Legislaci\u00f3 Esportiva","precio":"200","precio_en_cuotas":"","precio_de_lista":"","mostrar_form":false,"promocion_vigente":"","duracion_del_curso":"1 Month","nivel_del_curso":"Introductori","modalidad_cursado":"Online","impartido_en":"Spanish","contenido":"<p>Entendre a grans trets determinats principis jur\u00eddics pot ajudar a les persones no especialitzades a negociar acords comercials millors, a controlar als seus advocats amb m\u00e9s efic\u00e0cia i a evitar els riscos durant els processos de presa de decisions d&#8217;alt risc en la ind\u00fastria de l&#8217;esport. Podem deixar els tecnicismes als advocats. No obstant aix\u00f2, els principis jur\u00eddics b\u00e0sics, des de l&#8217;execuci\u00f3 dels contractes fins al compliment dels acords, s\u00f3n \u00fatils per qualsevol que vulgui fer negocis al m\u00f3n de l&#8217;esport.<\/p>\n<p>A trav\u00e9s d&#8217;aquest curs i guiat per Marcus Bach-Armes, Bar<em>\u00e7a<\/em>\u00a0Universitas proporciona als negociadors els principis jur\u00eddics b\u00e0sics del m\u00f3n empresari esportiu, la qual cosa significar\u00e0 resultats comercials m\u00e9s favorables.<\/p>\n","ocultar_video":false,"avalado_por":false,"pdf_brochure":"https:\/\/static.capabiliaserver.com\/frontend\/clients\/barca\/wp_prod\/wp-content\/uploads\/2019\/01\/fb48395d-elements-basics-de-la-legislacio-esportiva.pdf","cursos_que_lo_componen":[{"nombre_del_curso":"Elements B\u00e0sics de la Legislaci\u00f3 Esportiva","descripcion_del_curso":"<p>M\u00d2DUL 1: Principis de contracte<br \/>\nM\u00d2DUL 2: Riscos legals i remeis<br \/>\nM\u00d2DUL 3: Cossos gerents i unions<br \/>\nM\u00d2DUL 4: Legalitzaci\u00f3 esportiva a la pr\u00e0ctica<\/p>\n"}],"preguntas_frecuentes":false,"contenidistas":false,"docentes_expertos":[{"foto":"https:\/\/barcanew.capabiliaserver.com\/wp-content\/uploads\/2018\/06\/Marcus_Bach_Armas.jpg","nombre_del_docente":"Marcus Bach-Armas ","descripcion_del_docente":"M.A. en Sports Management. Director d'Assumptes Legals i de Govern de Miami Dolphins & Sun Life Stadium.","enlace":""}],"imagen_destacada":false,"hubspot_product_id":"11980881","url_video":"https:\/\/www.youtube.com\/embed\/Vaa14bdPZ5c","aprende_a":[{"item_aprende_a":"Comprendre els elements b\u00e0sics d'un contracte i ser capa\u00e7 de negociar de manera intel\u00b7ligent."},{"item_aprende_a":"Desenvolupar una familiaritat amb processos i mecanismes de resoluci\u00f3 de disputes b\u00e0siques."},{"item_aprende_a":"Entendre els punts forts, febles i les funcions de cossos de ger\u00e8ncia en l'esport."}],"fecha_de_inicio":"10062021","id_magento":"202","producto_path":false,"titulo_seccion_testimonios":"","slider_testimonios":false,"imagen_de_fondo_testimonios":false,"color_de_fondo_testimonios":"","activar_banner_1":false,"banner_1":false,"activar_banner_2":false,"banner_2":false,"activar_banner_3":false,"banner_3":false,"segunda_fecha_de_inicio":"","zona_horaria":"Europe\/Madrid","activar_nuevos_banners":false,"mostrar_banner_1":false,"crear_banner_1":{"utilizar_imagen_unica_para_banner":false,"asignar_imagen_unica_para_banner":false,"mostrar_titulo_banner":false,"titulo_para_banner":"","mostrar_subtitulo_banner":false,"subtitulo_del_banner":"","mostrar_cta_banner":false,"texto_cta_banner":"","url_cta_banner":"","fondo_de_color_banner":"","fondo_de_imagen_banner":false,"mostrar_imagen_izquierda_banner":false,"asignar_imagen_izquierda_banner":false},"mostrar_banner_2":false,"crear_banner_2":{"utilizar_imagen_unica_para_banner":false,"asignar_imagen_unica_para_banner":false,"mostrar_titulo_banner":false,"titulo_para_banner":"","mostrar_subtitulo_banner":false,"subtitulo_del_banner":"","mostrar_cta_banner":false,"texto_cta_banner":"","url_cta_banner":"","fondo_de_color_banner":"","fondo_de_imagen_banner":false,"mostrar_imagen_izquierda_banner":false,"asignar_imagen_izquierda_banner":false},"mostrar_banner_3":false,"crear_banner_3":{"utilizar_imagen_unica_para_banner":false,"asignar_imagen_unica_para_banner":false,"mostrar_titulo_banner":false,"titulo_para_banner":"","mostrar_subtitulo_banner":false,"subtitulo_del_banner":"","mostrar_cta_banner":false,"texto_cta_banner":"","url_cta_banner":"","fondo_de_color_banner":"","fondo_de_imagen_banner":false,"mostrar_imagen_izquierda_banner":false,"asignar_imagen_izquierda_banner":false},"pdf_brochure_link_drive":"https:\/\/drive.google.com\/uc?id=1r9h0Telocanxj3w0vrcagYVavffREhui&export=download","activar_hero_video":false,"video_texto":"","video_header":false},"idiomas":{"en":10066,"es":10301,"ar":10891,"ca":10891,"ru":10891,"pt":10297},"_links":{"self":[{"href":"https:\/\/barcanew.capabiliaserver.com\/ca\/wp-json\/wp\/v2\/products\/10891"}],"collection":[{"href":"https:\/\/barcanew.capabiliaserver.com\/ca\/wp-json\/wp\/v2\/products"}],"about":[{"href":"https:\/\/barcanew.capabiliaserver.com\/ca\/wp-json\/wp\/v2\/types\/product"}],"author":[{"embeddable":true,"href":"https:\/\/barcanew.capabiliaserver.com\/ca\/wp-json\/wp\/v2\/users\/1"}],"replies":[{"embeddable":true,"href":"https:\/\/barcanew.capabiliaserver.com\/ca\/wp-json\/wp\/v2\/comments?post=10891"}],"version-history":[{"count":5,"href":"https:\/\/barcanew.capabiliaserver.com\/ca\/wp-json\/wp\/v2\/products\/10891\/revisions"}],"predecessor-version":[{"id":136940,"href":"https:\/\/barcanew.capabiliaserver.com\/ca\/wp-json\/wp\/v2\/products\/10891\/revisions\/136940"}],"wp:attachment":[{"href":"https:\/\/barcanew.capabiliaserver.com\/ca\/wp-json\/wp\/v2\/media?parent=10891"}],"wp:term":[{"taxonomy":"category","embeddable":true,"href":"https:\/\/barcanew.capabiliaserver.com\/ca\/wp-json\/wp\/v2\/categories?post=10891"}],"curies":[{"name":"wp","href":"https:\/\/api.w.org\/{rel}","templated":true}]}}