{"id":10421,"date":"2019-01-18T14:26:12","date_gmt":"2019-01-18T17:26:12","guid":{"rendered":"https:\/\/barcanew.capabiliaserver.com\/product\/certificate-in-sport-psychology-for-athletes-development\/"},"modified":"2023-01-13T10:43:40","modified_gmt":"2023-01-13T13:43:40","slug":"certificat-en-psicologia-de-lesport-per-al-desenvolupament-datletes","status":"publish","type":"product","link":"https:\/\/barcanew.capabiliaserver.com\/ca\/product\/certificat-en-psicologia-de-lesport-per-al-desenvolupament-datletes\/","title":{"rendered":"Certificat en Psicologia de l\u2019Esport per al Desenvolupament d\u2019Atletes"},"content":{"rendered":"","protected":false},"excerpt":{"rendered":"","protected":false},"author":1,"featured_media":0,"comment_status":"open","ping_status":"closed","template":"","meta":{"_acf_changed":false,"footnotes":""},"categories":[112,109],"acf":{"external_id":"1372","header_image":133473,"column_title":"","titulo_incentivo":"Certificat en Psicologia de l\u2019Esport per al Desenvolupament d\u2019Atletes","precio":"625","precio_en_cuotas":"4  pagaments mensuals de 156,25 \u20ac","precio_de_lista":"","mostrar_form":false,"promocion_vigente":"","duracion_del_curso":"4 mesos","nivel_del_curso":"Avan\u00e7at","modalidad_cursado":"Online","impartido_en":"Spanish","contenido":"<p>Per a un esportista, enfrontar-se a una competici\u00f3 significa donar el m\u00e0xim. Es tracta de posar a punt les seves condicions f\u00edsiques en un entorn variable i amb l\u2019objectiu d\u2019assolir el millor rendiment possible. Massa sovint, l\u2019esportista, capa\u00e7 de deixar-s\u2019hi la pell, de superar el dolor i de lluitar fins a extenuar-se, \u00e9s conscient que l\u2019impuls m\u00e9s gran de tots prov\u00e9 d\u2019un m\u00fascul anomenat MENT que, per descomptat, tamb\u00e9 cal entrenar. En aquest sentit, com a professionals que interactuem amb esportistes, hem de ser capa\u00e7os de comprendre el desenvolupament hol\u00edstic dels atletes, inclosos els dominis biof\u00edsics i psicosocials, i aplicar aquest coneixement a la seva pr\u00e0ctica d\u2019entrenament.<\/p>\n<p>En el <strong>Certificat en Psicologia de l\u2019Esport per al Desenvolupament d\u2019Atletes<\/strong>, Ana Merayo aborda les principals eines que et permetran acompanyar millor els esportistes d\u2019alt nivell. Entendr\u00e0s com es treballa en i amb les diferents \u00e0rees, perqu\u00e8 l\u2019esportista pugui aconseguir el seu m\u00e0xim rendiment en tots els entorns en qu\u00e8 es relaciona, i poder augmentar aix\u00ed el seu talent i \u00e8xit. En acabar aquest certificat, sabr\u00e0s acompanyar l\u2019esportista de manera hol\u00edstica, tenint en compte les diverses facetes que configuren la vida d\u2019un jugador.<\/p>\n","ocultar_video":false,"avalado_por":false,"pdf_brochure":"https:\/\/static.capabiliaserver.com\/frontend\/clients\/barca\/wp_prod\/wp-content\/uploads\/2019\/01\/4a1522b4-certificat-en-psicologia-de-lesport-per-al-desenvolupament-datletes.pdf","cursos_que_lo_componen":[{"nombre_del_curso":"La vida de l\u2019esportista d\u2019elit","descripcion_del_curso":"<p>M\u00d2DUL 1: Model sist\u00e8mic<br \/>\nM\u00d2DUL 2: Model de carrera esportiva I i II<br \/>\nM\u00d2DUL 3: Carrera dual<br \/>\nM\u00d2DUL 4: Exemples d\u2019intervenci\u00f3 en etapes de transici\u00f3 en la vida de l\u2019esportista <\/p>\n"},{"nombre_del_curso":"Variables psicol\u00f2giques i rendiment esportiu","descripcion_del_curso":"<p>M\u00d2DUL 1: Atenci\u00f3 i concentraci\u00f3<br \/>\nM\u00d2DUL 2: Motivaci\u00f3<br \/>\nM\u00d2DUL 3: Ansietat i estr\u00e8s<br \/>\nM\u00d2DUL 4: Autoconfian\u00e7a <\/p>\n"},{"nombre_del_curso":"T\u00e8cniques d\u2019intervenci\u00f3 psicol\u00f2giques","descripcion_del_curso":"<p>M\u00d2DUL 1: Pla d\u00b4intervenci\u00f3 Psicol\u00f2gica<br \/>\nM\u00d2DUL 2: T\u00e8cniques d\u2019intervenci\u00f3 psicol\u00f2giques adaptades a t\u00e8cnics<br \/>\nM\u00d2DUL 3: T\u00e8cniques d\u2019intervenci\u00f3 psicol\u00f2gica 1<br \/>\nM\u00d2DUL 4: T\u00e8cniques d\u2019intervenci\u00f3 psicol\u00f2gica 2<\/p>\n"},{"nombre_del_curso":"Contextualitzaci\u00f3 de l\u2019entorn de l\u2019esportista d\u2019elit","descripcion_del_curso":"<p>M\u00d2DUL 1: L\u2019entorn esportiu<br \/>\nM\u00d2DUL 2: L\u2019entorn familiar<br \/>\nM\u00d2DUL 3: Import\u00e0ncia de la comunicaci\u00f3 en l\u00b4entorn esportiu<br \/>\nM\u00d2DUL 4:  Competici\u00f3 i entrenament<\/p>\n"}],"preguntas_frecuentes":false,"contenidistas":false,"docentes_expertos":[{"foto":"https:\/\/barcanew.capabiliaserver.com\/wp-content\/uploads\/2019\/01\/fcf2667f-ana_merayo.png","nombre_del_docente":"Ana Merayo Garc\u00eda","descripcion_del_docente":"Psic\u00f2loga esportiva. Docent. Coordinadora del SAIE (Servei d\u2019Atenci\u00f3 Integral a l\u2019Esportista) de Masia 360, FC Barcelona.","enlace":""}],"imagen_destacada":"https:\/\/barcanew.capabiliaserver.com\/wp-content\/uploads\/2019\/01\/19f5ba7b-certificate-in-sport-psychology-for-athletes-development_-1.jpg","hubspot_product_id":"11980879","url_video":"https:\/\/www.youtube.com\/embed\/NG-_Jmm88vc","aprende_a":[{"item_aprende_a":"Obtenir una visi\u00f3 hol\u00edstica del m\u00f3n esportiu per treballar en la prevenci\u00f3 de situacions de risc, a trav\u00e9s del coneixement de l\u2019entorn i els protagonistes dels diferents \u00e0mbits de l\u2019esport. "},{"item_aprende_a":"Treballar en equip i generar canals de comunicaci\u00f3 entre equips multidisciplinaris. "},{"item_aprende_a":"Gestionar estrat\u00e8gies espec\u00edfiques per treballar la carrera dual i con\u00e8ixer les diferents transicions de la vida d\u2019un esportista."},{"item_aprende_a":"Gestionar les diferents t\u00e8cniques d\u2019intervenci\u00f3 psicol\u00f2gica adaptades a les necessitats de l\u2019esportista. "},{"item_aprende_a":"Desplegar estrat\u00e8gies d\u2019intervenci\u00f3 per a l\u2019entrenament de l\u2019atenci\u00f3, la concentraci\u00f3 i la motivaci\u00f3 en els esportistes d\u2019alt rendiment a m\u00e9s del maneig de variables per controlar l\u2019ansietat i l\u2019estr\u00e8s d\u2019aquest grup."}],"fecha_de_inicio":"10072021","id_magento":"151","producto_path":false,"titulo_seccion_testimonios":"","slider_testimonios":false,"imagen_de_fondo_testimonios":false,"color_de_fondo_testimonios":"","segunda_fecha_de_inicio":"25072021","zona_horaria":"Europe\/Madrid","activar_banner_1":false,"banner_1":false,"activar_banner_2":false,"banner_2":false,"activar_banner_3":false,"banner_3":false,"activar_nuevos_banners":false,"mostrar_banner_1":false,"crear_banner_1":{"utilizar_imagen_unica_para_banner":false,"asignar_imagen_unica_para_banner":false,"mostrar_titulo_banner":false,"titulo_para_banner":"","mostrar_subtitulo_banner":false,"subtitulo_del_banner":"","mostrar_cta_banner":false,"texto_cta_banner":"","url_cta_banner":"","fondo_de_color_banner":"","fondo_de_imagen_banner":false,"mostrar_imagen_izquierda_banner":false,"asignar_imagen_izquierda_banner":false},"mostrar_banner_2":false,"crear_banner_2":{"utilizar_imagen_unica_para_banner":false,"asignar_imagen_unica_para_banner":false,"mostrar_titulo_banner":false,"titulo_para_banner":"","mostrar_subtitulo_banner":false,"subtitulo_del_banner":"","mostrar_cta_banner":false,"texto_cta_banner":"","url_cta_banner":"","fondo_de_color_banner":"","fondo_de_imagen_banner":false,"mostrar_imagen_izquierda_banner":false,"asignar_imagen_izquierda_banner":false},"mostrar_banner_3":false,"crear_banner_3":{"utilizar_imagen_unica_para_banner":false,"asignar_imagen_unica_para_banner":false,"mostrar_titulo_banner":false,"titulo_para_banner":"","mostrar_subtitulo_banner":false,"subtitulo_del_banner":"","mostrar_cta_banner":false,"texto_cta_banner":"","url_cta_banner":"","fondo_de_color_banner":"","fondo_de_imagen_banner":false,"mostrar_imagen_izquierda_banner":false,"asignar_imagen_izquierda_banner":false},"activar_hero_video":false,"video_texto":"","video_header":false,"pdf_brochure_link_drive":"https:\/\/drive.google.com\/uc?id=1zoS-8BKb6KltWJPRZA8BjNr0xNpGx2KZ&export=download"},"idiomas":{"en":10406,"es":10423,"ar":10421,"ca":10421,"ru":10421,"pt":10422},"_links":{"self":[{"href":"https:\/\/barcanew.capabiliaserver.com\/ca\/wp-json\/wp\/v2\/products\/10421"}],"collection":[{"href":"https:\/\/barcanew.capabiliaserver.com\/ca\/wp-json\/wp\/v2\/products"}],"about":[{"href":"https:\/\/barcanew.capabiliaserver.com\/ca\/wp-json\/wp\/v2\/types\/product"}],"author":[{"embeddable":true,"href":"https:\/\/barcanew.capabiliaserver.com\/ca\/wp-json\/wp\/v2\/users\/1"}],"replies":[{"embeddable":true,"href":"https:\/\/barcanew.capabiliaserver.com\/ca\/wp-json\/wp\/v2\/comments?post=10421"}],"version-history":[{"count":5,"href":"https:\/\/barcanew.capabiliaserver.com\/ca\/wp-json\/wp\/v2\/products\/10421\/revisions"}],"predecessor-version":[{"id":136700,"href":"https:\/\/barcanew.capabiliaserver.com\/ca\/wp-json\/wp\/v2\/products\/10421\/revisions\/136700"}],"wp:attachment":[{"href":"https:\/\/barcanew.capabiliaserver.com\/ca\/wp-json\/wp\/v2\/media?parent=10421"}],"wp:term":[{"taxonomy":"category","embeddable":true,"href":"https:\/\/barcanew.capabiliaserver.com\/ca\/wp-json\/wp\/v2\/categories?post=10421"}],"curies":[{"name":"wp","href":"https:\/\/api.w.org\/{rel}","templated":true}]}}