{"id":10323,"date":"2019-01-18T11:48:57","date_gmt":"2019-01-18T14:48:57","guid":{"rendered":"https:\/\/barcanew.capabiliaserver.com\/product\/current-issues-in-sports-governance\/"},"modified":"2023-01-13T11:12:35","modified_gmt":"2023-01-13T14:12:35","slug":"current-issues-in-sports-governance","status":"publish","type":"product","link":"https:\/\/barcanew.capabiliaserver.com\/ca\/product\/current-issues-in-sports-governance\/","title":{"rendered":"Ger\u00e8ncia en Esports"},"content":{"rendered":"","protected":false},"excerpt":{"rendered":"","protected":false},"author":1,"featured_media":0,"comment_status":"open","ping_status":"closed","template":"","meta":{"_acf_changed":false,"footnotes":""},"categories":[112,109],"acf":{"external_id":"1367","header_image":134594,"column_title":"","titulo_incentivo":"Ger\u00e8ncia en Esports","precio":"200","precio_en_cuotas":"","precio_de_lista":"","mostrar_form":false,"promocion_vigente":"","duracion_del_curso":"1 M\u00eas","nivel_del_curso":"Introductori","modalidad_cursado":"Online","impartido_en":"Spanish","contenido":"<p>Cada vegada m\u00e9s, el t\u00f2pic de la governabilitat \u00e9s un tema principal de debat en diferents espais esportius. La corrupci\u00f3, el control de dopatge, l&#8217;arbitratge i l&#8217;elecci\u00f3 dels terrenys de joc s\u00f3n nom\u00e9s alguns dels temes que encara l&#8217;esport en l&#8217;era moderna. Aquest curs, dissenyat per Roger Pielke, Jr., t&#8217;ajudar\u00e0 a entendre els elements clau de la governabilitat esportiva: institucions, per\u00edcia, rendici\u00f3 de comptes i transpar\u00e8ncia.<\/p>\n","ocultar_video":true,"avalado_por":false,"pdf_brochure":"https:\/\/static.capabiliaserver.com\/frontend\/clients\/barca\/wp_prod\/wp-content\/uploads\/2019\/01\/1d44be81-gerencia-en-esports.pdf","cursos_que_lo_componen":[{"nombre_del_curso":"Ger\u00e8ncia en Esports","descripcion_del_curso":"<p>M\u00d2DUL 1: Institucions<br \/>\nM\u00d2DUL 2: Peritatge<br \/>\nM\u00d2DUL 3: Conflicte d'interessos i una bona ger\u00e8ncia<br \/>\nM\u00d2DUL 4: Problemes actuals, totes les peces del trencaclosques<\/p>\n"}],"preguntas_frecuentes":false,"contenidistas":false,"docentes_expertos":[{"foto":"https:\/\/barcanew.capabiliaserver.com\/wp-content\/uploads\/2019\/01\/3860daa2-roger_pielke_jr.jpg","nombre_del_docente":"Roger Pielke, Jr.","descripcion_del_docente":"Ph.D. en Ci\u00e8ncia Pol\u00edtica. Professor del Environmental Studies Program i membre del Cooperative Institute for Research in Environmental Sciences (CIRES).","enlace":""}],"imagen_destacada":"https:\/\/barcanew.capabiliaserver.com\/wp-content\/uploads\/2019\/01\/3b7c7978-current-issues-in-sports-governance_.jpg","hubspot_product_id":"11974637","url_video":"","aprende_a":[{"item_aprende_a":"Comprendre els elements claus de ger\u00e8ncia en els esports: institucions, peritatge, responsabilitat i transpar\u00e8ncia."}],"fecha_de_inicio":"10062021","id_magento":"195","producto_path":false,"titulo_seccion_testimonios":"","slider_testimonios":false,"imagen_de_fondo_testimonios":false,"color_de_fondo_testimonios":"","activar_banner_1":false,"banner_1":false,"activar_banner_2":false,"banner_2":false,"activar_banner_3":false,"banner_3":false,"segunda_fecha_de_inicio":"","zona_horaria":"Europe\/Madrid","activar_nuevos_banners":false,"mostrar_banner_1":false,"crear_banner_1":{"utilizar_imagen_unica_para_banner":false,"asignar_imagen_unica_para_banner":false,"mostrar_titulo_banner":false,"titulo_para_banner":"","mostrar_subtitulo_banner":false,"subtitulo_del_banner":"","mostrar_cta_banner":false,"texto_cta_banner":"","url_cta_banner":"","fondo_de_color_banner":"","fondo_de_imagen_banner":false,"mostrar_imagen_izquierda_banner":false,"asignar_imagen_izquierda_banner":false},"mostrar_banner_2":false,"crear_banner_2":{"utilizar_imagen_unica_para_banner":false,"asignar_imagen_unica_para_banner":false,"mostrar_titulo_banner":false,"titulo_para_banner":"","mostrar_subtitulo_banner":false,"subtitulo_del_banner":"","mostrar_cta_banner":false,"texto_cta_banner":"","url_cta_banner":"","fondo_de_color_banner":"","fondo_de_imagen_banner":false,"mostrar_imagen_izquierda_banner":false,"asignar_imagen_izquierda_banner":false},"mostrar_banner_3":false,"crear_banner_3":{"utilizar_imagen_unica_para_banner":false,"asignar_imagen_unica_para_banner":false,"mostrar_titulo_banner":false,"titulo_para_banner":"","mostrar_subtitulo_banner":false,"subtitulo_del_banner":"","mostrar_cta_banner":false,"texto_cta_banner":"","url_cta_banner":"","fondo_de_color_banner":"","fondo_de_imagen_banner":false,"mostrar_imagen_izquierda_banner":false,"asignar_imagen_izquierda_banner":false},"activar_hero_video":false,"video_texto":"","video_header":false,"pdf_brochure_link_drive":"https:\/\/drive.google.com\/uc?id=1Mmos7prydCuXibEROBH3NUYx4QpXzEtr&export=download"},"idiomas":{"en":10306,"es":10325,"ar":10323,"ca":10323,"ru":10323,"pt":10324},"_links":{"self":[{"href":"https:\/\/barcanew.capabiliaserver.com\/ca\/wp-json\/wp\/v2\/products\/10323"}],"collection":[{"href":"https:\/\/barcanew.capabiliaserver.com\/ca\/wp-json\/wp\/v2\/products"}],"about":[{"href":"https:\/\/barcanew.capabiliaserver.com\/ca\/wp-json\/wp\/v2\/types\/product"}],"author":[{"embeddable":true,"href":"https:\/\/barcanew.capabiliaserver.com\/ca\/wp-json\/wp\/v2\/users\/1"}],"replies":[{"embeddable":true,"href":"https:\/\/barcanew.capabiliaserver.com\/ca\/wp-json\/wp\/v2\/comments?post=10323"}],"version-history":[{"count":5,"href":"https:\/\/barcanew.capabiliaserver.com\/ca\/wp-json\/wp\/v2\/products\/10323\/revisions"}],"predecessor-version":[{"id":136713,"href":"https:\/\/barcanew.capabiliaserver.com\/ca\/wp-json\/wp\/v2\/products\/10323\/revisions\/136713"}],"wp:attachment":[{"href":"https:\/\/barcanew.capabiliaserver.com\/ca\/wp-json\/wp\/v2\/media?parent=10323"}],"wp:term":[{"taxonomy":"category","embeddable":true,"href":"https:\/\/barcanew.capabiliaserver.com\/ca\/wp-json\/wp\/v2\/categories?post=10323"}],"curies":[{"name":"wp","href":"https:\/\/api.w.org\/{rel}","templated":true}]}}